{"id":74,"date":"2014-10-27T10:17:21","date_gmt":"2014-10-27T09:17:21","guid":{"rendered":"http:\/\/blog.uclm.es\/fernandocarrillo\/?page_id=74"},"modified":"2014-10-27T10:17:21","modified_gmt":"2014-10-27T09:17:21","slug":"mi-docencia","status":"publish","type":"page","link":"https:\/\/blog.uclm.es\/fernandocarrillo\/mi-docencia\/","title":{"rendered":"Mi docencia"},"content":{"rendered":"<p style=\"text-align: justify\">Desde finales de 1990, he impartido docencia en diferentes asignaturas de los estudios de Qu\u00edmica, Ingenier\u00eda Qu\u00edmica, Ingenier\u00eda Industrial, adem\u00e1s de cursos de doctorado y m\u00e1ster. En la actualidad, soy coordinador del M\u00e1ster en Qu\u00edmica de la UCLM.<\/p>\n<p><img loading=\"lazy\" decoding=\"async\" class=\"aligncenter  wp-image-1078\" src=\"https:\/\/blog.uclm.es\/fernandocarrillo\/wp-content\/uploads\/sites\/91\/2018\/10\/avatar-1.png\" alt=\"\" width=\"276\" height=\"313\" srcset=\"https:\/\/blog.uclm.es\/fernandocarrillo\/wp-content\/uploads\/sites\/91\/2018\/10\/avatar-1.png 401w, https:\/\/blog.uclm.es\/fernandocarrillo\/wp-content\/uploads\/sites\/91\/2018\/10\/avatar-1-265x300.png 265w\" sizes=\"auto, (max-width: 276px) 100vw, 276px\" \/><\/p>\n<p style=\"text-align: justify\">Durante el <span style=\"color: #800000\">curso 2022-2023<\/span>, imparto docencia en las asignaturas:<\/p>\n<p><span style=\"color: #0000ff\"><strong><a title=\"Grado en Qu\u00edmica\" href=\"https:\/\/www.uclm.es\/ciudad-real\/quimicas\/grado_quimica\" target=\"_blank\" rel=\"noopener noreferrer\"><span style=\"color: #0000ff\">Grado en Qu\u00edmica<\/span><\/a><\/strong><\/span><\/p>\n<p>Qu\u00edmica Inorg\u00e1nica II. Profesor de teor\u00eda del grupo 2.<\/p>\n<p><strong><a href=\"https:\/\/www.uclm.es\/es\/Estudios\/masteres\/master-quimica\">M\u00e1ster en Qu\u00edmica<\/a><\/strong><\/p>\n<p style=\"text-align: justify\">Qu\u00edmica y Desarrollo Sostenible. Profesor de teor\u00eda.<\/p>\n<p><span style=\"color: #993366\"><strong><a style=\"color: #993366\" href=\"https:\/\/www.uclm.es\/es\/ciudad-real\/quimicas\/grado_ingenieria\">Grado en Ingenier\u00eda Qu\u00edmica<\/a><\/strong><\/span><\/p>\n<p>Qu\u00edmica Inorg\u00e1nica. Profesor de teor\u00eda y pr\u00e1ctica.<\/p>\n\n\n<p><\/p>\n","protected":false},"excerpt":{"rendered":"<p>Desde finales de 1990, he impartido docencia en diferentes asignaturas de los estudios de Qu\u00edmica, Ingenier\u00eda Qu\u00edmica, Ingenier\u00eda Industrial, adem\u00e1s de cursos de doctorado y m\u00e1ster. En la actualidad, soy coordinador del M\u00e1ster en Qu\u00edmica de la UCLM. Durante el curso 2022-2023, imparto docencia en las asignaturas: Grado en Qu\u00edmica Qu\u00edmica Inorg\u00e1nica II. Profesor de [&hellip;]<\/p>\n","protected":false},"author":58,"featured_media":587,"parent":0,"menu_order":0,"comment_status":"closed","ping_status":"open","template":"","meta":{"footnotes":""},"class_list":["post-74","page","type-page","status-publish","has-post-thumbnail","hentry"],"_links":{"self":[{"href":"https:\/\/blog.uclm.es\/fernandocarrillo\/wp-json\/wp\/v2\/pages\/74","targetHints":{"allow":["GET"]}}],"collection":[{"href":"https:\/\/blog.uclm.es\/fernandocarrillo\/wp-json\/wp\/v2\/pages"}],"about":[{"href":"https:\/\/blog.uclm.es\/fernandocarrillo\/wp-json\/wp\/v2\/types\/page"}],"author":[{"embeddable":true,"href":"https:\/\/blog.uclm.es\/fernandocarrillo\/wp-json\/wp\/v2\/users\/58"}],"replies":[{"embeddable":true,"href":"https:\/\/blog.uclm.es\/fernandocarrillo\/wp-json\/wp\/v2\/comments?post=74"}],"version-history":[{"count":0,"href":"https:\/\/blog.uclm.es\/fernandocarrillo\/wp-json\/wp\/v2\/pages\/74\/revisions"}],"wp:featuredmedia":[{"embeddable":true,"href":"https:\/\/blog.uclm.es\/fernandocarrillo\/wp-json\/wp\/v2\/media\/587"}],"wp:attachment":[{"href":"https:\/\/blog.uclm.es\/fernandocarrillo\/wp-json\/wp\/v2\/media?parent=74"}],"curies":[{"name":"wp","href":"https:\/\/api.w.org\/{rel}","templated":true}]}}