{"id":66,"date":"2014-10-27T09:55:43","date_gmt":"2014-10-27T08:55:43","guid":{"rendered":"http:\/\/blog.uclm.es\/fernandocarrillo\/?page_id=66"},"modified":"2025-11-10T11:37:46","modified_gmt":"2025-11-10T11:37:46","slug":"mi-curriculum","status":"publish","type":"page","link":"https:\/\/blog.uclm.es\/fernandocarrillo\/mi-curriculum\/","title":{"rendered":"Mi curriculum"},"content":{"rendered":"<h4 style=\"text-align: justify\"><strong>CV resumido<\/strong><\/h4>\n<p>CATEDR\u00c1TICO DE UNIVERSIDAD. Nombramiento: noviembre de 2019.<\/p>\n<p style=\"text-align: justify\">Departamento de QUIMICA INORGANICA, ORGANICA, Y BIOQUIMICA, FTAD. CC. Y TECNOLOG\u00cdAS QU\u00cdMICAS, UNIVERSIDAD DE CASTILLA-LA MANCHA<\/p>\n<p style=\"text-align: justify\">LICENCIADO EN CIENCIAS QU\u00cdMICAS POR LA UNIVERSIDAD DE ALCAL\u00c1 (Grado de Sobresaliente, 07\/07\/1990)<\/p>\n<p style=\"text-align: justify\">DOCTOR EN CIENCIAS QU\u00cdMICAS POR LA UNIVERSIDAD DE CASTILLA-LA MANCHA (Apto Cum Laude, 29\/10\/1993), bajo la direcci\u00f3n de los Profs. Antonio Otero y Antonio Anti\u00f1olo<\/p>\n<p style=\"text-align: justify\">Estancia post-doctoral en el Institut de Recherches sur la Catalyse del CNRS en Lyon (Francia, 1994-1995) bajo la direcci\u00f3n del Dr. Jean-Marie Basset.<\/p>\n<p style=\"text-align: justify\">Cinco sexenios de investigaci\u00f3n reconocidos (100% de los posibles).<\/p>\n<p style=\"text-align: justify\">Siete Tesis Doctorales dirigidas:<\/p>\n<p>Dra. Blanca Parra Cadenas. Sobresaliente Cum Laude, 07\/02\/2025.<\/p>\n<p style=\"text-align: justify\">Dr. David Elorriaga Mu\u00f1oz, Apto Cum Laude, 01\/07\/2013.<\/p>\n<p style=\"text-align: justify\">Dr. Javier Romero Fernandez De Marcos, Sobresaliente Cum Laude, 26\/6\/2009.<\/p>\n<p style=\"text-align: justify\">Dr. Pedro J. Arag\u00f3n S\u00e1ez, Sobresaliente Cum Laude, 18\/12\/2006.<\/p>\n<p style=\"text-align: justify\">Dr. Pedro Carri\u00f3n Lozoya, Sobresaliente Cum Laude, 02\/12\/2005.<\/p>\n<p style=\"text-align: justify\">Dr. Carlos Alonso Moreno, Sobresaliente Cum Laude, 19\/01\/2005.<\/p>\n<p style=\"text-align: justify\">Dra. Adela Eugenia Corrochano Requena, Apto Cum Laude, 10\/01\/1999.<\/p>\n<p>Tesis doctoral en fase de realizaci\u00f3n:<\/p>\n<p>Carlos Gin\u00e9s G\u00f3mez. Comienzo: Julio 2022.<\/p>\n<p style=\"text-align: justify\">He participado y participo en 29 Proyectos de investigaci\u00f3n de financiaci\u00f3n p\u00fablica nacional y regional. En la actualidad, soy Investigador Principal de un proyecto financiado por el Ministerio de Ciencia e Innovaci\u00f3n, hasta 2025, y de otro financiado por la Junta de Comunidades de Castilla-La Mancha y el fondo FEDER, hasta 2027.<\/p>\n<p style=\"text-align: justify\">He participado en diversos Proyectos de investigaci\u00f3n de financiaci\u00f3n privada, siendo Investigador Principal de un proyecto financiado por Repsol, desde 2001 a 2007.<\/p>\n<p style=\"text-align: justify\">Autor de dos patentes internacionales.<\/p>\n<p style=\"text-align: justify\">Autor de m\u00e1s de 100 publicaciones cient\u00edficas internacionales del \u00e1mbito de la qu\u00edmica organomet\u00e1lica y la cat\u00e1lisis. <a href=\"https:\/\/es.wikipedia.org\/wiki\/%C3%8Dndice_h\">\u00cdndice h<\/a> 26.<\/p>\n<p style=\"text-align: justify\">Autor de m\u00e1s de 100 comunicaciones a congresos cient\u00edficos nacionales e internacionales.<\/p>\n<p style=\"text-align: justify\">Soy coordinador del M\u00e1ster en Qu\u00edmica y miembro de la Comisi\u00f3n de Divulgaci\u00f3n y Cultura Cient\u00edfica de la UCLM.<\/p>\n\n\n<p><\/p>\n","protected":false},"excerpt":{"rendered":"<p>CV resumido CATEDR\u00c1TICO DE UNIVERSIDAD. Nombramiento: noviembre de 2019. Departamento de QUIMICA INORGANICA, ORGANICA, Y BIOQUIMICA, FTAD. CC. Y TECNOLOG\u00cdAS QU\u00cdMICAS, UNIVERSIDAD DE CASTILLA-LA MANCHA LICENCIADO EN CIENCIAS QU\u00cdMICAS POR LA UNIVERSIDAD DE ALCAL\u00c1 (Grado de Sobresaliente, 07\/07\/1990) DOCTOR EN CIENCIAS QU\u00cdMICAS POR LA UNIVERSIDAD DE CASTILLA-LA MANCHA (Apto Cum Laude, 29\/10\/1993), bajo la direcci\u00f3n [&hellip;]<\/p>\n","protected":false},"author":58,"featured_media":555,"parent":0,"menu_order":0,"comment_status":"closed","ping_status":"open","template":"","meta":{"footnotes":""},"class_list":["post-66","page","type-page","status-publish","has-post-thumbnail","hentry"],"_links":{"self":[{"href":"https:\/\/blog.uclm.es\/fernandocarrillo\/wp-json\/wp\/v2\/pages\/66","targetHints":{"allow":["GET"]}}],"collection":[{"href":"https:\/\/blog.uclm.es\/fernandocarrillo\/wp-json\/wp\/v2\/pages"}],"about":[{"href":"https:\/\/blog.uclm.es\/fernandocarrillo\/wp-json\/wp\/v2\/types\/page"}],"author":[{"embeddable":true,"href":"https:\/\/blog.uclm.es\/fernandocarrillo\/wp-json\/wp\/v2\/users\/58"}],"replies":[{"embeddable":true,"href":"https:\/\/blog.uclm.es\/fernandocarrillo\/wp-json\/wp\/v2\/comments?post=66"}],"version-history":[{"count":13,"href":"https:\/\/blog.uclm.es\/fernandocarrillo\/wp-json\/wp\/v2\/pages\/66\/revisions"}],"predecessor-version":[{"id":1398,"href":"https:\/\/blog.uclm.es\/fernandocarrillo\/wp-json\/wp\/v2\/pages\/66\/revisions\/1398"}],"wp:featuredmedia":[{"embeddable":true,"href":"https:\/\/blog.uclm.es\/fernandocarrillo\/wp-json\/wp\/v2\/media\/555"}],"wp:attachment":[{"href":"https:\/\/blog.uclm.es\/fernandocarrillo\/wp-json\/wp\/v2\/media?parent=66"}],"curies":[{"name":"wp","href":"https:\/\/api.w.org\/{rel}","templated":true}]}}