{"id":53,"date":"2026-01-15T11:28:15","date_gmt":"2026-01-15T10:28:15","guid":{"rendered":"https:\/\/blog.uclm.es\/femsteam\/actualidad\/"},"modified":"2026-01-21T09:27:36","modified_gmt":"2026-01-21T08:27:36","slug":"actualidad","status":"publish","type":"page","link":"https:\/\/blog.uclm.es\/femsteam\/actualidad\/","title":{"rendered":"Actualidad"},"content":{"rendered":"\n<h2 class=\"wp-block-heading\"><strong>Actualidad<\/strong><\/h2>\n\n\n\n<p class=\"has-text-align-left\">Bienvenida a la secci\u00f3n de<strong> <em>Actualidad<\/em> de FemSTEAM,<\/strong> el espacio donde reunimos las \u00faltimas novedades del proyecto, nuestras actividades m\u00e1s destacadas y los avances que estamos desarrollando para impulsar la igualdad y la vocaci\u00f3n STEAM entre ni\u00f1as, j\u00f3venes y comunidad educativa.<\/p>\n\n\n\n<p class=\"has-text-align-left\"><br>Aqu\u00ed podr\u00e1s seguir de cerca los talleres, formaciones, recursos, y colaboraciones que dan vida al proyecto, as\u00ed como conocer experiencias inspiradoras de centros participantes, docentes y alumnado.<\/p>\n\n\n\n<p class=\"has-text-align-left\"><br>Nuestro objetivo es mantenerte conectada con lo que est\u00e1 ocurriendo en <strong>FemSTEAM<\/strong> y ofrecerte informaci\u00f3n actual, \u00fatil y enriquecedora.<\/p>\n\n\n\n<p class=\"has-text-align-left\"><\/p>\n\n\n\n<div class=\"wp-block-group is-layout-constrained wp-block-group-is-layout-constrained\">\n<div class=\"wp-block-columns is-layout-flex wp-container-core-columns-is-layout-28f84493 wp-block-columns-is-layout-flex\">\n<div class=\"wp-block-column is-layout-flow wp-block-column-is-layout-flow\" style=\"flex-basis:100%\">\n<div class=\"wp-block-columns is-layout-flex wp-container-core-columns-is-layout-28f84493 wp-block-columns-is-layout-flex\">\n<div class=\"wp-block-column is-layout-flow wp-block-column-is-layout-flow\" style=\"flex-basis:100%\"><ul class=\"wp-block-latest-posts__list is-grid columns-3 wp-block-latest-posts\"><li><div class=\"wp-block-latest-posts__featured-image aligncenter\"><img loading=\"lazy\" decoding=\"async\" width=\"150\" height=\"150\" src=\"https:\/\/blog.uclm.es\/femsteam\/wp-content\/uploads\/sites\/336\/2026\/04\/IMG_7844-150x150.jpeg\" class=\"attachment-thumbnail size-thumbnail wp-post-image\" alt=\"\" style=\"\" \/><\/div><a class=\"wp-block-latest-posts__post-title\" href=\"https:\/\/blog.uclm.es\/femsteam\/2026\/04\/14\/pilotaje-del-escape-room-en-la-uclm-campus-fabrica-de-armas\/\">Pilotaje del escape room en la UCLM \u2013 Campus F\u00e1brica de Armas<\/a><\/li>\n<li><div class=\"wp-block-latest-posts__featured-image aligncenter\"><img loading=\"lazy\" decoding=\"async\" width=\"150\" height=\"150\" src=\"https:\/\/blog.uclm.es\/femsteam\/wp-content\/uploads\/sites\/336\/2026\/04\/IMG_7827-150x150.jpeg\" class=\"attachment-thumbnail size-thumbnail wp-post-image\" alt=\"\" style=\"\" \/><\/div><a class=\"wp-block-latest-posts__post-title\" href=\"https:\/\/blog.uclm.es\/femsteam\/2026\/04\/13\/escape-educativo-en-la-puebla-de-montalban\/\">Escape educativo en La Puebla de Montalb\u00e1n<\/a><\/li>\n<li><div class=\"wp-block-latest-posts__featured-image aligncenter\"><img loading=\"lazy\" decoding=\"async\" width=\"150\" height=\"150\" src=\"https:\/\/blog.uclm.es\/femsteam\/wp-content\/uploads\/sites\/336\/2026\/04\/IMG_7578-150x150.jpeg\" class=\"attachment-thumbnail size-thumbnail wp-post-image\" alt=\"\" style=\"\" \/><\/div><a class=\"wp-block-latest-posts__post-title\" href=\"https:\/\/blog.uclm.es\/femsteam\/2026\/04\/13\/escape-room-en-la-v-feria-de-la-ciencia-de-yepes-toledo\/\">Escape room en la V Feria de la Ciencia de Yepes (Toledo)<\/a><\/li>\n<li><div class=\"wp-block-latest-posts__featured-image aligncenter\"><img loading=\"lazy\" decoding=\"async\" width=\"150\" height=\"150\" src=\"https:\/\/blog.uclm.es\/femsteam\/wp-content\/uploads\/sites\/336\/2026\/04\/IMG_7543-150x150.jpeg\" class=\"attachment-thumbnail size-thumbnail wp-post-image\" alt=\"\" style=\"\" \/><\/div><a class=\"wp-block-latest-posts__post-title\" href=\"https:\/\/blog.uclm.es\/femsteam\/2026\/04\/10\/escape-educativo-en-almaden-ciudad-real\/\">Escape educativo en Almad\u00e9n (Ciudad Real)<\/a><\/li>\n<li><div class=\"wp-block-latest-posts__featured-image aligncenter\"><img loading=\"lazy\" decoding=\"async\" width=\"150\" height=\"150\" src=\"https:\/\/blog.uclm.es\/femsteam\/wp-content\/uploads\/sites\/336\/2026\/04\/IMG_7473-150x150.jpeg\" class=\"attachment-thumbnail size-thumbnail wp-post-image\" alt=\"\" style=\"\" \/><\/div><a class=\"wp-block-latest-posts__post-title\" href=\"https:\/\/blog.uclm.es\/femsteam\/2026\/04\/09\/viajamos-a-galvez\/\">Viajamos a G\u00e1lvez<\/a><\/li>\n<li><div class=\"wp-block-latest-posts__featured-image aligncenter\"><img loading=\"lazy\" decoding=\"async\" width=\"150\" height=\"150\" src=\"https:\/\/blog.uclm.es\/femsteam\/wp-content\/uploads\/sites\/336\/2026\/04\/20260326_121452-150x150.jpg\" class=\"attachment-thumbnail size-thumbnail wp-post-image\" alt=\"\" style=\"\" \/><\/div><a class=\"wp-block-latest-posts__post-title\" href=\"https:\/\/blog.uclm.es\/femsteam\/2026\/04\/08\/escape-educativo-en-bargas\/\">Escape educativo en Bargas<\/a><\/li>\n<li><div class=\"wp-block-latest-posts__featured-image aligncenter\"><img loading=\"lazy\" decoding=\"async\" width=\"150\" height=\"150\" src=\"https:\/\/blog.uclm.es\/femsteam\/wp-content\/uploads\/sites\/336\/2026\/03\/WhatsApp-Image-2026-03-24-at-09.20.29-1-150x150.jpeg\" class=\"attachment-thumbnail size-thumbnail wp-post-image\" alt=\"\" style=\"\" \/><\/div><a class=\"wp-block-latest-posts__post-title\" href=\"https:\/\/blog.uclm.es\/femsteam\/2026\/03\/24\/el-escape-room-en-marcha-con-el-alumnado-del-ies-antonio-calvin\/\">El escape room en marcha con el alumnado del IES Antonio Calv\u00edn.<\/a><\/li>\n<li><div class=\"wp-block-latest-posts__featured-image aligncenter\"><img loading=\"lazy\" decoding=\"async\" width=\"150\" height=\"150\" src=\"https:\/\/blog.uclm.es\/femsteam\/wp-content\/uploads\/sites\/336\/2026\/03\/WhatsApp-Image-2026-03-22-at-16.56.17-3-edited-150x150.jpeg\" class=\"attachment-thumbnail size-thumbnail wp-post-image\" alt=\"\" style=\"\" \/><\/div><a class=\"wp-block-latest-posts__post-title\" href=\"https:\/\/blog.uclm.es\/femsteam\/2026\/03\/23\/exposicion-de-mujeres-cientificas-y-matematicas-en-menasalbas\/\">Exposici\u00f3n de mujeres cient\u00edficas y matem\u00e1ticas en Menasalbas<\/a><\/li>\n<li><div class=\"wp-block-latest-posts__featured-image aligncenter\"><img loading=\"lazy\" decoding=\"async\" width=\"150\" height=\"150\" src=\"https:\/\/blog.uclm.es\/femsteam\/wp-content\/uploads\/sites\/336\/2026\/03\/IMG_20260320_094141-1-1-150x150.jpg\" class=\"attachment-thumbnail size-thumbnail wp-post-image\" alt=\"\" style=\"\" \/><\/div><a class=\"wp-block-latest-posts__post-title\" href=\"https:\/\/blog.uclm.es\/femsteam\/2026\/03\/20\/pase-del-escape-educativo-en-el-ies-justo-millan-hellin\/\">Pase del escape educativo en el IES Justo Mill\u00e1n (Hell\u00edn)<\/a><\/li>\n<li><div class=\"wp-block-latest-posts__featured-image aligncenter\"><img loading=\"lazy\" decoding=\"async\" width=\"150\" height=\"150\" src=\"https:\/\/blog.uclm.es\/femsteam\/wp-content\/uploads\/sites\/336\/2026\/03\/IMG_6558-1-150x150.jpeg\" class=\"attachment-thumbnail size-thumbnail wp-post-image\" alt=\"\" style=\"\" \/><\/div><a class=\"wp-block-latest-posts__post-title\" href=\"https:\/\/blog.uclm.es\/femsteam\/2026\/03\/19\/actividad-con-1-o-y-3-o-de-eso-en-el-ies-andres-de-vandelvira-albacete\/\">Actividad con 1.\u00ba y 3.\u00ba de ESO en el IES Andr\u00e9s de Vandelvira (Albacete)<\/a><\/li>\n<li><div class=\"wp-block-latest-posts__featured-image aligncenter\"><img loading=\"lazy\" decoding=\"async\" width=\"150\" height=\"150\" src=\"https:\/\/blog.uclm.es\/femsteam\/wp-content\/uploads\/sites\/336\/2026\/03\/IMG_6550-150x150.jpeg\" class=\"attachment-thumbnail size-thumbnail wp-post-image\" alt=\"\" style=\"\" \/><\/div><a class=\"wp-block-latest-posts__post-title\" href=\"https:\/\/blog.uclm.es\/femsteam\/2026\/03\/19\/ieso-via-heraclea-balazote-albaceteescape-educativo-con-alumnado-de-4-o-de-eso\/\">IESO V\u00eda Heraclea (Balazote, Albacete)Escape educativo con alumnado de 4.\u00ba de ESO,<\/a><\/li>\n<li><div class=\"wp-block-latest-posts__featured-image aligncenter\"><img loading=\"lazy\" decoding=\"async\" width=\"150\" height=\"150\" src=\"https:\/\/blog.uclm.es\/femsteam\/wp-content\/uploads\/sites\/336\/2026\/03\/WhatsApp-Image-2026-03-18-at-12.49.12-150x150.jpeg\" class=\"attachment-thumbnail size-thumbnail wp-post-image\" alt=\"\" style=\"\" \/><\/div><a class=\"wp-block-latest-posts__post-title\" href=\"https:\/\/blog.uclm.es\/femsteam\/2026\/03\/18\/puesta-en-marcha-del-escape-room-en-el-ies-antonio-calvin\/\">Puesta en marcha del escape room en el IES Antonio Calvin<\/a><\/li>\n<li><div class=\"wp-block-latest-posts__featured-image aligncenter\"><img loading=\"lazy\" decoding=\"async\" width=\"150\" height=\"150\" src=\"https:\/\/blog.uclm.es\/femsteam\/wp-content\/uploads\/sites\/336\/2026\/03\/cf05b0ac-4c27-4deb-86b3-a981c6e5a2d4-150x150.jpeg\" class=\"attachment-thumbnail size-thumbnail wp-post-image\" alt=\"\" style=\"\" \/><\/div><a class=\"wp-block-latest-posts__post-title\" href=\"https:\/\/blog.uclm.es\/femsteam\/2026\/03\/16\/actividad-en-el-ies-princesa-galiana-toledo\/\">Actividad en el IES Princesa Galiana (Toledo)<\/a><\/li>\n<li><div class=\"wp-block-latest-posts__featured-image aligncenter\"><img loading=\"lazy\" decoding=\"async\" width=\"150\" height=\"150\" src=\"https:\/\/blog.uclm.es\/femsteam\/wp-content\/uploads\/sites\/336\/2026\/03\/IMG_6386-150x150.jpeg\" class=\"attachment-thumbnail size-thumbnail wp-post-image\" alt=\"\" style=\"\" \/><\/div><a class=\"wp-block-latest-posts__post-title\" href=\"https:\/\/blog.uclm.es\/femsteam\/2026\/03\/13\/escape-educativo-en-el-ies-canada-de-la-encina\/\">Escape educativo en el IES Ca\u00f1ada de la Encina<\/a><\/li>\n<li><div class=\"wp-block-latest-posts__featured-image aligncenter\"><img loading=\"lazy\" decoding=\"async\" width=\"150\" height=\"150\" src=\"https:\/\/blog.uclm.es\/femsteam\/wp-content\/uploads\/sites\/336\/2026\/03\/IMG_6375-150x150.jpeg\" class=\"attachment-thumbnail size-thumbnail wp-post-image\" alt=\"\" style=\"\" \/><\/div><a class=\"wp-block-latest-posts__post-title\" href=\"https:\/\/blog.uclm.es\/femsteam\/2026\/03\/13\/sesiones-del-escape-educativo-en-el-ies-rio-cabriel\/\">Sesiones del escape educativo en el IES R\u00edo Cabriel<\/a><\/li>\n<li><div class=\"wp-block-latest-posts__featured-image aligncenter\"><img loading=\"lazy\" decoding=\"async\" width=\"150\" height=\"150\" src=\"https:\/\/blog.uclm.es\/femsteam\/wp-content\/uploads\/sites\/336\/2026\/03\/IMG_6292-150x150.jpeg\" class=\"attachment-thumbnail size-thumbnail wp-post-image\" alt=\"\" style=\"\" \/><\/div><a class=\"wp-block-latest-posts__post-title\" href=\"https:\/\/blog.uclm.es\/femsteam\/2026\/03\/11\/sesion-del-escape-educativo-el-ies-alfonso-x-el-sabio-toledo\/\">Sesi\u00f3n del escape educativo el IES Alfonso X el Sabio (Toledo)<\/a><\/li>\n<li><div class=\"wp-block-latest-posts__featured-image aligncenter\"><img loading=\"lazy\" decoding=\"async\" width=\"150\" height=\"150\" src=\"https:\/\/blog.uclm.es\/femsteam\/wp-content\/uploads\/sites\/336\/2026\/03\/d0358a0e-a8a0-4625-bb09-129e98d9fd7f-1-150x150.jpeg\" class=\"attachment-thumbnail size-thumbnail wp-post-image\" alt=\"\" style=\"\" \/><\/div><a class=\"wp-block-latest-posts__post-title\" href=\"https:\/\/blog.uclm.es\/femsteam\/2026\/03\/10\/%f0%9f%a7%a9-pilotando-el-escape-room-en-primaria\/\">\ud83e\udde9 Pilotando el Escape Room en Primaria<\/a><\/li>\n<li><div class=\"wp-block-latest-posts__featured-image aligncenter\"><img loading=\"lazy\" decoding=\"async\" width=\"150\" height=\"150\" src=\"https:\/\/blog.uclm.es\/femsteam\/wp-content\/uploads\/sites\/336\/2026\/03\/IMG_5735-150x150.jpeg\" class=\"attachment-thumbnail size-thumbnail wp-post-image\" alt=\"\" style=\"\" \/><\/div><a class=\"wp-block-latest-posts__post-title\" href=\"https:\/\/blog.uclm.es\/femsteam\/2026\/02\/27\/%f0%9f%a7%a9-escape-room-matematico-en-el-ies-ana-maria-matute\/\">\ud83e\udde9 Escape Room Matem\u00e1tico en el IES Ana Mar\u00eda Matute<\/a><\/li>\n<li><div class=\"wp-block-latest-posts__featured-image aligncenter\"><img loading=\"lazy\" decoding=\"async\" width=\"150\" height=\"150\" src=\"https:\/\/blog.uclm.es\/femsteam\/wp-content\/uploads\/sites\/336\/2026\/02\/IMG_5651-150x150.jpeg\" class=\"attachment-thumbnail size-thumbnail wp-post-image\" alt=\"\" style=\"\" \/><\/div><a class=\"wp-block-latest-posts__post-title\" href=\"https:\/\/blog.uclm.es\/femsteam\/2026\/02\/24\/%f0%9f%a7%a9-escape-room-matematico-en-el-ies-juanelo-turriano\/\">\ud83e\udde9 Escape Room Matem\u00e1tico en el IES Juanelo Turriano<\/a><\/li>\n<li><div class=\"wp-block-latest-posts__featured-image aligncenter\"><img loading=\"lazy\" decoding=\"async\" width=\"150\" height=\"150\" src=\"https:\/\/blog.uclm.es\/femsteam\/wp-content\/uploads\/sites\/336\/2026\/02\/57dc7ff9-4fe5-4a4f-8fa2-0a924d0c8fcc-150x150.jpeg\" class=\"attachment-thumbnail size-thumbnail wp-post-image\" alt=\"\" style=\"\" \/><\/div><a class=\"wp-block-latest-posts__post-title\" href=\"https:\/\/blog.uclm.es\/femsteam\/2026\/02\/18\/%f0%9f%a7%a9-escape-room-con-el-alumnado-del-mesob-uam\/\">\ud83e\udde9 Escape room con el alumnado del MESOB \u2013 UAM<\/a><\/li>\n<li><div class=\"wp-block-latest-posts__featured-image aligncenter\"><img loading=\"lazy\" decoding=\"async\" width=\"120\" height=\"150\" src=\"https:\/\/blog.uclm.es\/femsteam\/wp-content\/uploads\/sites\/336\/2026\/02\/20260119-MUFPS.png\" class=\"attachment-thumbnail size-thumbnail wp-post-image\" alt=\"\" style=\"\" \/><\/div><a class=\"wp-block-latest-posts__post-title\" href=\"https:\/\/blog.uclm.es\/femsteam\/2026\/02\/14\/vente-a-vivir-una-tarde-diferente-la-historia-de-las-matematicas-esta-en-tus-manos\/\">Vente a vivir una tarde diferente: La historia de las matem\u00e1ticas est\u00e1 en tus manos.<\/a><\/li>\n<li><div class=\"wp-block-latest-posts__featured-image aligncenter\"><img loading=\"lazy\" decoding=\"async\" width=\"150\" height=\"150\" src=\"https:\/\/blog.uclm.es\/femsteam\/wp-content\/uploads\/sites\/336\/2026\/02\/Copia-de-Copia-de-Curso-Teano-1-150x150.png\" class=\"attachment-thumbnail size-thumbnail wp-post-image\" alt=\"\" style=\"\" \/><\/div><a class=\"wp-block-latest-posts__post-title\" href=\"https:\/\/blog.uclm.es\/femsteam\/2026\/02\/12\/curso-matematicas-en-juego-disenando-y-analizando-escape-rooms-educativos\/\">CURSO: Matem\u00e1ticas en Juego: Dise\u00f1ando y Analizando Escape Rooms Educativos<\/a><\/li>\n<li><div class=\"wp-block-latest-posts__featured-image aligncenter\"><img loading=\"lazy\" decoding=\"async\" width=\"150\" height=\"150\" src=\"https:\/\/blog.uclm.es\/femsteam\/wp-content\/uploads\/sites\/336\/2026\/02\/IMG_0081-1-150x150.jpg\" class=\"attachment-thumbnail size-thumbnail wp-post-image\" alt=\"\" style=\"\" \/><\/div><a class=\"wp-block-latest-posts__post-title\" href=\"https:\/\/blog.uclm.es\/femsteam\/2026\/02\/11\/dia-de-la-mujer-y-la-nina-en-la-ciencia-con-el-ies-la-galatea\/\">D\u00eda de la Mujer y la Ni\u00f1a en la Ciencia con el IES La Galatea.<\/a><\/li>\n<li><div class=\"wp-block-latest-posts__featured-image aligncenter\"><img loading=\"lazy\" decoding=\"async\" width=\"150\" height=\"150\" src=\"https:\/\/blog.uclm.es\/femsteam\/wp-content\/uploads\/sites\/336\/2026\/02\/IMG_4647-150x150.jpeg\" class=\"attachment-thumbnail size-thumbnail wp-post-image\" alt=\"\" style=\"\" \/><\/div><a class=\"wp-block-latest-posts__post-title\" href=\"https:\/\/blog.uclm.es\/femsteam\/2026\/02\/04\/%f0%9f%a7%ae%f0%9f%94%90-segundo-pase-del-escape-room-matematico-mas-retos-mas-logica-y-mas-trabajo-en-equipo\/\">\ud83e\uddee\ud83d\udd10 Segundo pase del escape room matem\u00e1tico: \u00a1m\u00e1s retos, m\u00e1s l\u00f3gica y m\u00e1s trabajo en equipo!<\/a><\/li>\n<li><div class=\"wp-block-latest-posts__featured-image aligncenter\"><img loading=\"lazy\" decoding=\"async\" width=\"150\" height=\"150\" src=\"https:\/\/blog.uclm.es\/femsteam\/wp-content\/uploads\/sites\/336\/2026\/02\/IMG_0053-scaled-e1770217362677-150x150.jpg\" class=\"attachment-thumbnail size-thumbnail wp-post-image\" alt=\"\" style=\"\" \/><\/div><a class=\"wp-block-latest-posts__post-title\" href=\"https:\/\/blog.uclm.es\/femsteam\/2026\/02\/04\/%f0%9f%93%98%f0%9f%a7%a9-segunda-sesion-del-escape-room-matematico-con-el-alumnado-del-grado-de-educacion-primaria\/\">\ud83d\udcd8\ud83e\udde9 Primer pase del d\u00eda  \u00a1El escape room matem\u00e1tico ! con el alumnado del Grado de Educaci\u00f3n Primaria<\/a><\/li>\n<li><div class=\"wp-block-latest-posts__featured-image aligncenter\"><img loading=\"lazy\" decoding=\"async\" width=\"150\" height=\"150\" src=\"https:\/\/blog.uclm.es\/femsteam\/wp-content\/uploads\/sites\/336\/2026\/02\/IMG_0030-1-150x150.jpg\" class=\"attachment-thumbnail size-thumbnail wp-post-image\" alt=\"\" style=\"\" \/><\/div><a class=\"wp-block-latest-posts__post-title\" href=\"https:\/\/blog.uclm.es\/femsteam\/2026\/02\/02\/%f0%9f%94%90-mision-cumplida-en-el-escape-room-ayuda-a-teano-a-salvar-las-matematicas-%f0%9f%94%90\/\">\ud83d\udd10 \u00a1Misi\u00f3n cumplida en el escape room \u201cAyuda a T\u00e9ano a salvar las matem\u00e1ticas\u201d! \ud83d\udd10<\/a><\/li>\n<li><div class=\"wp-block-latest-posts__featured-image aligncenter\"><img loading=\"lazy\" decoding=\"async\" width=\"150\" height=\"150\" src=\"https:\/\/blog.uclm.es\/femsteam\/wp-content\/uploads\/sites\/336\/2026\/01\/20260202-y-04-Grado-Maestr@-de-EP-150x150.png\" class=\"attachment-thumbnail size-thumbnail wp-post-image\" alt=\"\" style=\"\" \/><\/div><a class=\"wp-block-latest-posts__post-title\" href=\"https:\/\/blog.uclm.es\/femsteam\/2026\/01\/27\/%f0%9f%93%a2-nuevas-sesiones-del-escape-room-femsteam-abiertas-al-publico\/\">\ud83d\udce2 \u00a1Nuevas sesiones del escape room FemSTEAM abiertas al p\u00fablico!<\/a><\/li>\n<li><div class=\"wp-block-latest-posts__featured-image aligncenter\"><img loading=\"lazy\" decoding=\"async\" width=\"150\" height=\"150\" src=\"https:\/\/blog.uclm.es\/femsteam\/wp-content\/uploads\/sites\/336\/2026\/01\/IMG_9951-150x150.jpg\" class=\"attachment-thumbnail size-thumbnail wp-post-image\" alt=\"\" style=\"\" \/><\/div><a class=\"wp-block-latest-posts__post-title\" href=\"https:\/\/blog.uclm.es\/femsteam\/2026\/01\/19\/segundo-pase-del-escape-room-de-teano-una-experiencia-didactica-con-el-alumnado-del-master\/\">Doble sesi\u00f3n para T\u00e9ano: as\u00ed vivimos el segundo pase del escape room<\/a><\/li>\n<li><div class=\"wp-block-latest-posts__featured-image aligncenter\"><img loading=\"lazy\" decoding=\"async\" width=\"150\" height=\"150\" src=\"https:\/\/blog.uclm.es\/femsteam\/wp-content\/uploads\/sites\/336\/2026\/01\/IMG_9944-150x150.jpg\" class=\"attachment-thumbnail size-thumbnail wp-post-image\" alt=\"\" style=\"\" \/><\/div><a class=\"wp-block-latest-posts__post-title\" href=\"https:\/\/blog.uclm.es\/femsteam\/2026\/01\/19\/primer-pase-del-escape-room-de-teano-una-experiencia-llena-de-colaboracion-y-descubrimiento\/\">Primer pase del escape room de T\u00e9ano: una experiencia llena de colaboraci\u00f3n y descubrimiento<\/a><\/li>\n<li><div class=\"wp-block-latest-posts__featured-image aligncenter\"><img loading=\"lazy\" decoding=\"async\" width=\"150\" height=\"150\" src=\"https:\/\/blog.uclm.es\/femsteam\/wp-content\/uploads\/sites\/336\/2026\/01\/Captura-de-pantalla-2026-01-15-174731-150x150.png\" class=\"attachment-thumbnail size-thumbnail wp-post-image\" alt=\"\" style=\"\" \/><\/div><a class=\"wp-block-latest-posts__post-title\" href=\"https:\/\/blog.uclm.es\/femsteam\/2026\/01\/15\/entrevista-en-cadena-ser\/\">Entrevista en Cadena Ser<\/a><\/li>\n<li><div class=\"wp-block-latest-posts__featured-image aligncenter\"><img loading=\"lazy\" decoding=\"async\" width=\"150\" height=\"150\" src=\"https:\/\/blog.uclm.es\/femsteam\/wp-content\/uploads\/sites\/336\/2026\/01\/IMG_4432-150x150.jpg\" class=\"attachment-thumbnail size-thumbnail wp-post-image\" alt=\"\" style=\"\" \/><\/div><a class=\"wp-block-latest-posts__post-title\" href=\"https:\/\/blog.uclm.es\/femsteam\/2026\/01\/13\/nota-de-prensa-uclm\/\">Nota de prensa-UCLM<\/a><\/li>\n<li><div class=\"wp-block-latest-posts__featured-image aligncenter\"><img loading=\"lazy\" decoding=\"async\" width=\"150\" height=\"150\" src=\"https:\/\/blog.uclm.es\/femsteam\/wp-content\/uploads\/sites\/336\/2026\/01\/20260119-master-Toledo-150x150.png\" class=\"attachment-thumbnail size-thumbnail wp-post-image\" alt=\"\" style=\"\" \/><\/div><a class=\"wp-block-latest-posts__post-title\" href=\"https:\/\/blog.uclm.es\/femsteam\/2026\/01\/12\/sesion-femsteam-abierta-al-publico\/\">\u00a1Sesi\u00f3n FemSTEAM abierta al p\u00fablico!<\/a><\/li>\n<li><div class=\"wp-block-latest-posts__featured-image aligncenter\"><img loading=\"lazy\" decoding=\"async\" width=\"150\" height=\"150\" src=\"https:\/\/blog.uclm.es\/femsteam\/wp-content\/uploads\/sites\/336\/2026\/01\/Post-institutos-150x150.png\" class=\"attachment-thumbnail size-thumbnail wp-post-image\" alt=\"\" style=\"\" \/><\/div><a class=\"wp-block-latest-posts__post-title\" href=\"https:\/\/blog.uclm.es\/femsteam\/2026\/01\/11\/solicitud-para-centros-eductivos\/\">Solicitud para centros educativos<\/a><\/li>\n<li><div class=\"wp-block-latest-posts__featured-image aligncenter\"><img loading=\"lazy\" decoding=\"async\" width=\"150\" height=\"150\" src=\"https:\/\/blog.uclm.es\/femsteam\/wp-content\/uploads\/sites\/336\/2025\/11\/IMG_9640-150x150.jpg\" class=\"attachment-thumbnail size-thumbnail wp-post-image\" alt=\"\" style=\"\" \/><\/div><a class=\"wp-block-latest-posts__post-title\" href=\"https:\/\/blog.uclm.es\/femsteam\/2025\/11\/20\/ciudad-real-resuelve-la-mision-cronica-de-nuestra-escape-room-matematica\/\">Ciudad Real resuelve la misi\u00f3n: cr\u00f3nica de nuestra Escape Room Matem\u00e1tica<\/a><\/li>\n<li><div class=\"wp-block-latest-posts__featured-image aligncenter\"><img loading=\"lazy\" decoding=\"async\" width=\"150\" height=\"150\" src=\"https:\/\/blog.uclm.es\/femsteam\/wp-content\/uploads\/sites\/336\/2025\/11\/FemSTEAM-CR-150x150.jpeg\" class=\"attachment-thumbnail size-thumbnail wp-post-image\" alt=\"\" style=\"\" \/><\/div><a class=\"wp-block-latest-posts__post-title\" href=\"https:\/\/blog.uclm.es\/femsteam\/2025\/11\/10\/convocatoria-abierta-participa-en-la-escape-room-matematica-en-ciudad-real\/\">Convocatoria abierta: participa en la Escape Room Matem\u00e1tica en Ciudad Real<\/a><\/li>\n<\/ul><\/div>\n<\/div>\n<\/div>\n<\/div>\n<\/div>\n","protected":false},"excerpt":{"rendered":"<p>Actualidad Bienvenida a la secci\u00f3n de Actualidad de FemSTEAM, el espacio donde reunimos las \u00faltimas novedades del proyecto, nuestras actividades m\u00e1s destacadas y los avances que estamos desarrollando para impulsar la igualdad y la vocaci\u00f3n STEAM entre ni\u00f1as, j\u00f3venes y comunidad educativa. Aqu\u00ed podr\u00e1s seguir de cerca los talleres, formaciones, recursos, y colaboraciones que dan [&hellip;]<\/p>\n","protected":false},"author":562,"featured_media":0,"parent":0,"menu_order":0,"comment_status":"closed","ping_status":"closed","template":"","meta":{"footnotes":""},"class_list":["post-53","page","type-page","status-publish","hentry"],"_links":{"self":[{"href":"https:\/\/blog.uclm.es\/femsteam\/wp-json\/wp\/v2\/pages\/53","targetHints":{"allow":["GET"]}}],"collection":[{"href":"https:\/\/blog.uclm.es\/femsteam\/wp-json\/wp\/v2\/pages"}],"about":[{"href":"https:\/\/blog.uclm.es\/femsteam\/wp-json\/wp\/v2\/types\/page"}],"author":[{"embeddable":true,"href":"https:\/\/blog.uclm.es\/femsteam\/wp-json\/wp\/v2\/users\/562"}],"replies":[{"embeddable":true,"href":"https:\/\/blog.uclm.es\/femsteam\/wp-json\/wp\/v2\/comments?post=53"}],"version-history":[{"count":7,"href":"https:\/\/blog.uclm.es\/femsteam\/wp-json\/wp\/v2\/pages\/53\/revisions"}],"predecessor-version":[{"id":233,"href":"https:\/\/blog.uclm.es\/femsteam\/wp-json\/wp\/v2\/pages\/53\/revisions\/233"}],"wp:attachment":[{"href":"https:\/\/blog.uclm.es\/femsteam\/wp-json\/wp\/v2\/media?parent=53"}],"curies":[{"name":"wp","href":"https:\/\/api.w.org\/{rel}","templated":true}]}}