{"id":51,"date":"2026-01-15T11:27:01","date_gmt":"2026-01-15T10:27:01","guid":{"rendered":"https:\/\/blog.uclm.es\/femsteam\/ediciones-anteriores\/"},"modified":"2026-01-18T10:02:54","modified_gmt":"2026-01-18T09:02:54","slug":"ediciones-anteriores","status":"publish","type":"page","link":"https:\/\/blog.uclm.es\/femsteam\/ediciones-anteriores\/","title":{"rendered":"Ediciones anteriores"},"content":{"rendered":"\n<h4 class=\"wp-block-heading has-text-align-left\"><strong>\u201cFemSTEAM: fomento feminista de vocaciones STEAM\u201d (27-4ACT-23<\/strong>)<\/h4>\n\n\n\n<h5 class=\"wp-block-heading\">Descripci\u00f3n general del proyecto<\/h5>\n\n\n\n<p><strong>FemSTEAM<\/strong> es una iniciativa educativa que impulsa el inter\u00e9s del alumnado por las disciplinas <strong>STEAM<\/strong> (Ciencia, Tecnolog\u00eda, Ingenier\u00eda, Arte y Matem\u00e1ticas) desde una perspectiva <strong>feminista e igualitaria<\/strong>.<br>El proyecto nace con el objetivo de <strong>visibilizar referentes femeninos<\/strong>, promover la <strong>paridad en la participaci\u00f3n<\/strong> y generar experiencias de aprendizaje colaborativas y creativas.<\/p>\n\n\n\n<p>Esta edici\u00f3n del proyecto se desarroll\u00f3 en <strong>tres l\u00edneas de acci\u00f3n complementarias<\/strong> que transformaron el centro en un espacio de reflexi\u00f3n, juego y expresi\u00f3n art\u00edstica:<\/p>\n\n\n\n<ol class=\"wp-block-list\">\n<li><strong>Mosaicos por la Igualdad<\/strong> (incluyendo el mural de <strong>Justa Freire<\/strong>).<\/li>\n\n\n\n<li><strong>Yincana Paritaria<\/strong>.<\/li>\n\n\n\n<li><strong>Escape Room <\/strong>\u00abAyuda a T\u00e9ano a salvar las Matem\u00e1ticas\u00bb.<\/li>\n<\/ol>\n\n\n\n<p><\/p>\n\n\n\n<hr class=\"wp-block-separator has-alpha-channel-opacity\" \/>\n\n\n\n<div class=\"wp-block-columns is-layout-flex wp-container-core-columns-is-layout-28f84493 wp-block-columns-is-layout-flex\">\n<div class=\"wp-block-column is-layout-flow wp-block-column-is-layout-flow\" style=\"flex-basis:100%\">\n<p><a href=\"https:\/\/picamates.es\/140-2\"><strong>M\u00e1s informaci\u00f3n<\/strong>: https:\/\/picamates.es\/140-2<\/a><\/p>\n<\/div>\n<\/div>\n","protected":false},"excerpt":{"rendered":"<p>\u201cFemSTEAM: fomento feminista de vocaciones STEAM\u201d (27-4ACT-23) Descripci\u00f3n general del proyecto FemSTEAM es una iniciativa educativa que impulsa el inter\u00e9s del alumnado por las disciplinas STEAM (Ciencia, Tecnolog\u00eda, Ingenier\u00eda, Arte y Matem\u00e1ticas) desde una perspectiva feminista e igualitaria.El proyecto nace con el objetivo de visibilizar referentes femeninos, promover la paridad en la participaci\u00f3n y generar [&hellip;]<\/p>\n","protected":false},"author":562,"featured_media":0,"parent":0,"menu_order":0,"comment_status":"closed","ping_status":"closed","template":"","meta":{"footnotes":""},"class_list":["post-51","page","type-page","status-publish","hentry"],"_links":{"self":[{"href":"https:\/\/blog.uclm.es\/femsteam\/wp-json\/wp\/v2\/pages\/51","targetHints":{"allow":["GET"]}}],"collection":[{"href":"https:\/\/blog.uclm.es\/femsteam\/wp-json\/wp\/v2\/pages"}],"about":[{"href":"https:\/\/blog.uclm.es\/femsteam\/wp-json\/wp\/v2\/types\/page"}],"author":[{"embeddable":true,"href":"https:\/\/blog.uclm.es\/femsteam\/wp-json\/wp\/v2\/users\/562"}],"replies":[{"embeddable":true,"href":"https:\/\/blog.uclm.es\/femsteam\/wp-json\/wp\/v2\/comments?post=51"}],"version-history":[{"count":8,"href":"https:\/\/blog.uclm.es\/femsteam\/wp-json\/wp\/v2\/pages\/51\/revisions"}],"predecessor-version":[{"id":171,"href":"https:\/\/blog.uclm.es\/femsteam\/wp-json\/wp\/v2\/pages\/51\/revisions\/171"}],"wp:attachment":[{"href":"https:\/\/blog.uclm.es\/femsteam\/wp-json\/wp\/v2\/media?parent=51"}],"curies":[{"name":"wp","href":"https:\/\/api.w.org\/{rel}","templated":true}]}}