{"id":54,"date":"2020-06-23T18:34:35","date_gmt":"2020-06-23T17:34:35","guid":{"rendered":"http:\/\/blog.uclm.es\/felixvillanueva\/?page_id=54"},"modified":"2022-10-20T15:57:42","modified_gmt":"2022-10-20T15:57:42","slug":"contacto","status":"publish","type":"page","link":"https:\/\/blog.uclm.es\/felixvillanueva\/contacto\/","title":{"rendered":"Contacto"},"content":{"rendered":"<p>F\u00e9lix Jes\u00fas Villanueva Molina<br \/>\nEscuela Superior de Inform\u00e1tica<br \/>\nPaseo de la universidad 4, 13004<br \/>\nCiudad Real<br \/>\nUniversidad de Castilla-La Mancha<br \/>\n<a href=\"mailto:felix.villanueva@uclm.es\" target=\"_blank\" rel=\"noopener\">felix.villanueva@uclm.es<\/a><\/p>\n","protected":false},"excerpt":{"rendered":"<p>F\u00e9lix Jes\u00fas Villanueva Molina Escuela Superior de Inform\u00e1tica Paseo de la universidad 4, 13004 Ciudad Real Universidad de Castilla-La Mancha felix.villanueva@uclm.es<\/p>\n","protected":false},"author":182,"featured_media":0,"parent":0,"menu_order":0,"comment_status":"closed","ping_status":"closed","template":"","meta":{"footnotes":""},"class_list":["post-54","page","type-page","status-publish","hentry"],"_links":{"self":[{"href":"https:\/\/blog.uclm.es\/felixvillanueva\/wp-json\/wp\/v2\/pages\/54","targetHints":{"allow":["GET"]}}],"collection":[{"href":"https:\/\/blog.uclm.es\/felixvillanueva\/wp-json\/wp\/v2\/pages"}],"about":[{"href":"https:\/\/blog.uclm.es\/felixvillanueva\/wp-json\/wp\/v2\/types\/page"}],"author":[{"embeddable":true,"href":"https:\/\/blog.uclm.es\/felixvillanueva\/wp-json\/wp\/v2\/users\/182"}],"replies":[{"embeddable":true,"href":"https:\/\/blog.uclm.es\/felixvillanueva\/wp-json\/wp\/v2\/comments?post=54"}],"version-history":[{"count":2,"href":"https:\/\/blog.uclm.es\/felixvillanueva\/wp-json\/wp\/v2\/pages\/54\/revisions"}],"predecessor-version":[{"id":366,"href":"https:\/\/blog.uclm.es\/felixvillanueva\/wp-json\/wp\/v2\/pages\/54\/revisions\/366"}],"wp:attachment":[{"href":"https:\/\/blog.uclm.es\/felixvillanueva\/wp-json\/wp\/v2\/media?parent=54"}],"curies":[{"name":"wp","href":"https:\/\/api.w.org\/{rel}","templated":true}]}}