{"id":273,"date":"2020-05-20T07:31:25","date_gmt":"2020-05-20T07:31:25","guid":{"rendered":"http:\/\/blog.uclm.es\/felixvillanueva\/?page_id=2"},"modified":"2020-05-20T07:31:25","modified_gmt":"2020-05-20T07:31:25","slug":"cv","status":"publish","type":"page","link":"https:\/\/blog.uclm.es\/felixvillanueva\/cv\/","title":{"rendered":"Curriculum"},"content":{"rendered":"<p>\nMi <a href=\"https:\/\/orcid.org\/0000-0003-0773-5846\">orcid.org<\/a><br>\nMi <a href=\"https:\/\/dblp.org\/pers\/hd\/v\/Villanueva:Felix_Jes=uacute=s\">dblp.org<\/a><\/p>\n\n\n<p>Desde que comenzara mi vinculaci\u00f3n con la Universidad de Castilla-La Mancha como contratado a cargo del proyecto de investigacion SENDA y compaginando el \u00faltimo a\u00f1o de carrera con dicho trabajo,  he tratado de desarrollar un curriculum equilibrado tanto en los aspectos de docencia como de investigaci\u00f3n.  El grupo Arco de la Escuela Superior de Inform\u00e1tica (ESI) se crea el mismo a\u00f1o en el que me incorporo como tecn\u00f3logo y consta de tres miembros lo que obliga a realizar una multitud de tareas asociadas al desarrollo de un grupo en crecimiento. el grupo arco tiene como principales lineas de investigaci\u00f3n las redes de sistemas empotrados inteligentes y el dise\u00f1o de arquitectura de computadores.  En ambas lineas se trabaja en la aplicaci\u00f3n de conceptos de sistemas distribuidos orientados a objetos y se obtienen contribuciones a congresos de alta relevancia (date, iwann, fpl, icce, icon, etc) adem\u00e1s de publicaciones en revistas indexadas (wcmc, jucs, trans. on consumer electronics, etc) junto con dos patentes una nacional y otra europea, encontr\u00e1ndose esta \u00faltima en proceso de concesi\u00f3n para su explotaci\u00f3n. Tambi\u00e9n en el \u00e1mbito de investigaci\u00f3n entra la participaci\u00f3n en el comit\u00e9 organizador de dos conferencias (dcis&#8217;03 y Ucami en varios a\u00f1os) as\u00ed como en el TPC del Globecom (a\u00f1os 2006, 2009 y 2010). En el a\u00f1o 2010 he editado el libro \u00abAmbient Intelligence\u00bb que puede ser descargado en https:\/\/www.intechopen.com\/books\/ambient-intelligence\u00bb y acomet\u00ed la direcci\u00f3n t\u00e9cnica de un sub-proyecto dentro de el proyecto ELCANO ( web ). En 2016, junto con mi compa\u00f1era Soledad Escolar, redactamos la propuesta ITEA3 CITISIM en colaboraci\u00f3n con la empresa Abalia, entre el dic.2017- dic. 2019 dirig\u00ed la parte de creaci\u00f3n de la plataforma para Smart Cities por parte del grupo de investigaci\u00f3n y bajo la direcci\u00f3n de Abalia. <\/p>\n","protected":false},"excerpt":{"rendered":"<p>Mi orcid.org Mi dblp.org Desde que comenzara mi vinculaci\u00f3n con la Universidad de Castilla-La Mancha como contratado a cargo del proyecto de investigacion SENDA y compaginando el \u00faltimo a\u00f1o de carrera con dicho trabajo, he tratado de desarrollar un curriculum &hellip; <a href=\"https:\/\/blog.uclm.es\/felixvillanueva\/cv\/\">Sigue leyendo <span class=\"meta-nav\">&rarr;<\/span><\/a><\/p>\n","protected":false},"author":182,"featured_media":0,"parent":0,"menu_order":0,"comment_status":"closed","ping_status":"open","template":"","meta":{"footnotes":""},"class_list":["post-273","page","type-page","status-publish","hentry"],"_links":{"self":[{"href":"https:\/\/blog.uclm.es\/felixvillanueva\/wp-json\/wp\/v2\/pages\/273","targetHints":{"allow":["GET"]}}],"collection":[{"href":"https:\/\/blog.uclm.es\/felixvillanueva\/wp-json\/wp\/v2\/pages"}],"about":[{"href":"https:\/\/blog.uclm.es\/felixvillanueva\/wp-json\/wp\/v2\/types\/page"}],"author":[{"embeddable":true,"href":"https:\/\/blog.uclm.es\/felixvillanueva\/wp-json\/wp\/v2\/users\/182"}],"replies":[{"embeddable":true,"href":"https:\/\/blog.uclm.es\/felixvillanueva\/wp-json\/wp\/v2\/comments?post=273"}],"version-history":[{"count":0,"href":"https:\/\/blog.uclm.es\/felixvillanueva\/wp-json\/wp\/v2\/pages\/273\/revisions"}],"wp:attachment":[{"href":"https:\/\/blog.uclm.es\/felixvillanueva\/wp-json\/wp\/v2\/media?parent=273"}],"curies":[{"name":"wp","href":"https:\/\/api.w.org\/{rel}","templated":true}]}}