{"id":249,"date":"2020-12-21T17:56:42","date_gmt":"2020-12-21T16:56:42","guid":{"rendered":"http:\/\/blog.uclm.es\/felixvillanueva\/?page_id=249"},"modified":"2020-12-21T17:56:42","modified_gmt":"2020-12-21T16:56:42","slug":"tutorial-consola-gnu-linux-debian-10-bash","status":"publish","type":"page","link":"https:\/\/blog.uclm.es\/felixvillanueva\/tutorial-consola-gnu-linux-debian-10-bash\/","title":{"rendered":"Tutorial Consola GNU\/Linux"},"content":{"rendered":"<p>\u00bfTe gustar\u00eda aprender c\u00f3mo gestionan los profesionales uno de los principales sistema operativos que mueven Internet?<br \/>\nEl objetivo de este peque\u00f1o tutorial es ense\u00f1ar las nociones b\u00e1sicas relativas a la consola de sistemas operativos GNU\/Linux (Debian 10: Bash) a estudiantes de ingenier\u00eda inform\u00e1tica sin ninguna experiencia en dicho sistema operativo. Este sistema operativo se usa en numerosas asignaturas de la carrera y es fundamental para crecer en el desarrollo de la profesi\u00f3n inform\u00e1tica.<\/p>\n<ol>\n<li><a href=\"https:\/\/blog.uclm.es\/felixvillanueva\/2020\/12\/17\/un-paseo-por-la-consola-de-gnu-linux\/\">Un paseo por la consola de GNU\/Linux<\/a><\/li>\n<li><a href=\"https:\/\/blog.uclm.es\/felixvillanueva\/2020\/12\/18\/comandos-de-la-consola-gnu-linux-debian-10-bash\/\">Comandos de la consola GNU\/Linux (Debian 10: Bash)<\/a><\/li>\n<li><a href=\"https:\/\/blog.uclm.es\/felixvillanueva\/2020\/12\/21\/comandos-basicos-de-la-consola-gestion-de-archivos-debian-10-bash\/\">Comandos b\u00e1sicos de la consola, gesti\u00f3n de archivos (Debian 10: Bash)<\/a><\/li>\n<li><a href=\"https:\/\/blog.uclm.es\/felixvillanueva\/2021\/01\/13\/comandos-opciones-y-argumentos-en-la-consola-gnu-linux\/\">Comandos, opciones y argumentos de la consola.<\/a><\/li>\n<li><a href=\"https:\/\/blog.uclm.es\/felixvillanueva\/2021\/01\/18\/permisos-de-archivos-en-gnu-linux\/\">Permisos de archivos en GNU\/Linux<\/a><\/li>\n<\/ol>\n","protected":false},"excerpt":{"rendered":"<p>\u00bfTe gustar\u00eda aprender c\u00f3mo gestionan los profesionales uno de los principales sistema operativos que mueven Internet? El objetivo de este peque\u00f1o tutorial es ense\u00f1ar las nociones b\u00e1sicas relativas a la consola de sistemas operativos GNU\/Linux (Debian 10: Bash) a estudiantes &hellip; <a href=\"https:\/\/blog.uclm.es\/felixvillanueva\/tutorial-consola-gnu-linux-debian-10-bash\/\">Sigue leyendo <span class=\"meta-nav\">&rarr;<\/span><\/a><\/p>\n","protected":false},"author":182,"featured_media":0,"parent":0,"menu_order":0,"comment_status":"closed","ping_status":"closed","template":"","meta":{"footnotes":""},"class_list":["post-249","page","type-page","status-publish","hentry"],"_links":{"self":[{"href":"https:\/\/blog.uclm.es\/felixvillanueva\/wp-json\/wp\/v2\/pages\/249","targetHints":{"allow":["GET"]}}],"collection":[{"href":"https:\/\/blog.uclm.es\/felixvillanueva\/wp-json\/wp\/v2\/pages"}],"about":[{"href":"https:\/\/blog.uclm.es\/felixvillanueva\/wp-json\/wp\/v2\/types\/page"}],"author":[{"embeddable":true,"href":"https:\/\/blog.uclm.es\/felixvillanueva\/wp-json\/wp\/v2\/users\/182"}],"replies":[{"embeddable":true,"href":"https:\/\/blog.uclm.es\/felixvillanueva\/wp-json\/wp\/v2\/comments?post=249"}],"version-history":[{"count":0,"href":"https:\/\/blog.uclm.es\/felixvillanueva\/wp-json\/wp\/v2\/pages\/249\/revisions"}],"wp:attachment":[{"href":"https:\/\/blog.uclm.es\/felixvillanueva\/wp-json\/wp\/v2\/media?parent=249"}],"curies":[{"name":"wp","href":"https:\/\/api.w.org\/{rel}","templated":true}]}}