{"id":41,"date":"2014-10-03T08:50:26","date_gmt":"2014-10-03T07:50:26","guid":{"rendered":"http:\/\/blog.uclm.es\/fcojaviercastilla\/?page_id=41"},"modified":"2025-05-14T21:49:03","modified_gmt":"2025-05-14T21:49:03","slug":"contact","status":"publish","type":"page","link":"https:\/\/blog.uclm.es\/fcojaviercastilla\/contact\/","title":{"rendered":"CONTACTO"},"content":{"rendered":"<table>\n<tbody>\n<tr>\n<td><img decoding=\"async\" src=\"https:\/\/cosmicimg-prod.services.web.outlook.com\/proxy\/?u=http%3A%2F%2Fwww.uclm.es%2Fcomun%2Fimgweb%2Ffirma_correo%2Fuclm.jpg&amp;t=eyJhbGciOiJSUzI1NiIsInR5cCI6IkpXVCIsImtpZCI6InBYMEt6Um4wMURQN1gxSkl1dXRNMmxLUHh5ND0iLCJ4NXQiOiJwWDBLelJuMDFEUDdYMUpJdXV0TTJsS1B4eTQ9IiwiaXNzbG9jIjoiQU0wUFIwMU1CNjA1MSIsInNyc24iOjYzODgyNTQ4NjczNDQ4ODk2Nn0.eyJ1dGkiOiJmZTIxNjNjYS0wZjk0LTQ0MTUtOWY5Mi0wYmU0ZDU1NjM4ZDciLCJpYXQiOjE3NDcyNTkxNjIsInZlciI6IlNUSS5Vc2VyLlYxIiwic2FwLXZlcnNpb24iOiI4IiwiYXBwaWQiOiJmMjA0MTUwNC0yZjgxLTQ5M2QtYWY4ZC1iNGIzNTBjZWZlNTciLCJpc3NyaW5nIjoiV1ciLCJhcHBpZGFjciI6IjIiLCJ0aWQiOiJjNDJjYmFlNjYxZjQ0OThjOTEwNzZhOGNmNWYwMWU1NiIsInNjcCI6IkltYWdlUHJveHktSW50ZXJuYWwuUmVuZGVyIiwidG9wb2xvZ3kiOiJ7XCJUeXBlXCI6XCJNYWNoaW5lXCIsXCJWYWx1ZVwiOlwiQU0wUFIwMU1CNjA1MS5ldXJwcmQwMS5wcm9kLmV4Y2hhbmdlbGFicy5jb21cIn0iLCJwdWlkIjoiMTAwMzNGRkY4ODY4REY3RiIsImVwayI6IntcImt0eVwiOlwiUlNBXCIsXCJuXCI6XCJ4UW5VSVRVX19ZSjJpdmx6UkhkcXhfT0FtcmhwUHNGZWtYdVJyTmFiakxzYTZvVFBrNTVzZGc0OUoxR2tHNWpGRkpkdDJkUlhXekZsYklYUEd1LUhMQ2NoNWlTeTlGd29kZXlFYkRKNzU3emNvclh3WWpDdE9EamtiSlRRU3N4Mm41NE9TV2lhS1huSHBGRkVoenF4c0dRN3lBLXpxQTFmRDdGT1l6Y2JlTk1IUWZWMkNWQUpLZVdUWkpvUjhQVDR2enpIbmcya1NYZ1owdS1Lbkw4TEVTbXc4OXNQNW5IRjl1cjM4TmFDOWx2bFB1eWlBQmktaG5oVXF0VllQdndqM1lFa2xjSUhJQ1ZzSHFNUC1wbW1IeHlVVkdzbjM3YXN2NGRRdEEtRFJ4UmtfUlY4LW4xbjYzNmFuRzA5N3hsemFPRExfRjF4ODQ3bFFUTkZpSURudlFcIixcImVcIjpcIkFRQUJcIixcImFsZ1wiOlwiUlMyNTZcIixcImV4cFwiOlwiMTc0NzM0ODg0NVwiLFwiZXhwX2RpZmZcIjpcIjg2NDAwXCIsXCJraWRcIjpcIlhYQWNSclJrWHRxcHJxc0JsUXhiX0VYc0Z3MFwifS51WS9tZXVYNWJVRmZ3ajViSk4xS2gxd3pHcFpuaXFJTVVka2VhaEl3R2JUZDYxaWh6bWVXRjI5aGx6WWJjblJXblFmQU82eEhNT0lqV2NXMTZSK0NDbjRLN1B6Q0hveGlCVWdFSDJDbmV3bndBTUdqYkJGL1RxeFRPTWJMcVFVMGhySm8yS1Y1TnhvNm5XSG9ZUFhnTkMrYUM1VEM0b1hPMnR2MHpYdzQ2S0hqN0tKUG9USnJpejZWYlRvcVlRbnJaOTFwdUNnWTlzWmw0VWU3Z1NhbzNRUmlka1NKNDFQLy9MOTJ1Nm9LQzVlVnMwUHhpSU9tZmNnQTRjREVLdkpRd0xlMWpzMlk0Y3RuejU1VkxTQ25Pc2JJb0drUTRVMzdGMCs0TGhCTGpGOTlkcEFaQVRabmE0VHNqRSt0dDc2SXExQStEY3hpRHUrZkZ2bzAxQ3dVZVE9PSIsIm5iZiI6MTc0NzI1OTE2MiwiZXhwIjoxNzQ3MjYwMDYyLCJpc3MiOiJodHRwczovL3N1YnN0cmF0ZS5vZmZpY2UuY29tL3N0cy8iLCJhdWQiOiJodHRwczovL291dGxvb2tpbWFnZXByb3h5LmF6dXJld2Vic2l0ZXMubmV0Iiwic3NlYyI6IkU3ejZqRXNpWStNUWExZW8ifQ.paqjZ1tMBFx2bQZbekdf-7OM-pPFgDv2BH_yUUq5psQGHn2KJ_r6awrmN1NGpw4ckl9edxx8-umxEwmRqFdFi-UEfX8gP2WlNJ-SNiIv9qKKFrjE8cTQGW3i39O9q-1q_wBcWE6IIwir2WuVD_fQi6YCWFbngX43__uPvl6WcCs9u4cFzET93LqC330ylLCPdsgF2Bxkt1Rrp0vV6navBxgV0enB7_zACwNKngY7V0s2Un0q9LyAWXERVOTczQWYcKIRjq4Bzom_snZeLK1ig0cCbVfTV9zr0zRRkAqA6SHKvUJgZ6pZLahpRSzHOB8wJcR3CLxyqMpjsfVldR7HYQ&amp;r=p&amp;s=b\" alt=\"Logotipo UCLM\" data-imageproxyendpoint=\"\/actions\/ei\" data-imagetype=\"External\" data-olk-copy-source=\"MessageBody\" \/><\/td>\n<td><b>Francisco Javier Castilla Pascual<\/b><\/p>\n<p><i>Arquitecto. Profesor Contratado Doctor (Dpto. Mec\u00e1nica Aplicada e Ingenier\u00eda de Proyectos)<\/i><img decoding=\"async\" src=\"https:\/\/cosmicimg-prod.services.web.outlook.com\/proxy\/?u=http%3A%2F%2Fwww.uclm.es%2Fcomun%2Fimgweb%2Ffirma_correo%2Fhr.jpg&amp;t=eyJhbGciOiJSUzI1NiIsInR5cCI6IkpXVCIsImtpZCI6InBYMEt6Um4wMURQN1gxSkl1dXRNMmxLUHh5ND0iLCJ4NXQiOiJwWDBLelJuMDFEUDdYMUpJdXV0TTJsS1B4eTQ9IiwiaXNzbG9jIjoiQU0wUFIwMU1CNjA1MSIsInNyc24iOjYzODgyNTQ4NjczNDQ4ODk2Nn0.eyJ1dGkiOiJmZTIxNjNjYS0wZjk0LTQ0MTUtOWY5Mi0wYmU0ZDU1NjM4ZDciLCJpYXQiOjE3NDcyNTkxNjIsInZlciI6IlNUSS5Vc2VyLlYxIiwic2FwLXZlcnNpb24iOiI4IiwiYXBwaWQiOiJmMjA0MTUwNC0yZjgxLTQ5M2QtYWY4ZC1iNGIzNTBjZWZlNTciLCJpc3NyaW5nIjoiV1ciLCJhcHBpZGFjciI6IjIiLCJ0aWQiOiJjNDJjYmFlNjYxZjQ0OThjOTEwNzZhOGNmNWYwMWU1NiIsInNjcCI6IkltYWdlUHJveHktSW50ZXJuYWwuUmVuZGVyIiwidG9wb2xvZ3kiOiJ7XCJUeXBlXCI6XCJNYWNoaW5lXCIsXCJWYWx1ZVwiOlwiQU0wUFIwMU1CNjA1MS5ldXJwcmQwMS5wcm9kLmV4Y2hhbmdlbGFicy5jb21cIn0iLCJwdWlkIjoiMTAwMzNGRkY4ODY4REY3RiIsImVwayI6IntcImt0eVwiOlwiUlNBXCIsXCJuXCI6XCJ4UW5VSVRVX19ZSjJpdmx6UkhkcXhfT0FtcmhwUHNGZWtYdVJyTmFiakxzYTZvVFBrNTVzZGc0OUoxR2tHNWpGRkpkdDJkUlhXekZsYklYUEd1LUhMQ2NoNWlTeTlGd29kZXlFYkRKNzU3emNvclh3WWpDdE9EamtiSlRRU3N4Mm41NE9TV2lhS1huSHBGRkVoenF4c0dRN3lBLXpxQTFmRDdGT1l6Y2JlTk1IUWZWMkNWQUpLZVdUWkpvUjhQVDR2enpIbmcya1NYZ1owdS1Lbkw4TEVTbXc4OXNQNW5IRjl1cjM4TmFDOWx2bFB1eWlBQmktaG5oVXF0VllQdndqM1lFa2xjSUhJQ1ZzSHFNUC1wbW1IeHlVVkdzbjM3YXN2NGRRdEEtRFJ4UmtfUlY4LW4xbjYzNmFuRzA5N3hsemFPRExfRjF4ODQ3bFFUTkZpSURudlFcIixcImVcIjpcIkFRQUJcIixcImFsZ1wiOlwiUlMyNTZcIixcImV4cFwiOlwiMTc0NzM0ODg0NVwiLFwiZXhwX2RpZmZcIjpcIjg2NDAwXCIsXCJraWRcIjpcIlhYQWNSclJrWHRxcHJxc0JsUXhiX0VYc0Z3MFwifS51WS9tZXVYNWJVRmZ3ajViSk4xS2gxd3pHcFpuaXFJTVVka2VhaEl3R2JUZDYxaWh6bWVXRjI5aGx6WWJjblJXblFmQU82eEhNT0lqV2NXMTZSK0NDbjRLN1B6Q0hveGlCVWdFSDJDbmV3bndBTUdqYkJGL1RxeFRPTWJMcVFVMGhySm8yS1Y1TnhvNm5XSG9ZUFhnTkMrYUM1VEM0b1hPMnR2MHpYdzQ2S0hqN0tKUG9USnJpejZWYlRvcVlRbnJaOTFwdUNnWTlzWmw0VWU3Z1NhbzNRUmlka1NKNDFQLy9MOTJ1Nm9LQzVlVnMwUHhpSU9tZmNnQTRjREVLdkpRd0xlMWpzMlk0Y3RuejU1VkxTQ25Pc2JJb0drUTRVMzdGMCs0TGhCTGpGOTlkcEFaQVRabmE0VHNqRSt0dDc2SXExQStEY3hpRHUrZkZ2bzAxQ3dVZVE9PSIsIm5iZiI6MTc0NzI1OTE2MiwiZXhwIjoxNzQ3MjYwMDYyLCJpc3MiOiJodHRwczovL3N1YnN0cmF0ZS5vZmZpY2UuY29tL3N0cy8iLCJhdWQiOiJodHRwczovL291dGxvb2tpbWFnZXByb3h5LmF6dXJld2Vic2l0ZXMubmV0Iiwic3NlYyI6IkU3ejZqRXNpWStNUWExZW8ifQ.paqjZ1tMBFx2bQZbekdf-7OM-pPFgDv2BH_yUUq5psQGHn2KJ_r6awrmN1NGpw4ckl9edxx8-umxEwmRqFdFi-UEfX8gP2WlNJ-SNiIv9qKKFrjE8cTQGW3i39O9q-1q_wBcWE6IIwir2WuVD_fQi6YCWFbngX43__uPvl6WcCs9u4cFzET93LqC330ylLCPdsgF2Bxkt1Rrp0vV6navBxgV0enB7_zACwNKngY7V0s2Un0q9LyAWXERVOTczQWYcKIRjq4Bzom_snZeLK1ig0cCbVfTV9zr0zRRkAqA6SHKvUJgZ6pZLahpRSzHOB8wJcR3CLxyqMpjsfVldR7HYQ&amp;r=p&amp;s=b\" data-imageproxyendpoint=\"\/actions\/ei\" data-imagetype=\"External\" \/><\/p>\n<p><b>Universidad de Castilla-La Mancha<\/b><\/p>\n<p>Escuela T\u00e9cnica Superior de Ingenieros Industriales.\u00a0|\u00a0Avenida de Espa\u00f1a, s\/n. 02071 &#8211; Albacete.<\/p>\n<p>926 29 53 00. Ext 4874 \/ 687028523<\/p>\n<p><a id=\"OWA7b43423d-662e-9a3e-e748-e79e581d275e\" class=\"x_x_OWAAutoLink\" title=\"mailto:JuanManuel.Sanchez@uclm.es\" href=\"mailto:JuanManuel.Sanchez@uclm.es\" data-linkindex=\"1\">fcojavier.castilla@uclm.es<\/a>\u00a0\u00a0\u00a0 \u00a0<a id=\"OWA76ce8361-6e09-1311-f815-0a2df5ffeac2\" class=\"x_x_OWAAutoLink\" title=\"https:\/\/www.linkedin.com\/company\/uclm\" href=\"https:\/\/www.linkedin.com\/company\/uclm\" target=\"_blank\" rel=\"noopener noreferrer\" data-auth=\"NotApplicable\" data-linkindex=\"2\"><img decoding=\"async\" src=\"https:\/\/cosmicimg-prod.services.web.outlook.com\/proxy\/?u=http%3A%2F%2Fwww.uclm.es%2Fcomun%2Fimgweb%2Ffirma_correo%2Fin.jpg&amp;t=eyJhbGciOiJSUzI1NiIsInR5cCI6IkpXVCIsImtpZCI6InBYMEt6Um4wMURQN1gxSkl1dXRNMmxLUHh5ND0iLCJ4NXQiOiJwWDBLelJuMDFEUDdYMUpJdXV0TTJsS1B4eTQ9IiwiaXNzbG9jIjoiQU0wUFIwMU1CNjA1MSIsInNyc24iOjYzODgyNTQ4NjczNDQ4ODk2Nn0.eyJ1dGkiOiJmZTIxNjNjYS0wZjk0LTQ0MTUtOWY5Mi0wYmU0ZDU1NjM4ZDciLCJpYXQiOjE3NDcyNTkxNjIsInZlciI6IlNUSS5Vc2VyLlYxIiwic2FwLXZlcnNpb24iOiI4IiwiYXBwaWQiOiJmMjA0MTUwNC0yZjgxLTQ5M2QtYWY4ZC1iNGIzNTBjZWZlNTciLCJpc3NyaW5nIjoiV1ciLCJhcHBpZGFjciI6IjIiLCJ0aWQiOiJjNDJjYmFlNjYxZjQ0OThjOTEwNzZhOGNmNWYwMWU1NiIsInNjcCI6IkltYWdlUHJveHktSW50ZXJuYWwuUmVuZGVyIiwidG9wb2xvZ3kiOiJ7XCJUeXBlXCI6XCJNYWNoaW5lXCIsXCJWYWx1ZVwiOlwiQU0wUFIwMU1CNjA1MS5ldXJwcmQwMS5wcm9kLmV4Y2hhbmdlbGFicy5jb21cIn0iLCJwdWlkIjoiMTAwMzNGRkY4ODY4REY3RiIsImVwayI6IntcImt0eVwiOlwiUlNBXCIsXCJuXCI6XCJ4UW5VSVRVX19ZSjJpdmx6UkhkcXhfT0FtcmhwUHNGZWtYdVJyTmFiakxzYTZvVFBrNTVzZGc0OUoxR2tHNWpGRkpkdDJkUlhXekZsYklYUEd1LUhMQ2NoNWlTeTlGd29kZXlFYkRKNzU3emNvclh3WWpDdE9EamtiSlRRU3N4Mm41NE9TV2lhS1huSHBGRkVoenF4c0dRN3lBLXpxQTFmRDdGT1l6Y2JlTk1IUWZWMkNWQUpLZVdUWkpvUjhQVDR2enpIbmcya1NYZ1owdS1Lbkw4TEVTbXc4OXNQNW5IRjl1cjM4TmFDOWx2bFB1eWlBQmktaG5oVXF0VllQdndqM1lFa2xjSUhJQ1ZzSHFNUC1wbW1IeHlVVkdzbjM3YXN2NGRRdEEtRFJ4UmtfUlY4LW4xbjYzNmFuRzA5N3hsemFPRExfRjF4ODQ3bFFUTkZpSURudlFcIixcImVcIjpcIkFRQUJcIixcImFsZ1wiOlwiUlMyNTZcIixcImV4cFwiOlwiMTc0NzM0ODg0NVwiLFwiZXhwX2RpZmZcIjpcIjg2NDAwXCIsXCJraWRcIjpcIlhYQWNSclJrWHRxcHJxc0JsUXhiX0VYc0Z3MFwifS51WS9tZXVYNWJVRmZ3ajViSk4xS2gxd3pHcFpuaXFJTVVka2VhaEl3R2JUZDYxaWh6bWVXRjI5aGx6WWJjblJXblFmQU82eEhNT0lqV2NXMTZSK0NDbjRLN1B6Q0hveGlCVWdFSDJDbmV3bndBTUdqYkJGL1RxeFRPTWJMcVFVMGhySm8yS1Y1TnhvNm5XSG9ZUFhnTkMrYUM1VEM0b1hPMnR2MHpYdzQ2S0hqN0tKUG9USnJpejZWYlRvcVlRbnJaOTFwdUNnWTlzWmw0VWU3Z1NhbzNRUmlka1NKNDFQLy9MOTJ1Nm9LQzVlVnMwUHhpSU9tZmNnQTRjREVLdkpRd0xlMWpzMlk0Y3RuejU1VkxTQ25Pc2JJb0drUTRVMzdGMCs0TGhCTGpGOTlkcEFaQVRabmE0VHNqRSt0dDc2SXExQStEY3hpRHUrZkZ2bzAxQ3dVZVE9PSIsIm5iZiI6MTc0NzI1OTE2MiwiZXhwIjoxNzQ3MjYwMDYyLCJpc3MiOiJodHRwczovL3N1YnN0cmF0ZS5vZmZpY2UuY29tL3N0cy8iLCJhdWQiOiJodHRwczovL291dGxvb2tpbWFnZXByb3h5LmF6dXJld2Vic2l0ZXMubmV0Iiwic3NlYyI6IkU3ejZqRXNpWStNUWExZW8ifQ.paqjZ1tMBFx2bQZbekdf-7OM-pPFgDv2BH_yUUq5psQGHn2KJ_r6awrmN1NGpw4ckl9edxx8-umxEwmRqFdFi-UEfX8gP2WlNJ-SNiIv9qKKFrjE8cTQGW3i39O9q-1q_wBcWE6IIwir2WuVD_fQi6YCWFbngX43__uPvl6WcCs9u4cFzET93LqC330ylLCPdsgF2Bxkt1Rrp0vV6navBxgV0enB7_zACwNKngY7V0s2Un0q9LyAWXERVOTczQWYcKIRjq4Bzom_snZeLK1ig0cCbVfTV9zr0zRRkAqA6SHKvUJgZ6pZLahpRSzHOB8wJcR3CLxyqMpjsfVldR7HYQ&amp;r=p&amp;s=b\" alt=\"In\" data-imageproxyendpoint=\"\/actions\/ei\" data-imagetype=\"External\" \/><\/a>\u00a0\u00a0<a id=\"OWA37bc1011-1262-d7f3-3e88-bec50ed52b0d\" class=\"x_x_OWAAutoLink\" title=\"https:\/\/twitter.com\/#%21\/uclm_es\" href=\"https:\/\/twitter.com\/#%21\/uclm_es\" target=\"_blank\" rel=\"noopener noreferrer\" data-auth=\"NotApplicable\" data-linkindex=\"3\"><img loading=\"lazy\" decoding=\"async\" src=\"https:\/\/cosmicimg-prod.services.web.outlook.com\/proxy\/?u=http%3A%2F%2Fwww.uclm.es%2Fcomun%2Fimgweb%2Ffirma_correo%2Ftwitter.jpg&amp;t=eyJhbGciOiJSUzI1NiIsInR5cCI6IkpXVCIsImtpZCI6InBYMEt6Um4wMURQN1gxSkl1dXRNMmxLUHh5ND0iLCJ4NXQiOiJwWDBLelJuMDFEUDdYMUpJdXV0TTJsS1B4eTQ9IiwiaXNzbG9jIjoiQU0wUFIwMU1CNjA1MSIsInNyc24iOjYzODgyNTQ4NjczNDQ4ODk2Nn0.eyJ1dGkiOiJmZTIxNjNjYS0wZjk0LTQ0MTUtOWY5Mi0wYmU0ZDU1NjM4ZDciLCJpYXQiOjE3NDcyNTkxNjIsInZlciI6IlNUSS5Vc2VyLlYxIiwic2FwLXZlcnNpb24iOiI4IiwiYXBwaWQiOiJmMjA0MTUwNC0yZjgxLTQ5M2QtYWY4ZC1iNGIzNTBjZWZlNTciLCJpc3NyaW5nIjoiV1ciLCJhcHBpZGFjciI6IjIiLCJ0aWQiOiJjNDJjYmFlNjYxZjQ0OThjOTEwNzZhOGNmNWYwMWU1NiIsInNjcCI6IkltYWdlUHJveHktSW50ZXJuYWwuUmVuZGVyIiwidG9wb2xvZ3kiOiJ7XCJUeXBlXCI6XCJNYWNoaW5lXCIsXCJWYWx1ZVwiOlwiQU0wUFIwMU1CNjA1MS5ldXJwcmQwMS5wcm9kLmV4Y2hhbmdlbGFicy5jb21cIn0iLCJwdWlkIjoiMTAwMzNGRkY4ODY4REY3RiIsImVwayI6IntcImt0eVwiOlwiUlNBXCIsXCJuXCI6XCJ4UW5VSVRVX19ZSjJpdmx6UkhkcXhfT0FtcmhwUHNGZWtYdVJyTmFiakxzYTZvVFBrNTVzZGc0OUoxR2tHNWpGRkpkdDJkUlhXekZsYklYUEd1LUhMQ2NoNWlTeTlGd29kZXlFYkRKNzU3emNvclh3WWpDdE9EamtiSlRRU3N4Mm41NE9TV2lhS1huSHBGRkVoenF4c0dRN3lBLXpxQTFmRDdGT1l6Y2JlTk1IUWZWMkNWQUpLZVdUWkpvUjhQVDR2enpIbmcya1NYZ1owdS1Lbkw4TEVTbXc4OXNQNW5IRjl1cjM4TmFDOWx2bFB1eWlBQmktaG5oVXF0VllQdndqM1lFa2xjSUhJQ1ZzSHFNUC1wbW1IeHlVVkdzbjM3YXN2NGRRdEEtRFJ4UmtfUlY4LW4xbjYzNmFuRzA5N3hsemFPRExfRjF4ODQ3bFFUTkZpSURudlFcIixcImVcIjpcIkFRQUJcIixcImFsZ1wiOlwiUlMyNTZcIixcImV4cFwiOlwiMTc0NzM0ODg0NVwiLFwiZXhwX2RpZmZcIjpcIjg2NDAwXCIsXCJraWRcIjpcIlhYQWNSclJrWHRxcHJxc0JsUXhiX0VYc0Z3MFwifS51WS9tZXVYNWJVRmZ3ajViSk4xS2gxd3pHcFpuaXFJTVVka2VhaEl3R2JUZDYxaWh6bWVXRjI5aGx6WWJjblJXblFmQU82eEhNT0lqV2NXMTZSK0NDbjRLN1B6Q0hveGlCVWdFSDJDbmV3bndBTUdqYkJGL1RxeFRPTWJMcVFVMGhySm8yS1Y1TnhvNm5XSG9ZUFhnTkMrYUM1VEM0b1hPMnR2MHpYdzQ2S0hqN0tKUG9USnJpejZWYlRvcVlRbnJaOTFwdUNnWTlzWmw0VWU3Z1NhbzNRUmlka1NKNDFQLy9MOTJ1Nm9LQzVlVnMwUHhpSU9tZmNnQTRjREVLdkpRd0xlMWpzMlk0Y3RuejU1VkxTQ25Pc2JJb0drUTRVMzdGMCs0TGhCTGpGOTlkcEFaQVRabmE0VHNqRSt0dDc2SXExQStEY3hpRHUrZkZ2bzAxQ3dVZVE9PSIsIm5iZiI6MTc0NzI1OTE2MiwiZXhwIjoxNzQ3MjYwMDYyLCJpc3MiOiJodHRwczovL3N1YnN0cmF0ZS5vZmZpY2UuY29tL3N0cy8iLCJhdWQiOiJodHRwczovL291dGxvb2tpbWFnZXByb3h5LmF6dXJld2Vic2l0ZXMubmV0Iiwic3NlYyI6IkU3ejZqRXNpWStNUWExZW8ifQ.paqjZ1tMBFx2bQZbekdf-7OM-pPFgDv2BH_yUUq5psQGHn2KJ_r6awrmN1NGpw4ckl9edxx8-umxEwmRqFdFi-UEfX8gP2WlNJ-SNiIv9qKKFrjE8cTQGW3i39O9q-1q_wBcWE6IIwir2WuVD_fQi6YCWFbngX43__uPvl6WcCs9u4cFzET93LqC330ylLCPdsgF2Bxkt1Rrp0vV6navBxgV0enB7_zACwNKngY7V0s2Un0q9LyAWXERVOTczQWYcKIRjq4Bzom_snZeLK1ig0cCbVfTV9zr0zRRkAqA6SHKvUJgZ6pZLahpRSzHOB8wJcR3CLxyqMpjsfVldR7HYQ&amp;r=p&amp;s=b\" alt=\"Twitter\" width=\"15\" height=\"15\" data-imageproxyendpoint=\"\/actions\/ei\" data-imagetype=\"External\" \/><\/a>\u00a0\u00a0<a id=\"OWA21dbe80b-e5f9-bfae-9d65-85ba247c7884\" class=\"x_x_OWAAutoLink\" title=\"https:\/\/www.facebook.com\/uclm.es\" href=\"https:\/\/www.facebook.com\/uclm.es\" target=\"_blank\" rel=\"noopener noreferrer\" data-auth=\"NotApplicable\" data-linkindex=\"4\"><img decoding=\"async\" src=\"https:\/\/cosmicimg-prod.services.web.outlook.com\/proxy\/?u=http%3A%2F%2Fwww.uclm.es%2Fcomun%2Fimgweb%2Ffirma_correo%2Ffacebook.jpg&amp;t=eyJhbGciOiJSUzI1NiIsInR5cCI6IkpXVCIsImtpZCI6InBYMEt6Um4wMURQN1gxSkl1dXRNMmxLUHh5ND0iLCJ4NXQiOiJwWDBLelJuMDFEUDdYMUpJdXV0TTJsS1B4eTQ9IiwiaXNzbG9jIjoiQU0wUFIwMU1CNjA1MSIsInNyc24iOjYzODgyNTQ4NjczNDQ4ODk2Nn0.eyJ1dGkiOiJmZTIxNjNjYS0wZjk0LTQ0MTUtOWY5Mi0wYmU0ZDU1NjM4ZDciLCJpYXQiOjE3NDcyNTkxNjIsInZlciI6IlNUSS5Vc2VyLlYxIiwic2FwLXZlcnNpb24iOiI4IiwiYXBwaWQiOiJmMjA0MTUwNC0yZjgxLTQ5M2QtYWY4ZC1iNGIzNTBjZWZlNTciLCJpc3NyaW5nIjoiV1ciLCJhcHBpZGFjciI6IjIiLCJ0aWQiOiJjNDJjYmFlNjYxZjQ0OThjOTEwNzZhOGNmNWYwMWU1NiIsInNjcCI6IkltYWdlUHJveHktSW50ZXJuYWwuUmVuZGVyIiwidG9wb2xvZ3kiOiJ7XCJUeXBlXCI6XCJNYWNoaW5lXCIsXCJWYWx1ZVwiOlwiQU0wUFIwMU1CNjA1MS5ldXJwcmQwMS5wcm9kLmV4Y2hhbmdlbGFicy5jb21cIn0iLCJwdWlkIjoiMTAwMzNGRkY4ODY4REY3RiIsImVwayI6IntcImt0eVwiOlwiUlNBXCIsXCJuXCI6XCJ4UW5VSVRVX19ZSjJpdmx6UkhkcXhfT0FtcmhwUHNGZWtYdVJyTmFiakxzYTZvVFBrNTVzZGc0OUoxR2tHNWpGRkpkdDJkUlhXekZsYklYUEd1LUhMQ2NoNWlTeTlGd29kZXlFYkRKNzU3emNvclh3WWpDdE9EamtiSlRRU3N4Mm41NE9TV2lhS1huSHBGRkVoenF4c0dRN3lBLXpxQTFmRDdGT1l6Y2JlTk1IUWZWMkNWQUpLZVdUWkpvUjhQVDR2enpIbmcya1NYZ1owdS1Lbkw4TEVTbXc4OXNQNW5IRjl1cjM4TmFDOWx2bFB1eWlBQmktaG5oVXF0VllQdndqM1lFa2xjSUhJQ1ZzSHFNUC1wbW1IeHlVVkdzbjM3YXN2NGRRdEEtRFJ4UmtfUlY4LW4xbjYzNmFuRzA5N3hsemFPRExfRjF4ODQ3bFFUTkZpSURudlFcIixcImVcIjpcIkFRQUJcIixcImFsZ1wiOlwiUlMyNTZcIixcImV4cFwiOlwiMTc0NzM0ODg0NVwiLFwiZXhwX2RpZmZcIjpcIjg2NDAwXCIsXCJraWRcIjpcIlhYQWNSclJrWHRxcHJxc0JsUXhiX0VYc0Z3MFwifS51WS9tZXVYNWJVRmZ3ajViSk4xS2gxd3pHcFpuaXFJTVVka2VhaEl3R2JUZDYxaWh6bWVXRjI5aGx6WWJjblJXblFmQU82eEhNT0lqV2NXMTZSK0NDbjRLN1B6Q0hveGlCVWdFSDJDbmV3bndBTUdqYkJGL1RxeFRPTWJMcVFVMGhySm8yS1Y1TnhvNm5XSG9ZUFhnTkMrYUM1VEM0b1hPMnR2MHpYdzQ2S0hqN0tKUG9USnJpejZWYlRvcVlRbnJaOTFwdUNnWTlzWmw0VWU3Z1NhbzNRUmlka1NKNDFQLy9MOTJ1Nm9LQzVlVnMwUHhpSU9tZmNnQTRjREVLdkpRd0xlMWpzMlk0Y3RuejU1VkxTQ25Pc2JJb0drUTRVMzdGMCs0TGhCTGpGOTlkcEFaQVRabmE0VHNqRSt0dDc2SXExQStEY3hpRHUrZkZ2bzAxQ3dVZVE9PSIsIm5iZiI6MTc0NzI1OTE2MiwiZXhwIjoxNzQ3MjYwMDYyLCJpc3MiOiJodHRwczovL3N1YnN0cmF0ZS5vZmZpY2UuY29tL3N0cy8iLCJhdWQiOiJodHRwczovL291dGxvb2tpbWFnZXByb3h5LmF6dXJld2Vic2l0ZXMubmV0Iiwic3NlYyI6IkU3ejZqRXNpWStNUWExZW8ifQ.paqjZ1tMBFx2bQZbekdf-7OM-pPFgDv2BH_yUUq5psQGHn2KJ_r6awrmN1NGpw4ckl9edxx8-umxEwmRqFdFi-UEfX8gP2WlNJ-SNiIv9qKKFrjE8cTQGW3i39O9q-1q_wBcWE6IIwir2WuVD_fQi6YCWFbngX43__uPvl6WcCs9u4cFzET93LqC330ylLCPdsgF2Bxkt1Rrp0vV6navBxgV0enB7_zACwNKngY7V0s2Un0q9LyAWXERVOTczQWYcKIRjq4Bzom_snZeLK1ig0cCbVfTV9zr0zRRkAqA6SHKvUJgZ6pZLahpRSzHOB8wJcR3CLxyqMpjsfVldR7HYQ&amp;r=p&amp;s=b\" alt=\"Facebook\" data-imageproxyendpoint=\"\/actions\/ei\" data-imagetype=\"External\" \/><\/a><\/p>\n<p><b>ORCID<\/b>:\u00a0<u><a id=\"OWAa47c8a13-c1b6-1afb-6b3a-9738b7bfffe9\" class=\"x_x_OWAAutoLink\" title=\"https:\/\/orcid.org\/0000-0003-1961-6174\" href=\"https:\/\/orcid.org\/0000-0003-1961-6174\" target=\"_blank\" rel=\"noopener noreferrer\" data-auth=\"NotApplicable\" data-linkindex=\"5\">Francisco Javier Castilla Pascual (0000-0003-1961-6174) (orcid.org)<\/a><\/u><\/p>\n<p><a id=\"OWA2d292e26-29d6-454a-648f-208652becbef\" class=\"x_x_OWAAutoLink\" title=\"http:\/\/blog.uclm.es\/FcojavierCastilla\" href=\"http:\/\/blog.uclm.es\/FcojavierCastilla\" target=\"_blank\" rel=\"noopener noreferrer\" data-auth=\"NotApplicable\" data-linkindex=\"6\">http:\/\/blog.uclm.es\/FcojavierCastilla<\/a><\/td>\n<\/tr>\n<\/tbody>\n<\/table>\n","protected":false},"excerpt":{"rendered":"<p>Francisco Javier Castilla Pascual Arquitecto. Profesor Contratado Doctor (Dpto. Mec\u00e1nica Aplicada e Ingenier\u00eda de Proyectos) Universidad de Castilla-La Mancha Escuela T\u00e9cnica Superior de Ingenieros Industriales.\u00a0|\u00a0Avenida de Espa\u00f1a, s\/n. 02071 &#8211; Albacete. 926 29 53 00. Ext 4874 \/ 687028523 fcojavier.castilla@uclm.es\u00a0\u00a0\u00a0 \u00a0\u00a0\u00a0\u00a0\u00a0 ORCID:\u00a0Francisco Javier Castilla Pascual (0000-0003-1961-6174) (orcid.org) http:\/\/blog.uclm.es\/FcojavierCastilla<\/p>\n","protected":false},"author":356,"featured_media":0,"parent":0,"menu_order":0,"comment_status":"closed","ping_status":"open","template":"","meta":{"footnotes":""},"class_list":["post-41","page","type-page","status-publish","hentry"],"_links":{"self":[{"href":"https:\/\/blog.uclm.es\/fcojaviercastilla\/wp-json\/wp\/v2\/pages\/41","targetHints":{"allow":["GET"]}}],"collection":[{"href":"https:\/\/blog.uclm.es\/fcojaviercastilla\/wp-json\/wp\/v2\/pages"}],"about":[{"href":"https:\/\/blog.uclm.es\/fcojaviercastilla\/wp-json\/wp\/v2\/types\/page"}],"author":[{"embeddable":true,"href":"https:\/\/blog.uclm.es\/fcojaviercastilla\/wp-json\/wp\/v2\/users\/356"}],"replies":[{"embeddable":true,"href":"https:\/\/blog.uclm.es\/fcojaviercastilla\/wp-json\/wp\/v2\/comments?post=41"}],"version-history":[{"count":1,"href":"https:\/\/blog.uclm.es\/fcojaviercastilla\/wp-json\/wp\/v2\/pages\/41\/revisions"}],"predecessor-version":[{"id":279,"href":"https:\/\/blog.uclm.es\/fcojaviercastilla\/wp-json\/wp\/v2\/pages\/41\/revisions\/279"}],"wp:attachment":[{"href":"https:\/\/blog.uclm.es\/fcojaviercastilla\/wp-json\/wp\/v2\/media?parent=41"}],"curies":[{"name":"wp","href":"https:\/\/api.w.org\/{rel}","templated":true}]}}