{"id":28,"date":"2014-10-03T08:13:14","date_gmt":"2014-10-03T07:13:14","guid":{"rendered":"http:\/\/blog.uclm.es\/fcojaviercastilla\/?page_id=28"},"modified":"2025-05-14T21:52:29","modified_gmt":"2025-05-14T21:52:29","slug":"innovative-teaching-experiences","status":"publish","type":"page","link":"https:\/\/blog.uclm.es\/fcojaviercastilla\/innovative-teaching-experiences\/","title":{"rendered":"INNOVACI\u00d3N EDUCATIVA"},"content":{"rendered":"\n<p><\/p>\n\n\n\n<details class=\"wp-block-details is-layout-flow wp-block-details-is-layout-flow\"><summary>EDUCATIONAL INNOVATION CONSTRUCTION PRACTICES I. FIRST YEAR OF THE BACHELOR&#8217;S DEGREE IN BUILDING ENGINEERING. POLYTECHNIC SCHOOL OF CUENCA<\/summary>\n<p style=\"text-align: center\"><strong>\u00a0<span style=\"color: #800000\">PRACTICAS DE CONSTRUCCI\u00d3N I . PRIMER CURSO DE GRADO DE INGENIER\u00cdA DE EDIFICACI\u00d3N. <\/span><\/strong><span style=\"color: #800000\"><strong>ESCUELA POLIT\u00c9CNICA DE CUENCA<\/strong><\/span><\/p>\n<hr \/>\n<h3 class=\"post-title entry-title\" style=\"text-align: center\"><strong>\u00a0<\/strong><strong>CURSO 2011-2012<\/strong><\/h3>\n<p class=\"post-title entry-title\" style=\"text-align: center\"><strong>&#8211; Estudio y reconstrucci\u00f3n de sistemas constructivos tradicionales en las iglesias de la serran\u00eda de Cuenca<\/strong><\/p>\n<p class=\"post-title entry-title\" style=\"text-align: center\">(prof. Francisco Castilla &amp; Jes\u00fas Gonz\u00e1lez)<\/p>\n<p style=\"text-align: center\"><a href=\"https:\/\/blog.uclm.es\/fcojaviercastilla\/wp-content\/uploads\/sites\/227\/2014\/10\/presentacion11-12-1.jpg\"><img loading=\"lazy\" decoding=\"async\" class=\"alignnone size-medium wp-image-64\" src=\"https:\/\/blog.uclm.es\/fcojaviercastilla\/wp-content\/uploads\/sites\/227\/2014\/10\/presentacion11-12-1-300x225.jpg\" alt=\"presentacion11-12-1\" width=\"300\" height=\"225\" srcset=\"https:\/\/blog.uclm.es\/fcojaviercastilla\/wp-content\/uploads\/sites\/227\/2014\/10\/presentacion11-12-1-300x225.jpg 300w, https:\/\/blog.uclm.es\/fcojaviercastilla\/wp-content\/uploads\/sites\/227\/2014\/10\/presentacion11-12-1-1024x768.jpg 1024w, https:\/\/blog.uclm.es\/fcojaviercastilla\/wp-content\/uploads\/sites\/227\/2014\/10\/presentacion11-12-1-768x576.jpg 768w, https:\/\/blog.uclm.es\/fcojaviercastilla\/wp-content\/uploads\/sites\/227\/2014\/10\/presentacion11-12-1-1536x1152.jpg 1536w, https:\/\/blog.uclm.es\/fcojaviercastilla\/wp-content\/uploads\/sites\/227\/2014\/10\/presentacion11-12-1-2048x1536.jpg 2048w, https:\/\/blog.uclm.es\/fcojaviercastilla\/wp-content\/uploads\/sites\/227\/2014\/10\/presentacion11-12-1-624x468.jpg 624w\" sizes=\"auto, (max-width: 300px) 100vw, 300px\" \/><\/a><a href=\"https:\/\/blog.uclm.es\/fcojaviercastilla\/wp-content\/uploads\/sites\/227\/2014\/10\/presentacion11-12-2.jpg\"><img loading=\"lazy\" decoding=\"async\" class=\"alignnone size-medium wp-image-65\" src=\"https:\/\/blog.uclm.es\/fcojaviercastilla\/wp-content\/uploads\/sites\/227\/2014\/10\/presentacion11-12-2-300x225.jpg\" alt=\"presentacion11-12-2\" width=\"300\" height=\"225\" srcset=\"https:\/\/blog.uclm.es\/fcojaviercastilla\/wp-content\/uploads\/sites\/227\/2014\/10\/presentacion11-12-2-300x225.jpg 300w, https:\/\/blog.uclm.es\/fcojaviercastilla\/wp-content\/uploads\/sites\/227\/2014\/10\/presentacion11-12-2-1024x768.jpg 1024w, https:\/\/blog.uclm.es\/fcojaviercastilla\/wp-content\/uploads\/sites\/227\/2014\/10\/presentacion11-12-2-768x576.jpg 768w, https:\/\/blog.uclm.es\/fcojaviercastilla\/wp-content\/uploads\/sites\/227\/2014\/10\/presentacion11-12-2-1536x1152.jpg 1536w, https:\/\/blog.uclm.es\/fcojaviercastilla\/wp-content\/uploads\/sites\/227\/2014\/10\/presentacion11-12-2-2048x1536.jpg 2048w, https:\/\/blog.uclm.es\/fcojaviercastilla\/wp-content\/uploads\/sites\/227\/2014\/10\/presentacion11-12-2-624x468.jpg 624w\" sizes=\"auto, (max-width: 300px) 100vw, 300px\" \/><\/a><\/p>\n<p style=\"text-align: center\"><strong>CURSO 2013-2014<\/strong><\/p>\n<p style=\"text-align: center\"><a href=\"https:\/\/blog.uclm.es\/fcojaviercastilla\/wp-content\/uploads\/sites\/227\/2014\/10\/IMG_8148.jpg\"><img loading=\"lazy\" decoding=\"async\" class=\"alignnone size-medium wp-image-73\" src=\"https:\/\/blog.uclm.es\/fcojaviercastilla\/wp-content\/uploads\/sites\/227\/2014\/10\/IMG_8148-300x200.jpg\" alt=\"IMG_8148\" width=\"300\" height=\"200\" srcset=\"https:\/\/blog.uclm.es\/fcojaviercastilla\/wp-content\/uploads\/sites\/227\/2014\/10\/IMG_8148-300x200.jpg 300w, https:\/\/blog.uclm.es\/fcojaviercastilla\/wp-content\/uploads\/sites\/227\/2014\/10\/IMG_8148-1024x682.jpg 1024w, https:\/\/blog.uclm.es\/fcojaviercastilla\/wp-content\/uploads\/sites\/227\/2014\/10\/IMG_8148-768x512.jpg 768w, https:\/\/blog.uclm.es\/fcojaviercastilla\/wp-content\/uploads\/sites\/227\/2014\/10\/IMG_8148-1536x1023.jpg 1536w, https:\/\/blog.uclm.es\/fcojaviercastilla\/wp-content\/uploads\/sites\/227\/2014\/10\/IMG_8148-624x416.jpg 624w, https:\/\/blog.uclm.es\/fcojaviercastilla\/wp-content\/uploads\/sites\/227\/2014\/10\/IMG_8148.jpg 1600w\" sizes=\"auto, (max-width: 300px) 100vw, 300px\" \/><\/a><\/p>\n<p class=\"post-title entry-title\" style=\"text-align: center\"><strong>Construcci\u00f3n de muros de aparejo de ladrillo y de tapial. <\/strong><strong>Construcci\u00f3n de arco de f\u00e1brica de ladrillo de doble rosca con cimbra.<\/strong> <strong>C\u00e1lculo, dise\u00f1o y construcci\u00f3n de b\u00f3veda el\u00edptica<\/strong> (Prof. Francisco Castilla)<\/p>\n<p>https:\/\/www.youtube.com\/watch?v=IxSn16P95Rw<\/p>\n<p style=\"text-align: center\"><span style=\"color: #800000\"><strong>PROYECTO DE COLABORACI\u00d3N DOCENTE\u00a0CON CENTROS DE FORMACI\u00d3N PROFESIONAL EN MATERIA DE ENERG\u00cdA Y MEDIO AMBIENTE<\/strong><\/span><\/p>\n<hr \/>\n<h3 class=\"post-title entry-title\" style=\"text-align: center\"><strong>\u00a0<\/strong><strong>CURSO 2012-2013<\/strong><\/h3>\n<p style=\"text-align: center\"><a href=\"https:\/\/blog.uclm.es\/fcojaviercastilla\/wp-content\/uploads\/sites\/227\/2018\/01\/MURO-VEGETAL.pdf\">MURO VEGETAL<\/a><\/p>\n<p style=\"text-align: center\"><strong><span style=\"color: #800000\">PARTICIPACI\u00d3N EN LA COMPETICI\u00d3N INTERNACIONAL SOLARDECATHLON 2014<\/span><\/strong><\/p>\n<hr \/>\n<h3 class=\"post-title entry-title\" style=\"text-align: center\"><strong>\u00a0<\/strong><strong>CURSO 2013-2014<\/strong><\/h3>\n<p style=\"text-align: center\"><a href=\"http:\/\/blog.uclm.es\/fcojaviercastilla\/solardecathlon-2014\/\">http:\/\/blog.uclm.es\/fcojaviercastilla\/solardecathlon-2014\/<\/a><\/p>\n<p style=\"text-align: center\"><strong><span style=\"color: #800000\">PARTICIPACI\u00d3N EN EL CONCURSO BIM VALLADOLID 2016<\/span> <\/strong><\/p>\n<p style=\"text-align: center\">EQUIPO C-BIM (1ER PREMIO UNIVERSIDADES\/ 2\u00ba PREMIO EQUIPOS)<\/p>\n<hr \/>\n<h3 class=\"post-title entry-title\" style=\"text-align: center\"><strong>\u00a0<\/strong><strong>CURSO 2015-2016<\/strong><\/h3>\n<p>https:\/\/www.youtube.com\/watch?v=BxgYQpzL6xU<\/p>\n<p style=\"text-align: center\"><strong><span style=\"color: #800000\">I CONCURSO DE DISE\u00d1O DE ESTRUCTURAS SISMORRESISTENTES PARA ESTUDIANTES DE GRADO<\/span><\/strong><\/p>\n<hr \/>\n<h3 class=\"post-title entry-title\" style=\"text-align: center\"><strong>\u00a0<\/strong><strong>CURSO 2018-2019<\/strong><\/h3>\n<p>https:\/\/www.youtube.com\/watch?v=Wvwr-th9YPI<\/p>\n<\/details>\n","protected":false},"excerpt":{"rendered":"","protected":false},"author":356,"featured_media":0,"parent":0,"menu_order":0,"comment_status":"closed","ping_status":"open","template":"","meta":{"footnotes":""},"class_list":["post-28","page","type-page","status-publish","hentry"],"_links":{"self":[{"href":"https:\/\/blog.uclm.es\/fcojaviercastilla\/wp-json\/wp\/v2\/pages\/28","targetHints":{"allow":["GET"]}}],"collection":[{"href":"https:\/\/blog.uclm.es\/fcojaviercastilla\/wp-json\/wp\/v2\/pages"}],"about":[{"href":"https:\/\/blog.uclm.es\/fcojaviercastilla\/wp-json\/wp\/v2\/types\/page"}],"author":[{"embeddable":true,"href":"https:\/\/blog.uclm.es\/fcojaviercastilla\/wp-json\/wp\/v2\/users\/356"}],"replies":[{"embeddable":true,"href":"https:\/\/blog.uclm.es\/fcojaviercastilla\/wp-json\/wp\/v2\/comments?post=28"}],"version-history":[{"count":2,"href":"https:\/\/blog.uclm.es\/fcojaviercastilla\/wp-json\/wp\/v2\/pages\/28\/revisions"}],"predecessor-version":[{"id":281,"href":"https:\/\/blog.uclm.es\/fcojaviercastilla\/wp-json\/wp\/v2\/pages\/28\/revisions\/281"}],"wp:attachment":[{"href":"https:\/\/blog.uclm.es\/fcojaviercastilla\/wp-json\/wp\/v2\/media?parent=28"}],"curies":[{"name":"wp","href":"https:\/\/api.w.org\/{rel}","templated":true}]}}