{"id":253,"date":"2014-10-02T09:47:43","date_gmt":"2014-10-02T09:47:43","guid":{"rendered":"http:\/\/blog.uclm.es\/fcojaviercastilla\/?page_id=2"},"modified":"2026-03-18T12:02:49","modified_gmt":"2026-03-18T12:02:49","slug":"earth-construction","status":"publish","type":"page","link":"https:\/\/blog.uclm.es\/fcojaviercastilla\/earth-construction\/","title":{"rendered":"CONSTRUCCI\u00d3N CON TIERRA \/EARTH CONSTRUCTION"},"content":{"rendered":"\n<p><strong>EARTH CONSTRUCTION<\/strong><\/p>\n\n\n<p style=\"text-align: right\">En esta seccion puedes encontrar <img loading=\"lazy\" decoding=\"async\" class=\"wp-image-7 alignright\" src=\"https:\/\/blog.uclm.es\/fcojaviercastilla\/wp-content\/uploads\/sites\/227\/2014\/10\/ref-j-aj-300x225.jpg\" alt=\"OLYMPUS DIGITAL CAMERA\" width=\"273\" height=\"205\" srcset=\"https:\/\/blog.uclm.es\/fcojaviercastilla\/wp-content\/uploads\/sites\/227\/2014\/10\/ref-j-aj-300x225.jpg 300w, https:\/\/blog.uclm.es\/fcojaviercastilla\/wp-content\/uploads\/sites\/227\/2014\/10\/ref-j-aj-768x576.jpg 768w, https:\/\/blog.uclm.es\/fcojaviercastilla\/wp-content\/uploads\/sites\/227\/2014\/10\/ref-j-aj-624x468.jpg 624w, https:\/\/blog.uclm.es\/fcojaviercastilla\/wp-content\/uploads\/sites\/227\/2014\/10\/ref-j-aj.jpg 1024w\" sizes=\"auto, (max-width: 273px) 100vw, 273px\" \/>algunos de mis trabajos publicados relacionados con la tierra como material de construccion, el estudio y documentaci\u00f3n de las t\u00e9cnicas de construcci\u00f3n tradicionales y su aplicaci\u00f3n en la actualidad. Tambi\u00e9n encontrar\u00e1s\u00a0 enlaces a proyectos\u00a0 en los que he particpado como investigador,\u00a0 y talleres que he organizado.<\/p>\n<p><span style=\"color: #008000\"><em>In this section, you can find some of my published work related to earth as a building material, the study and documentation of traditional building techniques, and their current application. You&#8217;ll also find links to projects I participated in as a researcher and workshops I organized.<\/em><\/span><\/p>\n<p><strong>ARQUITECTURA TRADICIONAL EN LA PROVINCIA DE ALBACETE <\/strong><em><span style=\"color: #008000\">(TRADITIONAL ARCHITECTURE IN THE PROVINCE OF ALBACETE, SPAIN)<\/span><\/em><\/p>\n<p><a href=\"https:\/\/iealbacetenses.dipualba.es\/viewer.vm?id=0000093662\">Los Palomares en el Noroeste de la Provincia de Albacete.<\/a><\/p>\n<p><a href=\"https:\/\/pruebasaluuclm-my.sharepoint.com\/:b:\/g\/personal\/fcojavier_castilla_uclm_es\/IQCxhwLm1Kx6Sbz6VNcA7t15AcqLeI2_X3HaMP3raY2qIgo?e=1zBcF4\">8 El yeso en la construcci\u00f3n de muros y paredes encofradas<\/a><\/p>\n<p style=\"text-align: left\"><a href=\"https:\/\/pruebasaluuclm-my.sharepoint.com\/personal\/fcojavier_castilla_uclm_es\/_layouts\/15\/guestaccess.aspx?docid=1d3886b72983e4435b2b0c968b5f5badb&amp;authkey=AWC_IkZTWW_pcddQUsyXMNo\" target=\"_blank\" rel=\"noopener noreferrer\">Cuadernos de Barrax n\u00ba5: Arquitectura y construcci\u00f3n tradicional en el \u00e1mbito rural de Barrax.<\/a><\/p>\n<p style=\"text-align: left\"><a href=\"http:\/\/www.dipualba.es\/publicaciones\/varias\/Zahora\/zahora%2045.pdf\">La t\u00e9cnica del tapial en la construcci\u00f3n tradicional de la provincia de Albacete (monograf\u00eda, revista zahora n\u00ba45)<\/a><\/p>\n<p style=\"text-align: left\"><a href=\"http:\/\/www.youtube.com\/watch?v=tVAsrsTbrnU\" target=\"_blank\" rel=\"noopener noreferrer\">video construccion tradicional con tapial<\/a>\u00a0(see also associated videos #2,#3,#4)<\/p>\n<p><strong>TALLERES DE CONSTRUCCION CON TIERRA <\/strong><em><span style=\"color: #008000\">(EARTH CONSTRUCTION WORKSHOPS)<\/span><\/em><\/p>\n<p><a href=\"https:\/\/blog.uclm.es\/fcojaviercastilla\/earth-construction\/presentacion-actividades-maee-2022-02-talleres-construccion-con-tierra-reduced\/\" rel=\"attachment wp-att-236\">PRESENTACION ACTIVIDADES MAEE-2022-02-talleres construccion con tierra-reduced<\/a><\/p>\n<p><strong>CONSTRUCCION CON T<\/strong><strong>IERRA EN LA ACTUALIDAD <\/strong><em><span style=\"color: #008000\">(EARTH CONSTRUCTION TODAY)<\/span><\/em><\/p>\n<p class=\"title hypothesis_container\"><a href=\"https:\/\/www.mdpi.com\/2075-5309\/11\/12\/635\">Evaluation of the Thermal Comfort and Energy Demand in a Building with Rammed Earth Walls in Spain: Influence of the Use of In Situ Measured Thermal Conductivity and Estimated Values (2021)<\/a><\/p>\n<p class=\"orc-font-body ng-star-inserted\"><a href=\"https:\/\/www.tandfonline.com\/doi\/full\/10.1080\/09613218.2019.1709787\">Hygrothermal assessment of a traditional earthen wall in a dry Mediterranean climate (2020)<\/a><\/p>\n<p><a href=\"https:\/\/www.intechopen.com\/chapters\/58636\">Development of Clay Plasters Containing Thermoregulating Microcapsules for Indoor Walls (2017)<\/a><\/p>\n<p style=\"text-align: left\"><a href=\"http:\/\/www.svideo.uji.es\/peli.php?codi=1759&amp;lg=\">\u00abLa construcci\u00f3n con tapia: pasado, presente y futuro\u00bb<\/a> Cursos de Verano 2015 &#8211; UJI (Forcall, Castell\u00f3n)\u00a0: La arquitectura de tapia: su restauraci\u00f3n y valoraci\u00f3n en la construcci\u00f3n sostenible. Conferencia inaugural<\/p>\n<p><a href=\"http:\/\/www5.uva.es\/grupotierra\/publicaciones\/digital\/libro2016\/17xiiciatti2015_sevilla.pdf\">Aprovechamiento de materiales de cambio de fase para la elaboraci\u00f3n de morteros de revestimiento de arcilla en paramentos interiores de edificaci\u00f3n (2015)<\/a><\/p>\n<p>Embodied energy analysis of rammed earth construction for an environmental education building in Madrid, Spain (2012) <a href=\"https:\/\/blog.uclm.es\/fcojaviercastilla\/earth-construction\/sesion-poster-restapia-2012\/\" rel=\"attachment wp-att-239\">SESION POSTER-RESTAPIA 2012<\/a><\/p>\n<p style=\"text-align: left\"><a href=\"http:\/\/informesdelaconstruccion.revistas.csic.es\/index.php\/informesdelaconstruccion\/article\/view\/1260\/1345\">Los revestimientos de barro en la actualidad (2011)<\/a><\/p>\n<p style=\"text-align: left\"><a href=\"http:\/\/www5.uva.es\/grupotierra\/publicaciones\/digital\/libro2011\/2011_9788469481073_p241-254_ba%C3%B1o.pdf\">La construccion con tierra apisonada hoy. Aula de Educacion ambiental en Pozuelo de Alarc\u00f3n, Madrid.<\/a> (En colaboraci\u00f3n con Antonio Ba\u00f1o)<\/p>\n<p>Earth and straw bale construction for \u00abEl Faro\u00bb pavillion at Expo 2008 in Zaragoza, Spain (Colaboraci\u00f3n con Ricardo Higueras) <a href=\"https:\/\/blog.uclm.es\/fcojaviercastilla\/earth-construction\/lehm-2008\/\" rel=\"attachment wp-att-252\">LEHM 2008<\/a><\/p>\n<p style=\"text-align: left\">Tesis Doctoral (2004): <a href=\"http:\/\/oa.upm.es\/8826\/\"><span style=\"color: #0066cc\">\u201cStabilization of clay mortar for the protection of earth walls.\u201d<\/span><\/a>\u00a0(Estabilizaci\u00f3n de morteros de barro para la protecci\u00f3n de muros de tierra)<\/p>\n<p><strong>ARQUITECTURA DEFENSIVA Y TAPIAL EN CASTILLA-LA MANCHA <\/strong><em><span style=\"color: #008000\">(Defensive\u00a0 rammed earth architecture in Castile-La Mancha)<\/span><\/em><\/p>\n<p><a href=\"https:\/\/blog.uclm.es\/fcojaviercastilla\/wp-content\/uploads\/sites\/227\/2021\/01\/Castilla_et_al-1-1.pdf\">Arqueolog\u00eda experimental aplicada a las f\u00e1bricas de tapia en el Castillo de la Estrella, Montiel<\/a><\/p>\n<p><a href=\"https:\/\/pruebasaluuclm-my.sharepoint.com\/personal\/fcojavier_castilla_uclm_es\/_layouts\/15\/guestaccess.aspx?docid=199cd6b6ecada437aa3004c7f511c1e92&amp;authkey=AdwKfP8R3TPwWRU4feclGvk\">The rammed earth walls in the Watchtowers of the Order of Santiago in Albacete Province\u00a0<\/a><\/p>\n<div>\u00a0<\/div>\n<div><a href=\"https:\/\/pruebasaluuclm-my.sharepoint.com\/personal\/fcojavier_castilla_uclm_es\/_layouts\/15\/guestaccess.aspx?docid=19c4ce1a9ff614d47ab1dbce79a21128d&amp;authkey=AZsR7rwaNwoDEJTcB7t5Cg8\">Rammed earth and Formworks in Medieval fortifications in Castilla-La Mancha<\/a><\/div>\n<div>\u00a0<\/div>\n<div>\u00a0<\/div>\n<p><a href=\"https:\/\/pruebasaluuclm-my.sharepoint.com\/personal\/fcojavier_castilla_uclm_es\/_layouts\/15\/guestaccess.aspx?docid=19364052288a148489e26ac31de167108&amp;authkey=Affz78JixcmdJIOYErZyvLk\">La restauraci\u00f3n de la Tapia en Castilla La-Mancha<\/a><\/p>\n<p><a href=\"http:\/\/www.restapia.es\/\"><span style=\"color: #0066cc\">Proyecto Restapia.\u201cLa restauraci\u00f3n de la arquitectura de tapia Criterios, t\u00e9cnicas, resultados y perspectivas\u201d (Ref.: BIA 2010-18921).<\/span><\/a> (Dirigido por Camila Mileto) http:\/\/www.restapia.es\/<\/p>\n<p><span style=\"color: #008000\">To find out more:<\/span><\/p>\n<p><a href=\"https:\/\/orcid.org\/0000-0003-1961-6174\">https:\/\/orcid.org\/0000-0003-1961-6174<\/a><\/p>\n\n\n<p><\/p>\n","protected":false},"excerpt":{"rendered":"<p>EARTH CONSTRUCTION En esta seccion puedes encontrar algunos de mis trabajos publicados relacionados con la tierra como material de construccion, el estudio y documentaci\u00f3n de las t\u00e9cnicas de construcci\u00f3n tradicionales y su aplicaci\u00f3n en la actualidad. Tambi\u00e9n encontrar\u00e1s\u00a0 enlaces a proyectos\u00a0 en los que he particpado como investigador,\u00a0 y talleres que he organizado. In this [&hellip;]<\/p>\n","protected":false},"author":356,"featured_media":0,"parent":0,"menu_order":0,"comment_status":"closed","ping_status":"open","template":"page-templates\/front-page.php","meta":{"footnotes":""},"class_list":["post-253","page","type-page","status-publish","hentry"],"_links":{"self":[{"href":"https:\/\/blog.uclm.es\/fcojaviercastilla\/wp-json\/wp\/v2\/pages\/253","targetHints":{"allow":["GET"]}}],"collection":[{"href":"https:\/\/blog.uclm.es\/fcojaviercastilla\/wp-json\/wp\/v2\/pages"}],"about":[{"href":"https:\/\/blog.uclm.es\/fcojaviercastilla\/wp-json\/wp\/v2\/types\/page"}],"author":[{"embeddable":true,"href":"https:\/\/blog.uclm.es\/fcojaviercastilla\/wp-json\/wp\/v2\/users\/356"}],"replies":[{"embeddable":true,"href":"https:\/\/blog.uclm.es\/fcojaviercastilla\/wp-json\/wp\/v2\/comments?post=253"}],"version-history":[{"count":7,"href":"https:\/\/blog.uclm.es\/fcojaviercastilla\/wp-json\/wp\/v2\/pages\/253\/revisions"}],"predecessor-version":[{"id":296,"href":"https:\/\/blog.uclm.es\/fcojaviercastilla\/wp-json\/wp\/v2\/pages\/253\/revisions\/296"}],"wp:attachment":[{"href":"https:\/\/blog.uclm.es\/fcojaviercastilla\/wp-json\/wp\/v2\/media?parent=253"}],"curies":[{"name":"wp","href":"https:\/\/api.w.org\/{rel}","templated":true}]}}