{"id":22,"date":"2014-10-03T07:48:17","date_gmt":"2014-10-03T06:48:17","guid":{"rendered":"http:\/\/blog.uclm.es\/fcojaviercastilla\/?page_id=22"},"modified":"2014-10-03T07:48:17","modified_gmt":"2014-10-03T06:48:17","slug":"solardecathlon-2014","status":"publish","type":"page","link":"https:\/\/blog.uclm.es\/fcojaviercastilla\/solardecathlon-2014\/","title":{"rendered":"SOLARDECATHLON 2014"},"content":{"rendered":"<p style=\"text-align: left\">Plateu Team es un equipo multidisciplinar formado por estudiantes de la Universidad de Alcal\u00e1 de Henares y la Universidad de Castilla-La Mancha, cuyo entusiasmo y esfuerzo ha posibilitado llevar el proyecto \u00absymbcity\u00bb a la realidad. El proyecto ha contado con el respaldo del Vicerrectorado de Investigaci\u00f3n y Pol\u00edtica Cient\u00edfica de la Universidad de Castilla-La Mancha, a trav\u00e9s del Proyecto Cytema. La competici\u00f3n Solar Decathlon es un evento originario de EEUU. La\u00a0 edici\u00f3n europea de 2014 ha celebrado su fase final en Versalles\u00a0 y ha contado con el apoyo del Ministerio de Vivienda franc\u00e9s y de la Comisi\u00f3n Europea. El video del proceso de montaje del proyecto est\u00e1 disponible <strong><a href=\"https:\/\/www.facebook.com\/photo.php?v=10152292105281336&amp;l=1858260490011084930\">AQUI<\/a><\/strong>.\u00a0\u00a0<img loading=\"lazy\" decoding=\"async\" class=\"wp-image-23 alignright\" src=\"https:\/\/blog.uclm.es\/fcojaviercastilla\/wp-content\/uploads\/sites\/227\/2014\/10\/14830_666585563428664_441555023331366712_n-300x225.jpg\" alt=\"14830_666585563428664_441555023331366712_n\" width=\"411\" height=\"308\" srcset=\"https:\/\/blog.uclm.es\/fcojaviercastilla\/wp-content\/uploads\/sites\/227\/2014\/10\/14830_666585563428664_441555023331366712_n-300x225.jpg 300w, https:\/\/blog.uclm.es\/fcojaviercastilla\/wp-content\/uploads\/sites\/227\/2014\/10\/14830_666585563428664_441555023331366712_n-768x576.jpg 768w, https:\/\/blog.uclm.es\/fcojaviercastilla\/wp-content\/uploads\/sites\/227\/2014\/10\/14830_666585563428664_441555023331366712_n-624x468.jpg 624w, https:\/\/blog.uclm.es\/fcojaviercastilla\/wp-content\/uploads\/sites\/227\/2014\/10\/14830_666585563428664_441555023331366712_n.jpg 800w\" sizes=\"auto, (max-width: 411px) 100vw, 411px\" \/><\/p>\n<p><a href=\"https:\/\/es-es.facebook.com\/PlateauTeam\">AQUI PUEDES VISITAR LAS ACTIVIDADES REALIZADAS DURANTE EL DESARROLLO DE TODO EL PROYECTO Y ESTAR AL D\u00cdA DE LOS EVENTOS QUE ORGANIZAMOS O EN LOS QUE PARTICIPAMOS<\/a><\/p>\n<p>V\u00cdDEOS DE PRESENTACION<\/p>\n<p><a href=\"https:\/\/www.youtube.com\/watch?v=4DQkkUwoogE\">https:\/\/www.youtube.com\/watch?v=4DQkkUwoogE<\/a><\/p>\n<p>AQUI PODRAS VER LOS RESULTADOS DE LA COMPETICION, CONOCER AL RESTO DE EQUIPOS Y PROYECTOS PARTICIPANTES, Y DESCARGAR LA <a href=\"http:\/\/www.solardecathlon2014.fr\/en\/documentation\">DOCUMENTACI\u00d3N T\u00c9CNICA COMPLETA DEL PROYECTO \u00absymbcity\u00bb<\/a><\/p>\n","protected":false},"excerpt":{"rendered":"<p>Plateu Team es un equipo multidisciplinar formado por estudiantes de la Universidad de Alcal\u00e1 de Henares y la Universidad de Castilla-La Mancha, cuyo entusiasmo y esfuerzo ha posibilitado llevar el proyecto \u00absymbcity\u00bb a la realidad. El proyecto ha contado con el respaldo del Vicerrectorado de Investigaci\u00f3n y Pol\u00edtica Cient\u00edfica de la Universidad de Castilla-La Mancha, [&hellip;]<\/p>\n","protected":false},"author":356,"featured_media":0,"parent":0,"menu_order":0,"comment_status":"closed","ping_status":"open","template":"","meta":{"footnotes":""},"class_list":["post-22","page","type-page","status-publish","hentry"],"_links":{"self":[{"href":"https:\/\/blog.uclm.es\/fcojaviercastilla\/wp-json\/wp\/v2\/pages\/22","targetHints":{"allow":["GET"]}}],"collection":[{"href":"https:\/\/blog.uclm.es\/fcojaviercastilla\/wp-json\/wp\/v2\/pages"}],"about":[{"href":"https:\/\/blog.uclm.es\/fcojaviercastilla\/wp-json\/wp\/v2\/types\/page"}],"author":[{"embeddable":true,"href":"https:\/\/blog.uclm.es\/fcojaviercastilla\/wp-json\/wp\/v2\/users\/356"}],"replies":[{"embeddable":true,"href":"https:\/\/blog.uclm.es\/fcojaviercastilla\/wp-json\/wp\/v2\/comments?post=22"}],"version-history":[{"count":0,"href":"https:\/\/blog.uclm.es\/fcojaviercastilla\/wp-json\/wp\/v2\/pages\/22\/revisions"}],"wp:attachment":[{"href":"https:\/\/blog.uclm.es\/fcojaviercastilla\/wp-json\/wp\/v2\/media?parent=22"}],"curies":[{"name":"wp","href":"https:\/\/api.w.org\/{rel}","templated":true}]}}