{"id":1173,"date":"2025-03-07T12:45:09","date_gmt":"2025-03-07T11:45:09","guid":{"rendered":"https:\/\/blog.uclm.es\/fastbaby\/?page_id=1173"},"modified":"2025-05-26T11:08:39","modified_gmt":"2025-05-26T09:08:39","slug":"app","status":"publish","type":"page","link":"https:\/\/blog.uclm.es\/fastbaby\/app\/","title":{"rendered":"App"},"content":{"rendered":"\n<h1 class=\"wp-block-heading has-text-align-center\" style=\"margin-top:var(--wp--preset--spacing--50);margin-bottom:var(--wp--preset--spacing--30);font-size:clamp(3.8rem, 3.8rem + ((1vw - 0.2rem) * -21), 8rem);\">Fast Baby<\/h1>\n\n\n\n<p class=\"has-text-align-center has-contrast-color has-text-color has-link-color wp-elements-37434bd697497d1174d5caf8f724d23d\" style=\"margin-top:var(--wp--preset--spacing--30);margin-bottom:var(--wp--preset--spacing--20);font-size:clamp(1.25rem, 1.25rem + ((1vw - 0.2rem) * -3.75), 2rem);\"><strong>Aprende a usar Fast Baby en simples pasos<\/strong><\/p>\n\n\n\n<div class=\"wp-block-group alignfull has-background is-layout-flow wp-block-group-is-layout-flow\" style=\"background-color:#a98bc7;margin-top:var(--wp--preset--spacing--30);margin-bottom:var(--wp--preset--spacing--30);padding-top:var(--wp--preset--spacing--20);padding-right:var(--wp--preset--spacing--20);padding-bottom:var(--wp--preset--spacing--30);padding-left:var(--wp--preset--spacing--20)\">\n<h2 class=\"wp-block-heading has-text-align-center\" style=\"margin-top:var(--wp--preset--spacing--20);margin-bottom:var(--wp--preset--spacing--20)\"><strong>Descarga la App<\/strong><\/h2>\n\n\n\n<div class=\"wp-block-columns is-layout-flex wp-container-core-columns-is-layout-38a3b772 wp-block-columns-is-layout-flex\" style=\"margin-top:var(--wp--preset--spacing--20);margin-bottom:var(--wp--preset--spacing--20);padding-top:var(--wp--preset--spacing--30);padding-right:var(--wp--preset--spacing--40);padding-bottom:var(--wp--preset--spacing--30);padding-left:var(--wp--preset--spacing--40)\">\n<div class=\"wp-block-column is-vertically-aligned-center is-layout-flow wp-block-column-is-layout-flow\" style=\"padding-right:var(--wp--preset--spacing--30);padding-left:0;flex-basis:55%\">\n<p class=\"has-text-align-left has-base-color has-text-color has-link-color wp-elements-f521fd0bb15dd0b9e4b435469478233f\" style=\"padding-top:0;padding-bottom:0\">La aplicaci\u00f3n \u00fanicamente est\u00e1 disponible para los usuarios que est\u00e1n participando en el desarrollo del veh\u00edculo.<br><br>En un futuro, la app estar\u00e1 disponible en tiendas de aplicaciones como \u00abGooglePlay\u00bb o \u00abAppStore\u00bb.<br><br>En la p\u00e1gina <strong><a href=\"https:\/\/blog.uclm.es\/fastbaby\/app\/como-instalar-la-app\/\" data-type=\"post\" data-id=\"2337\">Instalaci\u00f3n de la APP<\/a><\/strong> se explica paso a paso como instalar la aplicaci\u00f3n.<\/p>\n<\/div>\n\n\n\n<div class=\"wp-block-column is-vertically-aligned-top is-style-default is-layout-flow wp-container-core-column-is-layout-1396dd20 wp-block-column-is-layout-flow\" style=\"border-style:none;border-width:0px;padding-top:0;padding-right:0;padding-bottom:0;padding-left:0;box-shadow:none;flex-basis:31.5%\">\n<figure class=\"wp-block-image aligncenter size-full is-resized has-custom-border\"><img loading=\"lazy\" decoding=\"async\" width=\"1024\" height=\"1024\" src=\"https:\/\/blog.uclm.es\/fastbaby\/wp-content\/uploads\/sites\/298\/2025\/05\/mockup-movil.png\" alt=\"Mocukup de un dispositivo m\u00f3vil con la pantalla de inicio de la aplicaci\u00f3n Fast Baby\" class=\"wp-image-1666\" style=\"border-radius:8px;width:414px;height:auto\" srcset=\"https:\/\/blog.uclm.es\/fastbaby\/wp-content\/uploads\/sites\/298\/2025\/05\/mockup-movil.png 1024w, https:\/\/blog.uclm.es\/fastbaby\/wp-content\/uploads\/sites\/298\/2025\/05\/mockup-movil-600x600.png 600w, https:\/\/blog.uclm.es\/fastbaby\/wp-content\/uploads\/sites\/298\/2025\/05\/mockup-movil-300x300.png 300w, https:\/\/blog.uclm.es\/fastbaby\/wp-content\/uploads\/sites\/298\/2025\/05\/mockup-movil-768x768.png 768w\" sizes=\"auto, (max-width: 1024px) 100vw, 1024px\" \/><\/figure>\n<\/div>\n<\/div>\n<\/div>\n\n\n\n<div class=\"wp-block-group is-layout-flow wp-block-group-is-layout-flow\" style=\"margin-top:0;margin-bottom:var(--wp--preset--spacing--40)\">\n<h2 class=\"wp-block-heading has-text-align-center is-style-default has-text-color has-link-color wp-elements-15bda3652a1a5cda783c93b8274765f0\" id=\"nuestros-objetivos\" style=\"color:#493875;margin-top:var(--wp--preset--spacing--30);margin-right:0;margin-bottom:var(--wp--preset--spacing--30);margin-left:0;padding-right:0;padding-left:0rem;font-size:clamp(2.375rem, 2.375rem + ((1vw - 0.2rem) * -10.125), 4.4rem);font-style:normal;font-weight:600\">Gu\u00eda paso a paso<\/h2>\n\n\n\n<div class=\"wp-block-columns is-layout-flex wp-container-core-columns-is-layout-d0b9cdee wp-block-columns-is-layout-flex\" style=\"margin-top:0;margin-bottom:0;padding-top:0;padding-right:0;padding-bottom:0;padding-left:0\">\n<div class=\"wp-block-column is-vertically-aligned-center is-layout-flow wp-block-column-is-layout-flow\" style=\"flex-basis:33%\">\n<div class=\"wp-block-group is-vertical is-content-justification-center is-layout-flex wp-container-core-group-is-layout-b6c1f246 wp-block-group-is-layout-flex\">\n<a href=\"\/fastbaby\/app\/inicio\" style=\"display: block;text-decoration: none;color: inherit\">\n\n\n\n<div class=\"wp-block-group has-background is-layout-flow wp-block-group-is-layout-flow\" style=\"border-radius:8px;background-color:#a98bc7;padding-top:var(--wp--preset--spacing--30);padding-right:var(--wp--preset--spacing--30);padding-bottom:var(--wp--preset--spacing--30);padding-left:var(--wp--preset--spacing--30);box-shadow:var(--wp--preset--shadow--natural)\">\n<figure class=\"wp-block-image aligncenter size-medium is-resized has-custom-border is-style-default\" style=\"margin-top:0;margin-bottom:var(--wp--preset--spacing--30)\"><img loading=\"lazy\" decoding=\"async\" width=\"600\" height=\"600\" src=\"https:\/\/blog.uclm.es\/fastbaby\/wp-content\/uploads\/sites\/298\/2025\/05\/TE-600x600.jpeg\" alt=\"\" class=\"wp-image-1956\" style=\"border-radius:6px;box-shadow:var(--wp--preset--shadow--natural);aspect-ratio:1;object-fit:cover;width:356px;height:auto\" srcset=\"https:\/\/blog.uclm.es\/fastbaby\/wp-content\/uploads\/sites\/298\/2025\/05\/TE-600x600.jpeg 600w, https:\/\/blog.uclm.es\/fastbaby\/wp-content\/uploads\/sites\/298\/2025\/05\/TE-300x300.jpeg 300w, https:\/\/blog.uclm.es\/fastbaby\/wp-content\/uploads\/sites\/298\/2025\/05\/TE-768x769.jpeg 768w, https:\/\/blog.uclm.es\/fastbaby\/wp-content\/uploads\/sites\/298\/2025\/05\/TE.jpeg 1002w\" sizes=\"auto, (max-width: 600px) 100vw, 600px\" \/><\/figure>\n\n\n\n<h3 class=\"wp-block-heading has-text-align-left is-style-default has-text-color has-link-color wp-elements-1771cd04bbf4354901c662c295e810d1\" style=\"color:#2a0055;margin-top:var(--wp--preset--spacing--20);margin-bottom:var(--wp--preset--spacing--20);font-size:clamp(1.453rem, 1.453rem + ((1vw - 0.2rem) * -4.735), 2.4rem);font-style:normal;font-weight:300\">Inicio<\/h3>\n\n\n\n<p class=\"has-text-align-left is-style-default has-text-color has-link-color wp-elements-509db7a58dfa1efc6deefdd4a5514b3d\" style=\"color:#e5e5e5;padding-top:0;padding-right:0;padding-bottom:0;padding-left:0;font-size:clamp(1.146rem, 1.146rem + ((1vw - 0.2rem) * -3.27), 1.8rem);\">La pantalla principal de la APP con todas las funciones b\u00e1sicas para su uso diario.<\/p>\n<\/div>\n\n\n\n<\/a>\n<\/div>\n<\/div>\n\n\n\n<div class=\"wp-block-column is-vertically-aligned-center is-layout-flow wp-block-column-is-layout-flow\" style=\"flex-basis:33%\">\n<div class=\"wp-block-group is-vertical is-content-justification-center is-layout-flex wp-container-core-group-is-layout-b6c1f246 wp-block-group-is-layout-flex\">\n<a href=\"\/fastbaby\/app\/ajustes\" style=\"display: block;text-decoration: none;color: inherit\">\n\n\n\n<div class=\"wp-block-group has-background is-layout-flow wp-block-group-is-layout-flow\" style=\"border-radius:8px;background-color:#b19cd9;padding-top:var(--wp--preset--spacing--30);padding-right:var(--wp--preset--spacing--30);padding-bottom:var(--wp--preset--spacing--30);padding-left:var(--wp--preset--spacing--30);box-shadow:var(--wp--preset--shadow--natural)\">\n<figure class=\"wp-block-image aligncenter size-medium is-resized has-custom-border is-style-default\" style=\"margin-top:0;margin-bottom:var(--wp--preset--spacing--30)\"><img loading=\"lazy\" decoding=\"async\" width=\"600\" height=\"600\" src=\"https:\/\/blog.uclm.es\/fastbaby\/wp-content\/uploads\/sites\/298\/2025\/05\/Artboard-43-600x600.png\" alt=\"\" class=\"wp-image-2241\" style=\"border-radius:6px;box-shadow:var(--wp--preset--shadow--natural);aspect-ratio:1;object-fit:cover;width:356px;height:auto\" srcset=\"https:\/\/blog.uclm.es\/fastbaby\/wp-content\/uploads\/sites\/298\/2025\/05\/Artboard-43-600x600.png 600w, https:\/\/blog.uclm.es\/fastbaby\/wp-content\/uploads\/sites\/298\/2025\/05\/Artboard-43-300x300.png 300w, https:\/\/blog.uclm.es\/fastbaby\/wp-content\/uploads\/sites\/298\/2025\/05\/Artboard-43-768x768.png 768w, https:\/\/blog.uclm.es\/fastbaby\/wp-content\/uploads\/sites\/298\/2025\/05\/Artboard-43.png 1001w\" sizes=\"auto, (max-width: 600px) 100vw, 600px\" \/><\/figure>\n\n\n\n<h3 class=\"wp-block-heading has-text-align-left is-style-default has-text-color has-link-color wp-elements-cb2d34c8d112bcb72a247badd0c91e27\" style=\"color:#2a0055;margin-top:var(--wp--preset--spacing--20);margin-bottom:var(--wp--preset--spacing--20);font-size:clamp(1.453rem, 1.453rem + ((1vw - 0.2rem) * -4.735), 2.4rem);font-style:normal;font-weight:300\">Ajustes<\/h3>\n\n\n\n<p class=\"has-text-align-left is-style-default has-text-color has-link-color wp-elements-43a2e55e9b98cd8c913296ced1d44206\" style=\"color:#e5e5e5;font-size:clamp(1.146rem, 1.146rem + ((1vw - 0.2rem) * -3.27), 1.8rem);\">Pantalla para configurar cualquier par\u00e1metro del coche y la APP. Para sacar el m\u00e1ximo provecho al coche.<\/p>\n<\/div>\n\n\n\n<\/a>\n<\/div>\n<\/div>\n\n\n\n<div class=\"wp-block-column is-vertically-aligned-center is-layout-flow wp-block-column-is-layout-flow\" style=\"flex-basis:33%\">\n<div class=\"wp-block-group is-vertical is-content-justification-center is-layout-flex wp-container-core-group-is-layout-b6c1f246 wp-block-group-is-layout-flex\">\n<a href=\"\/fastbaby\/app\/formularios\" style=\"display: block;text-decoration: none;color: inherit\">\n\n\n\n<div class=\"wp-block-group has-background is-layout-flow wp-block-group-is-layout-flow\" style=\"border-style:none;border-width:0px;border-radius:8px;background-color:#9c80b7;padding-top:var(--wp--preset--spacing--30);padding-right:var(--wp--preset--spacing--30);padding-bottom:var(--wp--preset--spacing--30);padding-left:var(--wp--preset--spacing--30);box-shadow:none\">\n<figure class=\"wp-block-image aligncenter size-medium is-resized has-custom-border is-style-default\" style=\"margin-top:0;margin-bottom:var(--wp--preset--spacing--30)\"><img loading=\"lazy\" decoding=\"async\" width=\"600\" height=\"600\" src=\"https:\/\/blog.uclm.es\/fastbaby\/wp-content\/uploads\/sites\/298\/2025\/05\/Artboard-45_2-600x600.png\" alt=\"Fotograf\u00eda de la pantalla de formularios en la app Fast Baby.\" class=\"wp-image-2242\" style=\"border-radius:6px;box-shadow:var(--wp--preset--shadow--natural);aspect-ratio:1;object-fit:cover;width:356px\" srcset=\"https:\/\/blog.uclm.es\/fastbaby\/wp-content\/uploads\/sites\/298\/2025\/05\/Artboard-45_2-600x600.png 600w, https:\/\/blog.uclm.es\/fastbaby\/wp-content\/uploads\/sites\/298\/2025\/05\/Artboard-45_2-300x300.png 300w, https:\/\/blog.uclm.es\/fastbaby\/wp-content\/uploads\/sites\/298\/2025\/05\/Artboard-45_2-768x768.png 768w, https:\/\/blog.uclm.es\/fastbaby\/wp-content\/uploads\/sites\/298\/2025\/05\/Artboard-45_2.png 1002w\" sizes=\"auto, (max-width: 600px) 100vw, 600px\" \/><\/figure>\n\n\n\n<h3 class=\"wp-block-heading has-text-align-left is-style-default has-text-color has-link-color wp-elements-60d94cb361ff8e84a76a98e623d53f05\" style=\"color:#2a0055;margin-top:var(--wp--preset--spacing--20);margin-bottom:var(--wp--preset--spacing--20);font-size:clamp(1.453rem, 1.453rem + ((1vw - 0.2rem) * -4.735), 2.4rem);font-style:normal;font-weight:300\">Formularios<\/h3>\n\n\n\n<p class=\"has-text-align-left is-style-default has-text-color has-link-color wp-elements-4dee227ba864c9a247a8988ebae0d70f\" style=\"color:#e5e5e5;font-size:clamp(1.146rem, 1.146rem + ((1vw - 0.2rem) * -3.27), 1.8rem);\">Evaluaci\u00f3n de progreso del ni\u00f1o y su uso del veh\u00edculo. Apartado para recursos multimedia de apoyo.<\/p>\n<\/div>\n\n\n\n<\/a>\n<\/div>\n<\/div>\n<\/div>\n<\/div>\n","protected":false},"excerpt":{"rendered":"<p>Fast Baby Aprende a usar Fast Baby en simples pasos Descarga la App La aplicaci\u00f3n \u00fanicamente est\u00e1 disponible para los usuarios que est\u00e1n participando en el desarrollo del veh\u00edculo. En un futuro, la app estar\u00e1 disponible en tiendas de aplicaciones como \u00abGooglePlay\u00bb o \u00abAppStore\u00bb. En la p\u00e1gina Instalaci\u00f3n de la APP se explica paso a [&hellip;]<\/p>\n","protected":false},"author":516,"featured_media":0,"parent":0,"menu_order":0,"comment_status":"closed","ping_status":"closed","template":"","meta":{"footnotes":""},"class_list":["post-1173","page","type-page","status-publish","hentry"],"_links":{"self":[{"href":"https:\/\/blog.uclm.es\/fastbaby\/wp-json\/wp\/v2\/pages\/1173","targetHints":{"allow":["GET"]}}],"collection":[{"href":"https:\/\/blog.uclm.es\/fastbaby\/wp-json\/wp\/v2\/pages"}],"about":[{"href":"https:\/\/blog.uclm.es\/fastbaby\/wp-json\/wp\/v2\/types\/page"}],"author":[{"embeddable":true,"href":"https:\/\/blog.uclm.es\/fastbaby\/wp-json\/wp\/v2\/users\/516"}],"replies":[{"embeddable":true,"href":"https:\/\/blog.uclm.es\/fastbaby\/wp-json\/wp\/v2\/comments?post=1173"}],"version-history":[{"count":125,"href":"https:\/\/blog.uclm.es\/fastbaby\/wp-json\/wp\/v2\/pages\/1173\/revisions"}],"predecessor-version":[{"id":2480,"href":"https:\/\/blog.uclm.es\/fastbaby\/wp-json\/wp\/v2\/pages\/1173\/revisions\/2480"}],"wp:attachment":[{"href":"https:\/\/blog.uclm.es\/fastbaby\/wp-json\/wp\/v2\/media?parent=1173"}],"curies":[{"name":"wp","href":"https:\/\/api.w.org\/{rel}","templated":true}]}}