{"id":25,"date":"2025-09-23T10:11:52","date_gmt":"2025-09-23T08:11:52","guid":{"rendered":"https:\/\/blog.uclm.es\/familynex\/?page_id=25"},"modified":"2025-10-01T07:49:36","modified_gmt":"2025-10-01T05:49:36","slug":"equipo-directivo","status":"publish","type":"page","link":"https:\/\/blog.uclm.es\/familynex\/equipo-directivo\/","title":{"rendered":"Equipo directivo"},"content":{"rendered":"\n<div class=\"wp-block-group alignfull is-layout-flow wp-block-group-is-layout-flow\" style=\"margin-top:0;margin-bottom:0;padding-top:var(--wp--preset--spacing--30);padding-right:var(--wp--preset--spacing--50);padding-bottom:var(--wp--preset--spacing--30);padding-left:var(--wp--preset--spacing--50)\">\n<div class=\"wp-block-group alignwide has-global-padding is-layout-constrained wp-container-core-group-is-layout-19e250f3 wp-block-group-is-layout-constrained\">\n<div class=\"wp-block-group is-vertical is-content-justification-center is-layout-flex wp-container-core-group-is-layout-6329a8f3 wp-block-group-is-layout-flex\">\n<h2 class=\"wp-block-heading has-text-align-center is-style-asterisk\">Direcci\u00f3n \/ Directors \/ Direction<\/h2>\n<\/div>\n\n\n\n<div style=\"height:var(--wp--preset--spacing--40)\" aria-hidden=\"true\" class=\"wp-block-spacer\"><\/div>\n\n\n\n<div class=\"wp-block-columns alignwide is-layout-flex wp-container-core-columns-is-layout-d1c656ed wp-block-columns-is-layout-flex\">\n<div class=\"wp-block-column is-vertically-aligned-center is-layout-flow wp-block-column-is-layout-flow\" style=\"flex-basis:40%\">\n<h3 class=\"wp-block-heading is-style-asterisk\">Francisco Garc\u00eda Gonz\u00e1lez<\/h3>\n\n\n\n<ul style=\"line-height:1.75\" class=\"wp-block-list is-style-checkmark-list\">\n<li>Catedr\u00e1tico de Historia Moderna. Director del Seminario de Historia Social de la Poblaci\u00f3n (SEHISP). Facultad de Humanidades de Albacete. Universidad de Castilla-La Mancha&nbsp;(Espa\u00f1a).<\/li>\n<\/ul>\n<\/div>\n\n\n\n<div class=\"wp-block-column is-layout-flow wp-block-column-is-layout-flow\" style=\"flex-basis:50%\">\n<figure class=\"wp-block-image size-full is-style-rounded is-style-rounded--1\"><img loading=\"lazy\" decoding=\"async\" width=\"854\" height=\"480\" src=\"https:\/\/blog.uclm.es\/familynex\/wp-content\/uploads\/sites\/330\/2025\/09\/Fco_Garcia_Gonzalez1.jpg\" alt=\"\" class=\"wp-image-26\" srcset=\"https:\/\/blog.uclm.es\/familynex\/wp-content\/uploads\/sites\/330\/2025\/09\/Fco_Garcia_Gonzalez1.jpg 854w, https:\/\/blog.uclm.es\/familynex\/wp-content\/uploads\/sites\/330\/2025\/09\/Fco_Garcia_Gonzalez1-300x169.jpg 300w, https:\/\/blog.uclm.es\/familynex\/wp-content\/uploads\/sites\/330\/2025\/09\/Fco_Garcia_Gonzalez1-768x432.jpg 768w\" sizes=\"auto, (max-width: 854px) 100vw, 854px\" \/><\/figure>\n<\/div>\n<\/div>\n\n\n\n<div style=\"height:var(--wp--preset--spacing--40)\" aria-hidden=\"true\" class=\"wp-block-spacer\"><\/div>\n\n\n\n<div class=\"wp-block-columns alignwide is-layout-flex wp-container-core-columns-is-layout-d1c656ed wp-block-columns-is-layout-flex\">\n<div class=\"wp-block-column is-layout-flow wp-block-column-is-layout-flow\" style=\"flex-basis:50%\">\n<figure class=\"wp-block-image size-full is-style-rounded is-style-rounded--2\"><img loading=\"lazy\" decoding=\"async\" width=\"300\" height=\"340\" src=\"https:\/\/blog.uclm.es\/familynex\/wp-content\/uploads\/sites\/330\/2025\/09\/Ruggiu.jpg\" alt=\"\" class=\"wp-image-27\" srcset=\"https:\/\/blog.uclm.es\/familynex\/wp-content\/uploads\/sites\/330\/2025\/09\/Ruggiu.jpg 300w, https:\/\/blog.uclm.es\/familynex\/wp-content\/uploads\/sites\/330\/2025\/09\/Ruggiu-265x300.jpg 265w\" sizes=\"auto, (max-width: 300px) 100vw, 300px\" \/><\/figure>\n<\/div>\n\n\n\n<div class=\"wp-block-column is-vertically-aligned-center is-layout-flow wp-block-column-is-layout-flow\" style=\"flex-basis:40%\">\n<h3 class=\"wp-block-heading is-style-asterisk\">Fran\u00e7ois-Joseph Ruggiu<\/h3>\n\n\n\n<ul style=\"line-height:1.75\" class=\"wp-block-list is-style-checkmark-list\">\n<li>Professeur d&#8217;Histoire Moderne. Centro Roland Mousnier, Sorbonne Universit\u00e9, CNRS (Francia).<\/li>\n<\/ul>\n<\/div>\n<\/div>\n<\/div>\n<\/div>\n\n\n\n<div class=\"wp-block-columns alignwide is-layout-flex wp-container-core-columns-is-layout-d1c656ed wp-block-columns-is-layout-flex\">\n<div class=\"wp-block-column is-vertically-aligned-center is-layout-flow wp-block-column-is-layout-flow\" style=\"flex-basis:40%\">\n<h3 class=\"wp-block-heading is-style-asterisk\">Ana Silvia Volpi Scott<\/h3>\n\n\n\n<ul style=\"line-height:1.75\" class=\"wp-block-list is-style-checkmark-list\">\n<li>Professora do Departamento de Demografia \/ Instituto de Filosofia e Ci\u00eancias Humanas (IFCH) e N\u00facleo de Estudos de Popula\u00e7\u00e3o \u00abElza Berqu\u00f3\u00bb (NEPO), Universidade Estadual de Campinas &#8211; Unicamp (Brasil).<\/li>\n<\/ul>\n<\/div>\n\n\n\n<div class=\"wp-block-column is-layout-flow wp-block-column-is-layout-flow\" style=\"flex-basis:50%\">\n<figure class=\"wp-block-image size-full is-style-rounded is-style-rounded--4\"><img loading=\"lazy\" decoding=\"async\" width=\"350\" height=\"350\" src=\"https:\/\/blog.uclm.es\/familynex\/wp-content\/uploads\/sites\/330\/2025\/09\/Volpi.png\" alt=\"\" class=\"wp-image-28\" srcset=\"https:\/\/blog.uclm.es\/familynex\/wp-content\/uploads\/sites\/330\/2025\/09\/Volpi.png 350w, https:\/\/blog.uclm.es\/familynex\/wp-content\/uploads\/sites\/330\/2025\/09\/Volpi-300x300.png 300w, https:\/\/blog.uclm.es\/familynex\/wp-content\/uploads\/sites\/330\/2025\/09\/Volpi-150x150.png 150w\" sizes=\"auto, (max-width: 350px) 100vw, 350px\" \/><\/figure>\n<\/div>\n<\/div>\n\n\n\n<div style=\"height:100px\" aria-hidden=\"true\" class=\"wp-block-spacer\"><\/div>\n\n\n\n<div class=\"wp-block-group has-global-padding is-layout-constrained wp-block-group-is-layout-constrained\">\n<div class=\"wp-block-group is-vertical is-content-justification-center is-layout-flex wp-container-core-group-is-layout-ce155fab wp-block-group-is-layout-flex\">\n<div class=\"wp-block-group is-vertical is-content-justification-center is-layout-flex wp-container-core-group-is-layout-6329a8f3 wp-block-group-is-layout-flex\">\n<h2 class=\"wp-block-heading has-text-align-center is-style-asterisk\">Coordinaci\u00f3n \/ Coordination <\/h2>\n<\/div>\n<\/div>\n<\/div>\n\n\n\n<div class=\"wp-block-columns alignwide is-layout-flex wp-container-core-columns-is-layout-d1c656ed wp-block-columns-is-layout-flex\">\n<div class=\"wp-block-column is-layout-flow wp-block-column-is-layout-flow\">\n<figure class=\"wp-block-image size-full is-resized is-style-rounded is-style-rounded--5\"><img loading=\"lazy\" decoding=\"async\" width=\"240\" height=\"240\" src=\"https:\/\/blog.uclm.es\/familynex\/wp-content\/uploads\/sites\/330\/2025\/09\/ramoncozar.png\" alt=\"\" class=\"wp-image-55\" style=\"aspect-ratio:1;object-fit:cover;width:auto;height:250px\" srcset=\"https:\/\/blog.uclm.es\/familynex\/wp-content\/uploads\/sites\/330\/2025\/09\/ramoncozar.png 240w, https:\/\/blog.uclm.es\/familynex\/wp-content\/uploads\/sites\/330\/2025\/09\/ramoncozar-150x150.png 150w\" sizes=\"auto, (max-width: 240px) 100vw, 240px\" \/><\/figure>\n\n\n\n<p>Ram\u00f3n C\u00f3zar Guti\u00e9rrez<br>Profesor Titular de Historia Moderna. SEHISP &#8211; UCLM<\/p>\n<\/div>\n\n\n\n<div class=\"wp-block-column is-layout-flow wp-block-column-is-layout-flow\">\n<figure class=\"wp-block-image size-full is-resized is-style-rounded is-style-rounded--6\"><img loading=\"lazy\" decoding=\"async\" width=\"243\" height=\"243\" src=\"https:\/\/blog.uclm.es\/familynex\/wp-content\/uploads\/sites\/330\/2025\/09\/AnnaBellavitis.jpg\" alt=\"\" class=\"wp-image-56\" style=\"aspect-ratio:1;object-fit:cover;width:auto;height:250px\" srcset=\"https:\/\/blog.uclm.es\/familynex\/wp-content\/uploads\/sites\/330\/2025\/09\/AnnaBellavitis.jpg 243w, https:\/\/blog.uclm.es\/familynex\/wp-content\/uploads\/sites\/330\/2025\/09\/AnnaBellavitis-150x150.jpg 150w\" sizes=\"auto, (max-width: 243px) 100vw, 243px\" \/><\/figure>\n\n\n\n<p>Anna Bellavitis <br>Professeure d&#8217;histoire moderne. Universit\u00e9 de Rouen (Francia)<\/p>\n<\/div>\n\n\n\n<div class=\"wp-block-column is-layout-flow wp-block-column-is-layout-flow\">\n<figure class=\"wp-block-image size-full is-resized is-style-rounded is-style-rounded--7\"><img loading=\"lazy\" decoding=\"async\" width=\"480\" height=\"300\" src=\"https:\/\/blog.uclm.es\/familynex\/wp-content\/uploads\/sites\/330\/2025\/09\/EstelaRosello.jpg\" alt=\"\" class=\"wp-image-57\" style=\"aspect-ratio:1;object-fit:cover;width:auto;height:250px\" srcset=\"https:\/\/blog.uclm.es\/familynex\/wp-content\/uploads\/sites\/330\/2025\/09\/EstelaRosello.jpg 480w, https:\/\/blog.uclm.es\/familynex\/wp-content\/uploads\/sites\/330\/2025\/09\/EstelaRosello-300x188.jpg 300w\" sizes=\"auto, (max-width: 480px) 100vw, 480px\" \/><\/figure>\n\n\n\n<p>Estela Rosell\u00f3 Sober\u00f3n<br>Investigadora Titular. Universidad Nacional Aut\u00f3noma de M\u00e9xico<\/p>\n<\/div>\n<\/div>\n\n\n\n<div style=\"height:100px\" aria-hidden=\"true\" class=\"wp-block-spacer\"><\/div>\n\n\n\n<div class=\"wp-block-group has-global-padding is-layout-constrained wp-block-group-is-layout-constrained\">\n<div class=\"wp-block-group is-vertical is-content-justification-center is-layout-flex wp-container-core-group-is-layout-ce155fab wp-block-group-is-layout-flex\">\n<div class=\"wp-block-group is-vertical is-content-justification-center is-layout-flex wp-container-core-group-is-layout-6329a8f3 wp-block-group-is-layout-flex\">\n<h2 class=\"wp-block-heading has-text-align-center is-style-asterisk\">Secretar\u00eda \/ Secretariat \/ Secr\u00e9tariat<\/h2>\n<\/div>\n<\/div>\n<\/div>\n\n\n\n<div class=\"wp-block-columns alignwide is-layout-flex wp-container-core-columns-is-layout-d1c656ed wp-block-columns-is-layout-flex\">\n<div class=\"wp-block-column is-layout-flow wp-block-column-is-layout-flow\">\n<figure class=\"wp-block-image size-full is-resized is-style-rounded is-style-rounded--8\"><img loading=\"lazy\" decoding=\"async\" width=\"1920\" height=\"2560\" src=\"https:\/\/blog.uclm.es\/familynex\/wp-content\/uploads\/sites\/330\/2025\/09\/CeliaEnriquez-scaled.jpeg\" alt=\"\" class=\"wp-image-169\" style=\"aspect-ratio:1;object-fit:cover;width:auto;height:250px\" srcset=\"https:\/\/blog.uclm.es\/familynex\/wp-content\/uploads\/sites\/330\/2025\/09\/CeliaEnriquez-scaled.jpeg 1920w, https:\/\/blog.uclm.es\/familynex\/wp-content\/uploads\/sites\/330\/2025\/09\/CeliaEnriquez-225x300.jpeg 225w, https:\/\/blog.uclm.es\/familynex\/wp-content\/uploads\/sites\/330\/2025\/09\/CeliaEnriquez-768x1024.jpeg 768w, https:\/\/blog.uclm.es\/familynex\/wp-content\/uploads\/sites\/330\/2025\/09\/CeliaEnriquez-1152x1536.jpeg 1152w, https:\/\/blog.uclm.es\/familynex\/wp-content\/uploads\/sites\/330\/2025\/09\/CeliaEnriquez-1536x2048.jpeg 1536w\" sizes=\"auto, (max-width: 1920px) 100vw, 1920px\" \/><\/figure>\n\n\n\n<p>Celia Enr\u00edquez Rubal<br>Contratada FPI SEHISP &#8211; UCLM<\/p>\n<\/div>\n\n\n\n<div class=\"wp-block-column is-layout-flow wp-block-column-is-layout-flow\">\n<figure class=\"wp-block-image size-full is-resized is-style-rounded is-style-rounded--9\"><img loading=\"lazy\" decoding=\"async\" width=\"512\" height=\"501\" src=\"https:\/\/blog.uclm.es\/familynex\/wp-content\/uploads\/sites\/330\/2025\/09\/IsabelleRobinf.png\" alt=\"\" class=\"wp-image-173\" style=\"aspect-ratio:1;object-fit:cover;width:auto;height:250px\" srcset=\"https:\/\/blog.uclm.es\/familynex\/wp-content\/uploads\/sites\/330\/2025\/09\/IsabelleRobinf.png 512w, https:\/\/blog.uclm.es\/familynex\/wp-content\/uploads\/sites\/330\/2025\/09\/IsabelleRobinf-300x294.png 300w\" sizes=\"auto, (max-width: 512px) 100vw, 512px\" \/><\/figure>\n\n\n\n<p>Isabelle Robin<br>Ma\u00eetresse de Conf\u00e9rences HDR en Histoire moderne. Sorbonne Universit\u00e9, CNRS (Francia)<\/p>\n<\/div>\n\n\n\n<div class=\"wp-block-column is-layout-flow wp-block-column-is-layout-flow\">\n<figure class=\"wp-block-image size-full is-resized is-style-rounded is-style-rounded--10\"><img loading=\"lazy\" decoding=\"async\" width=\"720\" height=\"1043\" src=\"https:\/\/blog.uclm.es\/familynex\/wp-content\/uploads\/sites\/330\/2025\/09\/JoiceMelo.png\" alt=\"\" class=\"wp-image-62\" style=\"aspect-ratio:1;object-fit:cover;width:auto;height:250px\" srcset=\"https:\/\/blog.uclm.es\/familynex\/wp-content\/uploads\/sites\/330\/2025\/09\/JoiceMelo.png 720w, https:\/\/blog.uclm.es\/familynex\/wp-content\/uploads\/sites\/330\/2025\/09\/JoiceMelo-207x300.png 207w, https:\/\/blog.uclm.es\/familynex\/wp-content\/uploads\/sites\/330\/2025\/09\/JoiceMelo-707x1024.png 707w\" sizes=\"auto, (max-width: 720px) 100vw, 720px\" \/><\/figure>\n\n\n\n<p>Joice Melo Vieira<br>Professora do Departamento de Demografia. Universidade Estadual de Campinas &#8211; Unicamp (Brasil)<\/p>\n<\/div>\n<\/div>\n\n\n\n<div style=\"height:100px\" aria-hidden=\"true\" class=\"wp-block-spacer\"><\/div>\n","protected":false},"excerpt":{"rendered":"<p>Direcci\u00f3n \/ Directors \/ Direction Francisco Garc\u00eda Gonz\u00e1lez Fran\u00e7ois-Joseph Ruggiu Ana Silvia Volpi Scott Coordinaci\u00f3n \/ Coordination Ram\u00f3n C\u00f3zar Guti\u00e9rrezProfesor Titular de Historia Moderna. SEHISP &#8211; UCLM Anna Bellavitis Professeure d&#8217;histoire moderne. Universit\u00e9 de Rouen (Francia) Estela Rosell\u00f3 Sober\u00f3nInvestigadora Titular. Universidad Nacional Aut\u00f3noma de M\u00e9xico Secretar\u00eda \/ Secretariat \/ Secr\u00e9tariat Celia Enr\u00edquez RubalContratada FPI SEHISP [&hellip;]<\/p>\n","protected":false},"author":242,"featured_media":0,"parent":0,"menu_order":0,"comment_status":"closed","ping_status":"closed","template":"","meta":{"footnotes":""},"class_list":["post-25","page","type-page","status-publish","hentry"],"_links":{"self":[{"href":"https:\/\/blog.uclm.es\/familynex\/wp-json\/wp\/v2\/pages\/25","targetHints":{"allow":["GET"]}}],"collection":[{"href":"https:\/\/blog.uclm.es\/familynex\/wp-json\/wp\/v2\/pages"}],"about":[{"href":"https:\/\/blog.uclm.es\/familynex\/wp-json\/wp\/v2\/types\/page"}],"author":[{"embeddable":true,"href":"https:\/\/blog.uclm.es\/familynex\/wp-json\/wp\/v2\/users\/242"}],"replies":[{"embeddable":true,"href":"https:\/\/blog.uclm.es\/familynex\/wp-json\/wp\/v2\/comments?post=25"}],"version-history":[{"count":16,"href":"https:\/\/blog.uclm.es\/familynex\/wp-json\/wp\/v2\/pages\/25\/revisions"}],"predecessor-version":[{"id":269,"href":"https:\/\/blog.uclm.es\/familynex\/wp-json\/wp\/v2\/pages\/25\/revisions\/269"}],"wp:attachment":[{"href":"https:\/\/blog.uclm.es\/familynex\/wp-json\/wp\/v2\/media?parent=25"}],"curies":[{"name":"wp","href":"https:\/\/api.w.org\/{rel}","templated":true}]}}