{"id":160,"date":"2025-09-24T00:28:11","date_gmt":"2025-09-23T22:28:11","guid":{"rendered":"https:\/\/blog.uclm.es\/familynex\/?page_id=160"},"modified":"2025-09-30T12:41:48","modified_gmt":"2025-09-30T10:41:48","slug":"contacto","status":"publish","type":"page","link":"https:\/\/blog.uclm.es\/familynex\/contacto\/","title":{"rendered":"Contacto"},"content":{"rendered":"\n<div class=\"wp-block-group alignfull has-accent-background-color has-background is-vertical is-content-justification-center is-layout-flex wp-container-core-group-is-layout-623b1cb9 wp-block-group-is-layout-flex\" style=\"margin-top:0;margin-bottom:0;padding-top:var(--wp--preset--spacing--60);padding-right:var(--wp--preset--spacing--50);padding-bottom:var(--wp--preset--spacing--60);padding-left:var(--wp--preset--spacing--50)\">\n<div class=\"wp-block-group wp-container-content-9dbf05af has-global-padding is-layout-constrained wp-block-group-is-layout-constrained\" style=\"margin-top:0;margin-bottom:0\">\n<figure class=\"wp-block-image aligncenter size-full is-resized\"><img decoding=\"async\" src=\"https:\/\/blog.uclm.es\/familynex\/wp-content\/themes\/twentytwentyfour\/assets\/images\/icon-message.webp\" alt=\"\" style=\"object-fit:cover;width:45px;height:49px\" \/><\/figure>\n\n\n\n<p class=\"has-text-align-center\"><br><strong>FamilyNex. Red Internacional de Investigaci\u00f3n<br>Familias, Sociedad y Cambio Hist\u00f3rico<\/strong><\/p>\n\n\n\n<p class=\"has-text-align-center\">FamilyNex.Red@uclm.es <\/p>\n\n\n\n<p class=\"has-text-align-center\">SEHISP Seminario de Historia Social de la Poblaci\u00f3n<br>Facultad de Humanidades de Albacete<br>Universidad de Castilla-La Mancha<br>Campus Universitario s\/n<br>Edificio Benjam\u00edn Palencia<br>02071 Albacete (Espa\u00f1a)<br><br><\/p>\n<\/div>\n<\/div>\n","protected":false},"excerpt":{"rendered":"<p>FamilyNex. Red Internacional de Investigaci\u00f3nFamilias, Sociedad y Cambio Hist\u00f3rico FamilyNex.Red@uclm.es SEHISP Seminario de Historia Social de la Poblaci\u00f3nFacultad de Humanidades de AlbaceteUniversidad de Castilla-La ManchaCampus Universitario s\/nEdificio Benjam\u00edn Palencia02071 Albacete (Espa\u00f1a)<\/p>\n","protected":false},"author":242,"featured_media":0,"parent":0,"menu_order":0,"comment_status":"closed","ping_status":"closed","template":"","meta":{"footnotes":""},"class_list":["post-160","page","type-page","status-publish","hentry"],"_links":{"self":[{"href":"https:\/\/blog.uclm.es\/familynex\/wp-json\/wp\/v2\/pages\/160","targetHints":{"allow":["GET"]}}],"collection":[{"href":"https:\/\/blog.uclm.es\/familynex\/wp-json\/wp\/v2\/pages"}],"about":[{"href":"https:\/\/blog.uclm.es\/familynex\/wp-json\/wp\/v2\/types\/page"}],"author":[{"embeddable":true,"href":"https:\/\/blog.uclm.es\/familynex\/wp-json\/wp\/v2\/users\/242"}],"replies":[{"embeddable":true,"href":"https:\/\/blog.uclm.es\/familynex\/wp-json\/wp\/v2\/comments?post=160"}],"version-history":[{"count":5,"href":"https:\/\/blog.uclm.es\/familynex\/wp-json\/wp\/v2\/pages\/160\/revisions"}],"predecessor-version":[{"id":222,"href":"https:\/\/blog.uclm.es\/familynex\/wp-json\/wp\/v2\/pages\/160\/revisions\/222"}],"wp:attachment":[{"href":"https:\/\/blog.uclm.es\/familynex\/wp-json\/wp\/v2\/media?parent=160"}],"curies":[{"name":"wp","href":"https:\/\/api.w.org\/{rel}","templated":true}]}}