{"id":101,"date":"2025-09-23T22:25:22","date_gmt":"2025-09-23T20:25:22","guid":{"rendered":"https:\/\/blog.uclm.es\/familynex\/?page_id=101"},"modified":"2025-10-16T21:30:45","modified_gmt":"2025-10-16T19:30:45","slug":"objetivos","status":"publish","type":"page","link":"https:\/\/blog.uclm.es\/familynex\/objetivos\/","title":{"rendered":"Objetivos"},"content":{"rendered":"\n<div class=\"wp-block-group alignwide has-global-padding is-layout-constrained wp-block-group-is-layout-constrained\">\n<h1 class=\"wp-block-heading alignwide\" style=\"font-size:clamp(0.875rem, 0.875rem + ((1vw - 0.2rem) * 0.708), 1.3rem);line-height:1.4\"><p style=\"text-align: justify\">Tras varias d\u00e9cadas de estudios sobre la historia de la familia, conviene avanzar para impulsar hacia el futuro y a nivel internacional este campo de investigaci\u00f3n evitando su fragmentaci\u00f3n y dispersi\u00f3n. Entre los objetivos que persigue <strong>FamilyNex <\/strong>est\u00e1n los siguientes:<\/p><\/h1>\n\n\n\n<h1 class=\"wp-block-heading alignwide\" style=\"font-size:clamp(0.875rem, 0.875rem + ((1vw - 0.2rem) * 0.708), 1.3rem);line-height:1.2\"><p style=\"text-align: justify\">* potenciar las iniciativas de cooperaci\u00f3n cient\u00edfica internacional y de transferencia de resultados de investigaci\u00f3n.<\/p><\/h1>\n\n\n\n<h1 class=\"wp-block-heading alignwide\" style=\"font-size:clamp(0.875rem, 0.875rem + ((1vw - 0.2rem) * 0.708), 1.3rem);line-height:1.2\"><p style=\"text-align: justify\">* promover y facilitar el contacto y la fluidez en la comunicaci\u00f3n de los miembros de la red, as\u00ed como entre todas las instituciones de educaci\u00f3n superior, organismos de investigaci\u00f3n y otro tipo de centros que formen parte de ella<\/p><\/h1>\n\n\n\n<h1 class=\"wp-block-heading alignwide\" style=\"font-size:clamp(0.875rem, 0.875rem + ((1vw - 0.2rem) * 0.708), 1.3rem);line-height:1.2\"><p style=\"text-align: justify\">* impulsar la formaci\u00f3n, incluida la oferta de estudios de postgrado, entre otras acciones educativas.<\/p><\/h1>\n\n\n\n<h1 class=\"wp-block-heading alignwide\" style=\"font-size:clamp(0.875rem, 0.875rem + ((1vw - 0.2rem) * 0.708), 1.3rem);line-height:1.2\"><p style=\"text-align: justify\">* facilitar la incorporaci\u00f3n de j\u00f3venes investigadores.<\/p><\/h1>\n\n\n\n<h1 class=\"wp-block-heading alignwide\" style=\"font-size:clamp(0.875rem, 0.875rem + ((1vw - 0.2rem) * 0.708), 1.3rem);line-height:1.2\"><p style=\"text-align: justify\">* plantear nuevas propuestas te\u00f3ricas y metodol\u00f3gicas y\/o profundizar en las ya existentes, impulsando los debates conceptuales y la reflexi\u00f3n.<\/p><\/h1>\n\n\n\n<h1 class=\"wp-block-heading alignwide\" style=\"font-size:clamp(0.875rem, 0.875rem + ((1vw - 0.2rem) * 0.708), 1.3rem);line-height:1.2\">* desarrollar, ampliar o renovar t\u00e9cnicas y m\u00e9todos de investigaci\u00f3n.<\/h1>\n\n\n\n<h1 class=\"wp-block-heading alignwide\" style=\"font-size:clamp(0.875rem, 0.875rem + ((1vw - 0.2rem) * 0.708), 1.3rem);line-height:1.2\"><p style=\"text-align: justify\">* aprovechar de forma constructiva las posibilidades derivadas de los avances inform\u00e1ticos y de la inteligencia artificial.<\/p><\/h1>\n\n\n\n<h1 class=\"wp-block-heading alignwide\" style=\"font-size:clamp(0.875rem, 0.875rem + ((1vw - 0.2rem) * 0.708), 1.3rem);line-height:1.2\"><p style=\"text-align: justify\">* fomentar la interdisciplinariedad y las investigaciones en la larga duraci\u00f3n superando cortapisas disciplinares y cronol\u00f3gicas.<\/p><\/h1>\n\n\n\n<h1 class=\"wp-block-heading alignwide\" style=\"font-size:clamp(0.875rem, 0.875rem + ((1vw - 0.2rem) * 0.708), 1.3rem);line-height:1.2\"><p style=\"text-align: justify\">* posibilitar y avanzar en el desarrollo de estudios de tipo comparativo.<\/p><br><\/h1>\n\n\n\n<p class=\"has-text-align-center\">&#8211; &#8211; &#8211; &#8211; &#8211; &#8211; &#8211; &#8211; &#8211; &#8211; &#8211; &#8211;<\/p>\n<\/div>\n\n\n\n<p class=\"has-text-align-center has-heading-font-family has-xx-large-font-size\">Objetives (english)<\/p>\n\n\n\n<div class=\"wp-block-group alignwide has-global-padding is-layout-constrained wp-block-group-is-layout-constrained\">\n<h1 class=\"wp-block-heading alignwide\" style=\"font-size:clamp(0.875rem, 0.875rem + ((1vw - 0.2rem) * 0.708), 1.3rem);line-height:1.4\"><p style=\"text-align: justify\">After several decades of research into family history, it is now time to move forward and promote this field of research internationally, avoiding fragmentation and dispersion. FamilyNex&#8217;s objectives include the following:<\/p><\/h1>\n\n\n\n<h1 class=\"wp-block-heading alignwide\" style=\"font-size:clamp(0.875rem, 0.875rem + ((1vw - 0.2rem) * 0.708), 1.3rem);line-height:1.2\"><p style=\"text-align: justify\">* to promote international scientific cooperation and the transfer of research results<span style=\"font-size: clamp(0.984rem, 0.812rem + 0.86vw, 1.5rem)\">.<\/span><\/p><\/h1>\n\n\n\n<h1 class=\"wp-block-heading alignwide\" style=\"font-size:clamp(0.875rem, 0.875rem + ((1vw - 0.2rem) * 0.708), 1.3rem);line-height:1.2\"><p style=\"text-align: justify\">* to promote and facilitate contact and fluid communication among network members, as well as among all higher education institutions, research organisations and other types of centres that form part of it.<\/p><\/h1>\n\n\n\n<h1 class=\"wp-block-heading alignwide\" style=\"font-size:clamp(0.875rem, 0.875rem + ((1vw - 0.2rem) * 0.708), 1.3rem);line-height:1.2\"><p style=\"text-align: justify\">* promoting training, including the provision of postgraduate studies, among other educational activities<span style=\"font-size: clamp(0.984rem, 0.812rem + 0.86vw, 1.5rem)\">.<\/span><\/p><\/h1>\n\n\n\n<h1 class=\"wp-block-heading alignwide\" style=\"font-size:clamp(0.875rem, 0.875rem + ((1vw - 0.2rem) * 0.708), 1.3rem);line-height:1.2\"><p style=\"text-align: justify\">* facilitating the incorporation of young researchers<span style=\"font-size: clamp(0.984rem, 0.812rem + 0.86vw, 1.5rem)\">.<\/span><\/p><\/h1>\n\n\n\n<h1 class=\"wp-block-heading alignwide\" style=\"font-size:clamp(0.875rem, 0.875rem + ((1vw - 0.2rem) * 0.708), 1.3rem);line-height:1.2\"><p style=\"text-align: justify\">* put forward new theoretical and methodological proposals and\/or further develop existing ones, promoting conceptual debates and reflection.<\/p><\/h1>\n\n\n\n<h1 class=\"wp-block-heading alignwide\" style=\"font-size:clamp(0.875rem, 0.875rem + ((1vw - 0.2rem) * 0.708), 1.3rem);line-height:1.2\">* develop, expand or renew research techniques and methods.<\/h1>\n\n\n\n<h1 class=\"wp-block-heading alignwide\" style=\"font-size:clamp(0.875rem, 0.875rem + ((1vw - 0.2rem) * 0.708), 1.3rem);line-height:1.2\"><p style=\"text-align: justify\">* make constructive use of the possibilities offered by advances in computing and artificial intelligence<span style=\"font-size: clamp(0.875rem, 0.7334rem + 0.708vw, 1.3rem)\">.<\/span><\/p><\/h1>\n\n\n\n<h1 class=\"wp-block-heading alignwide\" style=\"font-size:clamp(0.875rem, 0.875rem + ((1vw - 0.2rem) * 0.708), 1.3rem);line-height:1.2\"><p style=\"text-align: justify\">* promote interdisciplinarity and long-term research, overcoming disciplinary and chronological constraints.<\/p><\/h1>\n\n\n\n<h1 class=\"wp-block-heading alignwide\" style=\"font-size:clamp(0.875rem, 0.875rem + ((1vw - 0.2rem) * 0.708), 1.3rem);line-height:1.2\"><p style=\"text-align: justify\">* enable and advance the development of comparative studies.<\/p><br><\/h1>\n\n\n\n<p class=\"has-text-align-center\">&#8211; &#8211; &#8211; &#8211; &#8211; &#8211; &#8211; &#8211; &#8211; &#8211; &#8211; &#8211;<\/p>\n<\/div>\n\n\n\n<p class=\"has-text-align-center has-heading-font-family has-xx-large-font-size\">Objectifs (fran\u00e7ais)<\/p>\n\n\n\n<div class=\"wp-block-group alignwide has-global-padding is-layout-constrained wp-block-group-is-layout-constrained\">\n<h1 class=\"wp-block-heading alignwide\" style=\"font-size:clamp(0.875rem, 0.875rem + ((1vw - 0.2rem) * 0.708), 1.3rem);line-height:1.4\"><p style=\"text-align: justify\">Apr\u00e8s plusieurs d\u00e9cennies d&#8217;\u00e9tudes sur l&#8217;histoire de la famille, il convient d&#8217;aller de l&#8217;avant pour promouvoir ce domaine de recherche \u00e0 l&#8217;\u00e9chelle internationale, en \u00e9vitant sa fragmentation et sa dispersion. Parmi les objectifs poursuivis par FamilyNex figurent les suivants:<\/p><\/h1>\n\n\n\n<h1 class=\"wp-block-heading alignwide\" style=\"font-size:clamp(0.875rem, 0.875rem + ((1vw - 0.2rem) * 0.708), 1.3rem);line-height:1.2\"><p style=\"text-align: justify\">* renforcer les initiatives de coop\u00e9ration scientifique internationale et de transfert des r\u00e9sultats de la recherche<span style=\"font-size: clamp(0.875rem, 0.7334rem + 0.708vw, 1.3rem)\">.<\/span><\/p><\/h1>\n\n\n\n<h1 class=\"wp-block-heading alignwide\" style=\"font-size:clamp(0.875rem, 0.875rem + ((1vw - 0.2rem) * 0.708), 1.3rem);line-height:1.2\"><p style=\"text-align: justify\">* promouvoir et faciliter les contacts et la fluidit\u00e9 de la communication entre les membres du r\u00e9seau, ainsi qu&#8217;entre tous les \u00e9tablissements d&#8217;enseignement sup\u00e9rieur, organismes de recherche et autres types de centres qui en font partie.<\/p><\/h1>\n\n\n\n<h1 class=\"wp-block-heading alignwide\" style=\"font-size:clamp(0.875rem, 0.875rem + ((1vw - 0.2rem) * 0.708), 1.3rem);line-height:1.2\"><p style=\"text-align: justify\">* promouvoir la formation, y compris l&#8217;offre d&#8217;\u00e9tudes de postgrade, entre autres actions \u00e9ducatives<span style=\"font-size: clamp(0.984rem, 0.812rem + 0.86vw, 1.5rem)\">.<\/span><\/p><\/h1>\n\n\n\n<h1 class=\"wp-block-heading alignwide\" style=\"font-size:clamp(0.875rem, 0.875rem + ((1vw - 0.2rem) * 0.708), 1.3rem);line-height:1.2\"><p style=\"text-align: justify\">* faciliter l&#8217;int\u00e9gration de jeunes chercheurs<span style=\"font-size: clamp(0.984rem, 0.812rem + 0.86vw, 1.5rem)\">.<\/span><\/p><\/h1>\n\n\n\n<h1 class=\"wp-block-heading alignwide\" style=\"font-size:clamp(0.875rem, 0.875rem + ((1vw - 0.2rem) * 0.708), 1.3rem);line-height:1.2\"><p style=\"text-align: justify\">* proposer de nouvelles propositions th\u00e9oriques et m\u00e9thodologiques et\/ou approfondir celles qui existent d\u00e9j\u00e0, en encourageant les d\u00e9bats conceptuels et la r\u00e9flexion.<\/p><\/h1>\n\n\n\n<h1 class=\"wp-block-heading alignwide\" style=\"font-size:clamp(0.875rem, 0.875rem + ((1vw - 0.2rem) * 0.708), 1.3rem);line-height:1.2\">* d\u00e9velopper, \u00e9largir ou renouveler les techniques et m\u00e9thodes de recherche.<\/h1>\n\n\n\n<h1 class=\"wp-block-heading alignwide\" style=\"font-size:clamp(0.875rem, 0.875rem + ((1vw - 0.2rem) * 0.708), 1.3rem);line-height:1.2\"><p style=\"text-align: justify\">* profiter de mani\u00e8re constructive des possibilit\u00e9s offertes par les progr\u00e8s informatiques et l&#8217;intelligence artificielle<span style=\"font-size: clamp(0.875rem, 0.7334rem + 0.708vw, 1.3rem)\">.<\/span><\/p><\/h1>\n\n\n\n<h1 class=\"wp-block-heading alignwide\" style=\"font-size:clamp(0.875rem, 0.875rem + ((1vw - 0.2rem) * 0.708), 1.3rem);line-height:1.2\"><p style=\"text-align: justify\">* encourager l&#8217;interdisciplinarit\u00e9 et les recherches \u00e0 long terme en d\u00e9passant les limites disciplinaires et chronologiques.<\/p><\/h1>\n\n\n\n<h1 class=\"wp-block-heading alignwide\" style=\"font-size:clamp(0.875rem, 0.875rem + ((1vw - 0.2rem) * 0.708), 1.3rem);line-height:1.2\"><p style=\"text-align: justify\">* permettre et faire progresser le d\u00e9veloppement d&#8217;\u00e9tudes comparatives.<\/p><br><\/h1>\n\n\n\n<p class=\"has-text-align-center\">&#8211; &#8211; &#8211; &#8211; &#8211; &#8211; &#8211; &#8211; &#8211; &#8211; &#8211; &#8211;<\/p>\n<\/div>\n\n\n\n<p class=\"has-text-align-center has-heading-font-family has-xx-large-font-size\">Objetivos (portugu\u00eas)<\/p>\n\n\n\n<div class=\"wp-block-group alignwide has-global-padding is-layout-constrained wp-block-group-is-layout-constrained\">\n<h1 class=\"wp-block-heading alignwide\" style=\"font-size:clamp(0.875rem, 0.875rem + ((1vw - 0.2rem) * 0.708), 1.3rem);line-height:1.4\"><p style=\"text-align: justify\">Ap\u00f3s v\u00e1rias d\u00e9cadas de estudos sobre a hist\u00f3ria da fam\u00edlia, \u00e9 conveniente avan\u00e7ar para projetar esse campo de pesquisa rumo ao futuro e em \u00e2mbito internacional, evitando sua fragmenta\u00e7\u00e3o e dispers\u00e3o. Entre os objetivos perseguidos pela FamilyNex destacam-se os seguintes:<\/p><\/h1>\n\n\n\n<h1 class=\"wp-block-heading alignwide\" style=\"font-size:clamp(0.875rem, 0.875rem + ((1vw - 0.2rem) * 0.708), 1.3rem);line-height:1.2\"><p style=\"text-align: justify\">* Potencializar as iniciativas de coopera\u00e7\u00e3o cient\u00edfica internacional e de transfer\u00eancia dos resultados de pesquisa;<\/p><\/h1>\n\n\n\n<h1 class=\"wp-block-heading alignwide\" style=\"font-size:clamp(0.875rem, 0.875rem + ((1vw - 0.2rem) * 0.708), 1.3rem);line-height:1.2\"><p style=\"text-align: justify\">* Promover e facilitar o contato e a fluidez na comunica\u00e7\u00e3o entre os membros da rede, bem como entre todas as institui\u00e7\u00f5es de ensino superior, organismos de pesquisa e outros tipos de centros que dela fa\u00e7am parte;<\/p><\/h1>\n\n\n\n<h1 class=\"wp-block-heading alignwide\" style=\"font-size:clamp(0.875rem, 0.875rem + ((1vw - 0.2rem) * 0.708), 1.3rem);line-height:1.2\"><p style=\"text-align: justify\">* Impulsionar a forma\u00e7\u00e3o, incluindo a oferta de cursos de p\u00f3s-gradua\u00e7\u00e3o, entre outras a\u00e7\u00f5es educativas;<\/p><\/h1>\n\n\n\n<h1 class=\"wp-block-heading alignwide\" style=\"font-size:clamp(0.875rem, 0.875rem + ((1vw - 0.2rem) * 0.708), 1.3rem);line-height:1.2\"><p style=\"text-align: justify\">* Facilitar a incorpora\u00e7\u00e3o de jovens pesquisadores;<\/p><\/h1>\n\n\n\n<h1 class=\"wp-block-heading alignwide\" style=\"font-size:clamp(0.875rem, 0.875rem + ((1vw - 0.2rem) * 0.708), 1.3rem);line-height:1.2\"><p style=\"text-align: justify\">* Propor novas abordagens te\u00f3ricas e metodol\u00f3gicas e\/ou aprofundar as j\u00e1 existentes, estimulando os debates conceituais e a reflex\u00e3o sobre eles; proposer de nouvelles propositions th\u00e9oriques et m\u00e9thodologiques et\/ou approfondir celles qui existent d\u00e9j\u00e0, en encourageant les d\u00e9bats conceptuels et la r\u00e9flexion.<\/p><\/h1>\n\n\n\n<h1 class=\"wp-block-heading alignwide\" style=\"font-size:clamp(0.875rem, 0.875rem + ((1vw - 0.2rem) * 0.708), 1.3rem);line-height:1.2\">* Desenvolver, ampliar ou renovar t\u00e9cnicas e m\u00e9todos de pesquisa;<\/h1>\n\n\n\n<h1 class=\"wp-block-heading alignwide\" style=\"font-size:clamp(0.875rem, 0.875rem + ((1vw - 0.2rem) * 0.708), 1.3rem);line-height:1.2\"><p style=\"text-align: justify\">* Aproveitar de forma construtiva as possibilidades decorrentes dos avan\u00e7os inform\u00e1ticos e da intelig\u00eancia artificial;<\/p><\/h1>\n\n\n\n<h1 class=\"wp-block-heading alignwide\" style=\"font-size:clamp(0.875rem, 0.875rem + ((1vw - 0.2rem) * 0.708), 1.3rem);line-height:1.2\"><p style=\"text-align: justify\">* Fomentar a interdisciplinaridade e as pesquisas de longa dura\u00e7\u00e3o, superando barreiras disciplinares e cronol\u00f3gicas;<\/p><\/h1>\n\n\n\n<h1 class=\"wp-block-heading alignwide\" style=\"font-size:clamp(0.875rem, 0.875rem + ((1vw - 0.2rem) * 0.708), 1.3rem);line-height:1.2\"><p style=\"text-align: justify\">* Possibilitar e promover o desenvolvimento de estudos de car\u00e1ter comparativo.<\/p><br><\/h1>\n\n\n\n<p class=\"has-text-align-center\">&#8211; &#8211; &#8211; &#8211; &#8211; &#8211; &#8211; &#8211; &#8211; &#8211; &#8211; &#8211;<\/p>\n<\/div>\n","protected":false},"excerpt":{"rendered":"<p>Tras varias d\u00e9cadas de estudios sobre la historia de la familia, conviene avanzar para impulsar hacia el futuro y a nivel internacional este campo de investigaci\u00f3n evitando su fragmentaci\u00f3n y dispersi\u00f3n. Entre los objetivos que persigue FamilyNex est\u00e1n los siguientes: * potenciar las iniciativas de cooperaci\u00f3n cient\u00edfica internacional y de transferencia de resultados de investigaci\u00f3n. [&hellip;]<\/p>\n","protected":false},"author":242,"featured_media":0,"parent":0,"menu_order":0,"comment_status":"closed","ping_status":"closed","template":"","meta":{"footnotes":""},"class_list":["post-101","page","type-page","status-publish","hentry"],"_links":{"self":[{"href":"https:\/\/blog.uclm.es\/familynex\/wp-json\/wp\/v2\/pages\/101","targetHints":{"allow":["GET"]}}],"collection":[{"href":"https:\/\/blog.uclm.es\/familynex\/wp-json\/wp\/v2\/pages"}],"about":[{"href":"https:\/\/blog.uclm.es\/familynex\/wp-json\/wp\/v2\/types\/page"}],"author":[{"embeddable":true,"href":"https:\/\/blog.uclm.es\/familynex\/wp-json\/wp\/v2\/users\/242"}],"replies":[{"embeddable":true,"href":"https:\/\/blog.uclm.es\/familynex\/wp-json\/wp\/v2\/comments?post=101"}],"version-history":[{"count":16,"href":"https:\/\/blog.uclm.es\/familynex\/wp-json\/wp\/v2\/pages\/101\/revisions"}],"predecessor-version":[{"id":383,"href":"https:\/\/blog.uclm.es\/familynex\/wp-json\/wp\/v2\/pages\/101\/revisions\/383"}],"wp:attachment":[{"href":"https:\/\/blog.uclm.es\/familynex\/wp-json\/wp\/v2\/media?parent=101"}],"curies":[{"name":"wp","href":"https:\/\/api.w.org\/{rel}","templated":true}]}}