{"id":960,"date":"2014-09-28T19:20:40","date_gmt":"2014-09-28T19:20:40","guid":{"rendered":"http:\/\/www3.uclm.es\/profesorado\/fabio.monsalve\/?page_id=960"},"modified":"2025-09-06T16:24:58","modified_gmt":"2025-09-06T16:24:58","slug":"universidad-de-la-experiencia","status":"publish","type":"page","link":"https:\/\/blog.uclm.es\/fabiomonsalve\/universidad-de-la-experiencia\/","title":{"rendered":"UEX &#8211; Economia de la Vida Cotidiana"},"content":{"rendered":"<h1 style=\"text-align: center\">Universidad Experiencia<br \/>Universidad Popular &#8211; Ayuntamiento de Albacete<\/h1>\n\n\n<div class=\"wp-block-columns is-layout-flex wp-container-core-columns-is-layout-9d6595d7 wp-block-columns-is-layout-flex\">\n<div class=\"wp-block-column is-layout-flow wp-block-column-is-layout-flow\" style=\"flex-basis:100%\">\n<div class=\"wp-block-group\"><div class=\"wp-block-group__inner-container is-layout-constrained wp-block-group-is-layout-constrained\">\n<figure class=\"wp-block-table is-style-stripes\"><table><thead><tr><th class=\"has-text-align-left\" data-align=\"left\">CONTENIDOS<\/th><th class=\"has-text-align-center\" data-align=\"center\">DESCARGAR<\/th><\/tr><\/thead><tbody><tr><td class=\"has-text-align-left\" data-align=\"left\">Programa<\/td><td class=\"has-text-align-center\" data-align=\"center\"><a href=\"https:\/\/pruebasaluuclm-my.sharepoint.com\/:w:\/g\/personal\/fabio_monsalve_uclm_es\/EVJj1PdCtMRNhxJ1JvH56DQBvsaCXqg7Vj7xiqB_d3YY8w?e=hJuQ9U\" data-type=\"link\" data-id=\"https:\/\/pruebasaluuclm-my.sharepoint.com\/:w:\/g\/personal\/fabio_monsalve_uclm_es\/EVJj1PdCtMRNhxJ1JvH56DQBvsaCXqg7Vj7xiqB_d3YY8w?e=hJuQ9U\"><img loading=\"lazy\" decoding=\"async\" width=\"25\" height=\"25\" src=\"https:\/\/blog.uclm.es\/fabiomonsalve\/wp-content\/uploads\/sites\/205\/2018\/05\/Microsoft_Word_2013_logo_with_background-e1527197130119.png\" alt=\"\"><\/a><\/td><\/tr><tr><td class=\"has-text-align-left\" data-align=\"left\">Presentaci\u00f3n<\/td><td class=\"has-text-align-center\" data-align=\"center\"><a href=\"https:\/\/pruebasaluuclm-my.sharepoint.com\/:p:\/g\/personal\/fabio_monsalve_uclm_es\/Eesue6GwI-VJpHhuGVWmkL4BdheqW2_bFUVo6tVpG3W-mw?e=OSXS7x\" data-type=\"URL\" data-id=\"https:\/\/pruebasaluuclm-my.sharepoint.com\/:p:\/g\/personal\/fabio_monsalve_uclm_es\/EcEK2CmES8tAgojaMx33TPoBD83BnTNCrIr5UAV7YIjgrA?e=1luFVi\" target=\"_blank\" rel=\"noreferrer noopener\"><img loading=\"lazy\" decoding=\"async\" width=\"25\" height=\"25\" src=\"https:\/\/blog.uclm.es\/fabiomonsalve\/wp-content\/uploads\/sites\/205\/2018\/06\/Logo_ppt-150x150.png\" alt=\"\"><\/a><\/td><\/tr><tr><td class=\"has-text-align-left\" data-align=\"left\">Tema 01. Aproximaci\u00f3n a la Economia<\/td><td class=\"has-text-align-center\" data-align=\"center\"><a href=\"https:\/\/pruebasaluuclm-my.sharepoint.com\/:p:\/g\/personal\/fabio_monsalve_uclm_es\/EYu79XCZu0hAj5aYjUFivTwBlDw8rVGXiFapcsK-p53LCQ?e=If8wzm\" target=\"_blank\" rel=\"noreferrer noopener\"><img loading=\"lazy\" decoding=\"async\" width=\"25\" height=\"25\" src=\"https:\/\/blog.uclm.es\/fabiomonsalve\/wp-content\/uploads\/sites\/205\/2018\/06\/Logo_ppt-150x150.png\" alt=\"\"><\/a><\/td><\/tr><tr><td class=\"has-text-align-left\" data-align=\"left\">Tema 02. \u00bfC\u00f3mo funcionan los mercados de bienes y servicios?<\/td><td class=\"has-text-align-center\" data-align=\"center\"><a href=\"https:\/\/pruebasaluuclm-my.sharepoint.com\/:p:\/g\/personal\/fabio_monsalve_uclm_es\/EaCQfyNue2xPqjhP8fzByVUBz1cBf1EFqs_T142SXExJBQ?e=jvMlwx\" target=\"_blank\" rel=\"noreferrer noopener\"><img loading=\"lazy\" decoding=\"async\" width=\"25\" height=\"25\" src=\"https:\/\/blog.uclm.es\/fabiomonsalve\/wp-content\/uploads\/sites\/205\/2018\/06\/Logo_ppt-150x150.png\" alt=\"\"><\/a><\/td><\/tr><tr><td class=\"has-text-align-left\" data-align=\"left\">Tema 03. \u00bfC\u00f3mo se organiza la industria?<\/td><td class=\"has-text-align-center\" data-align=\"center\"><a href=\"https:\/\/pruebasaluuclm-my.sharepoint.com\/:p:\/g\/personal\/fabio_monsalve_uclm_es\/ETJyFzMGRwVGhhttazh462oBvqqSWsdsMJnBKxYy-SyQfQ?e=HE9aYh\" target=\"_blank\" rel=\"noreferrer noopener\"><img loading=\"lazy\" decoding=\"async\" width=\"25\" height=\"25\" src=\"https:\/\/blog.uclm.es\/fabiomonsalve\/wp-content\/uploads\/sites\/205\/2018\/06\/Logo_ppt-150x150.png\" alt=\"\"><\/a><\/td><\/tr><tr><td class=\"has-text-align-left\" data-align=\"left\">Tema 04. \u00bfC\u00f3mo funciona el mercado de trabajo?<\/td><td class=\"has-text-align-center\" data-align=\"center\"><a href=\"https:\/\/pruebasaluuclm-my.sharepoint.com\/:p:\/g\/personal\/fabio_monsalve_uclm_es\/EYmCHYk95phPodfDR01MOr4Bttk9UtCz17LvU8JFOlqI3Q?e=wX6ezT\" target=\"_blank\" rel=\"noreferrer noopener\"><img loading=\"lazy\" decoding=\"async\" width=\"25\" height=\"25\" src=\"https:\/\/blog.uclm.es\/fabiomonsalve\/wp-content\/uploads\/sites\/205\/2018\/06\/Logo_ppt-150x150.png\" alt=\"\"><\/a><\/td><\/tr><tr><td class=\"has-text-align-left\" data-align=\"left\">Tema 05. \u00bfC\u00f3mo funciona la Econom\u00eda a nivel agregado?<\/td><td class=\"has-text-align-center\" data-align=\"center\"><a href=\"https:\/\/pruebasaluuclm-my.sharepoint.com\/:p:\/g\/personal\/fabio_monsalve_uclm_es\/EavRpM5KuMtDsaYcABKyjIABdIJsunF_XWzElpXJW7DOEQ?e=QpMpnq\" data-type=\"URL\" data-id=\"https:\/\/pruebasaluuclm-my.sharepoint.com\/:p:\/g\/personal\/fabio_monsalve_uclm_es\/ES6DkFY3Y8NMo3dpK5Vbg90BlifQzwyJf99biQ2QYPAfIw?e=uwEE43\" target=\"_blank\" rel=\"noreferrer noopener\"><img loading=\"lazy\" decoding=\"async\" width=\"25\" height=\"25\" src=\"https:\/\/blog.uclm.es\/fabiomonsalve\/wp-content\/uploads\/sites\/205\/2018\/06\/Logo_ppt-150x150.png\" alt=\"\"><\/a><\/td><\/tr><tr><td class=\"has-text-align-left\" data-align=\"left\">Tema 06. \u00bfc\u00f3mo y porqu\u00e9 interviene el sector p\u00fablico en la econom\u00eda?<\/td><td class=\"has-text-align-center\" data-align=\"center\"><a href=\"https:\/\/pruebasaluuclm-my.sharepoint.com\/:p:\/g\/personal\/fabio_monsalve_uclm_es\/ETZJxGtvwXxLkzTnAECbyPgB5gmMPVCjhGye53CxX9TEiA?e=GQQyle\"><img loading=\"lazy\" decoding=\"async\" width=\"25\" height=\"25\" src=\"https:\/\/blog.uclm.es\/fabiomonsalve\/wp-content\/uploads\/sites\/205\/2018\/06\/Logo_ppt-150x150.png\" alt=\"\"><\/a><\/td><\/tr><tr><td class=\"has-text-align-left\" data-align=\"left\">Tema 07. \u00bfQu\u00e9 es el dinero y c\u00f3mo funciona?<\/td><td class=\"has-text-align-center\" data-align=\"center\"><a href=\"https:\/\/pruebasaluuclm-my.sharepoint.com\/:p:\/g\/personal\/fabio_monsalve_uclm_es\/ESTLZgdFJJdKtGDYDgm8HPsBql0FLwZZzZkPmT-D1snSYA?e=cOawsJ\"><img loading=\"lazy\" decoding=\"async\" width=\"25\" height=\"25\" src=\"https:\/\/blog.uclm.es\/fabiomonsalve\/wp-content\/uploads\/sites\/205\/2018\/06\/Logo_ppt-150x150.png\" alt=\"\"><\/a><\/td><\/tr><tr><td class=\"has-text-align-left\" data-align=\"left\">Tema 08. \u00bfC\u00f3mo nos relacionamos con el resto del mundo?<\/td><td class=\"has-text-align-center\" data-align=\"center\"><a href=\"https:\/\/pruebasaluuclm-my.sharepoint.com\/:p:\/g\/personal\/fabio_monsalve_uclm_es\/EVU7U1F7xDZCrVD6gPm28NwBUEypf51DW6DxNBxzxXEjvw?e=bSkFvx\" data-type=\"URL\" data-id=\"https:\/\/pruebasaluuclm-my.sharepoint.com\/:p:\/g\/personal\/fabio_monsalve_uclm_es\/EcUsNDY1CyBJgf0gNJqbsGsBnLY53Bl_UkxKJxZPuMIbQw?e=VyiRzh\" target=\"_blank\" rel=\"noreferrer noopener\"><img loading=\"lazy\" decoding=\"async\" width=\"25\" height=\"25\" src=\"https:\/\/blog.uclm.es\/fabiomonsalve\/wp-content\/uploads\/sites\/205\/2018\/06\/Logo_ppt-150x150.png\" alt=\"\"><\/a><\/td><\/tr><tr><td class=\"has-text-align-left\" data-align=\"left\">Tema 09. Econom\u00eda sostenible<\/td><td class=\"has-text-align-center\" data-align=\"center\"><a href=\"https:\/\/pruebasaluuclm-my.sharepoint.com\/:p:\/g\/personal\/fabio_monsalve_uclm_es\/EWvrXCHL3YtAri2Q7BsDnm0BUW9QWN9OCdQMla_nJW0KvQ?e=DEbCU8\" data-type=\"URL\" data-id=\"https:\/\/pruebasaluuclm-my.sharepoint.com\/:p:\/g\/personal\/fabio_monsalve_uclm_es\/EQs66WjRERtAqWtfbCRqv4QBJJBqMf_619VUKxvW9HRAoQ?e=cFGWb4\" target=\"_blank\" rel=\"noreferrer noopener\"><img loading=\"lazy\" decoding=\"async\" width=\"25\" height=\"25\" src=\"https:\/\/blog.uclm.es\/fabiomonsalve\/wp-content\/uploads\/sites\/205\/2018\/06\/Logo_ppt-150x150.png\" alt=\"\"><\/a><\/td><\/tr><tr><td class=\"has-text-align-left\" data-align=\"left\">Tema 10. A modo de Resumen<\/td><td class=\"has-text-align-center\" data-align=\"center\"><a href=\"https:\/\/pruebasaluuclm-my.sharepoint.com\/:p:\/g\/personal\/fabio_monsalve_uclm_es\/ER5dI88WpRJGoVJYq-OHEq8BzpiFJfhlCNrJRpn-CIAutA?e=URKXh5\" data-type=\"URL\" data-id=\"https:\/\/pruebasaluuclm-my.sharepoint.com\/:p:\/g\/personal\/fabio_monsalve_uclm_es\/EdXvu9umjXtAs0Y-DAgC32IBVuHs2kdj4vhVjcpU4RBVGQ?e=3oo6me\" target=\"_blank\" rel=\"noreferrer noopener\"><img loading=\"lazy\" decoding=\"async\" width=\"25\" height=\"25\" src=\"https:\/\/blog.uclm.es\/fabiomonsalve\/wp-content\/uploads\/sites\/205\/2018\/06\/Logo_ppt-150x150.png\" alt=\"\"><\/a><\/td><\/tr><\/tbody><\/table><\/figure>\n<\/div><\/div>\n<\/div>\n<\/div>\n","protected":false},"excerpt":{"rendered":"<p>Universidad ExperienciaUniversidad Popular &#8211; Ayuntamiento de Albacete CONTENIDOS DESCARGAR Programa Presentaci\u00f3n Tema 01. Aproximaci\u00f3n a la Economia Tema 02. \u00bfC\u00f3mo funcionan los mercados de bienes y servicios? Tema 03. \u00bfC\u00f3mo se organiza la industria? Tema 04. \u00bfC\u00f3mo funciona el mercado de trabajo? Tema 05. \u00bfC\u00f3mo funciona la Econom\u00eda a nivel agregado? Tema 06. \u00bfc\u00f3mo y [&hellip;]<\/p>\n","protected":false},"author":320,"featured_media":0,"parent":0,"menu_order":5,"comment_status":"closed","ping_status":"closed","template":"page-templates\/full-width.php","meta":{"footnotes":""},"class_list":["post-960","page","type-page","status-publish","hentry"],"_links":{"self":[{"href":"https:\/\/blog.uclm.es\/fabiomonsalve\/wp-json\/wp\/v2\/pages\/960","targetHints":{"allow":["GET"]}}],"collection":[{"href":"https:\/\/blog.uclm.es\/fabiomonsalve\/wp-json\/wp\/v2\/pages"}],"about":[{"href":"https:\/\/blog.uclm.es\/fabiomonsalve\/wp-json\/wp\/v2\/types\/page"}],"author":[{"embeddable":true,"href":"https:\/\/blog.uclm.es\/fabiomonsalve\/wp-json\/wp\/v2\/users\/320"}],"replies":[{"embeddable":true,"href":"https:\/\/blog.uclm.es\/fabiomonsalve\/wp-json\/wp\/v2\/comments?post=960"}],"version-history":[{"count":29,"href":"https:\/\/blog.uclm.es\/fabiomonsalve\/wp-json\/wp\/v2\/pages\/960\/revisions"}],"predecessor-version":[{"id":3407,"href":"https:\/\/blog.uclm.es\/fabiomonsalve\/wp-json\/wp\/v2\/pages\/960\/revisions\/3407"}],"wp:attachment":[{"href":"https:\/\/blog.uclm.es\/fabiomonsalve\/wp-json\/wp\/v2\/media?parent=960"}],"curies":[{"name":"wp","href":"https:\/\/api.w.org\/{rel}","templated":true}]}}