{"id":288,"date":"2014-09-11T15:58:33","date_gmt":"2014-09-11T15:58:33","guid":{"rendered":"http:\/\/fabiomonsalve.wordpress.com\/?page_id=288"},"modified":"2025-02-04T16:39:10","modified_gmt":"2025-02-04T16:39:10","slug":"archivo-docente","status":"publish","type":"page","link":"https:\/\/blog.uclm.es\/fabiomonsalve\/archivo-docente\/","title":{"rendered":"Archivo Docente"},"content":{"rendered":"\n<p>Materiales docentes de las asignaturas que ya no imparto en la actualidad. Los archivos est\u00e1n en formato comprimido. Todos ellos incluyen programa de la asignatura y presentaciones detalladas de los contenidos; adicionalmente, las asignaturas de Econom\u00eda Industrial y Uni\u00f3n Econ\u00f3mica y Monetaria incluyen los temarios completos.<\/p>\n\n\n\n<p><em>Nota.- Debido a la directiva de caducidad de los enlaces, puede que algunos no funcionen. Si est\u00e1 interesado en alguno de los materiales, no dude en escribirme al mail <a href=\"mailto:fabio.monsalve@uclm.es\">fabio.monsalve@uclm.es<\/a>&nbsp;para volver a reactivarlos.<\/em><\/p>\n\n\n\n<figure class=\"wp-block-table\"><table class=\"has-fixed-layout\"><thead><tr><th>Asignatura<\/th><th>Grado<\/th><th>CURSO<\/th><\/tr><\/thead><tbody><tr><td><a href=\"https:\/\/pruebasaluuclm-my.sharepoint.com\/:u:\/g\/personal\/fabio_monsalve_uclm_es\/EQ7hdpWRH1ZMpTaqEBS5wdUBFlBA155xTak2TsndIJsaYA?e=Q7Vl5u\">Microeconom\u00eda Avanzada<\/a><\/td><td>Econom\u00eda<\/td><td>2019\/20<\/td><\/tr><tr><td><a href=\"https:\/\/pruebasaluuclm-my.sharepoint.com\/:f:\/g\/personal\/fabio_monsalve_uclm_es\/EkE0Lo5g3F9DuR9uw54lwocBsEvgalTillBWDCnwGJUkrg?e=hi1PMm\">Introducci\u00f3n a la Macroeconom\u00eda <\/a><\/td><td>ADE<\/td><td>2008\/09<\/td><\/tr><tr><td><a href=\"https:\/\/pruebasaluuclm-my.sharepoint.com\/:u:\/g\/personal\/fabio_monsalve_uclm_es\/EajoRtLl2v5Bsawkf89_gzEBdps16YdmNUHoXMYRqL-LMA?e=zsc72I\">Macroeconom\u00eda Intermedia<\/a><\/td><td>Econom\u00eda<\/td><td>2009\/10<\/td><\/tr><tr><td><a href=\"https:\/\/pruebasaluuclm-my.sharepoint.com\/:u:\/g\/personal\/fabio_monsalve_uclm_es\/ES5TDBjPGS5Fqgw8fWIZa8sBHWA_j-EE7lTDb8o0TXQDDg?e=Cw6HsL\">Econom\u00eda del Medio Ambiente<\/a><\/td><td>Master CryDES<\/td><td>2014\/15<\/td><\/tr><tr><td><a href=\"https:\/\/pruebasaluuclm-my.sharepoint.com\/:u:\/g\/personal\/fabio_monsalve_uclm_es\/Ea2SJanfPsFBjEkkYiM4ttUBVriB_sKnoRUTQikFsQHddg?e=IKNz3y\">Econom\u00eda del Medio Ambiente<\/a><\/td><td>ADE<\/td><td>2006\/07<\/td><\/tr><tr><td><a href=\"https:\/\/pruebasaluuclm-my.sharepoint.com\/:u:\/g\/personal\/fabio_monsalve_uclm_es\/EU7Jf0dIfDZJjgds3TMJTRwB5MCAmaP3cJRFC-s9sswNUQ?e=mGKlCa\">Econom\u00eda Industrial<\/a><\/td><td>ADE<\/td><td>2004\/05<\/td><\/tr><tr><td><a href=\"https:\/\/pruebasaluuclm-my.sharepoint.com\/:u:\/g\/personal\/fabio_monsalve_uclm_es\/Eb-Qcni9o6xJq2ti2SgjYBsBJBP7DNc0fK3wDMgt_plb8w?e=I7NvwS\">Uni\u00f3n Econ\u00f3mica y Monetaria<\/a><\/td><td>ADE<\/td><td>2004\/05<\/td><\/tr><\/tbody><\/table><\/figure>\n\n\n\n<p><\/p>\n\n\n\n<p><\/p>\n","protected":false},"excerpt":{"rendered":"<p>Materiales docentes de las asignaturas que ya no imparto en la actualidad. Los archivos est\u00e1n en formato comprimido. Todos ellos incluyen programa de la asignatura y presentaciones detalladas de los contenidos; adicionalmente, las asignaturas de Econom\u00eda Industrial y Uni\u00f3n Econ\u00f3mica y Monetaria incluyen los temarios completos. Nota.- Debido a la directiva de caducidad de los [&hellip;]<\/p>\n","protected":false},"author":320,"featured_media":0,"parent":0,"menu_order":5,"comment_status":"closed","ping_status":"open","template":"page-templates\/full-width.php","meta":{"footnotes":""},"class_list":["post-288","page","type-page","status-publish","hentry"],"_links":{"self":[{"href":"https:\/\/blog.uclm.es\/fabiomonsalve\/wp-json\/wp\/v2\/pages\/288","targetHints":{"allow":["GET"]}}],"collection":[{"href":"https:\/\/blog.uclm.es\/fabiomonsalve\/wp-json\/wp\/v2\/pages"}],"about":[{"href":"https:\/\/blog.uclm.es\/fabiomonsalve\/wp-json\/wp\/v2\/types\/page"}],"author":[{"embeddable":true,"href":"https:\/\/blog.uclm.es\/fabiomonsalve\/wp-json\/wp\/v2\/users\/320"}],"replies":[{"embeddable":true,"href":"https:\/\/blog.uclm.es\/fabiomonsalve\/wp-json\/wp\/v2\/comments?post=288"}],"version-history":[{"count":13,"href":"https:\/\/blog.uclm.es\/fabiomonsalve\/wp-json\/wp\/v2\/pages\/288\/revisions"}],"predecessor-version":[{"id":3398,"href":"https:\/\/blog.uclm.es\/fabiomonsalve\/wp-json\/wp\/v2\/pages\/288\/revisions\/3398"}],"wp:attachment":[{"href":"https:\/\/blog.uclm.es\/fabiomonsalve\/wp-json\/wp\/v2\/media?parent=288"}],"curies":[{"name":"wp","href":"https:\/\/api.w.org\/{rel}","templated":true}]}}