{"id":92,"date":"2024-12-15T16:32:40","date_gmt":"2024-12-15T15:32:40","guid":{"rendered":"https:\/\/blog.uclm.es\/estudiantesletras\/?page_id=92"},"modified":"2025-04-22T02:02:09","modified_gmt":"2025-04-22T00:02:09","slug":"normativa","status":"publish","type":"page","link":"https:\/\/blog.uclm.es\/estudiantesletras\/normativa\/","title":{"rendered":"NORMATIVA"},"content":{"rendered":"\n<p>Aqu\u00ed podr\u00e1s encontrar toda la documentaci\u00f3n relativa a la normativa interna de la DEFL-UCLM, as\u00ed como acceso directo a la de la DECCR-UCLM, del CRE-UCLM, de la UCLM y a la legislaci\u00f3n nacional y auton\u00f3mica:<\/p>\n\n\n\n<div style=\"height:26px\" aria-hidden=\"true\" class=\"wp-block-spacer\"><\/div>\n\n\n\n<p class=\"has-text-align-center has-white-color has-text-color has-background has-link-color wp-elements-e8863408308415cf5c8cc799326b600b\" style=\"background-color:#d18f8e\"><strong>NORMATIVA INTERNA DE LA DEFL-UCLM<\/strong><\/p>\n\n\n\n<div style=\"height:34px\" aria-hidden=\"true\" class=\"wp-block-spacer\"><\/div>\n\n\n\n<p class=\"has-text-align-center has-white-color has-text-color has-background has-link-color wp-elements-380aacb828b72c3451bfe9139a030e39\" style=\"background-color:#1421e6\"><strong>NORMATIVA INTERNA DE LA DECCR-UCLM<\/strong><\/p>\n\n\n<div class=\"wp-block-image is-style-default\">\n<figure class=\"aligncenter size-large is-resized\"><a href=\"https:\/\/blog.uclm.es\/estudiantescr\/normativa\/\"><img loading=\"lazy\" decoding=\"async\" width=\"1024\" height=\"732\" src=\"https:\/\/blog.uclm.es\/estudiantesletras\/wp-content\/uploads\/sites\/306\/2025\/04\/cr4-e1745191939631-1024x732.png\" alt=\"\" class=\"wp-image-576\" style=\"width:364px;height:auto\" srcset=\"https:\/\/blog.uclm.es\/estudiantesletras\/wp-content\/uploads\/sites\/306\/2025\/04\/cr4-e1745191939631-1024x732.png 1024w, https:\/\/blog.uclm.es\/estudiantesletras\/wp-content\/uploads\/sites\/306\/2025\/04\/cr4-e1745191939631-300x215.png 300w, https:\/\/blog.uclm.es\/estudiantesletras\/wp-content\/uploads\/sites\/306\/2025\/04\/cr4-e1745191939631-768x549.png 768w, https:\/\/blog.uclm.es\/estudiantesletras\/wp-content\/uploads\/sites\/306\/2025\/04\/cr4-e1745191939631-1536x1098.png 1536w, https:\/\/blog.uclm.es\/estudiantesletras\/wp-content\/uploads\/sites\/306\/2025\/04\/cr4-e1745191939631.png 2000w\" sizes=\"auto, (max-width: 767px) 89vw, (max-width: 1000px) 54vw, (max-width: 1071px) 543px, 580px\" \/><\/a><\/figure>\n<\/div>\n\n\n<div style=\"height:46px\" aria-hidden=\"true\" class=\"wp-block-spacer\"><\/div>\n\n\n\n<p class=\"has-text-align-center has-white-color has-text-color has-background has-link-color wp-elements-e67d12ebbfa5fbece9477a512d56956f\" style=\"background-color:#67001d\"><strong><strong>RESTO DE NORMATIVA (CRE-UCLM, UCLM Y LEGISLACI\u00d3N NACIONAL Y AUTON\u00d3MICA)<\/strong><\/strong><\/p>\n\n\n<div class=\"wp-block-image\">\n<figure class=\"aligncenter size-full is-resized\"><a href=\"https:\/\/blog.uclm.es\/creuclm\/documentacion\/\"><img loading=\"lazy\" decoding=\"async\" width=\"1000\" height=\"1000\" src=\"https:\/\/blog.uclm.es\/estudiantesletras\/wp-content\/uploads\/sites\/306\/2025\/04\/igcre_isot_1A.png\" alt=\"\" class=\"wp-image-489\" style=\"width:350px;height:auto\" srcset=\"https:\/\/blog.uclm.es\/estudiantesletras\/wp-content\/uploads\/sites\/306\/2025\/04\/igcre_isot_1A.png 1000w, https:\/\/blog.uclm.es\/estudiantesletras\/wp-content\/uploads\/sites\/306\/2025\/04\/igcre_isot_1A-300x300.png 300w, https:\/\/blog.uclm.es\/estudiantesletras\/wp-content\/uploads\/sites\/306\/2025\/04\/igcre_isot_1A-150x150.png 150w, https:\/\/blog.uclm.es\/estudiantesletras\/wp-content\/uploads\/sites\/306\/2025\/04\/igcre_isot_1A-768x768.png 768w, https:\/\/blog.uclm.es\/estudiantesletras\/wp-content\/uploads\/sites\/306\/2025\/04\/igcre_isot_1A-100x100.png 100w\" sizes=\"auto, (max-width: 767px) 89vw, (max-width: 1000px) 54vw, (max-width: 1071px) 543px, 580px\" \/><\/a><\/figure>\n<\/div>\n\n\n<div style=\"height:37px\" aria-hidden=\"true\" class=\"wp-block-spacer\"><\/div>\n\n\n\n<hr class=\"wp-block-separator has-text-color has-black-color has-alpha-channel-opacity has-black-background-color has-background\" \/>\n\n\n\n<div style=\"height:41px\" aria-hidden=\"true\" class=\"wp-block-spacer\"><\/div>\n\n\n\n<div class=\"wp-block-columns is-layout-flex wp-container-core-columns-is-layout-9d6595d7 wp-block-columns-is-layout-flex\">\n<div class=\"wp-block-column is-layout-flow wp-block-column-is-layout-flow\">\n<figure class=\"wp-block-image size-full\"><img loading=\"lazy\" decoding=\"async\" width=\"232\" height=\"226\" src=\"https:\/\/blog.uclm.es\/estudiantesletras\/wp-content\/uploads\/sites\/306\/2025\/04\/Captura-de-pantalla-2025-04-21-a-las-1.30.30.png\" alt=\"\" class=\"wp-image-574\" \/><\/figure>\n<\/div>\n\n\n\n<div class=\"wp-block-column is-vertically-aligned-center is-layout-flow wp-block-column-is-layout-flow\"><div class=\"wp-block-image\">\n<figure class=\"aligncenter size-full\"><img decoding=\"async\" src=\"https:\/\/blog.uclm.es\/estudiantesletras\/wp-content\/uploads\/sites\/306\/2025\/04\/SIMBOLO_UCLM_2021.jpg\" alt=\"\" class=\"wp-image-445\" \/><\/figure>\n<\/div><\/div>\n<\/div>\n","protected":false},"excerpt":{"rendered":"<p>Aqu\u00ed podr\u00e1s encontrar toda la documentaci\u00f3n relativa a la normativa interna de la DEFL-UCLM, as\u00ed como acceso directo a la de la DECCR-UCLM, del CRE-UCLM, de la UCLM y a la legislaci\u00f3n nacional y auton\u00f3mica: NORMATIVA INTERNA DE LA DEFL-UCLM NORMATIVA INTERNA DE LA DECCR-UCLM RESTO DE NORMATIVA (CRE-UCLM, UCLM Y LEGISLACI\u00d3N NACIONAL Y AUTON\u00d3MICA)<\/p>\n","protected":false},"author":470,"featured_media":0,"parent":0,"menu_order":0,"comment_status":"closed","ping_status":"closed","template":"","meta":{"footnotes":""},"class_list":["post-92","page","type-page","status-publish","hentry"],"_links":{"self":[{"href":"https:\/\/blog.uclm.es\/estudiantesletras\/wp-json\/wp\/v2\/pages\/92","targetHints":{"allow":["GET"]}}],"collection":[{"href":"https:\/\/blog.uclm.es\/estudiantesletras\/wp-json\/wp\/v2\/pages"}],"about":[{"href":"https:\/\/blog.uclm.es\/estudiantesletras\/wp-json\/wp\/v2\/types\/page"}],"author":[{"embeddable":true,"href":"https:\/\/blog.uclm.es\/estudiantesletras\/wp-json\/wp\/v2\/users\/470"}],"replies":[{"embeddable":true,"href":"https:\/\/blog.uclm.es\/estudiantesletras\/wp-json\/wp\/v2\/comments?post=92"}],"version-history":[{"count":9,"href":"https:\/\/blog.uclm.es\/estudiantesletras\/wp-json\/wp\/v2\/pages\/92\/revisions"}],"predecessor-version":[{"id":707,"href":"https:\/\/blog.uclm.es\/estudiantesletras\/wp-json\/wp\/v2\/pages\/92\/revisions\/707"}],"wp:attachment":[{"href":"https:\/\/blog.uclm.es\/estudiantesletras\/wp-json\/wp\/v2\/media?parent=92"}],"curies":[{"name":"wp","href":"https:\/\/api.w.org\/{rel}","templated":true}]}}