{"id":63,"date":"2024-12-15T16:16:01","date_gmt":"2024-12-15T15:16:01","guid":{"rendered":"https:\/\/blog.uclm.es\/estudiantesletras\/?page_id=63"},"modified":"2025-09-07T01:09:10","modified_gmt":"2025-09-06T23:09:10","slug":"plenos","status":"publish","type":"page","link":"https:\/\/blog.uclm.es\/estudiantesletras\/plenos\/","title":{"rendered":"PLENOS"},"content":{"rendered":"\n<p>Aqu\u00ed podr\u00e1s acceder al hist\u00f3rico de los plenos y sesiones de la DEFL-UCLM, desde el a\u00f1o 2020 hasta el presente:<\/p>\n\n\n\n<figure class=\"wp-block-image size-large\"><a href=\"https:\/\/drive.google.com\/drive\/folders\/1uJ7AbIvk9JkTYoxD-xrYjuBJrBJWY_rS?usp=sharing\"><img loading=\"lazy\" decoding=\"async\" width=\"1024\" height=\"512\" src=\"https:\/\/blog.uclm.es\/estudiantesletras\/wp-content\/uploads\/sites\/306\/2025\/04\/1-1-1024x512.png\" alt=\"\" class=\"wp-image-337\" srcset=\"https:\/\/blog.uclm.es\/estudiantesletras\/wp-content\/uploads\/sites\/306\/2025\/04\/1-1-1024x512.png 1024w, https:\/\/blog.uclm.es\/estudiantesletras\/wp-content\/uploads\/sites\/306\/2025\/04\/1-1-300x150.png 300w, https:\/\/blog.uclm.es\/estudiantesletras\/wp-content\/uploads\/sites\/306\/2025\/04\/1-1-768x384.png 768w, https:\/\/blog.uclm.es\/estudiantesletras\/wp-content\/uploads\/sites\/306\/2025\/04\/1-1-1536x768.png 1536w, https:\/\/blog.uclm.es\/estudiantesletras\/wp-content\/uploads\/sites\/306\/2025\/04\/1-1-2048x1024.png 2048w\" sizes=\"auto, (max-width: 767px) 89vw, (max-width: 1000px) 54vw, (max-width: 1071px) 543px, 580px\" \/><\/a><\/figure>\n\n\n\n<div style=\"height:24px\" aria-hidden=\"true\" class=\"wp-block-spacer\"><\/div>\n\n\n\n<figure class=\"wp-block-image size-large\"><a href=\"https:\/\/drive.google.com\/drive\/folders\/1L7mOGtFjrvxWy8XbmlPF5e_P_7KiQzhr?usp=sharing\"><img loading=\"lazy\" decoding=\"async\" width=\"1024\" height=\"512\" src=\"https:\/\/blog.uclm.es\/estudiantesletras\/wp-content\/uploads\/sites\/306\/2025\/04\/2-1-1024x512.png\" alt=\"\" class=\"wp-image-338\" srcset=\"https:\/\/blog.uclm.es\/estudiantesletras\/wp-content\/uploads\/sites\/306\/2025\/04\/2-1-1024x512.png 1024w, https:\/\/blog.uclm.es\/estudiantesletras\/wp-content\/uploads\/sites\/306\/2025\/04\/2-1-300x150.png 300w, https:\/\/blog.uclm.es\/estudiantesletras\/wp-content\/uploads\/sites\/306\/2025\/04\/2-1-768x384.png 768w, https:\/\/blog.uclm.es\/estudiantesletras\/wp-content\/uploads\/sites\/306\/2025\/04\/2-1-1536x768.png 1536w, https:\/\/blog.uclm.es\/estudiantesletras\/wp-content\/uploads\/sites\/306\/2025\/04\/2-1-2048x1024.png 2048w\" sizes=\"auto, (max-width: 767px) 89vw, (max-width: 1000px) 54vw, (max-width: 1071px) 543px, 580px\" \/><\/a><\/figure>\n\n\n\n<div style=\"height:26px\" aria-hidden=\"true\" class=\"wp-block-spacer\"><\/div>\n\n\n\n<figure class=\"wp-block-image size-large\"><a href=\"https:\/\/drive.google.com\/drive\/folders\/1_AbOqYpamnhX4EDeyLnezjrkS-Rmgm6H?usp=sharing\"><img loading=\"lazy\" decoding=\"async\" width=\"1024\" height=\"512\" src=\"https:\/\/blog.uclm.es\/estudiantesletras\/wp-content\/uploads\/sites\/306\/2025\/04\/3-1-1024x512.png\" alt=\"\" class=\"wp-image-339\" srcset=\"https:\/\/blog.uclm.es\/estudiantesletras\/wp-content\/uploads\/sites\/306\/2025\/04\/3-1-1024x512.png 1024w, https:\/\/blog.uclm.es\/estudiantesletras\/wp-content\/uploads\/sites\/306\/2025\/04\/3-1-300x150.png 300w, https:\/\/blog.uclm.es\/estudiantesletras\/wp-content\/uploads\/sites\/306\/2025\/04\/3-1-768x384.png 768w, https:\/\/blog.uclm.es\/estudiantesletras\/wp-content\/uploads\/sites\/306\/2025\/04\/3-1-1536x768.png 1536w, https:\/\/blog.uclm.es\/estudiantesletras\/wp-content\/uploads\/sites\/306\/2025\/04\/3-1-2048x1024.png 2048w\" sizes=\"auto, (max-width: 767px) 89vw, (max-width: 1000px) 54vw, (max-width: 1071px) 543px, 580px\" \/><\/a><\/figure>\n\n\n\n<div style=\"height:23px\" aria-hidden=\"true\" class=\"wp-block-spacer\"><\/div>\n\n\n\n<figure class=\"wp-block-image size-large\"><a href=\"https:\/\/drive.google.com\/drive\/folders\/1NI-jli4DfUAlPuDBjOZP4DWu8q3LF4ne?usp=sharing\"><img loading=\"lazy\" decoding=\"async\" width=\"1024\" height=\"512\" src=\"https:\/\/blog.uclm.es\/estudiantesletras\/wp-content\/uploads\/sites\/306\/2025\/04\/4-1-1024x512.png\" alt=\"\" class=\"wp-image-340\" srcset=\"https:\/\/blog.uclm.es\/estudiantesletras\/wp-content\/uploads\/sites\/306\/2025\/04\/4-1-1024x512.png 1024w, https:\/\/blog.uclm.es\/estudiantesletras\/wp-content\/uploads\/sites\/306\/2025\/04\/4-1-300x150.png 300w, https:\/\/blog.uclm.es\/estudiantesletras\/wp-content\/uploads\/sites\/306\/2025\/04\/4-1-768x384.png 768w, https:\/\/blog.uclm.es\/estudiantesletras\/wp-content\/uploads\/sites\/306\/2025\/04\/4-1-1536x768.png 1536w, https:\/\/blog.uclm.es\/estudiantesletras\/wp-content\/uploads\/sites\/306\/2025\/04\/4-1-2048x1024.png 2048w\" sizes=\"auto, (max-width: 767px) 89vw, (max-width: 1000px) 54vw, (max-width: 1071px) 543px, 580px\" \/><\/a><\/figure>\n\n\n\n<div style=\"height:26px\" aria-hidden=\"true\" class=\"wp-block-spacer\"><\/div>\n\n\n\n<figure class=\"wp-block-image size-large\"><a href=\"https:\/\/drive.google.com\/drive\/folders\/1XRGDW2K3WAA4zmWy36itmU6L7LuJHoka?usp=sharing\"><img loading=\"lazy\" decoding=\"async\" width=\"1024\" height=\"512\" src=\"https:\/\/blog.uclm.es\/estudiantesletras\/wp-content\/uploads\/sites\/306\/2025\/04\/5-1-1024x512.png\" alt=\"\" class=\"wp-image-341\" srcset=\"https:\/\/blog.uclm.es\/estudiantesletras\/wp-content\/uploads\/sites\/306\/2025\/04\/5-1-1024x512.png 1024w, https:\/\/blog.uclm.es\/estudiantesletras\/wp-content\/uploads\/sites\/306\/2025\/04\/5-1-300x150.png 300w, https:\/\/blog.uclm.es\/estudiantesletras\/wp-content\/uploads\/sites\/306\/2025\/04\/5-1-768x384.png 768w, https:\/\/blog.uclm.es\/estudiantesletras\/wp-content\/uploads\/sites\/306\/2025\/04\/5-1-1536x768.png 1536w, https:\/\/blog.uclm.es\/estudiantesletras\/wp-content\/uploads\/sites\/306\/2025\/04\/5-1-2048x1024.png 2048w\" sizes=\"auto, (max-width: 767px) 89vw, (max-width: 1000px) 54vw, (max-width: 1071px) 543px, 580px\" \/><\/a><\/figure>\n\n\n\n<div style=\"height:18px\" aria-hidden=\"true\" class=\"wp-block-spacer\"><\/div>\n\n\n\n<figure class=\"wp-block-image size-large\"><a href=\"https:\/\/drive.google.com\/drive\/folders\/1iW7RbYvqKcbBuRxdkkzMmBN9kp1taPcf?usp=sharing\"><img loading=\"lazy\" decoding=\"async\" width=\"1024\" height=\"512\" src=\"https:\/\/blog.uclm.es\/estudiantesletras\/wp-content\/uploads\/sites\/306\/2025\/04\/6-1-1024x512.png\" alt=\"\" class=\"wp-image-342\" srcset=\"https:\/\/blog.uclm.es\/estudiantesletras\/wp-content\/uploads\/sites\/306\/2025\/04\/6-1-1024x512.png 1024w, https:\/\/blog.uclm.es\/estudiantesletras\/wp-content\/uploads\/sites\/306\/2025\/04\/6-1-300x150.png 300w, https:\/\/blog.uclm.es\/estudiantesletras\/wp-content\/uploads\/sites\/306\/2025\/04\/6-1-768x384.png 768w, https:\/\/blog.uclm.es\/estudiantesletras\/wp-content\/uploads\/sites\/306\/2025\/04\/6-1-1536x768.png 1536w, https:\/\/blog.uclm.es\/estudiantesletras\/wp-content\/uploads\/sites\/306\/2025\/04\/6-1-2048x1024.png 2048w\" sizes=\"auto, (max-width: 767px) 89vw, (max-width: 1000px) 54vw, (max-width: 1071px) 543px, 580px\" \/><\/a><\/figure>\n\n\n\n<p><\/p>\n","protected":false},"excerpt":{"rendered":"<p>Aqu\u00ed podr\u00e1s acceder al hist\u00f3rico de los plenos y sesiones de la DEFL-UCLM, desde el a\u00f1o 2020 hasta el presente:<\/p>\n","protected":false},"author":470,"featured_media":0,"parent":0,"menu_order":0,"comment_status":"closed","ping_status":"closed","template":"","meta":{"footnotes":""},"class_list":["post-63","page","type-page","status-publish","hentry"],"_links":{"self":[{"href":"https:\/\/blog.uclm.es\/estudiantesletras\/wp-json\/wp\/v2\/pages\/63","targetHints":{"allow":["GET"]}}],"collection":[{"href":"https:\/\/blog.uclm.es\/estudiantesletras\/wp-json\/wp\/v2\/pages"}],"about":[{"href":"https:\/\/blog.uclm.es\/estudiantesletras\/wp-json\/wp\/v2\/types\/page"}],"author":[{"embeddable":true,"href":"https:\/\/blog.uclm.es\/estudiantesletras\/wp-json\/wp\/v2\/users\/470"}],"replies":[{"embeddable":true,"href":"https:\/\/blog.uclm.es\/estudiantesletras\/wp-json\/wp\/v2\/comments?post=63"}],"version-history":[{"count":6,"href":"https:\/\/blog.uclm.es\/estudiantesletras\/wp-json\/wp\/v2\/pages\/63\/revisions"}],"predecessor-version":[{"id":833,"href":"https:\/\/blog.uclm.es\/estudiantesletras\/wp-json\/wp\/v2\/pages\/63\/revisions\/833"}],"wp:attachment":[{"href":"https:\/\/blog.uclm.es\/estudiantesletras\/wp-json\/wp\/v2\/media?parent=63"}],"curies":[{"name":"wp","href":"https:\/\/api.w.org\/{rel}","templated":true}]}}