{"id":622,"date":"2025-04-21T02:34:54","date_gmt":"2025-04-21T00:34:54","guid":{"rendered":"https:\/\/blog.uclm.es\/estudiantesletras\/?page_id=622"},"modified":"2025-10-22T00:26:46","modified_gmt":"2025-10-21T22:26:46","slug":"consejos-de-departamento","status":"publish","type":"page","link":"https:\/\/blog.uclm.es\/estudiantesletras\/consejos-de-departamento\/","title":{"rendered":"CONSEJOS DE DEPARTAMENTO"},"content":{"rendered":"\n<p class=\"has-text-align-left\" style=\"font-size:17px\">Aqu\u00ed podr\u00e1s encontrar el enlace directo (haciendo click en cualquiera de las im\u00e1genes) a las p\u00e1ginas web de contacto de los distintos consejos de departamento en los que existe estudiantado que forma parte de nuestra delegaci\u00f3n.<\/p>\n\n\n\n<div style=\"height:38px\" aria-hidden=\"true\" class=\"wp-block-spacer\"><\/div>\n\n\n\n<p style=\"font-size:17px\"><em><strong>Departamento de Filolog\u00eda Moderna<\/strong><\/em><\/p>\n\n\n\n<div class=\"wp-block-columns is-layout-flex wp-container-core-columns-is-layout-9d6595d7 wp-block-columns-is-layout-flex\">\n<div class=\"wp-block-column is-layout-flow wp-block-column-is-layout-flow\">\n<figure class=\"wp-block-image size-full\"><a href=\"https:\/\/www.uclm.es\/es\/Departamentos\/filologia-moderna\"><img loading=\"lazy\" decoding=\"async\" width=\"362\" height=\"334\" src=\"https:\/\/blog.uclm.es\/estudiantesletras\/wp-content\/uploads\/sites\/306\/2025\/04\/igfl_iso_cfb_lenguasmodernas.png\" alt=\"\" class=\"wp-image-534\" srcset=\"https:\/\/blog.uclm.es\/estudiantesletras\/wp-content\/uploads\/sites\/306\/2025\/04\/igfl_iso_cfb_lenguasmodernas.png 362w, https:\/\/blog.uclm.es\/estudiantesletras\/wp-content\/uploads\/sites\/306\/2025\/04\/igfl_iso_cfb_lenguasmodernas-300x277.png 300w\" sizes=\"auto, (max-width: 362px) 100vw, 362px\" \/><\/a><\/figure>\n<\/div>\n\n\n\n<div class=\"wp-block-column is-vertically-aligned-center is-layout-flow wp-block-column-is-layout-flow\"><div class=\"wp-block-image\">\n<figure class=\"aligncenter size-full\"><a href=\"https:\/\/www.uclm.es\/es\/Departamentos\/filologia-moderna\"><img loading=\"lazy\" decoding=\"async\" width=\"2008\" height=\"626\" src=\"https:\/\/blog.uclm.es\/estudiantesletras\/wp-content\/uploads\/sites\/306\/2025\/10\/Logo_UCLM_40.jpg\" alt=\"\" class=\"wp-image-852\" srcset=\"https:\/\/blog.uclm.es\/estudiantesletras\/wp-content\/uploads\/sites\/306\/2025\/10\/Logo_UCLM_40.jpg 2008w, https:\/\/blog.uclm.es\/estudiantesletras\/wp-content\/uploads\/sites\/306\/2025\/10\/Logo_UCLM_40-300x94.jpg 300w, https:\/\/blog.uclm.es\/estudiantesletras\/wp-content\/uploads\/sites\/306\/2025\/10\/Logo_UCLM_40-1024x319.jpg 1024w, https:\/\/blog.uclm.es\/estudiantesletras\/wp-content\/uploads\/sites\/306\/2025\/10\/Logo_UCLM_40-768x239.jpg 768w, https:\/\/blog.uclm.es\/estudiantesletras\/wp-content\/uploads\/sites\/306\/2025\/10\/Logo_UCLM_40-1536x479.jpg 1536w\" sizes=\"auto, (max-width: 767px) 89vw, (max-width: 1000px) 54vw, (max-width: 1071px) 543px, 580px\" \/><\/a><\/figure>\n<\/div><\/div>\n\n\n\n<div class=\"wp-block-column is-layout-flow wp-block-column-is-layout-flow\">\n<figure class=\"wp-block-image size-full\"><a href=\"https:\/\/www.uclm.es\/es\/Departamentos\/filologia-moderna\"><img loading=\"lazy\" decoding=\"async\" width=\"362\" height=\"334\" src=\"https:\/\/blog.uclm.es\/estudiantesletras\/wp-content\/uploads\/sites\/306\/2025\/04\/igfl_iso_cfb_estudiosingleses.png\" alt=\"\" class=\"wp-image-536\" srcset=\"https:\/\/blog.uclm.es\/estudiantesletras\/wp-content\/uploads\/sites\/306\/2025\/04\/igfl_iso_cfb_estudiosingleses.png 362w, https:\/\/blog.uclm.es\/estudiantesletras\/wp-content\/uploads\/sites\/306\/2025\/04\/igfl_iso_cfb_estudiosingleses-300x277.png 300w\" sizes=\"auto, (max-width: 362px) 100vw, 362px\" \/><\/a><\/figure>\n<\/div>\n<\/div>\n\n\n\n<div class=\"wp-block-columns is-layout-flex wp-container-core-columns-is-layout-9d6595d7 wp-block-columns-is-layout-flex\">\n<div class=\"wp-block-column is-layout-flow wp-block-column-is-layout-flow\" style=\"flex-basis:66.66%\">\n<p style=\"font-size:17px\"><strong><em>Departamento de Filolog\u00eda Hisp\u00e1<\/em><\/strong><em><strong>nica y Cl\u00e1sica<\/strong><\/em><\/p>\n<\/div>\n\n\n\n<div class=\"wp-block-column is-layout-flow wp-block-column-is-layout-flow\" style=\"flex-basis:33.33%\"><\/div>\n<\/div>\n\n\n\n<div class=\"wp-block-columns is-layout-flex wp-container-core-columns-is-layout-9d6595d7 wp-block-columns-is-layout-flex\">\n<div class=\"wp-block-column is-layout-flow wp-block-column-is-layout-flow\">\n<figure class=\"wp-block-image size-full\"><a href=\"https:\/\/www.uclm.es\/es\/Departamentos\/fhic\"><img loading=\"lazy\" decoding=\"async\" width=\"350\" height=\"334\" src=\"https:\/\/blog.uclm.es\/estudiantesletras\/wp-content\/uploads\/sites\/306\/2025\/04\/igfl_iso_cfb_espanol.png\" alt=\"\" class=\"wp-image-537\" srcset=\"https:\/\/blog.uclm.es\/estudiantesletras\/wp-content\/uploads\/sites\/306\/2025\/04\/igfl_iso_cfb_espanol.png 350w, https:\/\/blog.uclm.es\/estudiantesletras\/wp-content\/uploads\/sites\/306\/2025\/04\/igfl_iso_cfb_espanol-300x286.png 300w\" sizes=\"auto, (max-width: 350px) 100vw, 350px\" \/><\/a><\/figure>\n<\/div>\n\n\n\n<div class=\"wp-block-column is-vertically-aligned-center is-layout-flow wp-block-column-is-layout-flow\"><div class=\"wp-block-image\">\n<figure class=\"aligncenter size-full\"><a href=\"https:\/\/www.uclm.es\/es\/Departamentos\/fhic\"><img loading=\"lazy\" decoding=\"async\" width=\"2008\" height=\"626\" src=\"https:\/\/blog.uclm.es\/estudiantesletras\/wp-content\/uploads\/sites\/306\/2025\/10\/Logo_UCLM_40.jpg\" alt=\"\" class=\"wp-image-852\" srcset=\"https:\/\/blog.uclm.es\/estudiantesletras\/wp-content\/uploads\/sites\/306\/2025\/10\/Logo_UCLM_40.jpg 2008w, https:\/\/blog.uclm.es\/estudiantesletras\/wp-content\/uploads\/sites\/306\/2025\/10\/Logo_UCLM_40-300x94.jpg 300w, https:\/\/blog.uclm.es\/estudiantesletras\/wp-content\/uploads\/sites\/306\/2025\/10\/Logo_UCLM_40-1024x319.jpg 1024w, https:\/\/blog.uclm.es\/estudiantesletras\/wp-content\/uploads\/sites\/306\/2025\/10\/Logo_UCLM_40-768x239.jpg 768w, https:\/\/blog.uclm.es\/estudiantesletras\/wp-content\/uploads\/sites\/306\/2025\/10\/Logo_UCLM_40-1536x479.jpg 1536w\" sizes=\"auto, (max-width: 767px) 89vw, (max-width: 1000px) 54vw, (max-width: 1071px) 543px, 580px\" \/><\/a><\/figure>\n<\/div><\/div>\n\n\n\n<div class=\"wp-block-column is-layout-flow wp-block-column-is-layout-flow\">\n<figure class=\"wp-block-image size-full\"><a href=\"https:\/\/www.uclm.es\/es\/Departamentos\/fhic\"><img loading=\"lazy\" decoding=\"async\" width=\"350\" height=\"334\" src=\"https:\/\/blog.uclm.es\/estudiantesletras\/wp-content\/uploads\/sites\/306\/2025\/04\/igfl_iso_cfb_espanol.png\" alt=\"\" class=\"wp-image-537\" srcset=\"https:\/\/blog.uclm.es\/estudiantesletras\/wp-content\/uploads\/sites\/306\/2025\/04\/igfl_iso_cfb_espanol.png 350w, https:\/\/blog.uclm.es\/estudiantesletras\/wp-content\/uploads\/sites\/306\/2025\/04\/igfl_iso_cfb_espanol-300x286.png 300w\" sizes=\"auto, (max-width: 350px) 100vw, 350px\" \/><\/a><\/figure>\n<\/div>\n<\/div>\n\n\n\n<div class=\"wp-block-columns is-layout-flex wp-container-core-columns-is-layout-9d6595d7 wp-block-columns-is-layout-flex\">\n<div class=\"wp-block-column is-layout-flow wp-block-column-is-layout-flow\" style=\"flex-basis:66.66%\">\n<p style=\"font-size:17px\"><strong><em>Departamento de Filosof\u00eda, Antropolog\u00eda y Est\u00e9tica<\/em><\/strong><\/p>\n<\/div>\n\n\n\n<div class=\"wp-block-column is-layout-flow wp-block-column-is-layout-flow\" style=\"flex-basis:33.33%\"><\/div>\n<\/div>\n\n\n\n<div class=\"wp-block-columns is-layout-flex wp-container-core-columns-is-layout-9d6595d7 wp-block-columns-is-layout-flex\">\n<div class=\"wp-block-column is-layout-flow wp-block-column-is-layout-flow\">\n<figure class=\"wp-block-image size-full\"><a href=\"https:\/\/www.uclm.es\/es\/Departamentos\/filosofia\"><img loading=\"lazy\" decoding=\"async\" width=\"468\" height=\"462\" src=\"https:\/\/blog.uclm.es\/estudiantesletras\/wp-content\/uploads\/sites\/306\/2025\/04\/igfl_iso_cfb_masterantropologia.png\" alt=\"\" class=\"wp-image-552\" srcset=\"https:\/\/blog.uclm.es\/estudiantesletras\/wp-content\/uploads\/sites\/306\/2025\/04\/igfl_iso_cfb_masterantropologia.png 468w, https:\/\/blog.uclm.es\/estudiantesletras\/wp-content\/uploads\/sites\/306\/2025\/04\/igfl_iso_cfb_masterantropologia-300x296.png 300w, https:\/\/blog.uclm.es\/estudiantesletras\/wp-content\/uploads\/sites\/306\/2025\/04\/igfl_iso_cfb_masterantropologia-100x100.png 100w\" sizes=\"auto, (max-width: 468px) 100vw, 468px\" \/><\/a><\/figure>\n<\/div>\n\n\n\n<div class=\"wp-block-column is-vertically-aligned-center is-layout-flow wp-block-column-is-layout-flow\"><div class=\"wp-block-image\">\n<figure class=\"aligncenter size-full\"><a href=\"https:\/\/www.uclm.es\/es\/Departamentos\/filosofia\"><img loading=\"lazy\" decoding=\"async\" width=\"2008\" height=\"626\" src=\"https:\/\/blog.uclm.es\/estudiantesletras\/wp-content\/uploads\/sites\/306\/2025\/10\/Logo_UCLM_40.jpg\" alt=\"\" class=\"wp-image-852\" srcset=\"https:\/\/blog.uclm.es\/estudiantesletras\/wp-content\/uploads\/sites\/306\/2025\/10\/Logo_UCLM_40.jpg 2008w, https:\/\/blog.uclm.es\/estudiantesletras\/wp-content\/uploads\/sites\/306\/2025\/10\/Logo_UCLM_40-300x94.jpg 300w, https:\/\/blog.uclm.es\/estudiantesletras\/wp-content\/uploads\/sites\/306\/2025\/10\/Logo_UCLM_40-1024x319.jpg 1024w, https:\/\/blog.uclm.es\/estudiantesletras\/wp-content\/uploads\/sites\/306\/2025\/10\/Logo_UCLM_40-768x239.jpg 768w, https:\/\/blog.uclm.es\/estudiantesletras\/wp-content\/uploads\/sites\/306\/2025\/10\/Logo_UCLM_40-1536x479.jpg 1536w\" sizes=\"auto, (max-width: 767px) 89vw, (max-width: 1000px) 54vw, (max-width: 1071px) 543px, 580px\" \/><\/a><\/figure>\n<\/div><\/div>\n\n\n\n<div class=\"wp-block-column is-layout-flow wp-block-column-is-layout-flow\">\n<figure class=\"wp-block-image size-full\"><a href=\"https:\/\/www.uclm.es\/es\/Departamentos\/filosofia\"><img loading=\"lazy\" decoding=\"async\" width=\"468\" height=\"462\" src=\"https:\/\/blog.uclm.es\/estudiantesletras\/wp-content\/uploads\/sites\/306\/2025\/04\/igfl_iso_cfb_masterinvestigacion.png\" alt=\"\" class=\"wp-image-544\" srcset=\"https:\/\/blog.uclm.es\/estudiantesletras\/wp-content\/uploads\/sites\/306\/2025\/04\/igfl_iso_cfb_masterinvestigacion.png 468w, https:\/\/blog.uclm.es\/estudiantesletras\/wp-content\/uploads\/sites\/306\/2025\/04\/igfl_iso_cfb_masterinvestigacion-300x296.png 300w, https:\/\/blog.uclm.es\/estudiantesletras\/wp-content\/uploads\/sites\/306\/2025\/04\/igfl_iso_cfb_masterinvestigacion-100x100.png 100w\" sizes=\"auto, (max-width: 468px) 100vw, 468px\" \/><\/a><\/figure>\n<\/div>\n<\/div>\n\n\n\n<div class=\"wp-block-columns is-layout-flex wp-container-core-columns-is-layout-9d6595d7 wp-block-columns-is-layout-flex\">\n<div class=\"wp-block-column is-layout-flow wp-block-column-is-layout-flow\" style=\"flex-basis:66.66%\">\n<p style=\"font-size:17px\"><em><strong>Departamento de Geograf\u00eda, Desarrollo Territorial y Sostenibilidad<\/strong><\/em><\/p>\n<\/div>\n\n\n\n<div class=\"wp-block-column is-layout-flow wp-block-column-is-layout-flow\" style=\"flex-basis:33.33%\"><\/div>\n<\/div>\n\n\n\n<div class=\"wp-block-columns is-layout-flex wp-container-core-columns-is-layout-9d6595d7 wp-block-columns-is-layout-flex\">\n<div class=\"wp-block-column is-layout-flow wp-block-column-is-layout-flow\">\n<figure class=\"wp-block-image size-full\"><a href=\"https:\/\/www.uclm.es\/es\/Departamentos\/geoterr\"><img loading=\"lazy\" decoding=\"async\" width=\"362\" height=\"334\" src=\"https:\/\/blog.uclm.es\/estudiantesletras\/wp-content\/uploads\/sites\/306\/2025\/04\/igfl_iso_cfb_geografia.png\" alt=\"\" class=\"wp-image-541\" srcset=\"https:\/\/blog.uclm.es\/estudiantesletras\/wp-content\/uploads\/sites\/306\/2025\/04\/igfl_iso_cfb_geografia.png 362w, https:\/\/blog.uclm.es\/estudiantesletras\/wp-content\/uploads\/sites\/306\/2025\/04\/igfl_iso_cfb_geografia-300x277.png 300w\" sizes=\"auto, (max-width: 362px) 100vw, 362px\" \/><\/a><\/figure>\n<\/div>\n\n\n\n<div class=\"wp-block-column is-vertically-aligned-center is-layout-flow wp-block-column-is-layout-flow\"><div class=\"wp-block-image\">\n<figure class=\"aligncenter size-full\"><a href=\"https:\/\/www.uclm.es\/es\/Departamentos\/geoterr\"><img loading=\"lazy\" decoding=\"async\" width=\"2008\" height=\"626\" src=\"https:\/\/blog.uclm.es\/estudiantesletras\/wp-content\/uploads\/sites\/306\/2025\/10\/Logo_UCLM_40.jpg\" alt=\"\" class=\"wp-image-852\" srcset=\"https:\/\/blog.uclm.es\/estudiantesletras\/wp-content\/uploads\/sites\/306\/2025\/10\/Logo_UCLM_40.jpg 2008w, https:\/\/blog.uclm.es\/estudiantesletras\/wp-content\/uploads\/sites\/306\/2025\/10\/Logo_UCLM_40-300x94.jpg 300w, https:\/\/blog.uclm.es\/estudiantesletras\/wp-content\/uploads\/sites\/306\/2025\/10\/Logo_UCLM_40-1024x319.jpg 1024w, https:\/\/blog.uclm.es\/estudiantesletras\/wp-content\/uploads\/sites\/306\/2025\/10\/Logo_UCLM_40-768x239.jpg 768w, https:\/\/blog.uclm.es\/estudiantesletras\/wp-content\/uploads\/sites\/306\/2025\/10\/Logo_UCLM_40-1536x479.jpg 1536w\" sizes=\"auto, (max-width: 767px) 89vw, (max-width: 1000px) 54vw, (max-width: 1071px) 543px, 580px\" \/><\/a><\/figure>\n<\/div><\/div>\n\n\n\n<div class=\"wp-block-column is-layout-flow wp-block-column-is-layout-flow\">\n<figure class=\"wp-block-image size-full\"><a href=\"https:\/\/www.uclm.es\/es\/Departamentos\/geoterr\"><img loading=\"lazy\" decoding=\"async\" width=\"362\" height=\"334\" src=\"https:\/\/blog.uclm.es\/estudiantesletras\/wp-content\/uploads\/sites\/306\/2025\/04\/igfl_iso_cfb_historiaygeografia.png\" alt=\"\" class=\"wp-image-542\" srcset=\"https:\/\/blog.uclm.es\/estudiantesletras\/wp-content\/uploads\/sites\/306\/2025\/04\/igfl_iso_cfb_historiaygeografia.png 362w, https:\/\/blog.uclm.es\/estudiantesletras\/wp-content\/uploads\/sites\/306\/2025\/04\/igfl_iso_cfb_historiaygeografia-300x277.png 300w\" sizes=\"auto, (max-width: 362px) 100vw, 362px\" \/><\/a><\/figure>\n<\/div>\n<\/div>\n\n\n\n<div class=\"wp-block-columns is-layout-flex wp-container-core-columns-is-layout-9d6595d7 wp-block-columns-is-layout-flex\">\n<div class=\"wp-block-column is-layout-flow wp-block-column-is-layout-flow\" style=\"flex-basis:66.66%\">\n<p style=\"font-size:17px\"><strong><em>Departamento de Historia<\/em><\/strong><\/p>\n<\/div>\n\n\n\n<div class=\"wp-block-column is-layout-flow wp-block-column-is-layout-flow\" style=\"flex-basis:33.33%\"><\/div>\n<\/div>\n\n\n\n<div class=\"wp-block-columns is-layout-flex wp-container-core-columns-is-layout-9d6595d7 wp-block-columns-is-layout-flex\">\n<div class=\"wp-block-column is-layout-flow wp-block-column-is-layout-flow\">\n<figure class=\"wp-block-image size-full\"><a href=\"https:\/\/www.uclm.es\/es\/Departamentos\/historia\"><img loading=\"lazy\" decoding=\"async\" width=\"362\" height=\"334\" src=\"https:\/\/blog.uclm.es\/estudiantesletras\/wp-content\/uploads\/sites\/306\/2025\/04\/igfl_iso_cfb_historia.png\" alt=\"\" class=\"wp-image-540\" srcset=\"https:\/\/blog.uclm.es\/estudiantesletras\/wp-content\/uploads\/sites\/306\/2025\/04\/igfl_iso_cfb_historia.png 362w, https:\/\/blog.uclm.es\/estudiantesletras\/wp-content\/uploads\/sites\/306\/2025\/04\/igfl_iso_cfb_historia-300x277.png 300w\" sizes=\"auto, (max-width: 362px) 100vw, 362px\" \/><\/a><\/figure>\n<\/div>\n\n\n\n<div class=\"wp-block-column is-vertically-aligned-center is-layout-flow wp-block-column-is-layout-flow\"><div class=\"wp-block-image\">\n<figure class=\"aligncenter size-full\"><a href=\"https:\/\/www.uclm.es\/es\/Departamentos\/historia\"><img loading=\"lazy\" decoding=\"async\" width=\"2008\" height=\"626\" src=\"https:\/\/blog.uclm.es\/estudiantesletras\/wp-content\/uploads\/sites\/306\/2025\/10\/Logo_UCLM_40.jpg\" alt=\"\" class=\"wp-image-852\" srcset=\"https:\/\/blog.uclm.es\/estudiantesletras\/wp-content\/uploads\/sites\/306\/2025\/10\/Logo_UCLM_40.jpg 2008w, https:\/\/blog.uclm.es\/estudiantesletras\/wp-content\/uploads\/sites\/306\/2025\/10\/Logo_UCLM_40-300x94.jpg 300w, https:\/\/blog.uclm.es\/estudiantesletras\/wp-content\/uploads\/sites\/306\/2025\/10\/Logo_UCLM_40-1024x319.jpg 1024w, https:\/\/blog.uclm.es\/estudiantesletras\/wp-content\/uploads\/sites\/306\/2025\/10\/Logo_UCLM_40-768x239.jpg 768w, https:\/\/blog.uclm.es\/estudiantesletras\/wp-content\/uploads\/sites\/306\/2025\/10\/Logo_UCLM_40-1536x479.jpg 1536w\" sizes=\"auto, (max-width: 767px) 89vw, (max-width: 1000px) 54vw, (max-width: 1071px) 543px, 580px\" \/><\/a><\/figure>\n<\/div><\/div>\n\n\n\n<div class=\"wp-block-column is-layout-flow wp-block-column-is-layout-flow\">\n<figure class=\"wp-block-image size-full\"><a href=\"https:\/\/www.uclm.es\/es\/Departamentos\/historia\"><img loading=\"lazy\" decoding=\"async\" width=\"362\" height=\"334\" src=\"https:\/\/blog.uclm.es\/estudiantesletras\/wp-content\/uploads\/sites\/306\/2025\/04\/igfl_iso_cfb_historiaehistoriadelarte.png\" alt=\"\" class=\"wp-image-543\" srcset=\"https:\/\/blog.uclm.es\/estudiantesletras\/wp-content\/uploads\/sites\/306\/2025\/04\/igfl_iso_cfb_historiaehistoriadelarte.png 362w, https:\/\/blog.uclm.es\/estudiantesletras\/wp-content\/uploads\/sites\/306\/2025\/04\/igfl_iso_cfb_historiaehistoriadelarte-300x277.png 300w\" sizes=\"auto, (max-width: 362px) 100vw, 362px\" \/><\/a><\/figure>\n<\/div>\n<\/div>\n\n\n\n<div class=\"wp-block-columns is-layout-flex wp-container-core-columns-is-layout-9d6595d7 wp-block-columns-is-layout-flex\">\n<div class=\"wp-block-column is-layout-flow wp-block-column-is-layout-flow\" style=\"flex-basis:66.66%\">\n<p style=\"font-size:17px\"><em><strong>Departamento de Historia del Arte<\/strong><\/em><\/p>\n<\/div>\n\n\n\n<div class=\"wp-block-column is-layout-flow wp-block-column-is-layout-flow\" style=\"flex-basis:33.33%\"><\/div>\n<\/div>\n\n\n\n<div class=\"wp-block-columns is-layout-flex wp-container-core-columns-is-layout-9d6595d7 wp-block-columns-is-layout-flex\">\n<div class=\"wp-block-column is-layout-flow wp-block-column-is-layout-flow\">\n<figure class=\"wp-block-image size-full\"><a href=\"https:\/\/www.uclm.es\/es\/Departamentos\/historiadelarte\"><img loading=\"lazy\" decoding=\"async\" width=\"362\" height=\"334\" src=\"https:\/\/blog.uclm.es\/estudiantesletras\/wp-content\/uploads\/sites\/306\/2025\/04\/igfl_iso_cfb_historiadelarte.png\" alt=\"\" class=\"wp-image-538\" srcset=\"https:\/\/blog.uclm.es\/estudiantesletras\/wp-content\/uploads\/sites\/306\/2025\/04\/igfl_iso_cfb_historiadelarte.png 362w, https:\/\/blog.uclm.es\/estudiantesletras\/wp-content\/uploads\/sites\/306\/2025\/04\/igfl_iso_cfb_historiadelarte-300x277.png 300w\" sizes=\"auto, (max-width: 362px) 100vw, 362px\" \/><\/a><\/figure>\n<\/div>\n\n\n\n<div class=\"wp-block-column is-vertically-aligned-center is-layout-flow wp-block-column-is-layout-flow\"><div class=\"wp-block-image\">\n<figure class=\"aligncenter size-full\"><a href=\"https:\/\/www.uclm.es\/es\/Departamentos\/historiadelarte\"><img loading=\"lazy\" decoding=\"async\" width=\"2008\" height=\"626\" src=\"https:\/\/blog.uclm.es\/estudiantesletras\/wp-content\/uploads\/sites\/306\/2025\/10\/Logo_UCLM_40.jpg\" alt=\"\" class=\"wp-image-852\" srcset=\"https:\/\/blog.uclm.es\/estudiantesletras\/wp-content\/uploads\/sites\/306\/2025\/10\/Logo_UCLM_40.jpg 2008w, https:\/\/blog.uclm.es\/estudiantesletras\/wp-content\/uploads\/sites\/306\/2025\/10\/Logo_UCLM_40-300x94.jpg 300w, https:\/\/blog.uclm.es\/estudiantesletras\/wp-content\/uploads\/sites\/306\/2025\/10\/Logo_UCLM_40-1024x319.jpg 1024w, https:\/\/blog.uclm.es\/estudiantesletras\/wp-content\/uploads\/sites\/306\/2025\/10\/Logo_UCLM_40-768x239.jpg 768w, https:\/\/blog.uclm.es\/estudiantesletras\/wp-content\/uploads\/sites\/306\/2025\/10\/Logo_UCLM_40-1536x479.jpg 1536w\" sizes=\"auto, (max-width: 767px) 89vw, (max-width: 1000px) 54vw, (max-width: 1071px) 543px, 580px\" \/><\/a><\/figure>\n<\/div><\/div>\n\n\n\n<div class=\"wp-block-column is-layout-flow wp-block-column-is-layout-flow\">\n<figure class=\"wp-block-image size-full\"><a href=\"https:\/\/www.uclm.es\/es\/Departamentos\/historiadelarte\"><img loading=\"lazy\" decoding=\"async\" width=\"362\" height=\"334\" src=\"https:\/\/blog.uclm.es\/estudiantesletras\/wp-content\/uploads\/sites\/306\/2025\/04\/igfl_iso_cfb_historiaehistoriadelarte.png\" alt=\"\" class=\"wp-image-543\" srcset=\"https:\/\/blog.uclm.es\/estudiantesletras\/wp-content\/uploads\/sites\/306\/2025\/04\/igfl_iso_cfb_historiaehistoriadelarte.png 362w, https:\/\/blog.uclm.es\/estudiantesletras\/wp-content\/uploads\/sites\/306\/2025\/04\/igfl_iso_cfb_historiaehistoriadelarte-300x277.png 300w\" sizes=\"auto, (max-width: 362px) 100vw, 362px\" \/><\/a><\/figure>\n<\/div>\n<\/div>\n\n\n\n<p><\/p>\n","protected":false},"excerpt":{"rendered":"<p>Aqu\u00ed podr\u00e1s encontrar el enlace directo (haciendo click en cualquiera de las im\u00e1genes) a las p\u00e1ginas web de contacto de los distintos consejos de departamento en los que existe estudiantado que forma parte de nuestra delegaci\u00f3n. Departamento de Filolog\u00eda Moderna Departamento de Filolog\u00eda Hisp\u00e1nica y Cl\u00e1sica Departamento de Filosof\u00eda, Antropolog\u00eda y Est\u00e9tica Departamento de Geograf\u00eda, &hellip; <\/p>\n<p class=\"link-more\"><a href=\"https:\/\/blog.uclm.es\/estudiantesletras\/consejos-de-departamento\/\" class=\"more-link\">Continuar leyendo<span class=\"screen-reader-text\"> \u00abCONSEJOS DE DEPARTAMENTO\u00bb<\/span><\/a><\/p>\n","protected":false},"author":470,"featured_media":0,"parent":0,"menu_order":0,"comment_status":"closed","ping_status":"closed","template":"","meta":{"footnotes":""},"class_list":["post-622","page","type-page","status-publish","hentry"],"_links":{"self":[{"href":"https:\/\/blog.uclm.es\/estudiantesletras\/wp-json\/wp\/v2\/pages\/622","targetHints":{"allow":["GET"]}}],"collection":[{"href":"https:\/\/blog.uclm.es\/estudiantesletras\/wp-json\/wp\/v2\/pages"}],"about":[{"href":"https:\/\/blog.uclm.es\/estudiantesletras\/wp-json\/wp\/v2\/types\/page"}],"author":[{"embeddable":true,"href":"https:\/\/blog.uclm.es\/estudiantesletras\/wp-json\/wp\/v2\/users\/470"}],"replies":[{"embeddable":true,"href":"https:\/\/blog.uclm.es\/estudiantesletras\/wp-json\/wp\/v2\/comments?post=622"}],"version-history":[{"count":11,"href":"https:\/\/blog.uclm.es\/estudiantesletras\/wp-json\/wp\/v2\/pages\/622\/revisions"}],"predecessor-version":[{"id":857,"href":"https:\/\/blog.uclm.es\/estudiantesletras\/wp-json\/wp\/v2\/pages\/622\/revisions\/857"}],"wp:attachment":[{"href":"https:\/\/blog.uclm.es\/estudiantesletras\/wp-json\/wp\/v2\/media?parent=622"}],"curies":[{"name":"wp","href":"https:\/\/api.w.org\/{rel}","templated":true}]}}