{"id":618,"date":"2025-04-21T02:33:56","date_gmt":"2025-04-21T00:33:56","guid":{"rendered":"https:\/\/blog.uclm.es\/estudiantesletras\/?page_id=618"},"modified":"2025-04-26T13:02:16","modified_gmt":"2025-04-26T11:02:16","slug":"siueh","status":"publish","type":"page","link":"https:\/\/blog.uclm.es\/estudiantesletras\/siueh\/","title":{"rendered":"SIUEH"},"content":{"rendered":"\n<p style=\"font-size:19px\"><strong><em>\u00bfQu\u00e9 es?<\/em><\/strong><\/p>\n\n\n\n<p>La <strong>Sectorial Interuniversitaria de Estudiantes de Humanidades, en adelante SIUEH<\/strong>, es una red nacional que agrupa a representantes estudiantiles de los grados vinculados a las Humanidades en el sistema universitario espa\u00f1ol. Esta sectorial nace con el objetivo de generar un espacio de di\u00e1logo, colaboraci\u00f3n y representaci\u00f3n conjunta entre estudiantes de titulaciones como Historia, Historia del Arte o Humanidades, entre otras disciplinas human\u00edsticas.<\/p>\n\n\n\n<p>Como <strong>una de las universidades fundadoras <\/strong>de esta <strong>sectorial<\/strong> en <strong>2021<\/strong>, la <strong>DEFL-UCLM<\/strong> ha mantenido un compromiso activo en <strong>SIUEH<\/strong>, trabajando para fortalecer el di\u00e1logo entre universidades, impulsar la mejora de los planes de estudio, destacar la relevancia social de las Humanidades y fomentar la participaci\u00f3n del estudiantado en la vida universitaria y sus \u00f3rganos de representaci\u00f3n.<\/p>\n\n\n\n<div style=\"height:15px\" aria-hidden=\"true\" class=\"wp-block-spacer\"><\/div>\n\n\n\n<hr class=\"wp-block-separator has-text-color has-black-color has-alpha-channel-opacity has-black-background-color has-background\" \/>\n\n\n\n<div style=\"height:12px\" aria-hidden=\"true\" class=\"wp-block-spacer\"><\/div>\n\n\n\n<h1 class=\"wp-block-heading has-black-color has-text-color has-link-color wp-elements-8d1b6811cf42ebc27c9b9262d859be67\" style=\"font-size:19px\"><strong><em>Objetivos principales<\/em><\/strong><\/h1>\n\n\n\n<ol class=\"wp-block-list\">\n<li><strong>Representar al estudiantado de Humanidades<\/strong> en el \u00e1mbito estatal ante instituciones universitarias, administraciones p\u00fablicas y entidades culturales.<\/li>\n\n\n\n<li><strong>Defender la calidad educativa y la especificidad de los estudios human\u00edsticos<\/strong>, apostando por planes de estudio adaptados a las realidades acad\u00e9micas y sociales actuales.<\/li>\n\n\n\n<li><strong>Fomentar la cooperaci\u00f3n entre representantes estudiantiles<\/strong> de distintas universidades para compartir buenas pr\u00e1cticas y establecer l\u00edneas de trabajo comunes.<\/li>\n\n\n\n<li><strong>Visibilizar el valor de las Humanidades<\/strong> en la sociedad, luchando contra su marginaci\u00f3n institucional y promoviendo su papel esencial en la educaci\u00f3n y la ciudadan\u00eda cr\u00edtica.<\/li>\n\n\n\n<li><strong>Proponer pol\u00edticas universitarias inclusivas, sostenibles y centradas en el estudiantado<\/strong>, con especial atenci\u00f3n a la equidad y a la diversidad ling\u00fc\u00edstica y cultural.<\/li>\n\n\n\n<li><strong>Impulsar proyectos culturales, formativos y de divulgaci\u00f3n<\/strong> que fortalezcan el v\u00ednculo entre el conocimiento human\u00edstico y los retos del mundo contempor\u00e1neo.<\/li>\n\n\n\n<li><strong>Colaborar con otras sectoriales estudiantiles<\/strong> y con organizaciones afines para fortalecer la voz del alumnado a nivel estatal.<\/li>\n<\/ol>\n\n\n\n<div style=\"height:15px\" aria-hidden=\"true\" class=\"wp-block-spacer\"><\/div>\n\n\n\n<hr class=\"wp-block-separator has-text-color has-black-color has-alpha-channel-opacity has-black-background-color has-background\" \/>\n\n\n\n<div style=\"height:12px\" aria-hidden=\"true\" class=\"wp-block-spacer\"><\/div>\n\n\n\n<p style=\"font-size:19px\"><strong><em>Representantes estudiantiles actuales de la UCLM<\/em><\/strong><\/p>\n\n\n\n<div class=\"wp-block-group\"><div class=\"wp-block-group__inner-container is-layout-constrained wp-block-group-is-layout-constrained\">\n<ul class=\"wp-block-list\">\n<li><strong><em>Ic\u00edar Lomas Losa,<\/em><\/strong> representante de socio y responsable de la UCLM en SIUEH.<\/li>\n\n\n\n<li><strong><em>Diego Argum\u00e1nez Zamora<\/em>,<\/strong> vocal de medios y web de SIUEH.<\/li>\n\n\n\n<li><em><strong>Elena Mateo Camargo,<\/strong> s<\/em>ubdelegada de estudiantes de la Facultad de Letras por el Grado en Historia.<\/li>\n\n\n\n<li><em><strong>Andr\u00e9s Puzych Pater, <\/strong><\/em>subdelegado de estudiantes de la Facultad de Letras por el Doble Grado en Historia y Geograf\u00eda, Desarrollo Territorial y Sostenibilidad.<\/li>\n\n\n\n<li><strong><em>Carmen de Gracia Gal\u00e1n Rubio, <\/em><\/strong>delegada de 2.\u00ba curso del Doble Grado en Historia e Historia del Arte.<\/li>\n<\/ul>\n<\/div><\/div>\n\n\n\n<div style=\"height:13px\" aria-hidden=\"true\" class=\"wp-block-spacer\"><\/div>\n\n\n\n<hr class=\"wp-block-separator has-text-color has-black-color has-alpha-channel-opacity has-black-background-color has-background\" \/>\n\n\n\n<div style=\"height:17px\" aria-hidden=\"true\" class=\"wp-block-spacer\"><\/div>\n\n\n\n<p style=\"font-size:19px\"><strong><em>Medios de contacto<\/em><\/strong><\/p>\n\n\n\n<div class=\"wp-block-columns is-layout-flex wp-container-core-columns-is-layout-9d6595d7 wp-block-columns-is-layout-flex\">\n<div class=\"wp-block-column is-layout-flow wp-block-column-is-layout-flow\">\n<div class=\"wp-block-columns is-layout-flex wp-container-core-columns-is-layout-9d6595d7 wp-block-columns-is-layout-flex\">\n<div class=\"wp-block-column is-layout-flow wp-block-column-is-layout-flow\">\n<ul class=\"wp-block-social-links has-huge-icon-size is-layout-flex wp-block-social-links-is-layout-flex\"><li class=\"wp-social-link wp-social-link-instagram  wp-block-social-link\"><a href=\"https:\/\/www.instagram.com\/siuehum\/?hl=es\" class=\"wp-block-social-link-anchor\"><svg width=\"24\" height=\"24\" viewBox=\"0 0 24 24\" version=\"1.1\" xmlns=\"http:\/\/www.w3.org\/2000\/svg\" aria-hidden=\"true\" focusable=\"false\"><path d=\"M12,4.622c2.403,0,2.688,0.009,3.637,0.052c0.877,0.04,1.354,0.187,1.671,0.31c0.42,0.163,0.72,0.358,1.035,0.673 c0.315,0.315,0.51,0.615,0.673,1.035c0.123,0.317,0.27,0.794,0.31,1.671c0.043,0.949,0.052,1.234,0.052,3.637 s-0.009,2.688-0.052,3.637c-0.04,0.877-0.187,1.354-0.31,1.671c-0.163,0.42-0.358,0.72-0.673,1.035 c-0.315,0.315-0.615,0.51-1.035,0.673c-0.317,0.123-0.794,0.27-1.671,0.31c-0.949,0.043-1.233,0.052-3.637,0.052 s-2.688-0.009-3.637-0.052c-0.877-0.04-1.354-0.187-1.671-0.31c-0.42-0.163-0.72-0.358-1.035-0.673 c-0.315-0.315-0.51-0.615-0.673-1.035c-0.123-0.317-0.27-0.794-0.31-1.671C4.631,14.688,4.622,14.403,4.622,12 s0.009-2.688,0.052-3.637c0.04-0.877,0.187-1.354,0.31-1.671c0.163-0.42,0.358-0.72,0.673-1.035 c0.315-0.315,0.615-0.51,1.035-0.673c0.317-0.123,0.794-0.27,1.671-0.31C9.312,4.631,9.597,4.622,12,4.622 M12,3 C9.556,3,9.249,3.01,8.289,3.054C7.331,3.098,6.677,3.25,6.105,3.472C5.513,3.702,5.011,4.01,4.511,4.511 c-0.5,0.5-0.808,1.002-1.038,1.594C3.25,6.677,3.098,7.331,3.054,8.289C3.01,9.249,3,9.556,3,12c0,2.444,0.01,2.751,0.054,3.711 c0.044,0.958,0.196,1.612,0.418,2.185c0.23,0.592,0.538,1.094,1.038,1.594c0.5,0.5,1.002,0.808,1.594,1.038 c0.572,0.222,1.227,0.375,2.185,0.418C9.249,20.99,9.556,21,12,21s2.751-0.01,3.711-0.054c0.958-0.044,1.612-0.196,2.185-0.418 c0.592-0.23,1.094-0.538,1.594-1.038c0.5-0.5,0.808-1.002,1.038-1.594c0.222-0.572,0.375-1.227,0.418-2.185 C20.99,14.751,21,14.444,21,12s-0.01-2.751-0.054-3.711c-0.044-0.958-0.196-1.612-0.418-2.185c-0.23-0.592-0.538-1.094-1.038-1.594 c-0.5-0.5-1.002-0.808-1.594-1.038c-0.572-0.222-1.227-0.375-2.185-0.418C14.751,3.01,14.444,3,12,3L12,3z M12,7.378 c-2.552,0-4.622,2.069-4.622,4.622S9.448,16.622,12,16.622s4.622-2.069,4.622-4.622S14.552,7.378,12,7.378z M12,15 c-1.657,0-3-1.343-3-3s1.343-3,3-3s3,1.343,3,3S13.657,15,12,15z M16.804,6.116c-0.596,0-1.08,0.484-1.08,1.08 s0.484,1.08,1.08,1.08c0.596,0,1.08-0.484,1.08-1.08S17.401,6.116,16.804,6.116z\"><\/path><\/svg><span class=\"wp-block-social-link-label screen-reader-text\">Instagram<\/span><\/a><\/li><\/ul>\n<\/div>\n\n\n\n<div class=\"wp-block-column is-layout-flow wp-block-column-is-layout-flow\">\n<ul class=\"wp-block-social-links has-huge-icon-size is-layout-flex wp-block-social-links-is-layout-flex\"><li class=\"wp-social-link wp-social-link-x  wp-block-social-link\"><a href=\"https:\/\/x.com\/siuehum\" class=\"wp-block-social-link-anchor\"><svg width=\"24\" height=\"24\" viewBox=\"0 0 24 24\" version=\"1.1\" xmlns=\"http:\/\/www.w3.org\/2000\/svg\" aria-hidden=\"true\" focusable=\"false\"><path d=\"M13.982 10.622 20.54 3h-1.554l-5.693 6.618L8.745 3H3.5l6.876 10.007L3.5 21h1.554l6.012-6.989L15.868 21h5.245l-7.131-10.378Zm-2.128 2.474-.697-.997-5.543-7.93H8l4.474 6.4.697.996 5.815 8.318h-2.387l-4.745-6.787Z\" \/><\/svg><span class=\"wp-block-social-link-label screen-reader-text\">X<\/span><\/a><\/li><\/ul>\n<\/div>\n<\/div>\n<\/div>\n\n\n\n<div class=\"wp-block-column is-layout-flow wp-block-column-is-layout-flow\">\n<div class=\"wp-block-columns is-layout-flex wp-container-core-columns-is-layout-9d6595d7 wp-block-columns-is-layout-flex\">\n<div class=\"wp-block-column is-layout-flow wp-block-column-is-layout-flow\">\n<ul class=\"wp-block-social-links has-huge-icon-size is-layout-flex wp-block-social-links-is-layout-flex\"><li class=\"wp-social-link wp-social-link-mail  wp-block-social-link\"><a href=\"mailto:%20info@siueh.com\" class=\"wp-block-social-link-anchor\"><svg width=\"24\" height=\"24\" viewBox=\"0 0 24 24\" version=\"1.1\" xmlns=\"http:\/\/www.w3.org\/2000\/svg\" aria-hidden=\"true\" focusable=\"false\"><path d=\"M19,5H5c-1.1,0-2,.9-2,2v10c0,1.1.9,2,2,2h14c1.1,0,2-.9,2-2V7c0-1.1-.9-2-2-2zm.5,12c0,.3-.2.5-.5.5H5c-.3,0-.5-.2-.5-.5V9.8l7.5,5.6,7.5-5.6V17zm0-9.1L12,13.6,4.5,7.9V7c0-.3.2-.5.5-.5h14c.3,0,.5.2.5.5v.9z\"><\/path><\/svg><span class=\"wp-block-social-link-label screen-reader-text\">Correo electr\u00f3nico<\/span><\/a><\/li><\/ul>\n<\/div>\n\n\n\n<div class=\"wp-block-column is-layout-flow wp-block-column-is-layout-flow\">\n<ul class=\"wp-block-social-links has-huge-icon-size is-layout-flex wp-block-social-links-is-layout-flex\"><li class=\"wp-social-link wp-social-link-tiktok  wp-block-social-link\"><a href=\"https:\/\/www.tiktok.com\/@siuehum\" class=\"wp-block-social-link-anchor\"><svg width=\"24\" height=\"24\" viewBox=\"0 0 32 32\" version=\"1.1\" xmlns=\"http:\/\/www.w3.org\/2000\/svg\" aria-hidden=\"true\" focusable=\"false\"><path d=\"M16.708 0.027c1.745-0.027 3.48-0.011 5.213-0.027 0.105 2.041 0.839 4.12 2.333 5.563 1.491 1.479 3.6 2.156 5.652 2.385v5.369c-1.923-0.063-3.855-0.463-5.6-1.291-0.76-0.344-1.468-0.787-2.161-1.24-0.009 3.896 0.016 7.787-0.025 11.667-0.104 1.864-0.719 3.719-1.803 5.255-1.744 2.557-4.771 4.224-7.88 4.276-1.907 0.109-3.812-0.411-5.437-1.369-2.693-1.588-4.588-4.495-4.864-7.615-0.032-0.667-0.043-1.333-0.016-1.984 0.24-2.537 1.495-4.964 3.443-6.615 2.208-1.923 5.301-2.839 8.197-2.297 0.027 1.975-0.052 3.948-0.052 5.923-1.323-0.428-2.869-0.308-4.025 0.495-0.844 0.547-1.485 1.385-1.819 2.333-0.276 0.676-0.197 1.427-0.181 2.145 0.317 2.188 2.421 4.027 4.667 3.828 1.489-0.016 2.916-0.88 3.692-2.145 0.251-0.443 0.532-0.896 0.547-1.417 0.131-2.385 0.079-4.76 0.095-7.145 0.011-5.375-0.016-10.735 0.025-16.093z\" \/><\/svg><span class=\"wp-block-social-link-label screen-reader-text\">TikTok<\/span><\/a><\/li><\/ul>\n<\/div>\n<\/div>\n<\/div>\n<\/div>\n\n\n\n<div class=\"wp-block-columns is-layout-flex wp-container-core-columns-is-layout-9d6595d7 wp-block-columns-is-layout-flex\">\n<div class=\"wp-block-column is-layout-flow wp-block-column-is-layout-flow\">\n<div class=\"wp-block-columns is-layout-flex wp-container-core-columns-is-layout-9d6595d7 wp-block-columns-is-layout-flex\">\n<div class=\"wp-block-column is-layout-flow wp-block-column-is-layout-flow\"><\/div>\n\n\n\n<div class=\"wp-block-column is-layout-flow wp-block-column-is-layout-flow\">\n<ul class=\"wp-block-social-links has-huge-icon-size is-layout-flex wp-block-social-links-is-layout-flex\"><li class=\"wp-social-link wp-social-link-facebook  wp-block-social-link\"><a href=\"https:\/\/www.facebook.com\/siuehum\/\" class=\"wp-block-social-link-anchor\"><svg width=\"24\" height=\"24\" viewBox=\"0 0 24 24\" version=\"1.1\" xmlns=\"http:\/\/www.w3.org\/2000\/svg\" aria-hidden=\"true\" focusable=\"false\"><path d=\"M12 2C6.5 2 2 6.5 2 12c0 5 3.7 9.1 8.4 9.9v-7H7.9V12h2.5V9.8c0-2.5 1.5-3.9 3.8-3.9 1.1 0 2.2.2 2.2.2v2.5h-1.3c-1.2 0-1.6.8-1.6 1.6V12h2.8l-.4 2.9h-2.3v7C18.3 21.1 22 17 22 12c0-5.5-4.5-10-10-10z\"><\/path><\/svg><span class=\"wp-block-social-link-label screen-reader-text\">Facebook<\/span><\/a><\/li><\/ul>\n<\/div>\n<\/div>\n<\/div>\n\n\n\n<div class=\"wp-block-column is-layout-flow wp-block-column-is-layout-flow\">\n<div class=\"wp-block-columns is-layout-flex wp-container-core-columns-is-layout-9d6595d7 wp-block-columns-is-layout-flex\">\n<div class=\"wp-block-column is-layout-flow wp-block-column-is-layout-flow\">\n<ul class=\"wp-block-social-links has-huge-icon-size is-layout-flex wp-block-social-links-is-layout-flex\"><li class=\"wp-social-link wp-social-link-google  wp-block-social-link\"><a href=\"https:\/\/siueh.com\/\" class=\"wp-block-social-link-anchor\"><svg width=\"24\" height=\"24\" viewBox=\"0 0 24 24\" version=\"1.1\" xmlns=\"http:\/\/www.w3.org\/2000\/svg\" aria-hidden=\"true\" focusable=\"false\"><path d=\"M12.02,10.18v3.72v0.01h5.51c-0.26,1.57-1.67,4.22-5.5,4.22c-3.31,0-6.01-2.75-6.01-6.12s2.7-6.12,6.01-6.12 c1.87,0,3.13,0.8,3.85,1.48l2.84-2.76C16.99,2.99,14.73,2,12.03,2c-5.52,0-10,4.48-10,10s4.48,10,10,10c5.77,0,9.6-4.06,9.6-9.77 c0-0.83-0.11-1.42-0.25-2.05H12.02z\"><\/path><\/svg><span class=\"wp-block-social-link-label screen-reader-text\">Google<\/span><\/a><\/li><\/ul>\n<\/div>\n\n\n\n<div class=\"wp-block-column is-layout-flow wp-block-column-is-layout-flow\"><\/div>\n<\/div>\n<\/div>\n<\/div>\n\n\n\n<hr class=\"wp-block-separator has-text-color has-black-color has-alpha-channel-opacity has-black-background-color has-background\" \/>\n\n\n\n<div style=\"height:35px\" aria-hidden=\"true\" class=\"wp-block-spacer\"><\/div>\n\n\n\n<div class=\"wp-block-columns is-layout-flex wp-container-core-columns-is-layout-9d6595d7 wp-block-columns-is-layout-flex\">\n<div class=\"wp-block-column is-layout-flow wp-block-column-is-layout-flow\">\n<figure class=\"wp-block-image size-full\"><img loading=\"lazy\" decoding=\"async\" width=\"500\" height=\"500\" src=\"https:\/\/blog.uclm.es\/estudiantesletras\/wp-content\/uploads\/sites\/306\/2025\/04\/2.png\" alt=\"\" class=\"wp-image-391\" srcset=\"https:\/\/blog.uclm.es\/estudiantesletras\/wp-content\/uploads\/sites\/306\/2025\/04\/2.png 500w, https:\/\/blog.uclm.es\/estudiantesletras\/wp-content\/uploads\/sites\/306\/2025\/04\/2-300x300.png 300w, https:\/\/blog.uclm.es\/estudiantesletras\/wp-content\/uploads\/sites\/306\/2025\/04\/2-150x150.png 150w, https:\/\/blog.uclm.es\/estudiantesletras\/wp-content\/uploads\/sites\/306\/2025\/04\/2-100x100.png 100w\" sizes=\"auto, (max-width: 500px) 100vw, 500px\" \/><\/figure>\n<\/div>\n\n\n\n<div class=\"wp-block-column is-layout-flow wp-block-column-is-layout-flow\">\n<figure class=\"wp-block-image size-full\"><img loading=\"lazy\" decoding=\"async\" width=\"232\" height=\"226\" src=\"https:\/\/blog.uclm.es\/estudiantesletras\/wp-content\/uploads\/sites\/306\/2025\/04\/Captura-de-pantalla-2025-04-21-a-las-1.30.30.png\" alt=\"\" class=\"wp-image-574\" \/><\/figure>\n<\/div>\n\n\n\n<div class=\"wp-block-column is-layout-flow wp-block-column-is-layout-flow\">\n<figure class=\"wp-block-image size-full\"><img loading=\"lazy\" decoding=\"async\" width=\"500\" height=\"500\" src=\"https:\/\/blog.uclm.es\/estudiantesletras\/wp-content\/uploads\/sites\/306\/2025\/04\/2.png\" alt=\"\" class=\"wp-image-391\" srcset=\"https:\/\/blog.uclm.es\/estudiantesletras\/wp-content\/uploads\/sites\/306\/2025\/04\/2.png 500w, https:\/\/blog.uclm.es\/estudiantesletras\/wp-content\/uploads\/sites\/306\/2025\/04\/2-300x300.png 300w, https:\/\/blog.uclm.es\/estudiantesletras\/wp-content\/uploads\/sites\/306\/2025\/04\/2-150x150.png 150w, https:\/\/blog.uclm.es\/estudiantesletras\/wp-content\/uploads\/sites\/306\/2025\/04\/2-100x100.png 100w\" sizes=\"auto, (max-width: 500px) 100vw, 500px\" \/><\/figure>\n<\/div>\n<\/div>\n","protected":false},"excerpt":{"rendered":"<p>\u00bfQu\u00e9 es? La Sectorial Interuniversitaria de Estudiantes de Humanidades, en adelante SIUEH, es una red nacional que agrupa a representantes estudiantiles de los grados vinculados a las Humanidades en el sistema universitario espa\u00f1ol. Esta sectorial nace con el objetivo de generar un espacio de di\u00e1logo, colaboraci\u00f3n y representaci\u00f3n conjunta entre estudiantes de titulaciones como Historia, &hellip; <\/p>\n<p class=\"link-more\"><a href=\"https:\/\/blog.uclm.es\/estudiantesletras\/siueh\/\" class=\"more-link\">Continuar leyendo<span class=\"screen-reader-text\"> \u00abSIUEH\u00bb<\/span><\/a><\/p>\n","protected":false},"author":470,"featured_media":0,"parent":0,"menu_order":0,"comment_status":"closed","ping_status":"closed","template":"","meta":{"footnotes":""},"class_list":["post-618","page","type-page","status-publish","hentry"],"_links":{"self":[{"href":"https:\/\/blog.uclm.es\/estudiantesletras\/wp-json\/wp\/v2\/pages\/618","targetHints":{"allow":["GET"]}}],"collection":[{"href":"https:\/\/blog.uclm.es\/estudiantesletras\/wp-json\/wp\/v2\/pages"}],"about":[{"href":"https:\/\/blog.uclm.es\/estudiantesletras\/wp-json\/wp\/v2\/types\/page"}],"author":[{"embeddable":true,"href":"https:\/\/blog.uclm.es\/estudiantesletras\/wp-json\/wp\/v2\/users\/470"}],"replies":[{"embeddable":true,"href":"https:\/\/blog.uclm.es\/estudiantesletras\/wp-json\/wp\/v2\/comments?post=618"}],"version-history":[{"count":8,"href":"https:\/\/blog.uclm.es\/estudiantesletras\/wp-json\/wp\/v2\/pages\/618\/revisions"}],"predecessor-version":[{"id":716,"href":"https:\/\/blog.uclm.es\/estudiantesletras\/wp-json\/wp\/v2\/pages\/618\/revisions\/716"}],"wp:attachment":[{"href":"https:\/\/blog.uclm.es\/estudiantesletras\/wp-json\/wp\/v2\/media?parent=618"}],"curies":[{"name":"wp","href":"https:\/\/api.w.org\/{rel}","templated":true}]}}