{"id":292,"date":"2024-11-18T11:00:00","date_gmt":"2024-11-18T10:00:00","guid":{"rendered":"https:\/\/blog.uclm.es\/estudiantescr\/?page_id=292"},"modified":"2024-11-13T15:36:25","modified_gmt":"2024-11-13T14:36:25","slug":"bienvenida","status":"publish","type":"page","link":"https:\/\/blog.uclm.es\/estudiantescr\/bienvenida\/","title":{"rendered":"BIENVENIDA"},"content":{"rendered":"\n<div class=\"wp-block-columns is-layout-flex wp-container-core-columns-is-layout-9d6595d7 wp-block-columns-is-layout-flex\">\n<div class=\"wp-block-column is-layout-flow wp-block-column-is-layout-flow\" style=\"flex-basis:66.66%\">\n<p style=\"font-size:15px;font-style:normal;font-weight:500\">Queridos\/as compa\u00f1eros\/as:<\/p>\n\n\n\n<p style=\"font-size:15px;font-style:normal;font-weight:500\">Os doy la bienvenida a la p\u00e1gina web de la DECCR-UCLM creada este pasado curso 2023-2024. Desde que este \u00f3rgano intermedio entre el CRE-UCLM y las distintas delegaciones de Centro inici\u00f3 su andadura junto al Consejo de Representantes de Estudiantes de la Universidad de Castilla La-Mancha (CRE-UCLM) en junio de 1995, hemos trabajado muy duro para representar y defender los derechos del estudiantado de nuestro Campus en el CRE-UCLM y en los distintos \u00f3rganos de nuestra Universidad.<\/p>\n<\/div>\n\n\n\n<div class=\"wp-block-column is-layout-flow wp-block-column-is-layout-flow\" style=\"flex-basis:33.33%\">\n<figure class=\"wp-block-image size-large is-style-rounded\"><img loading=\"lazy\" decoding=\"async\" width=\"1024\" height=\"1024\" src=\"https:\/\/blog.uclm.es\/estudiantescr\/wp-content\/uploads\/sites\/285\/2024\/08\/5F-edited-1-1024x1024.jpg\" alt=\"\" class=\"wp-image-1298\" srcset=\"https:\/\/blog.uclm.es\/estudiantescr\/wp-content\/uploads\/sites\/285\/2024\/08\/5F-edited-1-1024x1024.jpg 1024w, https:\/\/blog.uclm.es\/estudiantescr\/wp-content\/uploads\/sites\/285\/2024\/08\/5F-edited-1-300x300.jpg 300w, https:\/\/blog.uclm.es\/estudiantescr\/wp-content\/uploads\/sites\/285\/2024\/08\/5F-edited-1-150x150.jpg 150w, https:\/\/blog.uclm.es\/estudiantescr\/wp-content\/uploads\/sites\/285\/2024\/08\/5F-edited-1-768x768.jpg 768w, https:\/\/blog.uclm.es\/estudiantescr\/wp-content\/uploads\/sites\/285\/2024\/08\/5F-edited-1-100x100.jpg 100w, https:\/\/blog.uclm.es\/estudiantescr\/wp-content\/uploads\/sites\/285\/2024\/08\/5F-edited-1.jpg 1536w\" sizes=\"auto, (max-width: 767px) 89vw, (max-width: 1000px) 54vw, (max-width: 1071px) 543px, 580px\" \/><\/figure>\n<\/div>\n<\/div>\n\n\n\n<div class=\"wp-block-columns has-contrast-color has-text-color has-link-color has-roboto-font-family has-small-font-size wp-elements-6ef0136f99a8e98c3a675ae41cb995c8 is-layout-flex wp-container-core-columns-is-layout-9d6595d7 wp-block-columns-is-layout-flex\" style=\"font-style:normal;font-weight:400;line-height:1.6;text-decoration:none\">\n<div class=\"wp-block-column is-layout-flow wp-block-column-is-layout-flow\" style=\"flex-basis:66.66%\">\n<p style=\"font-size:15px\">Muchos\/as han sido los\/as compa\u00f1eros\/as que han participado activamente en la mejora de la vida universitaria y de la calidad acad\u00e9mica del estudiantado de nuestro Campus y en el \u00e9xito de muchas de numerosas iniciativas como la mejora de la Normativa de Permanencia, el Reglamento de Evaluaci\u00f3n del Estudiante o nuevas Normas de Convivencia trabajando codo con codo en el CRE-UCLM para ello. Actualmente continuamos comprometidos en trabajar por y para el estudiantado y construir un Campus de Ciudad Real mejor cada d\u00eda.<\/p>\n<\/div>\n\n\n\n<div class=\"wp-block-column is-vertically-aligned-stretch is-layout-flow wp-block-column-is-layout-flow\" style=\"flex-basis:33.33%\"><div class=\"wp-block-image is-style-rounded\">\n<figure class=\"alignright size-large is-resized\"><img loading=\"lazy\" decoding=\"async\" width=\"1024\" height=\"1024\" src=\"https:\/\/blog.uclm.es\/estudiantescr\/wp-content\/uploads\/sites\/285\/2024\/04\/cr1-1024x1024.png\" alt=\"\" class=\"wp-image-48\" style=\"width:214px;height:auto\" srcset=\"https:\/\/blog.uclm.es\/estudiantescr\/wp-content\/uploads\/sites\/285\/2024\/04\/cr1-1024x1024.png 1024w, https:\/\/blog.uclm.es\/estudiantescr\/wp-content\/uploads\/sites\/285\/2024\/04\/cr1-300x300.png 300w, https:\/\/blog.uclm.es\/estudiantescr\/wp-content\/uploads\/sites\/285\/2024\/04\/cr1-150x150.png 150w, https:\/\/blog.uclm.es\/estudiantescr\/wp-content\/uploads\/sites\/285\/2024\/04\/cr1-768x768.png 768w, https:\/\/blog.uclm.es\/estudiantescr\/wp-content\/uploads\/sites\/285\/2024\/04\/cr1-1536x1536.png 1536w, https:\/\/blog.uclm.es\/estudiantescr\/wp-content\/uploads\/sites\/285\/2024\/04\/cr1.png 2000w\" sizes=\"auto, (max-width: 767px) 89vw, (max-width: 1000px) 54vw, (max-width: 1071px) 543px, 580px\" \/><\/figure>\n<\/div><\/div>\n<\/div>\n\n\n\n<div class=\"wp-block-columns is-layout-flex wp-container-core-columns-is-layout-9d6595d7 wp-block-columns-is-layout-flex\">\n<div class=\"wp-block-column is-layout-flow wp-block-column-is-layout-flow\">\n<p style=\"font-size:15px;font-style:normal;font-weight:500\">En nombre de la Comisi\u00f3n Ejecutiva de la DECCR-UCLM y en el m\u00edo propio, recordaros que estamos siempre a vuestra disposici\u00f3n para escuchar vuestras dudas, quejas o sugerencias y que pod\u00e9is contactar con nosotros a trav\u00e9s de nuestro buz\u00f3n de correo electr\u00f3nico <a href=\"mailto:delestudiantes.campus.cr@uclm.es\"><strong>delestudiantes.campus.cr@uclm.es<\/strong><\/a> o a trav\u00e9s de nuestras redes sociales.<\/p>\n\n\n\n<p style=\"font-size:15px;font-style:normal;font-weight:500\">Un abrazo,<\/p>\n\n\n\n<p style=\"font-size:15px;font-style:normal;font-weight:500\">Jos\u00e9 Montes Cabello.<\/p>\n\n\n\n<p style=\"font-size:15px;font-style:normal;font-weight:500\">Delegado de estudiantes del Campus de Ciudad Real de la UCLM.<\/p>\n<\/div>\n<\/div>\n\n\n\n<hr class=\"wp-block-separator has-text-color has-black-color has-alpha-channel-opacity has-black-background-color has-background\" style=\"margin-top:var(--wp--preset--spacing--30);margin-bottom:var(--wp--preset--spacing--30)\" \/>\n\n\n\n<div style=\"height:25px\" aria-hidden=\"true\" class=\"wp-block-spacer\"><\/div>\n\n\n\n<div class=\"wp-block-columns is-layout-flex wp-container-core-columns-is-layout-9d6595d7 wp-block-columns-is-layout-flex\">\n<div class=\"wp-block-column is-layout-flow wp-block-column-is-layout-flow\">\n<figure class=\"wp-block-image size-full is-resized is-style-rounded\"><img loading=\"lazy\" decoding=\"async\" width=\"669\" height=\"250\" src=\"https:\/\/blog.uclm.es\/estudiantescr\/wp-content\/uploads\/sites\/285\/2024\/04\/AREASPAG-Asistenciaaladireccion.jpg\" alt=\"\" class=\"wp-image-492\" style=\"width:736px;height:auto\" srcset=\"https:\/\/blog.uclm.es\/estudiantescr\/wp-content\/uploads\/sites\/285\/2024\/04\/AREASPAG-Asistenciaaladireccion.jpg 669w, https:\/\/blog.uclm.es\/estudiantescr\/wp-content\/uploads\/sites\/285\/2024\/04\/AREASPAG-Asistenciaaladireccion-300x112.jpg 300w\" sizes=\"auto, (max-width: 669px) 100vw, 669px\" \/><\/figure>\n<\/div>\n<\/div>\n","protected":false},"excerpt":{"rendered":"<p>Queridos\/as compa\u00f1eros\/as: Os doy la bienvenida a la p\u00e1gina web de la DECCR-UCLM creada este pasado curso 2023-2024. Desde que este \u00f3rgano intermedio entre el CRE-UCLM y las distintas delegaciones de Centro inici\u00f3 su andadura junto al Consejo de Representantes de Estudiantes de la Universidad de Castilla La-Mancha (CRE-UCLM) en junio de 1995, hemos trabajado &hellip; <\/p>\n<p class=\"link-more\"><a href=\"https:\/\/blog.uclm.es\/estudiantescr\/bienvenida\/\" class=\"more-link\">Continuar leyendo<span class=\"screen-reader-text\"> \u00abBIENVENIDA\u00bb<\/span><\/a><\/p>\n","protected":false},"author":470,"featured_media":0,"parent":0,"menu_order":0,"comment_status":"closed","ping_status":"closed","template":"page-wide","meta":{"footnotes":""},"class_list":["post-292","page","type-page","status-publish","hentry"],"_links":{"self":[{"href":"https:\/\/blog.uclm.es\/estudiantescr\/wp-json\/wp\/v2\/pages\/292","targetHints":{"allow":["GET"]}}],"collection":[{"href":"https:\/\/blog.uclm.es\/estudiantescr\/wp-json\/wp\/v2\/pages"}],"about":[{"href":"https:\/\/blog.uclm.es\/estudiantescr\/wp-json\/wp\/v2\/types\/page"}],"author":[{"embeddable":true,"href":"https:\/\/blog.uclm.es\/estudiantescr\/wp-json\/wp\/v2\/users\/470"}],"replies":[{"embeddable":true,"href":"https:\/\/blog.uclm.es\/estudiantescr\/wp-json\/wp\/v2\/comments?post=292"}],"version-history":[{"count":53,"href":"https:\/\/blog.uclm.es\/estudiantescr\/wp-json\/wp\/v2\/pages\/292\/revisions"}],"predecessor-version":[{"id":1498,"href":"https:\/\/blog.uclm.es\/estudiantescr\/wp-json\/wp\/v2\/pages\/292\/revisions\/1498"}],"wp:attachment":[{"href":"https:\/\/blog.uclm.es\/estudiantescr\/wp-json\/wp\/v2\/media?parent=292"}],"curies":[{"name":"wp","href":"https:\/\/api.w.org\/{rel}","templated":true}]}}