{"id":277,"date":"2024-04-14T12:41:19","date_gmt":"2024-04-14T10:41:19","guid":{"rendered":"https:\/\/blog.uclm.es\/estudiantescr\/?page_id=277"},"modified":"2025-05-05T18:21:13","modified_gmt":"2025-05-05T16:21:13","slug":"contactodelegacionesdecentro","status":"publish","type":"page","link":"https:\/\/blog.uclm.es\/estudiantescr\/contactodelegacionesdecentro\/","title":{"rendered":"CONTACTO DELEGACIONES DE CENTRO"},"content":{"rendered":"\n<div class=\"wp-block-columns is-layout-flex wp-container-core-columns-is-layout-9d6595d7 wp-block-columns-is-layout-flex\">\n<div class=\"wp-block-column is-layout-flow wp-block-column-is-layout-flow\">\n<div class=\"wp-block-columns is-layout-flex wp-container-core-columns-is-layout-9d6595d7 wp-block-columns-is-layout-flex\">\n<div class=\"wp-block-column is-layout-flow wp-block-column-is-layout-flow\">\n<p style=\"font-size:17px;font-style:normal;font-weight:500\">Aqu\u00ed podr\u00e1s encontrar todos los buzones de correo electr\u00f3nico y redes sociales y enlaces directos a las secciones web de las distintas Delegaciones de Centro del Campus de Ciudad Real, que son los siguientes:<\/p>\n<\/div>\n<\/div>\n\n\n\n<div class=\"wp-block-columns is-layout-flex wp-container-core-columns-is-layout-9d6595d7 wp-block-columns-is-layout-flex\">\n<div class=\"wp-block-column is-layout-flow wp-block-column-is-layout-flow\">\n<ul class=\"wp-block-list\">\n<li style=\"font-size:16px;font-style:normal;font-weight:900\">Escuela de Ingenier\u00eda Minera e Industrial de Almad\u00e9n:\n<ul class=\"wp-block-list\">\n<li style=\"font-style:normal;font-weight:400\">delestudiantes.minaseindustriales.al@uclm.es<\/li>\n\n\n\n<li style=\"font-style:normal;font-weight:400\">Instagram: @sedealmaden<\/li>\n\n\n\n<li style=\"font-style:normal;font-weight:400\"><a href=\"https:\/\/www.uclm.es\/es\/ciudad-real\/Eimia\/Estudiantes\/DelegacionEstudiantes\">https:\/\/www.uclm.es\/es\/ciudad-real\/Eimia\/Estudiantes\/DelegacionEstudiantes<\/a><\/li>\n<\/ul>\n<\/li>\n<\/ul>\n<\/div>\n\n\n\n<div class=\"wp-block-column is-layout-flow wp-block-column-is-layout-flow\">\n<figure class=\"wp-block-image size-full is-resized is-style-rounded\"><img loading=\"lazy\" decoding=\"async\" width=\"1000\" height=\"655\" src=\"https:\/\/blog.uclm.es\/estudiantescr\/wp-content\/uploads\/sites\/285\/2024\/08\/19274FDE-F376-6059-FA44D5578F426FCF.jpg\" alt=\"\" class=\"wp-image-886\" style=\"width:209px;height:auto\" srcset=\"https:\/\/blog.uclm.es\/estudiantescr\/wp-content\/uploads\/sites\/285\/2024\/08\/19274FDE-F376-6059-FA44D5578F426FCF.jpg 1000w, https:\/\/blog.uclm.es\/estudiantescr\/wp-content\/uploads\/sites\/285\/2024\/08\/19274FDE-F376-6059-FA44D5578F426FCF-300x197.jpg 300w, https:\/\/blog.uclm.es\/estudiantescr\/wp-content\/uploads\/sites\/285\/2024\/08\/19274FDE-F376-6059-FA44D5578F426FCF-768x503.jpg 768w\" sizes=\"auto, (max-width: 767px) 89vw, (max-width: 1000px) 54vw, (max-width: 1071px) 543px, 580px\" \/><\/figure>\n<\/div>\n<\/div>\n\n\n\n<div class=\"wp-block-columns is-layout-flex wp-container-core-columns-is-layout-9d6595d7 wp-block-columns-is-layout-flex\">\n<div class=\"wp-block-column is-layout-flow wp-block-column-is-layout-flow\">\n<ul class=\"wp-block-list\">\n<li style=\"font-size:16px;font-style:normal;font-weight:900\">Escuela Superior de Inform\u00e1tica:\n<ul class=\"wp-block-list\">\n<li style=\"font-style:normal;font-weight:400\">delestudiantes.informatica.cr@uclm.es<\/li>\n\n\n\n<li style=\"font-style:normal;font-weight:400\">Instagram: @daiesicr<\/li>\n\n\n\n<li style=\"font-style:normal;font-weight:400\"><a href=\"https:\/\/esi.uclm.es\/index.php\/delegacion-de-estudiantes-dai\/\">https:\/\/esi.uclm.es\/index.php\/delegacion-de-estudiantes-dai\/<\/a><\/li>\n<\/ul>\n<\/li>\n<\/ul>\n<\/div>\n\n\n\n<div class=\"wp-block-column is-layout-flow wp-block-column-is-layout-flow\">\n<figure class=\"wp-block-image size-full is-resized is-style-rounded\"><img loading=\"lazy\" decoding=\"async\" width=\"324\" height=\"156\" src=\"https:\/\/blog.uclm.es\/estudiantescr\/wp-content\/uploads\/sites\/285\/2024\/08\/images-1.jpg\" alt=\"\" class=\"wp-image-889\" style=\"width:224px;height:auto\" srcset=\"https:\/\/blog.uclm.es\/estudiantescr\/wp-content\/uploads\/sites\/285\/2024\/08\/images-1.jpg 324w, https:\/\/blog.uclm.es\/estudiantescr\/wp-content\/uploads\/sites\/285\/2024\/08\/images-1-300x144.jpg 300w\" sizes=\"auto, (max-width: 324px) 100vw, 324px\" \/><\/figure>\n<\/div>\n<\/div>\n\n\n\n<div class=\"wp-block-columns is-layout-flex wp-container-core-columns-is-layout-9d6595d7 wp-block-columns-is-layout-flex\">\n<div class=\"wp-block-column is-layout-flow wp-block-column-is-layout-flow\">\n<ul class=\"wp-block-list\">\n<li style=\"font-size:16px;font-style:normal;font-weight:900\">Escuela T\u00e9cnica Superior de Ingenieros Agr\u00f3nomos: \n<ul class=\"wp-block-list\">\n<li style=\"font-style:normal;font-weight:400\">delestudiantes.agronomos.cr@uclm.es<\/li>\n\n\n\n<li style=\"font-style:normal;font-weight:400\"><a href=\"https:\/\/www.uclm.es\/es\/ciudad-real\/agronomos\/Estudiantes\/representantes\">https:\/\/www.uclm.es\/es\/ciudad-real\/agronomos\/Estudiantes\/representantes<\/a><\/li>\n<\/ul>\n<\/li>\n<\/ul>\n<\/div>\n\n\n\n<div class=\"wp-block-column is-layout-flow wp-block-column-is-layout-flow\">\n<figure class=\"wp-block-image size-full is-resized is-style-rounded\"><img loading=\"lazy\" decoding=\"async\" width=\"700\" height=\"454\" src=\"https:\/\/blog.uclm.es\/estudiantescr\/wp-content\/uploads\/sites\/285\/2024\/08\/Agronomos-1.jpg\" alt=\"\" class=\"wp-image-888\" style=\"width:200px;height:auto\" srcset=\"https:\/\/blog.uclm.es\/estudiantescr\/wp-content\/uploads\/sites\/285\/2024\/08\/Agronomos-1.jpg 700w, https:\/\/blog.uclm.es\/estudiantescr\/wp-content\/uploads\/sites\/285\/2024\/08\/Agronomos-1-300x195.jpg 300w\" sizes=\"auto, (max-width: 700px) 100vw, 700px\" \/><\/figure>\n<\/div>\n<\/div>\n\n\n\n<div class=\"wp-block-columns is-layout-flex wp-container-core-columns-is-layout-9d6595d7 wp-block-columns-is-layout-flex\">\n<div class=\"wp-block-column is-layout-flow wp-block-column-is-layout-flow\">\n<ul class=\"wp-block-list\">\n<li style=\"font-style:normal;font-weight:900\">Escuela T\u00e9cnica Superior de Ingenier\u00eda de Caminos, Canales y Puertos: \n<ul class=\"wp-block-list\">\n<li style=\"font-style:normal;font-weight:400\">delestudiantes.caminos.cr@uclm.es<\/li>\n\n\n\n<li style=\"font-style:normal;font-weight:400\"><a href=\"https:\/\/www.uclm.es\/es\/ciudad-real\/caminos\/Estudiantes\/delegacion\">https:\/\/www.uclm.es\/es\/ciudad-real\/caminos\/Estudiantes\/delegacion<\/a><\/li>\n<\/ul>\n<\/li>\n<\/ul>\n<\/div>\n\n\n\n<div class=\"wp-block-column is-layout-flow wp-block-column-is-layout-flow\">\n<figure class=\"wp-block-image size-full is-resized is-style-rounded\"><img loading=\"lazy\" decoding=\"async\" width=\"326\" height=\"154\" src=\"https:\/\/blog.uclm.es\/estudiantescr\/wp-content\/uploads\/sites\/285\/2024\/08\/images-2.jpg\" alt=\"\" class=\"wp-image-890\" style=\"width:227px;height:auto\" srcset=\"https:\/\/blog.uclm.es\/estudiantescr\/wp-content\/uploads\/sites\/285\/2024\/08\/images-2.jpg 326w, https:\/\/blog.uclm.es\/estudiantescr\/wp-content\/uploads\/sites\/285\/2024\/08\/images-2-300x142.jpg 300w\" sizes=\"auto, (max-width: 326px) 100vw, 326px\" \/><\/figure>\n<\/div>\n<\/div>\n\n\n\n<div class=\"wp-block-columns is-layout-flex wp-container-core-columns-is-layout-9d6595d7 wp-block-columns-is-layout-flex\">\n<div class=\"wp-block-column is-layout-flow wp-block-column-is-layout-flow\">\n<ul class=\"wp-block-list\">\n<li style=\"font-size:16px;font-style:normal;font-weight:900\">Escuela T\u00e9cnica Superior de Ingenier\u00eda Industrial: \n<ul class=\"wp-block-list\">\n<li style=\"font-style:normal;font-weight:400\">delestudiantes.industriales.cr@uclm.es<\/li>\n\n\n\n<li style=\"font-style:normal;font-weight:400\">Instagram: @dele_etsii_cr<\/li>\n\n\n\n<li style=\"font-style:normal;font-weight:400\"><a href=\"https:\/\/www.uclm.es\/ciudad-real\/ETSII\/etsii-cr\/Delegacion-alumnos\">https:\/\/www.uclm.es\/ciudad-real\/ETSII\/etsii-cr\/Delegacion-alumnos<\/a><\/li>\n<\/ul>\n<\/li>\n<\/ul>\n<\/div>\n\n\n\n<div class=\"wp-block-column is-layout-flow wp-block-column-is-layout-flow\">\n<figure class=\"wp-block-image size-full is-resized is-style-rounded\"><img loading=\"lazy\" decoding=\"async\" width=\"326\" height=\"154\" src=\"https:\/\/blog.uclm.es\/estudiantescr\/wp-content\/uploads\/sites\/285\/2024\/08\/images.jpg\" alt=\"\" class=\"wp-image-887\" style=\"width:227px;height:auto\" srcset=\"https:\/\/blog.uclm.es\/estudiantescr\/wp-content\/uploads\/sites\/285\/2024\/08\/images.jpg 326w, https:\/\/blog.uclm.es\/estudiantescr\/wp-content\/uploads\/sites\/285\/2024\/08\/images-300x142.jpg 300w\" sizes=\"auto, (max-width: 326px) 100vw, 326px\" \/><\/figure>\n<\/div>\n<\/div>\n\n\n\n<div class=\"wp-block-columns is-layout-flex wp-container-core-columns-is-layout-9d6595d7 wp-block-columns-is-layout-flex\">\n<div class=\"wp-block-column is-layout-flow wp-block-column-is-layout-flow\">\n<ul class=\"wp-block-list\">\n<li style=\"font-size:16px;font-style:normal;font-weight:900\">Facultad de Ciencias y Tecnolog\u00edas Qu\u00edmicas: \n<ul class=\"wp-block-list\">\n<li style=\"font-style:normal;font-weight:400\">delestudiantes.quimicas.cr@uclm.es<\/li>\n\n\n\n<li style=\"font-style:normal;font-weight:400\"><a href=\"https:\/\/www.uclm.es\/ciudad-real\/quimicas\/institucional\/alumnos\">https:\/\/www.uclm.es\/ciudad-real\/quimicas\/institucional\/alumnos<\/a><\/li>\n<\/ul>\n<\/li>\n<\/ul>\n<\/div>\n\n\n\n<div class=\"wp-block-column is-layout-flow wp-block-column-is-layout-flow\">\n<figure class=\"wp-block-image size-full is-resized is-style-rounded\"><img loading=\"lazy\" decoding=\"async\" width=\"300\" height=\"168\" src=\"https:\/\/blog.uclm.es\/estudiantescr\/wp-content\/uploads\/sites\/285\/2024\/08\/images-2-1.jpg\" alt=\"\" class=\"wp-image-891\" style=\"width:179px;height:auto\" \/><\/figure>\n<\/div>\n<\/div>\n\n\n\n<div class=\"wp-block-columns is-layout-flex wp-container-core-columns-is-layout-9d6595d7 wp-block-columns-is-layout-flex\">\n<div class=\"wp-block-column is-layout-flow wp-block-column-is-layout-flow\">\n<ul class=\"wp-block-list\">\n<li style=\"font-style:normal;font-weight:900\">Facultad de Derecho y Ciencias Sociales:\n<ul class=\"wp-block-list\">\n<li style=\"font-style:normal;font-weight:400\">delestudiantes.derecho.cr@uclm.es<\/li>\n\n\n\n<li style=\"font-style:normal;font-weight:400\">Instagram: @del_fdcs_cr<\/li>\n\n\n\n<li style=\"font-style:normal;font-weight:400\">X: @DelDerechoCCSS<\/li>\n\n\n\n<li style=\"font-style:normal;font-weight:400\"><a href=\"https:\/\/www.uclm.es\/es\/ciudad-real\/derecho-ccsociales\/QuienesSomos\/Respresentacionestu\">https:\/\/www.uclm.es\/es\/ciudad-real\/derecho-ccsociales\/QuienesSomos\/Respresentacionestu<\/a><\/li>\n<\/ul>\n<\/li>\n<\/ul>\n<\/div>\n\n\n\n<div class=\"wp-block-column is-layout-flow wp-block-column-is-layout-flow\">\n<figure class=\"wp-block-image size-full is-resized is-style-rounded\"><img loading=\"lazy\" decoding=\"async\" width=\"286\" height=\"176\" src=\"https:\/\/blog.uclm.es\/estudiantescr\/wp-content\/uploads\/sites\/285\/2024\/08\/images-4.jpg\" alt=\"\" class=\"wp-image-893\" style=\"width:180px;height:auto\" \/><\/figure>\n<\/div>\n<\/div>\n\n\n\n<div class=\"wp-block-columns is-layout-flex wp-container-core-columns-is-layout-9d6595d7 wp-block-columns-is-layout-flex\">\n<div class=\"wp-block-column is-layout-flow wp-block-column-is-layout-flow\">\n<ul class=\"wp-block-list\">\n<li style=\"font-style:normal;font-weight:900\">Facultad de Educaci\u00f3n: \n<ul class=\"wp-block-list\">\n<li style=\"font-style:normal;font-weight:400\">delestudiantes.educacion.cr@uclm.es<\/li>\n\n\n\n<li style=\"font-style:normal;font-weight:400\">Instagram: @delegacionfedcr<\/li>\n\n\n\n<li style=\"font-style:normal;font-weight:400\"><a href=\"https:\/\/www.uclm.es\/es\/ciudad-real\/Educacion\/La-Facultad\/DelegadosEstudiantes\">https:\/\/www.uclm.es\/es\/ciudad-real\/Educacion\/La-Facultad\/DelegadosEstudiantes<\/a><\/li>\n<\/ul>\n<\/li>\n<\/ul>\n<\/div>\n\n\n\n<div class=\"wp-block-column is-layout-flow wp-block-column-is-layout-flow\">\n<figure class=\"wp-block-image size-large is-resized is-style-rounded\"><img loading=\"lazy\" decoding=\"async\" width=\"1024\" height=\"768\" src=\"https:\/\/blog.uclm.es\/estudiantescr\/wp-content\/uploads\/sites\/285\/2024\/08\/IMG_20220719_105754-1024x768.jpg\" alt=\"\" class=\"wp-image-894\" style=\"width:179px;height:auto\" srcset=\"https:\/\/blog.uclm.es\/estudiantescr\/wp-content\/uploads\/sites\/285\/2024\/08\/IMG_20220719_105754-1024x768.jpg 1024w, https:\/\/blog.uclm.es\/estudiantescr\/wp-content\/uploads\/sites\/285\/2024\/08\/IMG_20220719_105754-300x225.jpg 300w, https:\/\/blog.uclm.es\/estudiantescr\/wp-content\/uploads\/sites\/285\/2024\/08\/IMG_20220719_105754-768x576.jpg 768w, https:\/\/blog.uclm.es\/estudiantescr\/wp-content\/uploads\/sites\/285\/2024\/08\/IMG_20220719_105754-1536x1152.jpg 1536w, https:\/\/blog.uclm.es\/estudiantescr\/wp-content\/uploads\/sites\/285\/2024\/08\/IMG_20220719_105754-2048x1536.jpg 2048w\" sizes=\"auto, (max-width: 767px) 89vw, (max-width: 1000px) 54vw, (max-width: 1071px) 543px, 580px\" \/><\/figure>\n<\/div>\n<\/div>\n\n\n\n<div class=\"wp-block-columns is-layout-flex wp-container-core-columns-is-layout-9d6595d7 wp-block-columns-is-layout-flex\">\n<div class=\"wp-block-column is-layout-flow wp-block-column-is-layout-flow\">\n<ul class=\"wp-block-list\">\n<li style=\"font-style:normal;font-weight:900\">Facultad de Enfermer\u00eda: \n<ul class=\"wp-block-list\">\n<li style=\"font-style:normal;font-weight:400\">del.estudiantes.enfermeria.cr@uclm.es<\/li>\n\n\n\n<li style=\"font-size:16px;font-style:normal;font-weight:400\">Instagram: @deesen.cr<\/li>\n\n\n\n<li style=\"font-size:16px;font-style:normal;font-weight:400\"><a href=\"https:\/\/www.uclm.es\/es\/ciudad-real\/Enfermeria\/Estudiantes\/Delegacion-de-estudiantes\">https:\/\/www.uclm.es\/es\/ciudad-real\/Enfermeria\/Estudiantes\/Delegacion-de-estudiantes<\/a><\/li>\n<\/ul>\n<\/li>\n<\/ul>\n<\/div>\n\n\n\n<div class=\"wp-block-column is-layout-flow wp-block-column-is-layout-flow\">\n<figure class=\"wp-block-image size-full is-resized is-style-rounded\"><img loading=\"lazy\" decoding=\"async\" width=\"367\" height=\"137\" src=\"https:\/\/blog.uclm.es\/estudiantescr\/wp-content\/uploads\/sites\/285\/2024\/08\/images-5.jpg\" alt=\"\" class=\"wp-image-895\" style=\"width:279px;height:auto\" srcset=\"https:\/\/blog.uclm.es\/estudiantescr\/wp-content\/uploads\/sites\/285\/2024\/08\/images-5.jpg 367w, https:\/\/blog.uclm.es\/estudiantescr\/wp-content\/uploads\/sites\/285\/2024\/08\/images-5-300x112.jpg 300w\" sizes=\"auto, (max-width: 367px) 100vw, 367px\" \/><\/figure>\n<\/div>\n<\/div>\n\n\n\n<div class=\"wp-block-columns is-layout-flex wp-container-core-columns-is-layout-9d6595d7 wp-block-columns-is-layout-flex\">\n<div class=\"wp-block-column is-layout-flow wp-block-column-is-layout-flow\">\n<ul class=\"wp-block-list\">\n<li style=\"font-size:16px;font-style:normal;font-weight:900\">Facultad de Letras: \n<ul class=\"wp-block-list\">\n<li style=\"font-style:normal;font-weight:400\">delestudiantes.letras.cr@uclm.es<\/li>\n\n\n\n<li style=\"font-style:normal;font-weight:400\">Instagram: @est_letras<\/li>\n\n\n\n<li style=\"font-style:normal;font-weight:400\">X: @Est_Letras<\/li>\n\n\n\n<li style=\"font-style:normal;font-weight:400\">Canal de difusi\u00f3n WhatsApp: <a href=\"https:\/\/whatsapp.com\/channel\/0029VaEF3HJ9sBIGJejcog0a\">https:\/\/whatsapp.com\/channel\/0029VaEF3HJ9sBIGJejcog0a<\/a><\/li>\n\n\n\n<li style=\"font-style:normal;font-weight:400\">P\u00e1gina web: <a href=\"https:\/\/blog.uclm.es\/estudiantesletras\/\">https:\/\/blog.uclm.es\/estudiantesletras\/<\/a><\/li>\n<\/ul>\n<\/li>\n<\/ul>\n<\/div>\n\n\n\n<div class=\"wp-block-column is-layout-flow wp-block-column-is-layout-flow\">\n<figure class=\"wp-block-image size-large is-resized is-style-rounded\"><img loading=\"lazy\" decoding=\"async\" width=\"1024\" height=\"575\" src=\"https:\/\/blog.uclm.es\/estudiantescr\/wp-content\/uploads\/sites\/285\/2024\/08\/Letras-Este-1024x575.jpg\" alt=\"\" class=\"wp-image-897\" style=\"width:274px;height:auto\" srcset=\"https:\/\/blog.uclm.es\/estudiantescr\/wp-content\/uploads\/sites\/285\/2024\/08\/Letras-Este-1024x575.jpg 1024w, https:\/\/blog.uclm.es\/estudiantescr\/wp-content\/uploads\/sites\/285\/2024\/08\/Letras-Este-300x168.jpg 300w, https:\/\/blog.uclm.es\/estudiantescr\/wp-content\/uploads\/sites\/285\/2024\/08\/Letras-Este-768x431.jpg 768w, https:\/\/blog.uclm.es\/estudiantescr\/wp-content\/uploads\/sites\/285\/2024\/08\/Letras-Este.jpg 1300w\" sizes=\"auto, (max-width: 767px) 89vw, (max-width: 1000px) 54vw, (max-width: 1071px) 543px, 580px\" \/><\/figure>\n<\/div>\n<\/div>\n\n\n\n<div class=\"wp-block-columns is-layout-flex wp-container-core-columns-is-layout-9d6595d7 wp-block-columns-is-layout-flex\">\n<div class=\"wp-block-column is-layout-flow wp-block-column-is-layout-flow\">\n<ul class=\"wp-block-list\">\n<li style=\"font-size:16px;font-style:normal;font-weight:900\">Facultad de Medicina: \n<ul class=\"wp-block-list\">\n<li style=\"font-style:normal;font-weight:400\">delestudiantes.medicina.cr@uclm.es<\/li>\n\n\n\n<li style=\"font-style:normal;font-weight:400\">Instagram: @delmedcr<\/li>\n\n\n\n<li style=\"font-style:normal;font-weight:400\"><a href=\"https:\/\/www.uclm.es\/ciudad-real\/medicina\">https:\/\/www.uclm.es\/ciudad-real\/medicina<\/a><\/li>\n<\/ul>\n<\/li>\n<\/ul>\n<\/div>\n\n\n\n<div class=\"wp-block-column is-layout-flow wp-block-column-is-layout-flow\">\n<figure class=\"wp-block-image size-full is-resized is-style-rounded\"><img loading=\"lazy\" decoding=\"async\" width=\"259\" height=\"194\" src=\"https:\/\/blog.uclm.es\/estudiantescr\/wp-content\/uploads\/sites\/285\/2024\/08\/images-6.jpg\" alt=\"\" class=\"wp-image-896\" style=\"width:163px;height:auto\" \/><\/figure>\n<\/div>\n<\/div>\n\n\n\n<hr class=\"wp-block-separator aligncenter has-text-color has-black-color has-alpha-channel-opacity has-black-background-color has-background is-style-default\" style=\"margin-top:var(--wp--preset--spacing--30);margin-bottom:var(--wp--preset--spacing--30)\" \/>\n\n\n\n<div style=\"height:24px\" aria-hidden=\"true\" class=\"wp-block-spacer\"><\/div>\n\n\n\n<div class=\"wp-block-columns is-layout-flex wp-container-core-columns-is-layout-9d6595d7 wp-block-columns-is-layout-flex\">\n<div class=\"wp-block-column is-layout-flow wp-block-column-is-layout-flow\">\n<div class=\"wp-block-columns is-layout-flex wp-container-core-columns-is-layout-9d6595d7 wp-block-columns-is-layout-flex\">\n<div class=\"wp-block-column is-layout-flow wp-block-column-is-layout-flow\">\n<figure class=\"wp-block-image size-full is-resized is-style-default\"><img loading=\"lazy\" decoding=\"async\" width=\"569\" height=\"398\" src=\"https:\/\/blog.uclm.es\/estudiantescr\/wp-content\/uploads\/sites\/285\/2024\/05\/SIMBOLO_UCLMCEI_2021.jpg\" alt=\"\" class=\"wp-image-511\" style=\"width:300px;height:auto\" srcset=\"https:\/\/blog.uclm.es\/estudiantescr\/wp-content\/uploads\/sites\/285\/2024\/05\/SIMBOLO_UCLMCEI_2021.jpg 569w, https:\/\/blog.uclm.es\/estudiantescr\/wp-content\/uploads\/sites\/285\/2024\/05\/SIMBOLO_UCLMCEI_2021-300x210.jpg 300w\" sizes=\"auto, (max-width: 569px) 100vw, 569px\" \/><\/figure>\n<\/div>\n\n\n\n<div class=\"wp-block-column is-layout-flow wp-block-column-is-layout-flow\">\n<figure class=\"wp-block-image size-large is-resized is-style-rounded\"><img loading=\"lazy\" decoding=\"async\" width=\"1024\" height=\"1024\" src=\"https:\/\/blog.uclm.es\/estudiantescr\/wp-content\/uploads\/sites\/285\/2024\/04\/cr1-1024x1024.png\" alt=\"\" class=\"wp-image-48\" style=\"width:219px;height:auto\" srcset=\"https:\/\/blog.uclm.es\/estudiantescr\/wp-content\/uploads\/sites\/285\/2024\/04\/cr1-1024x1024.png 1024w, https:\/\/blog.uclm.es\/estudiantescr\/wp-content\/uploads\/sites\/285\/2024\/04\/cr1-300x300.png 300w, https:\/\/blog.uclm.es\/estudiantescr\/wp-content\/uploads\/sites\/285\/2024\/04\/cr1-150x150.png 150w, https:\/\/blog.uclm.es\/estudiantescr\/wp-content\/uploads\/sites\/285\/2024\/04\/cr1-768x768.png 768w, https:\/\/blog.uclm.es\/estudiantescr\/wp-content\/uploads\/sites\/285\/2024\/04\/cr1-1536x1536.png 1536w, https:\/\/blog.uclm.es\/estudiantescr\/wp-content\/uploads\/sites\/285\/2024\/04\/cr1.png 2000w\" sizes=\"auto, (max-width: 767px) 89vw, (max-width: 1000px) 54vw, (max-width: 1071px) 543px, 580px\" \/><\/figure>\n<\/div>\n<\/div>\n<\/div>\n<\/div>\n<\/div>\n<\/div>\n","protected":false},"excerpt":{"rendered":"<p>Aqu\u00ed podr\u00e1s encontrar todos los buzones de correo electr\u00f3nico y redes sociales y enlaces directos a las secciones web de las distintas Delegaciones de Centro del Campus de Ciudad Real, que son los siguientes:<\/p>\n","protected":false},"author":470,"featured_media":0,"parent":0,"menu_order":0,"comment_status":"closed","ping_status":"closed","template":"","meta":{"footnotes":""},"class_list":["post-277","page","type-page","status-publish","hentry"],"_links":{"self":[{"href":"https:\/\/blog.uclm.es\/estudiantescr\/wp-json\/wp\/v2\/pages\/277","targetHints":{"allow":["GET"]}}],"collection":[{"href":"https:\/\/blog.uclm.es\/estudiantescr\/wp-json\/wp\/v2\/pages"}],"about":[{"href":"https:\/\/blog.uclm.es\/estudiantescr\/wp-json\/wp\/v2\/types\/page"}],"author":[{"embeddable":true,"href":"https:\/\/blog.uclm.es\/estudiantescr\/wp-json\/wp\/v2\/users\/470"}],"replies":[{"embeddable":true,"href":"https:\/\/blog.uclm.es\/estudiantescr\/wp-json\/wp\/v2\/comments?post=277"}],"version-history":[{"count":14,"href":"https:\/\/blog.uclm.es\/estudiantescr\/wp-json\/wp\/v2\/pages\/277\/revisions"}],"predecessor-version":[{"id":1568,"href":"https:\/\/blog.uclm.es\/estudiantescr\/wp-json\/wp\/v2\/pages\/277\/revisions\/1568"}],"wp:attachment":[{"href":"https:\/\/blog.uclm.es\/estudiantescr\/wp-json\/wp\/v2\/media?parent=277"}],"curies":[{"name":"wp","href":"https:\/\/api.w.org\/{rel}","templated":true}]}}