{"id":164,"date":"2024-11-18T18:00:00","date_gmt":"2024-11-18T17:00:00","guid":{"rendered":"https:\/\/blog.uclm.es\/estudiantescr\/?page_id=164"},"modified":"2025-05-05T19:23:33","modified_gmt":"2025-05-05T17:23:33","slug":"agenda","status":"publish","type":"page","link":"https:\/\/blog.uclm.es\/estudiantescr\/agenda\/","title":{"rendered":"AGENDA"},"content":{"rendered":"\n<div class=\"wp-block-columns is-layout-flex wp-container-core-columns-is-layout-9d6595d7 wp-block-columns-is-layout-flex\">\n<div class=\"wp-block-column is-layout-flow wp-block-column-is-layout-flow\">\n<div class=\"wp-block-columns is-layout-flex wp-container-core-columns-is-layout-9d6595d7 wp-block-columns-is-layout-flex\">\n<div class=\"wp-block-column is-layout-flow wp-block-column-is-layout-flow\">\n<p style=\"font-size:17px;font-style:normal;font-weight:500\">Aqu\u00ed podr\u00e1s encontrar la agenda del delegado de estudiantes del Campus de Ciudad Real, as\u00ed como otros eventos en los que han participado diferentes miembros de la Comisi\u00f3n Ejecutiva de la DECCR-UCLM.<\/p>\n<\/div>\n<\/div>\n<\/div>\n<\/div>\n\n\n\n<div class=\"wp-block-columns is-layout-flex wp-container-core-columns-is-layout-9d6595d7 wp-block-columns-is-layout-flex\">\n<div class=\"wp-block-column is-vertically-aligned-center is-layout-flow wp-block-column-is-layout-flow\" style=\"flex-basis:33.33%\"><div class=\"wp-block-image is-style-rounded\">\n<figure class=\"aligncenter size-full is-resized\"><img loading=\"lazy\" decoding=\"async\" width=\"2000\" height=\"2000\" src=\"https:\/\/blog.uclm.es\/estudiantescr\/wp-content\/uploads\/sites\/285\/2024\/04\/cr1.png\" alt=\"\" class=\"wp-image-48\" style=\"width:101px;height:auto\" srcset=\"https:\/\/blog.uclm.es\/estudiantescr\/wp-content\/uploads\/sites\/285\/2024\/04\/cr1.png 2000w, https:\/\/blog.uclm.es\/estudiantescr\/wp-content\/uploads\/sites\/285\/2024\/04\/cr1-300x300.png 300w, https:\/\/blog.uclm.es\/estudiantescr\/wp-content\/uploads\/sites\/285\/2024\/04\/cr1-1024x1024.png 1024w, https:\/\/blog.uclm.es\/estudiantescr\/wp-content\/uploads\/sites\/285\/2024\/04\/cr1-150x150.png 150w, https:\/\/blog.uclm.es\/estudiantescr\/wp-content\/uploads\/sites\/285\/2024\/04\/cr1-768x768.png 768w, https:\/\/blog.uclm.es\/estudiantescr\/wp-content\/uploads\/sites\/285\/2024\/04\/cr1-1536x1536.png 1536w\" sizes=\"auto, (max-width: 767px) 89vw, (max-width: 1000px) 54vw, (max-width: 1071px) 543px, 580px\" \/><\/figure>\n<\/div><\/div>\n\n\n\n<div class=\"wp-block-column is-layout-flow wp-block-column-is-layout-flow\" style=\"flex-basis:66.66%\">\n<p class=\"has-medium-font-size\" style=\"font-style:normal;font-weight:900;line-height:2.1\">LEGISLATURA NOVIEMBRE 2024 \u2013 NOVIEMBRE 2025<\/p>\n<\/div>\n<\/div>\n\n\n\n<div class=\"wp-block-columns is-layout-flex wp-container-core-columns-is-layout-9d6595d7 wp-block-columns-is-layout-flex\">\n<div class=\"wp-block-column is-layout-flow wp-block-column-is-layout-flow\">\n<div class=\"wp-block-columns is-layout-flex wp-container-core-columns-is-layout-9d6595d7 wp-block-columns-is-layout-flex\">\n<div class=\"wp-block-column is-layout-flow wp-block-column-is-layout-flow\">\n<p><strong>09 y 10 de mayo de 2025, 16:00 horas. <\/strong>Pleno ordinario h\u00edbrido del CRE-UCLM. Sala de juicios de la Facultad de Derecho y Ciencias Sociales del Campus de Ciudad Real. Junto al resto de la Comisi\u00f3n Ejecutiva.<\/p>\n\n\n\n<p><strong>09 de mayo de 2025, 10:30 horas. <\/strong>Pleno extraordinario h\u00edbrido de la DECCR-UCLM. Facultad de Medicina y Microsoft Teams. Junto al resto de la Comisi\u00f3n Ejecutiva.<\/p>\n\n\n\n<p><strong>22 de abril de 2025, 16:00 horas.<\/strong> I Gymkana del Campus. Exteriores de la Facultad de Letras y el Aulario General. Junto a la tesorera del Campus.<\/p>\n\n\n\n<p><strong>22 de abril de 2025, 14:00 horas.<\/strong> I Comida popular del Campus. Exteriores de la Facultad de Letras y el Aulario General. Junto a la tesorera del Campus.<\/p>\n\n\n\n<p><strong>07-11 de abril de 2025. <\/strong>I Concurso de B\u00fasqueda de Patos. Campus de Ciudad Real. Junto a la tesorera del Campus.<\/p>\n\n\n\n<p><strong>26 de marzo de 2025, 22:00 horas. <\/strong>Reuni\u00f3n de la Comisi\u00f3n Ejecutiva de la DECCR-UCLM. Microsoft Teams. Junto al resto de la Comisi\u00f3n Ejecutiva.<\/p>\n\n\n\n<p><strong>10 de marzo de 2025, 10:30 horas.<\/strong> Acto institucional por el 8M, D\u00eda Internacional de la Mujer. Aula Magna de la Biblioteca General. Junto a la tesorera del Campus.<\/p>\n\n\n\n<p><strong>07 de marzo de 2025, 16:45 horas. <\/strong>Pleno extraordinario h\u00edbrido del CRE-UCLM. Despacho del CRE-UCLM del Campus de Ciudad Real.<\/p>\n\n\n\n<p><strong>02 de marzo de 2025, 20:00 horas. <\/strong>Reuni\u00f3n de la Comisi\u00f3n Ejecutiva de la DECCR-UCLM. Despacho de la DECCR-UCLM. Junto a la tesorera del Campus.<\/p>\n\n\n\n<p><strong>18 de febrero de 2025, 09:00 horas. <\/strong>Pleno extraordinario as\u00edncrono del CRE-UCLM. Microsoft Forms. Junto a la subdelegada del Campus.<\/p>\n\n\n\n<p><strong>13 de febrero de 2025, 18:00 horas. <\/strong>Pleno ordinario h\u00edbrido de la DECCR-UCLM. Sala de Juntas de la Sede de Almad\u00e9n. Junto al resto de la Comisi\u00f3n Ejecutiva.<\/p>\n\n\n\n<p><strong>06 al 08 de febrero de 2025. <\/strong>ODS Odsesionados. Universidad de Murcia. Junto a la tesorera del Campus.<\/p>\n\n\n\n<p><strong>30 de enero de 2025, 16:00 horas. <\/strong>Reuni\u00f3n de la Comisi\u00f3n Ejecutiva de la DECCR-UCLM. Despacho de la DECCR-UCLM y Microsoft Teams. Junto al resto de la Comisi\u00f3n Ejecutiva.<\/p>\n\n\n\n<p><strong>12 de diciembre de 2024, 16:00 horas. <\/strong>Pleno ordinario h\u00edbrido de la DECCR-UCLM. Sala de Juntas de la Facultad de Derecho y Ciencias Sociales. Junto al resto de la Comisi\u00f3n Ejecutiva.<\/p>\n\n\n\n<p><strong>29 y 30 de noviembre de 2024, 16:00 horas. <\/strong>Pleno ordinario h\u00edbrido del CRE-UCLM. Campus de Cuenca. Junto a la subdelegada de Campus.<\/p>\n\n\n\n<p style=\"font-style:normal;font-weight:500\"><strong>29 de noviembre de 2024, 09:30 horas. <\/strong>Jornadas de Formaci\u00f3n del CRE-UCLM. Campus de Cuenca. Junto a la subdelegada de Campus.<\/p>\n\n\n\n<p><strong>26 de noviembre de 2024, 10:00 horas. <\/strong>I Chocolatada de Campus. Paseo del Rectorado. Junto al resto de la Comisi\u00f3n Ejecutiva.<\/p>\n\n\n\n<p><strong>18 de noviembre de 2024, 11:00 horas. <\/strong>Elecciones a delegado de estudiantes del Campus de Ciudad Real y miembros del CRE-UCLM. Sala de Gerencia de Rectorado. Junto al resto de la Comisi\u00f3n Ejecutiva.<\/p>\n<\/div>\n<\/div>\n<\/div>\n<\/div>\n\n\n\n<div class=\"wp-block-columns is-layout-flex wp-container-core-columns-is-layout-9d6595d7 wp-block-columns-is-layout-flex\">\n<div class=\"wp-block-column is-layout-flow wp-block-column-is-layout-flow\">\n<hr class=\"wp-block-separator has-text-color has-black-color has-alpha-channel-opacity has-black-background-color has-background\" \/>\n<\/div>\n<\/div>\n\n\n\n<div class=\"wp-block-columns is-layout-flex wp-container-core-columns-is-layout-9d6595d7 wp-block-columns-is-layout-flex\">\n<div class=\"wp-block-column is-layout-flow wp-block-column-is-layout-flow\">\n<figure class=\"wp-block-image size-large is-style-rounded\"><img loading=\"lazy\" decoding=\"async\" width=\"1024\" height=\"768\" src=\"https:\/\/blog.uclm.es\/estudiantescr\/wp-content\/uploads\/sites\/285\/2024\/11\/imagen-ejecutiva-24-25-1024x768.jpg\" alt=\"\" class=\"wp-image-1558\" srcset=\"https:\/\/blog.uclm.es\/estudiantescr\/wp-content\/uploads\/sites\/285\/2024\/11\/imagen-ejecutiva-24-25-1024x768.jpg 1024w, https:\/\/blog.uclm.es\/estudiantescr\/wp-content\/uploads\/sites\/285\/2024\/11\/imagen-ejecutiva-24-25-300x225.jpg 300w, https:\/\/blog.uclm.es\/estudiantescr\/wp-content\/uploads\/sites\/285\/2024\/11\/imagen-ejecutiva-24-25-768x576.jpg 768w, https:\/\/blog.uclm.es\/estudiantescr\/wp-content\/uploads\/sites\/285\/2024\/11\/imagen-ejecutiva-24-25-1536x1152.jpg 1536w, https:\/\/blog.uclm.es\/estudiantescr\/wp-content\/uploads\/sites\/285\/2024\/11\/imagen-ejecutiva-24-25.jpg 2048w\" sizes=\"auto, (max-width: 767px) 89vw, (max-width: 1000px) 54vw, (max-width: 1071px) 543px, 580px\" \/><\/figure>\n<\/div>\n<\/div>\n","protected":false},"excerpt":{"rendered":"<p>Aqu\u00ed podr\u00e1s encontrar la agenda del delegado de estudiantes del Campus de Ciudad Real, as\u00ed como otros eventos en los que han participado diferentes miembros de la Comisi\u00f3n Ejecutiva de la DECCR-UCLM. LEGISLATURA NOVIEMBRE 2024 \u2013 NOVIEMBRE 2025 09 y 10 de mayo de 2025, 16:00 horas. Pleno ordinario h\u00edbrido del CRE-UCLM. Sala de juicios &hellip; <\/p>\n<p class=\"link-more\"><a href=\"https:\/\/blog.uclm.es\/estudiantescr\/agenda\/\" class=\"more-link\">Continuar leyendo<span class=\"screen-reader-text\"> \u00abAGENDA\u00bb<\/span><\/a><\/p>\n","protected":false},"author":470,"featured_media":0,"parent":0,"menu_order":0,"comment_status":"closed","ping_status":"closed","template":"","meta":{"footnotes":""},"class_list":["post-164","page","type-page","status-publish","hentry"],"_links":{"self":[{"href":"https:\/\/blog.uclm.es\/estudiantescr\/wp-json\/wp\/v2\/pages\/164","targetHints":{"allow":["GET"]}}],"collection":[{"href":"https:\/\/blog.uclm.es\/estudiantescr\/wp-json\/wp\/v2\/pages"}],"about":[{"href":"https:\/\/blog.uclm.es\/estudiantescr\/wp-json\/wp\/v2\/types\/page"}],"author":[{"embeddable":true,"href":"https:\/\/blog.uclm.es\/estudiantescr\/wp-json\/wp\/v2\/users\/470"}],"replies":[{"embeddable":true,"href":"https:\/\/blog.uclm.es\/estudiantescr\/wp-json\/wp\/v2\/comments?post=164"}],"version-history":[{"count":57,"href":"https:\/\/blog.uclm.es\/estudiantescr\/wp-json\/wp\/v2\/pages\/164\/revisions"}],"predecessor-version":[{"id":1603,"href":"https:\/\/blog.uclm.es\/estudiantescr\/wp-json\/wp\/v2\/pages\/164\/revisions\/1603"}],"wp:attachment":[{"href":"https:\/\/blog.uclm.es\/estudiantescr\/wp-json\/wp\/v2\/media?parent=164"}],"curies":[{"name":"wp","href":"https:\/\/api.w.org\/{rel}","templated":true}]}}