{"id":157,"date":"2024-11-18T11:00:00","date_gmt":"2024-11-18T10:00:00","guid":{"rendered":"https:\/\/blog.uclm.es\/estudiantescr\/?page_id=157"},"modified":"2025-05-05T18:41:33","modified_gmt":"2025-05-05T16:41:33","slug":"comisiones","status":"publish","type":"page","link":"https:\/\/blog.uclm.es\/estudiantescr\/comisiones\/","title":{"rendered":"COMISIONES"},"content":{"rendered":"\n<div class=\"wp-block-columns is-layout-flex wp-container-core-columns-is-layout-9d6595d7 wp-block-columns-is-layout-flex\">\n<div class=\"wp-block-column is-layout-flow wp-block-column-is-layout-flow\">\n<div class=\"wp-block-columns is-layout-flex wp-container-core-columns-is-layout-9d6595d7 wp-block-columns-is-layout-flex\">\n<div class=\"wp-block-column is-layout-flow wp-block-column-is-layout-flow\">\n<p style=\"font-size:17px;font-style:normal;font-weight:500\">De acuerdo con el art. 86 del Reglamento de Representaci\u00f3n Estudiantil de la UCLM, la DECCR-UCLM puede crear comisiones de trabajo destinadas a diversos fines. Actualmente este \u00f3rgano estudiantil cuenta con una comisi\u00f3n, la de Coordinaci\u00f3n Campus\u2013Centros, que est\u00e1 compuesta por los siguientes miembros del pleno:<\/p>\n<\/div>\n<\/div>\n<\/div>\n<\/div>\n\n\n\n<div class=\"wp-block-columns is-layout-flex wp-container-core-columns-is-layout-9d6595d7 wp-block-columns-is-layout-flex\">\n<div class=\"wp-block-column is-vertically-aligned-top is-layout-flow wp-block-column-is-layout-flow\" style=\"flex-basis:33.33%\">\n<figure class=\"wp-block-image size-full is-resized is-style-rounded\"><img decoding=\"async\" src=\"https:\/\/blog.uclm.es\/estudiantescr\/wp-content\/uploads\/sites\/285\/2024\/04\/cropped-cr1.png\" alt=\"\" class=\"wp-image-243\" style=\"width:125px;height:auto\" \/><\/figure>\n<\/div>\n\n\n\n<div class=\"wp-block-column is-layout-flow wp-block-column-is-layout-flow\" style=\"flex-basis:66.66%\">\n<div class=\"wp-block-columns is-layout-flex wp-container-core-columns-is-layout-9d6595d7 wp-block-columns-is-layout-flex\">\n<div class=\"wp-block-column is-layout-flow wp-block-column-is-layout-flow\">\n<p style=\"font-size:27px;font-style:normal;font-weight:900;line-height:2.1\">COMISI\u00d3N DE COORDINACI\u00d3N CAMPUS-CENTROS<\/p>\n<\/div>\n<\/div>\n<\/div>\n<\/div>\n\n\n\n<ul class=\"wp-block-list\">\n<li style=\"font-size:18px;font-style:normal;font-weight:900\">Coordinador:&nbsp; \n<ul class=\"wp-block-list\">\n<li style=\"font-size:17px;font-style:normal;font-weight:500\"><strong>Jos\u00e9 Montes Cabello,<\/strong> delegado de estudiantes del Campus de Ciudad Real<\/li>\n<\/ul>\n<\/li>\n<\/ul>\n\n\n\n<ul style=\"font-size:17px\" class=\"wp-block-list has-contrast-color has-text-color has-link-color wp-elements-ae777671ef7d47bf6d3467078d9ccaf2\">\n<li style=\"font-size:18px;font-style:normal;font-weight:900\">Secretaria:\u00a0\n<ul class=\"wp-block-list\">\n<li style=\"font-size:17px;font-style:normal;font-weight:500\"><strong>Elena Mateo Arenas,<\/strong> secretaria de la DECCR-UCLM<\/li>\n<\/ul>\n<\/li>\n<\/ul>\n\n\n\n<ul class=\"wp-block-list has-contrast-color has-text-color has-link-color wp-elements-461e606b63da8a1686a71129b4f40155\">\n<li style=\"font-size:18px;font-style:normal;font-weight:900\">Miembros por parte de la DECCR-UCLM:\n<ul class=\"wp-block-list\">\n<li class=\"has-roboto-font-family\" style=\"font-size:17px;font-style:normal;font-weight:500;line-height:1.5;text-transform:none\"><strong>Reibel David Charaja Apaza, <\/strong>delegado de centro de la Escuela de Ingenier\u00eda Minera e Industrial de Almad\u00e9n<\/li>\n\n\n\n<li class=\"has-roboto-font-family\" style=\"font-size:17px;font-style:normal;font-weight:500;line-height:1.5;text-transform:none\"><strong>Samuel Espejo Gil,<\/strong> delegado de centro de la Escuela Superior de Inform\u00e1tica de Ciudad Real<\/li>\n\n\n\n<li class=\"has-roboto-font-family\" style=\"font-size:17px;font-style:normal;font-weight:500;line-height:1.5;text-transform:none\"><strong>Jos\u00e9 Mar\u00eda Montoya S\u00e1nchez-Migall\u00f3n,<\/strong> delegado de centro de la Escuela T\u00e9cnica Superior de Ingenieros Agr\u00f3nomos de Ciudad Real<\/li>\n\n\n\n<li class=\"has-roboto-font-family\" style=\"font-size:17px;font-style:normal;font-weight:500;line-height:1.5;text-transform:none\"><strong>C\u00e9sar L\u00f3pez Garc\u00eda-Cervig\u00f3n,<\/strong> delegado de centro de la Escuela T\u00e9cnico Superior de Ingenier\u00eda de Caminos, Canales y Puertos de Ciudad Real<\/li>\n\n\n\n<li class=\"has-roboto-font-family\" style=\"font-size:17px;font-style:normal;font-weight:500;line-height:1.5;text-transform:none\"><strong>Jorge Ballesteros Almaz\u00e1n, <\/strong>delegado de centro de la Escuela T\u00e9cnico Superior de Ingenier\u00eda Industrial de Ciudad Real<\/li>\n\n\n\n<li class=\"has-roboto-font-family\" style=\"font-size:17px;font-style:normal;font-weight:500;line-height:1.5;text-transform:none\"><strong>Lidia Gonz\u00e1lez Herrero,<\/strong> delegada de centro de la Facultad de Ciencias y Tecnolog\u00edas Qu\u00edmicas de Ciudad Real<\/li>\n\n\n\n<li class=\"has-roboto-font-family\" style=\"font-size:17px;font-style:normal;font-weight:500;line-height:1.5;text-transform:none\"><strong>Alejandro Ruiz Venteo,<\/strong> delegado de centro de la Facultad de Derecho y Ciencias Sociales de Ciudad Real<\/li>\n\n\n\n<li class=\"has-roboto-font-family\" style=\"font-size:17px;font-style:normal;font-weight:500;line-height:1.5;text-transform:none\"><strong>Ver\u00f3nica Parre\u00f1o Moreno,<\/strong> delegada de centro de la Facultad de Educaci\u00f3n de Ciudad Real<\/li>\n\n\n\n<li class=\"has-roboto-font-family\" style=\"font-size:17px;font-style:normal;font-weight:500;line-height:1.5;text-transform:none\"><strong>David P\u00e9rez Calvillo, <\/strong>delegado de centro de la Facultad de Enfermer\u00eda de Ciudad Real<\/li>\n\n\n\n<li class=\"has-roboto-font-family\" style=\"font-size:17px;font-style:normal;font-weight:500;line-height:1.5;text-transform:none\"><strong>Juan Alfonso Blanco Morales,<\/strong> delegado de centro de la Facultad de Letras de Ciudad Real<\/li>\n\n\n\n<li class=\"has-roboto-font-family\" style=\"font-size:17px;font-style:normal;font-weight:500;line-height:1.5;text-transform:none\"><strong>Javier Delgado Moya,<\/strong> delegado de centro de la Facultad de Medicina de Ciudad Real<\/li>\n<\/ul>\n<\/li>\n<\/ul>\n\n\n\n<ul style=\"font-size:18px;font-style:normal;font-weight:900\" class=\"wp-block-list\">\n<li>Invitados\/as (con voz pero sin voto) en representaci\u00f3n de la Comisi\u00f3n Ejecutiva de la DECCR-UCLM:\n<ul class=\"wp-block-list\">\n<li class=\"has-roboto-font-family\" style=\"font-size:17px;font-style:normal;font-weight:500;line-height:1.5;text-transform:none\"><strong>Karen Andrea Gonz\u00e1lez Guzm\u00e1n,<\/strong> subdelegada de estudiantes del Campus de Ciudad Real<\/li>\n\n\n\n<li class=\"has-roboto-font-family\" style=\"font-size:17px;font-style:normal;font-weight:500;line-height:1.5;text-transform:none\"><strong>Alejandra Herguido Mart\u00edn, <\/strong>tesorera de la Delegaci\u00f3n de Estudiantes del Campus de Ciudad Real<\/li>\n<\/ul>\n<\/li>\n<\/ul>\n\n\n\n<hr class=\"wp-block-separator has-text-color has-black-color has-alpha-channel-opacity has-black-background-color has-background\" style=\"margin-top:var(--wp--preset--spacing--20);margin-bottom:var(--wp--preset--spacing--20)\" \/>\n\n\n\n<div style=\"height:15px\" aria-hidden=\"true\" class=\"wp-block-spacer\"><\/div>\n\n\n<div class=\"wp-block-image is-style-default\">\n<figure class=\"aligncenter size-full is-resized\"><img loading=\"lazy\" decoding=\"async\" width=\"847\" height=\"802\" src=\"https:\/\/blog.uclm.es\/estudiantescr\/wp-content\/uploads\/sites\/285\/2024\/04\/Capture-decran-2024-04-15-011817.png\" alt=\"\" class=\"wp-image-358\" style=\"width:316px;height:auto\" srcset=\"https:\/\/blog.uclm.es\/estudiantescr\/wp-content\/uploads\/sites\/285\/2024\/04\/Capture-decran-2024-04-15-011817.png 847w, https:\/\/blog.uclm.es\/estudiantescr\/wp-content\/uploads\/sites\/285\/2024\/04\/Capture-decran-2024-04-15-011817-300x284.png 300w, https:\/\/blog.uclm.es\/estudiantescr\/wp-content\/uploads\/sites\/285\/2024\/04\/Capture-decran-2024-04-15-011817-768x727.png 768w\" sizes=\"auto, (max-width: 767px) 89vw, (max-width: 1000px) 54vw, (max-width: 1071px) 543px, 580px\" \/><\/figure>\n<\/div>","protected":false},"excerpt":{"rendered":"<p>De acuerdo con el art. 86 del Reglamento de Representaci\u00f3n Estudiantil de la UCLM, la DECCR-UCLM puede crear comisiones de trabajo destinadas a diversos fines. Actualmente este \u00f3rgano estudiantil cuenta con una comisi\u00f3n, la de Coordinaci\u00f3n Campus\u2013Centros, que est\u00e1 compuesta por los siguientes miembros del pleno: COMISI\u00d3N DE COORDINACI\u00d3N CAMPUS-CENTROS<\/p>\n","protected":false},"author":470,"featured_media":0,"parent":0,"menu_order":0,"comment_status":"closed","ping_status":"closed","template":"","meta":{"footnotes":""},"class_list":["post-157","page","type-page","status-publish","hentry"],"_links":{"self":[{"href":"https:\/\/blog.uclm.es\/estudiantescr\/wp-json\/wp\/v2\/pages\/157","targetHints":{"allow":["GET"]}}],"collection":[{"href":"https:\/\/blog.uclm.es\/estudiantescr\/wp-json\/wp\/v2\/pages"}],"about":[{"href":"https:\/\/blog.uclm.es\/estudiantescr\/wp-json\/wp\/v2\/types\/page"}],"author":[{"embeddable":true,"href":"https:\/\/blog.uclm.es\/estudiantescr\/wp-json\/wp\/v2\/users\/470"}],"replies":[{"embeddable":true,"href":"https:\/\/blog.uclm.es\/estudiantescr\/wp-json\/wp\/v2\/comments?post=157"}],"version-history":[{"count":25,"href":"https:\/\/blog.uclm.es\/estudiantescr\/wp-json\/wp\/v2\/pages\/157\/revisions"}],"predecessor-version":[{"id":1583,"href":"https:\/\/blog.uclm.es\/estudiantescr\/wp-json\/wp\/v2\/pages\/157\/revisions\/1583"}],"wp:attachment":[{"href":"https:\/\/blog.uclm.es\/estudiantescr\/wp-json\/wp\/v2\/media?parent=157"}],"curies":[{"name":"wp","href":"https:\/\/api.w.org\/{rel}","templated":true}]}}