{"id":155,"date":"2024-11-18T11:00:00","date_gmt":"2024-11-18T10:00:00","guid":{"rendered":"https:\/\/blog.uclm.es\/estudiantescr\/?page_id=155"},"modified":"2025-05-05T18:40:12","modified_gmt":"2025-05-05T16:40:12","slug":"ejecutiva","status":"publish","type":"page","link":"https:\/\/blog.uclm.es\/estudiantescr\/ejecutiva\/","title":{"rendered":"EJECUTIVA"},"content":{"rendered":"\n<div class=\"wp-block-columns is-layout-flex wp-container-core-columns-is-layout-9d6595d7 wp-block-columns-is-layout-flex\">\n<div class=\"wp-block-column is-layout-flow wp-block-column-is-layout-flow\">\n<div class=\"wp-block-columns is-layout-flex wp-container-core-columns-is-layout-9d6595d7 wp-block-columns-is-layout-flex\">\n<div class=\"wp-block-column is-layout-flow wp-block-column-is-layout-flow\">\n<p style=\"font-size:17px;font-style:normal;font-weight:500\">La actual Comisi\u00f3n Ejecutiva de la DECCR-UCLM est\u00e1 compuesta por los siguientes miembros:<\/p>\n<\/div>\n<\/div>\n<\/div>\n<\/div>\n\n\n\n<div class=\"wp-block-columns is-layout-flex wp-container-core-columns-is-layout-9d6595d7 wp-block-columns-is-layout-flex\">\n<div class=\"wp-block-column is-vertically-aligned-center is-layout-flow wp-block-column-is-layout-flow\">\n<figure class=\"wp-block-image size-large is-style-rounded\"><img loading=\"lazy\" decoding=\"async\" width=\"1024\" height=\"1024\" src=\"https:\/\/blog.uclm.es\/estudiantescr\/wp-content\/uploads\/sites\/285\/2024\/08\/5F-edited-1-1024x1024.jpg\" alt=\"\" class=\"wp-image-1298\" srcset=\"https:\/\/blog.uclm.es\/estudiantescr\/wp-content\/uploads\/sites\/285\/2024\/08\/5F-edited-1-1024x1024.jpg 1024w, https:\/\/blog.uclm.es\/estudiantescr\/wp-content\/uploads\/sites\/285\/2024\/08\/5F-edited-1-300x300.jpg 300w, https:\/\/blog.uclm.es\/estudiantescr\/wp-content\/uploads\/sites\/285\/2024\/08\/5F-edited-1-150x150.jpg 150w, https:\/\/blog.uclm.es\/estudiantescr\/wp-content\/uploads\/sites\/285\/2024\/08\/5F-edited-1-768x768.jpg 768w, https:\/\/blog.uclm.es\/estudiantescr\/wp-content\/uploads\/sites\/285\/2024\/08\/5F-edited-1-100x100.jpg 100w, https:\/\/blog.uclm.es\/estudiantescr\/wp-content\/uploads\/sites\/285\/2024\/08\/5F-edited-1.jpg 1536w\" sizes=\"auto, (max-width: 767px) 89vw, (max-width: 1000px) 54vw, (max-width: 1071px) 543px, 580px\" \/><\/figure>\n<\/div>\n\n\n\n<div class=\"wp-block-column is-vertically-aligned-center is-layout-flow wp-block-column-is-layout-flow\">\n<figure class=\"wp-block-image size-full is-style-rounded\"><img loading=\"lazy\" decoding=\"async\" width=\"392\" height=\"372\" src=\"https:\/\/blog.uclm.es\/estudiantescr\/wp-content\/uploads\/sites\/285\/2024\/11\/Captura-de-pantalla-2024-11-13-a-las-15.27.55.png\" alt=\"\" class=\"wp-image-1493\" srcset=\"https:\/\/blog.uclm.es\/estudiantescr\/wp-content\/uploads\/sites\/285\/2024\/11\/Captura-de-pantalla-2024-11-13-a-las-15.27.55.png 392w, https:\/\/blog.uclm.es\/estudiantescr\/wp-content\/uploads\/sites\/285\/2024\/11\/Captura-de-pantalla-2024-11-13-a-las-15.27.55-300x285.png 300w\" sizes=\"auto, (max-width: 392px) 100vw, 392px\" \/><\/figure>\n<\/div>\n<\/div>\n\n\n\n<div class=\"wp-block-columns is-layout-flex wp-container-core-columns-is-layout-9d6595d7 wp-block-columns-is-layout-flex\">\n<div class=\"wp-block-column is-layout-flow wp-block-column-is-layout-flow\">\n<p class=\"has-text-align-center has-contrast-color has-text-color has-link-color has-roboto-font-family has-medium-font-size wp-elements-d3a6cfba9a87b38a19f81a4b5b34e539\" style=\"font-style:normal;font-weight:700\">JOS\u00c9 MONTES CABELLO<\/p>\n<\/div>\n\n\n\n<div class=\"wp-block-column is-layout-flow wp-block-column-is-layout-flow\">\n<p class=\"has-text-align-center has-contrast-color has-text-color has-link-color has-roboto-font-family wp-elements-6aeee0b4dfb931eca960cdaff8de4356\" style=\"font-size:20px;font-style:normal;font-weight:900\">KAREN ANDREA GONZ\u00c1LEZ GUZM\u00c1N<\/p>\n<\/div>\n<\/div>\n\n\n\n<div class=\"wp-block-columns is-layout-flex wp-container-core-columns-is-layout-9d6595d7 wp-block-columns-is-layout-flex\">\n<div class=\"wp-block-column is-layout-flow wp-block-column-is-layout-flow\">\n<p class=\"has-text-align-center has-contrast-color has-text-color has-link-color has-roboto-font-family wp-elements-7469a6eeb1b4a2965fafb7b2279dcd30\" style=\"font-size:17px;font-style:normal;font-weight:500;text-transform:none\">Delegado de Estudiantes del Campus<\/p>\n<\/div>\n\n\n\n<div class=\"wp-block-column is-layout-flow wp-block-column-is-layout-flow\">\n<p class=\"has-text-align-center has-contrast-color has-text-color has-link-color has-roboto-font-family wp-elements-ea2fbc64ca7eb6ca50508e475aafe22e\" style=\"font-size:17px;font-style:normal;font-weight:500;text-transform:none\">Subdelegada de Estudiantes del Campus<\/p>\n<\/div>\n<\/div>\n\n\n\n<div class=\"wp-block-columns is-layout-flex wp-container-core-columns-is-layout-9d6595d7 wp-block-columns-is-layout-flex\">\n<div class=\"wp-block-column is-layout-flow wp-block-column-is-layout-flow\">\n<p class=\"has-text-align-center has-contrast-color has-text-color has-link-color has-roboto-font-family wp-elements-c76485de7ee1c91dd7577f602c0a5f40\" style=\"font-size:16px;font-style:normal;font-weight:500;line-height:1.3;text-transform:none\">Representante claustral de la Facultad de Ciencias y Tecnolog\u00edas Qu\u00edmicas<\/p>\n<\/div>\n\n\n\n<div class=\"wp-block-column is-layout-flow wp-block-column-is-layout-flow\">\n<p class=\"has-text-align-center has-contrast-color has-text-color has-link-color has-roboto-font-family wp-elements-1cee0cb8e85d6fd7662879092e02c477\" style=\"font-size:16px;font-style:normal;font-weight:500;line-height:1.3;text-transform:none\">Subdelegada de centro de la Escuela de Ingenier\u00eda Minera e Industrial de Almad\u00e9n<\/p>\n<\/div>\n<\/div>\n\n\n\n<div class=\"wp-block-columns is-layout-flex wp-container-core-columns-is-layout-9d6595d7 wp-block-columns-is-layout-flex\">\n<div class=\"wp-block-column is-layout-flow wp-block-column-is-layout-flow\">\n<p class=\"has-text-align-center has-contrast-color has-text-color has-link-color has-roboto-font-family wp-elements-c1f45e50ca12d4adef01727e9e5a56b3\" style=\"font-size:15px;font-style:normal;font-weight:500;line-height:1.3;text-transform:none\">Estudiante del Grado en Ingenier\u00eda Qu\u00edmica<\/p>\n<\/div>\n\n\n\n<div class=\"wp-block-column is-layout-flow wp-block-column-is-layout-flow\">\n<p class=\"has-text-align-center has-contrast-color has-text-color has-link-color has-roboto-font-family wp-elements-fd95f5ae2ef91185b3e1055f37a9657f\" style=\"font-size:15px;font-style:normal;font-weight:500;line-height:1.3;text-decoration:none;text-transform:none\">Estudiante del Grado en Ingenier\u00eda Minera e Industrial<\/p>\n<\/div>\n<\/div>\n\n\n\n<div class=\"wp-block-columns are-vertically-aligned-center is-layout-flex wp-container-core-columns-is-layout-9d6595d7 wp-block-columns-is-layout-flex\">\n<div class=\"wp-block-column is-vertically-aligned-center is-layout-flow wp-block-column-is-layout-flow\">\n<figure class=\"wp-block-image size-large is-style-rounded\"><img loading=\"lazy\" decoding=\"async\" width=\"758\" height=\"758\" src=\"https:\/\/blog.uclm.es\/estudiantescr\/wp-content\/uploads\/sites\/285\/2025\/05\/Imagen-de-WhatsApp-2025-05-05-a-las-18.30.59_12dd0d1c-e1746463173525-edited.jpg\" alt=\"\" class=\"wp-image-1581\" srcset=\"https:\/\/blog.uclm.es\/estudiantescr\/wp-content\/uploads\/sites\/285\/2025\/05\/Imagen-de-WhatsApp-2025-05-05-a-las-18.30.59_12dd0d1c-e1746463173525-edited.jpg 758w, https:\/\/blog.uclm.es\/estudiantescr\/wp-content\/uploads\/sites\/285\/2025\/05\/Imagen-de-WhatsApp-2025-05-05-a-las-18.30.59_12dd0d1c-e1746463173525-edited-300x300.jpg 300w, https:\/\/blog.uclm.es\/estudiantescr\/wp-content\/uploads\/sites\/285\/2025\/05\/Imagen-de-WhatsApp-2025-05-05-a-las-18.30.59_12dd0d1c-e1746463173525-edited-150x150.jpg 150w, https:\/\/blog.uclm.es\/estudiantescr\/wp-content\/uploads\/sites\/285\/2025\/05\/Imagen-de-WhatsApp-2025-05-05-a-las-18.30.59_12dd0d1c-e1746463173525-edited-100x100.jpg 100w\" sizes=\"auto, (max-width: 706px) 89vw, (max-width: 767px) 82vw, 740px\" \/><\/figure>\n<\/div>\n\n\n\n<div class=\"wp-block-column is-vertically-aligned-center is-layout-flow wp-block-column-is-layout-flow\">\n<figure class=\"wp-block-image size-large is-style-rounded\"><img loading=\"lazy\" decoding=\"async\" width=\"985\" height=\"1024\" src=\"https:\/\/blog.uclm.es\/estudiantescr\/wp-content\/uploads\/sites\/285\/2024\/11\/Captura-de-pantalla-2024-11-15-a-las-17.06.03-985x1024.png\" alt=\"\" class=\"wp-image-1534\" srcset=\"https:\/\/blog.uclm.es\/estudiantescr\/wp-content\/uploads\/sites\/285\/2024\/11\/Captura-de-pantalla-2024-11-15-a-las-17.06.03-985x1024.png 985w, https:\/\/blog.uclm.es\/estudiantescr\/wp-content\/uploads\/sites\/285\/2024\/11\/Captura-de-pantalla-2024-11-15-a-las-17.06.03-289x300.png 289w, https:\/\/blog.uclm.es\/estudiantescr\/wp-content\/uploads\/sites\/285\/2024\/11\/Captura-de-pantalla-2024-11-15-a-las-17.06.03-768x799.png 768w, https:\/\/blog.uclm.es\/estudiantescr\/wp-content\/uploads\/sites\/285\/2024\/11\/Captura-de-pantalla-2024-11-15-a-las-17.06.03.png 1358w\" sizes=\"auto, (max-width: 767px) 89vw, (max-width: 1000px) 54vw, (max-width: 1071px) 543px, 580px\" \/><\/figure>\n<\/div>\n<\/div>\n\n\n\n<div class=\"wp-block-columns is-layout-flex wp-container-core-columns-is-layout-9d6595d7 wp-block-columns-is-layout-flex\">\n<div class=\"wp-block-column is-layout-flow wp-block-column-is-layout-flow\">\n<p class=\"has-text-align-center has-contrast-color has-text-color has-link-color has-roboto-font-family has-medium-font-size wp-elements-60c0f59cd01e14188c5dee695e79ebc8\" style=\"font-style:normal;font-weight:900\">ELENA MATEO ARENAS<\/p>\n<\/div>\n\n\n\n<div class=\"wp-block-column is-layout-flow wp-block-column-is-layout-flow\">\n<p class=\"has-text-align-center has-contrast-color has-text-color has-link-color has-roboto-font-family has-medium-font-size wp-elements-eb10d0d4a7b5c3015378827fba2cdd00\" style=\"font-style:normal;font-weight:700\">ALEJANDRA HERGUIDO MART\u00cdN<\/p>\n<\/div>\n<\/div>\n\n\n\n<div class=\"wp-block-columns is-layout-flex wp-container-core-columns-is-layout-9d6595d7 wp-block-columns-is-layout-flex\">\n<div class=\"wp-block-column is-layout-flow wp-block-column-is-layout-flow\">\n<p class=\"has-text-align-center has-contrast-color has-text-color has-link-color has-roboto-font-family wp-elements-e84dde1058ac46a177b164f50bbe42d4\" style=\"font-size:17px;font-style:normal;font-weight:500;text-transform:none\">Secretaria del Campus<\/p>\n<\/div>\n\n\n\n<div class=\"wp-block-column is-layout-flow wp-block-column-is-layout-flow\">\n<p class=\"has-text-align-center has-contrast-color has-text-color has-link-color has-roboto-font-family wp-elements-afe1960a29c1226b577981344568cbbc\" style=\"font-size:17px;font-style:normal;font-weight:500;text-transform:none\">Tesorera del Campus<\/p>\n<\/div>\n<\/div>\n\n\n\n<div class=\"wp-block-columns is-layout-flex wp-container-core-columns-is-layout-9d6595d7 wp-block-columns-is-layout-flex\">\n<div class=\"wp-block-column is-layout-flow wp-block-column-is-layout-flow\">\n<p class=\"has-text-align-center has-contrast-color has-text-color has-link-color has-roboto-font-family wp-elements-d1023bd0c020abe650cc16d845ce0eae\" style=\"font-size:16px;font-style:normal;font-weight:500;line-height:1.3;text-transform:none\">Subdelegada de centro por el Grado en Derecho de la Facultad de Derecho y Ciencias y Sociales<\/p>\n<\/div>\n\n\n\n<div class=\"wp-block-column is-layout-flow wp-block-column-is-layout-flow\">\n<p class=\"has-text-align-center has-contrast-color has-text-color has-link-color has-roboto-font-family wp-elements-27c1bb357e2ae91849003dac5b7c1ed2\" style=\"font-size:16px;font-style:normal;font-weight:500;line-height:1.2;text-transform:none\">Subdelegada de centro por el Grado en Ingenier\u00eda Qu\u00edmica de la Facultad de Ciencias y Tecnolog\u00edas Qu\u00edmicas<\/p>\n<\/div>\n<\/div>\n\n\n\n<div class=\"wp-block-columns is-layout-flex wp-container-core-columns-is-layout-9d6595d7 wp-block-columns-is-layout-flex\">\n<div class=\"wp-block-column is-vertically-aligned-center is-layout-flow wp-block-column-is-layout-flow\">\n<p class=\"has-text-align-center has-contrast-color has-text-color has-link-color has-roboto-font-family wp-elements-f045e47dc9ffdcce382315c1922fed83\" style=\"font-size:15px;font-style:normal;font-weight:500;line-height:1.3;text-transform:none\">Estudiante del Grado en Derecho<\/p>\n<\/div>\n\n\n\n<div class=\"wp-block-column is-vertically-aligned-center is-layout-flow wp-block-column-is-layout-flow\">\n<p class=\"has-text-align-center has-contrast-color has-text-color has-link-color has-roboto-font-family wp-elements-cb4490dbbd562f5af2781aa2711b5f3f\" style=\"font-size:15px;font-style:normal;font-weight:500;line-height:1.3;text-transform:none\">Estudiante del Grado en Ingenier\u00eda Qu\u00edmica<\/p>\n<\/div>\n<\/div>\n\n\n\n<hr class=\"wp-block-separator has-text-color has-black-color has-alpha-channel-opacity has-black-background-color has-background\" style=\"margin-top:var(--wp--preset--spacing--20);margin-bottom:var(--wp--preset--spacing--20)\" \/>\n\n\n\n<div style=\"height:22px\" aria-hidden=\"true\" class=\"wp-block-spacer\"><\/div>\n\n\n<div class=\"wp-block-image is-style-rounded\">\n<figure class=\"aligncenter size-large is-resized\"><img loading=\"lazy\" decoding=\"async\" width=\"1024\" height=\"1024\" src=\"https:\/\/blog.uclm.es\/estudiantescr\/wp-content\/uploads\/sites\/285\/2024\/04\/cr1-1024x1024.png\" alt=\"\" class=\"wp-image-48\" style=\"width:306px;height:auto\" srcset=\"https:\/\/blog.uclm.es\/estudiantescr\/wp-content\/uploads\/sites\/285\/2024\/04\/cr1-1024x1024.png 1024w, https:\/\/blog.uclm.es\/estudiantescr\/wp-content\/uploads\/sites\/285\/2024\/04\/cr1-300x300.png 300w, https:\/\/blog.uclm.es\/estudiantescr\/wp-content\/uploads\/sites\/285\/2024\/04\/cr1-150x150.png 150w, https:\/\/blog.uclm.es\/estudiantescr\/wp-content\/uploads\/sites\/285\/2024\/04\/cr1-768x768.png 768w, https:\/\/blog.uclm.es\/estudiantescr\/wp-content\/uploads\/sites\/285\/2024\/04\/cr1-1536x1536.png 1536w, https:\/\/blog.uclm.es\/estudiantescr\/wp-content\/uploads\/sites\/285\/2024\/04\/cr1.png 2000w\" sizes=\"auto, (max-width: 767px) 89vw, (max-width: 1000px) 54vw, (max-width: 1071px) 543px, 580px\" \/><\/figure>\n<\/div>","protected":false},"excerpt":{"rendered":"<p>La actual Comisi\u00f3n Ejecutiva de la DECCR-UCLM est\u00e1 compuesta por los siguientes miembros: JOS\u00c9 MONTES CABELLO KAREN ANDREA GONZ\u00c1LEZ GUZM\u00c1N Delegado de Estudiantes del Campus Subdelegada de Estudiantes del Campus Representante claustral de la Facultad de Ciencias y Tecnolog\u00edas Qu\u00edmicas Subdelegada de centro de la Escuela de Ingenier\u00eda Minera e Industrial de Almad\u00e9n Estudiante del &hellip; <\/p>\n<p class=\"link-more\"><a href=\"https:\/\/blog.uclm.es\/estudiantescr\/ejecutiva\/\" class=\"more-link\">Continuar leyendo<span class=\"screen-reader-text\"> \u00abEJECUTIVA\u00bb<\/span><\/a><\/p>\n","protected":false},"author":470,"featured_media":0,"parent":0,"menu_order":0,"comment_status":"closed","ping_status":"closed","template":"","meta":{"footnotes":""},"class_list":["post-155","page","type-page","status-publish","hentry"],"_links":{"self":[{"href":"https:\/\/blog.uclm.es\/estudiantescr\/wp-json\/wp\/v2\/pages\/155","targetHints":{"allow":["GET"]}}],"collection":[{"href":"https:\/\/blog.uclm.es\/estudiantescr\/wp-json\/wp\/v2\/pages"}],"about":[{"href":"https:\/\/blog.uclm.es\/estudiantescr\/wp-json\/wp\/v2\/types\/page"}],"author":[{"embeddable":true,"href":"https:\/\/blog.uclm.es\/estudiantescr\/wp-json\/wp\/v2\/users\/470"}],"replies":[{"embeddable":true,"href":"https:\/\/blog.uclm.es\/estudiantescr\/wp-json\/wp\/v2\/comments?post=155"}],"version-history":[{"count":37,"href":"https:\/\/blog.uclm.es\/estudiantescr\/wp-json\/wp\/v2\/pages\/155\/revisions"}],"predecessor-version":[{"id":1582,"href":"https:\/\/blog.uclm.es\/estudiantescr\/wp-json\/wp\/v2\/pages\/155\/revisions\/1582"}],"wp:attachment":[{"href":"https:\/\/blog.uclm.es\/estudiantescr\/wp-json\/wp\/v2\/media?parent=155"}],"curies":[{"name":"wp","href":"https:\/\/api.w.org\/{rel}","templated":true}]}}