{"id":151,"date":"2024-04-14T12:29:11","date_gmt":"2024-04-14T10:29:11","guid":{"rendered":"https:\/\/blog.uclm.es\/estudiantescr\/?page_id=151"},"modified":"2025-05-05T19:43:12","modified_gmt":"2025-05-05T17:43:12","slug":"pleno","status":"publish","type":"page","link":"https:\/\/blog.uclm.es\/estudiantescr\/pleno\/","title":{"rendered":"PLENO"},"content":{"rendered":"\n<div class=\"wp-block-columns is-layout-flex wp-container-core-columns-is-layout-9d6595d7 wp-block-columns-is-layout-flex\">\n<div class=\"wp-block-column is-layout-flow wp-block-column-is-layout-flow\">\n<div class=\"wp-block-columns is-layout-flex wp-container-core-columns-is-layout-9d6595d7 wp-block-columns-is-layout-flex\">\n<div class=\"wp-block-column is-layout-flow wp-block-column-is-layout-flow\">\n<p style=\"font-size:17px;font-style:normal;font-weight:500\">La DECCR-UCLM cuenta actualmente con un total de 58 miembros tras las recientes elecciones del pasado mes de octubre de 2024 a representantes estudiantiles de centro de nuestra Universidad.<\/p>\n\n\n\n<p style=\"font-size:17px;font-style:normal;font-weight:500\">Son los\/as siguientes miembros ordenados\/as por Facultades o Escuelas:<\/p>\n<\/div>\n<\/div>\n<\/div>\n<\/div>\n\n\n\n<div class=\"wp-block-columns is-layout-flex wp-container-core-columns-is-layout-9d6595d7 wp-block-columns-is-layout-flex\">\n<div class=\"wp-block-column is-layout-flow wp-block-column-is-layout-flow\">\n<ul class=\"wp-block-list\">\n<li style=\"font-size:16px;font-style:normal;font-weight:900\">Escuela de Ingenier\u00eda Minera e Industrial de Almad\u00e9n:\n<ul class=\"wp-block-list\">\n<li style=\"font-size:16px;font-style:normal;font-weight:400\">Reibel David Charaja Apaza, delegado de centro<\/li>\n\n\n\n<li style=\"font-size:16px;font-style:normal;font-weight:400\">Karen Andrea Gonz\u00e1lez Guzm\u00e1n, subdelegada de centro<\/li>\n\n\n\n<li style=\"font-style:normal;font-weight:400\">M\u00edstica Buele Marqu\u00e9s, representante claustral<\/li>\n<\/ul>\n<\/li>\n<\/ul>\n<\/div>\n\n\n\n<div class=\"wp-block-column is-layout-flow wp-block-column-is-layout-flow\">\n<figure class=\"wp-block-image size-full is-resized is-style-rounded\"><img loading=\"lazy\" decoding=\"async\" width=\"1000\" height=\"655\" src=\"https:\/\/blog.uclm.es\/estudiantescr\/wp-content\/uploads\/sites\/285\/2024\/08\/19274FDE-F376-6059-FA44D5578F426FCF.jpg\" alt=\"\" class=\"wp-image-886\" style=\"width:249px;height:auto\" srcset=\"https:\/\/blog.uclm.es\/estudiantescr\/wp-content\/uploads\/sites\/285\/2024\/08\/19274FDE-F376-6059-FA44D5578F426FCF.jpg 1000w, https:\/\/blog.uclm.es\/estudiantescr\/wp-content\/uploads\/sites\/285\/2024\/08\/19274FDE-F376-6059-FA44D5578F426FCF-300x197.jpg 300w, https:\/\/blog.uclm.es\/estudiantescr\/wp-content\/uploads\/sites\/285\/2024\/08\/19274FDE-F376-6059-FA44D5578F426FCF-768x503.jpg 768w\" sizes=\"auto, (max-width: 767px) 89vw, (max-width: 1000px) 54vw, (max-width: 1071px) 543px, 580px\" \/><\/figure>\n<\/div>\n<\/div>\n\n\n\n<div class=\"wp-block-columns is-layout-flex wp-container-core-columns-is-layout-9d6595d7 wp-block-columns-is-layout-flex\">\n<div class=\"wp-block-column is-layout-flow wp-block-column-is-layout-flow\">\n<ul class=\"wp-block-list\">\n<li style=\"font-size:16px;font-style:normal;font-weight:900\">Escuela Superior de Inform\u00e1tica:\n<ul class=\"wp-block-list\">\n<li style=\"font-size:16px;font-style:normal;font-weight:400\">Samuel Espejo Gil, delegado de centro<\/li>\n\n\n\n<li style=\"font-style:normal;font-weight:400\">V\u00edctor Toledo Rico, subdelegada de centro<\/li>\n\n\n\n<li style=\"font-style:normal;font-weight:400\">Alejandro Ca\u00f1as Borreguero, representante claustral<\/li>\n<\/ul>\n<\/li>\n<\/ul>\n<\/div>\n\n\n\n<div class=\"wp-block-column is-layout-flow wp-block-column-is-layout-flow\">\n<figure class=\"wp-block-image size-full is-resized is-style-rounded\"><img loading=\"lazy\" decoding=\"async\" width=\"324\" height=\"156\" src=\"https:\/\/blog.uclm.es\/estudiantescr\/wp-content\/uploads\/sites\/285\/2024\/08\/images-1.jpg\" alt=\"\" class=\"wp-image-889\" style=\"width:368px;height:auto\" srcset=\"https:\/\/blog.uclm.es\/estudiantescr\/wp-content\/uploads\/sites\/285\/2024\/08\/images-1.jpg 324w, https:\/\/blog.uclm.es\/estudiantescr\/wp-content\/uploads\/sites\/285\/2024\/08\/images-1-300x144.jpg 300w\" sizes=\"auto, (max-width: 324px) 100vw, 324px\" \/><\/figure>\n<\/div>\n<\/div>\n\n\n\n<div class=\"wp-block-columns is-layout-flex wp-container-core-columns-is-layout-9d6595d7 wp-block-columns-is-layout-flex\">\n<div class=\"wp-block-column is-layout-flow wp-block-column-is-layout-flow\">\n<ul class=\"wp-block-list\">\n<li style=\"font-size:16px;font-style:normal;font-weight:900\">Escuela T\u00e9cnica Superior de Ingenieros Agr\u00f3nomos: \n<ul class=\"wp-block-list\">\n<li style=\"font-style:normal;font-weight:400\">Jos\u00e9 Mar\u00eda Montoya S\u00e1nchez-Migall\u00f3n, delegado de centro<\/li>\n\n\n\n<li style=\"font-style:normal;font-weight:400\">Patricia D\u00edaz Franco, representante claustral<\/li>\n\n\n\n<li style=\"font-style:normal;font-weight:400\">Mario Mart\u00edn-Delgado Guti\u00e9rrez, subdelegado de centro por el Grado en Ingenier\u00eda Agr\u00edcola y Agroalimentaria<\/li>\n\n\n\n<li style=\"font-style:normal;font-weight:400\">Noelia Villafranca Escobar, subdelegada de centro por el Grado en Enolog\u00eda<\/li>\n\n\n\n<li style=\"font-style:normal;font-weight:400\">Alfonso Jim\u00e9nez Ortega, subdelegado de centro por el M\u00e1ster Universitario en Ingenier\u00eda Agron\u00f3mica<\/li>\n<\/ul>\n<\/li>\n<\/ul>\n<\/div>\n\n\n\n<div class=\"wp-block-column is-layout-flow wp-block-column-is-layout-flow\"><div class=\"wp-block-image is-style-rounded\">\n<figure class=\"aligncenter size-full is-resized\"><img loading=\"lazy\" decoding=\"async\" width=\"700\" height=\"454\" src=\"https:\/\/blog.uclm.es\/estudiantescr\/wp-content\/uploads\/sites\/285\/2024\/08\/Agronomos-1.jpg\" alt=\"\" class=\"wp-image-888\" style=\"width:456px;height:auto\" srcset=\"https:\/\/blog.uclm.es\/estudiantescr\/wp-content\/uploads\/sites\/285\/2024\/08\/Agronomos-1.jpg 700w, https:\/\/blog.uclm.es\/estudiantescr\/wp-content\/uploads\/sites\/285\/2024\/08\/Agronomos-1-300x195.jpg 300w\" sizes=\"auto, (max-width: 700px) 100vw, 700px\" \/><\/figure>\n<\/div><\/div>\n<\/div>\n\n\n\n<div class=\"wp-block-columns is-layout-flex wp-container-core-columns-is-layout-9d6595d7 wp-block-columns-is-layout-flex\">\n<div class=\"wp-block-column is-layout-flow wp-block-column-is-layout-flow\">\n<ul class=\"wp-block-list\">\n<li style=\"font-style:normal;font-weight:900\">Escuela T\u00e9cnica Superior de Ingenier\u00eda de Caminos, Canales y Puertos: \n<ul class=\"wp-block-list\">\n<li style=\"font-style:normal;font-weight:400\">C\u00e9sar L\u00f3pez Garc\u00eda Cervig\u00f3n, delegado de centro<\/li>\n\n\n\n<li style=\"font-style:normal;font-weight:400\">Alejandro Mungaray Carrillo, subdelegado de centro<\/li>\n<\/ul>\n<\/li>\n<\/ul>\n<\/div>\n\n\n\n<div class=\"wp-block-column is-layout-flow wp-block-column-is-layout-flow\"><div class=\"wp-block-image is-style-rounded\">\n<figure class=\"aligncenter size-full is-resized\"><img loading=\"lazy\" decoding=\"async\" width=\"326\" height=\"154\" src=\"https:\/\/blog.uclm.es\/estudiantescr\/wp-content\/uploads\/sites\/285\/2024\/08\/images-2.jpg\" alt=\"\" class=\"wp-image-890\" style=\"width:381px;height:auto\" srcset=\"https:\/\/blog.uclm.es\/estudiantescr\/wp-content\/uploads\/sites\/285\/2024\/08\/images-2.jpg 326w, https:\/\/blog.uclm.es\/estudiantescr\/wp-content\/uploads\/sites\/285\/2024\/08\/images-2-300x142.jpg 300w\" sizes=\"auto, (max-width: 326px) 100vw, 326px\" \/><\/figure>\n<\/div><\/div>\n<\/div>\n\n\n\n<div class=\"wp-block-columns is-layout-flex wp-container-core-columns-is-layout-9d6595d7 wp-block-columns-is-layout-flex\">\n<div class=\"wp-block-column is-layout-flow wp-block-column-is-layout-flow\">\n<ul class=\"wp-block-list\">\n<li style=\"font-size:16px;font-style:normal;font-weight:900\">Escuela T\u00e9cnica Superior de Ingenier\u00eda Industrial: \n<ul class=\"wp-block-list\">\n<li style=\"font-style:normal;font-weight:400\">Jorge Ballesteros Almaz\u00e1n, delegado de centro<\/li>\n\n\n\n<li style=\"font-style:normal;font-weight:400\">Jes\u00fas Mayoralas Abell\u00e1n, representante claustral<\/li>\n\n\n\n<li style=\"font-style:normal;font-weight:400\">Susana Serna G\u00f3mez, subdelegada de centro por el Grado en Matem\u00e1ticas.<\/li>\n\n\n\n<li style=\"font-style:normal;font-weight:400\">Celia Ramos S\u00e1nchez, subdelegada de centro por el Grado en Ingenier\u00eda Electr\u00f3nica Industrial y Autom\u00e1tica<\/li>\n\n\n\n<li style=\"font-style:normal;font-weight:400\">Juan Jaime Rodr\u00edguez Rabd\u00e1n, subdelegado de centro por el Grado en Ingenier\u00eda Mec\u00e1nica<\/li>\n\n\n\n<li style=\"font-style:normal;font-weight:400\">\u00c1ngela Mar\u00eda Cano S\u00e1nchez, subdelegada de centro por el Grado en Ingenier\u00eda El\u00e9ctrica<\/li>\n\n\n\n<li style=\"font-style:normal;font-weight:400\">Daniel S\u00e1nchez Carnicer, subdelegado de centro por el M\u00e1ster Universitario en Ingenier\u00eda Industrial<\/li>\n<\/ul>\n<\/li>\n<\/ul>\n<\/div>\n\n\n\n<div class=\"wp-block-column is-layout-flow wp-block-column-is-layout-flow\">\n<figure class=\"wp-block-image size-full is-resized is-style-rounded\"><img loading=\"lazy\" decoding=\"async\" width=\"326\" height=\"154\" src=\"https:\/\/blog.uclm.es\/estudiantescr\/wp-content\/uploads\/sites\/285\/2024\/08\/images.jpg\" alt=\"\" class=\"wp-image-887\" style=\"width:514px;height:auto\" srcset=\"https:\/\/blog.uclm.es\/estudiantescr\/wp-content\/uploads\/sites\/285\/2024\/08\/images.jpg 326w, https:\/\/blog.uclm.es\/estudiantescr\/wp-content\/uploads\/sites\/285\/2024\/08\/images-300x142.jpg 300w\" sizes=\"auto, (max-width: 326px) 100vw, 326px\" \/><\/figure>\n<\/div>\n<\/div>\n\n\n\n<div class=\"wp-block-columns is-layout-flex wp-container-core-columns-is-layout-9d6595d7 wp-block-columns-is-layout-flex\">\n<div class=\"wp-block-column is-layout-flow wp-block-column-is-layout-flow\">\n<ul class=\"wp-block-list\">\n<li style=\"font-size:16px;font-style:normal;font-weight:900\">Facultad de Ciencias y Tecnolog\u00edas Qu\u00edmicas: \n<ul class=\"wp-block-list\">\n<li style=\"font-style:normal;font-weight:400\">Lidia Gonz\u00e1lez Herrero, delegada de centro y representante claustral<\/li>\n\n\n\n<li style=\"font-style:normal;font-weight:400\">Jos\u00e9 Montes Cabello, representante claustral<\/li>\n\n\n\n<li style=\"font-style:normal;font-weight:400\">Alejandra Herguido Mart\u00edn, subdelegada de centro por el Grado en Ingenier\u00eda Qu\u00edmica<\/li>\n\n\n\n<li style=\"font-style:normal;font-weight:400\">Celene Taroco Delgado, subdelegada de centro por el Grado en Qu\u00edmica<\/li>\n\n\n\n<li style=\"font-style:normal;font-weight:400\">Alba Ru\u00edz-Socolado Granado, subdelegada de centro por el Grado en Ciencia y Tecnolog\u00eda de los Alimentos<\/li>\n<\/ul>\n<\/li>\n<\/ul>\n<\/div>\n\n\n\n<div class=\"wp-block-column is-layout-flow wp-block-column-is-layout-flow\">\n<figure class=\"wp-block-image size-full is-resized is-style-rounded\"><img loading=\"lazy\" decoding=\"async\" width=\"300\" height=\"168\" src=\"https:\/\/blog.uclm.es\/estudiantescr\/wp-content\/uploads\/sites\/285\/2024\/08\/images-2-1.jpg\" alt=\"\" class=\"wp-image-891\" style=\"width:489px;height:auto\" \/><\/figure>\n<\/div>\n<\/div>\n\n\n\n<div class=\"wp-block-columns is-layout-flex wp-container-core-columns-is-layout-9d6595d7 wp-block-columns-is-layout-flex\">\n<div class=\"wp-block-column is-layout-flow wp-block-column-is-layout-flow\">\n<ul class=\"wp-block-list\">\n<li style=\"font-style:normal;font-weight:900\">Facultad de Derecho y Ciencias Sociales:\n<ul class=\"wp-block-list\">\n<li style=\"font-style:normal;font-weight:400\">Alejandro Ruiz Venteo, delegado de centro y representante claustral<\/li>\n\n\n\n<li style=\"font-style:normal;font-weight:400\">Nolasco Sanz Seco, subdelegado de centro por el Grado en Administraci\u00f3n y Direcci\u00f3n de Empresas y representante claustral<\/li>\n\n\n\n<li style=\"font-style:normal;font-weight:400\">Amin Mechkouri Laamiri, representante claustral<\/li>\n\n\n\n<li style=\"font-style:normal;font-weight:400\">Elena Mateo Arenas, subdelegada de centro por el Grado en Derecho<\/li>\n\n\n\n<li style=\"font-style:normal;font-weight:400\">Mario De Campos Camacho, subdelegado de centro por el Doble Grado en Derecho y Administraci\u00f3n y Direcci\u00f3n de Empresas<\/li>\n\n\n\n<li style=\"font-style:normal;font-weight:400\">Julio C\u00e9sar Ma\u00f1\u00f3n V\u00e1zquez, subdelegada de centro por el Grado en Relaciones Laborales<\/li>\n\n\n\n<li style=\"font-style:normal;font-weight:400\">Blanca Ruiz Salcedo, subdelegada de centro por el M\u00e1ster Universitario en Iniciativa Empresarial<\/li>\n\n\n\n<li style=\"font-style:normal;font-weight:400\">Andrea Mu\u00f1oz Delgado, subdelegada de centro por el M\u00e1ster Universitario en Auditor\u00eda de Cuentas<\/li>\n\n\n\n<li style=\"font-style:normal;font-weight:400\">Santiago Lillo S\u00e1nchez, subdelegada de centro por el M\u00e1ster Universitario en Auditor\u00eda P\u00fablica<\/li>\n\n\n\n<li style=\"font-style:normal;font-weight:400\">Ver\u00f3nica S\u00e1nchez Serrano, subdelegado de centro por el M\u00e1ster Universitario en Acceso a la Abogac\u00eda<\/li>\n\n\n\n<li style=\"font-style:normal;font-weight:400\">David Del Molino Hern\u00e1ndez, subdelegado de centro por el M\u00e1ster Universitario en Estrategia y Marketing de la Empresa<\/li>\n\n\n\n<li style=\"font-style:normal;font-weight:400\">Rub\u00e9n Garc\u00eda Mar\u00edn, subdelegada de centro por el M\u00e1ster Universitario en Modelizaci\u00f3n y An\u00e1lisis Estad\u00edstico de Datos<\/li>\n<\/ul>\n<\/li>\n<\/ul>\n<\/div>\n\n\n\n<div class=\"wp-block-column is-layout-flow wp-block-column-is-layout-flow\">\n<figure class=\"wp-block-image size-full is-resized is-style-rounded\"><img loading=\"lazy\" decoding=\"async\" width=\"286\" height=\"176\" src=\"https:\/\/blog.uclm.es\/estudiantescr\/wp-content\/uploads\/sites\/285\/2024\/08\/images-4.jpg\" alt=\"\" class=\"wp-image-893\" style=\"width:504px;height:auto\" \/><\/figure>\n<\/div>\n<\/div>\n\n\n\n<div class=\"wp-block-columns is-layout-flex wp-container-core-columns-is-layout-9d6595d7 wp-block-columns-is-layout-flex\">\n<div class=\"wp-block-column is-layout-flow wp-block-column-is-layout-flow\">\n<ul class=\"wp-block-list\">\n<li style=\"font-style:normal;font-weight:900\">Facultad de Educaci\u00f3n: \n<ul class=\"wp-block-list\">\n<li style=\"font-style:normal;font-weight:400\">Ver\u00f3nica Parre\u00f1o Moreno, delegada de centro y representante claustral<\/li>\n\n\n\n<li style=\"font-style:normal;font-weight:400\">Dami\u00e1n Ramos Velazco, representante claustral<\/li>\n\n\n\n<li style=\"font-size:16px;font-style:normal;font-weight:400\">Victoria Emma Garc\u00eda Gonz\u00e1lez-Mellado, subdelegada de centro por el Doble Grado en Maestro en Educaci\u00f3n Primaria y Maestro en Educaci\u00f3n Infantil<\/li>\n\n\n\n<li style=\"font-size:16px;font-style:normal;font-weight:400\">Iluminada Navarro Bas, subdelegada de centro por el Grado en Maestro en Educaci\u00f3n Primaria<\/li>\n\n\n\n<li style=\"font-size:16px;font-style:normal;font-weight:400\">Alberto Velasco Chamorro, subdelegado de centro por el Grado en Maestro en Educaci\u00f3n Infantil<\/li>\n<\/ul>\n<\/li>\n<\/ul>\n<\/div>\n\n\n\n<div class=\"wp-block-column is-layout-flow wp-block-column-is-layout-flow\">\n<figure class=\"wp-block-image size-large is-resized is-style-rounded\"><img loading=\"lazy\" decoding=\"async\" width=\"1024\" height=\"768\" src=\"https:\/\/blog.uclm.es\/estudiantescr\/wp-content\/uploads\/sites\/285\/2024\/08\/IMG_20220719_105754-1024x768.jpg\" alt=\"\" class=\"wp-image-894\" style=\"width:304px;height:auto\" srcset=\"https:\/\/blog.uclm.es\/estudiantescr\/wp-content\/uploads\/sites\/285\/2024\/08\/IMG_20220719_105754-1024x768.jpg 1024w, https:\/\/blog.uclm.es\/estudiantescr\/wp-content\/uploads\/sites\/285\/2024\/08\/IMG_20220719_105754-300x225.jpg 300w, https:\/\/blog.uclm.es\/estudiantescr\/wp-content\/uploads\/sites\/285\/2024\/08\/IMG_20220719_105754-768x576.jpg 768w, https:\/\/blog.uclm.es\/estudiantescr\/wp-content\/uploads\/sites\/285\/2024\/08\/IMG_20220719_105754-1536x1152.jpg 1536w, https:\/\/blog.uclm.es\/estudiantescr\/wp-content\/uploads\/sites\/285\/2024\/08\/IMG_20220719_105754-2048x1536.jpg 2048w\" sizes=\"auto, (max-width: 767px) 89vw, (max-width: 1000px) 54vw, (max-width: 1071px) 543px, 580px\" \/><\/figure>\n<\/div>\n<\/div>\n\n\n\n<div class=\"wp-block-columns is-layout-flex wp-container-core-columns-is-layout-9d6595d7 wp-block-columns-is-layout-flex\">\n<div class=\"wp-block-column is-layout-flow wp-block-column-is-layout-flow\">\n<ul class=\"wp-block-list\">\n<li style=\"font-style:normal;font-weight:900\">Facultad de Enfermer\u00eda: \n<ul class=\"wp-block-list\">\n<li style=\"font-style:normal;font-weight:400\">David P\u00e9rez Calvillo, delegado de centro<\/li>\n\n\n\n<li style=\"font-size:16px;font-style:normal;font-weight:400\">Jes\u00fas Mar\u00edn P\u00e9rez, subdelegado de centro<\/li>\n\n\n\n<li style=\"font-style:normal;font-weight:400\">Bel\u00e9n Navarro Trujillo, representante claustral<\/li>\n<\/ul>\n<\/li>\n<\/ul>\n<\/div>\n\n\n\n<div class=\"wp-block-column is-layout-flow wp-block-column-is-layout-flow\">\n<figure class=\"wp-block-image size-full is-resized is-style-rounded\"><img loading=\"lazy\" decoding=\"async\" width=\"367\" height=\"137\" src=\"https:\/\/blog.uclm.es\/estudiantescr\/wp-content\/uploads\/sites\/285\/2024\/08\/images-5.jpg\" alt=\"\" class=\"wp-image-895\" style=\"width:308px;height:auto\" srcset=\"https:\/\/blog.uclm.es\/estudiantescr\/wp-content\/uploads\/sites\/285\/2024\/08\/images-5.jpg 367w, https:\/\/blog.uclm.es\/estudiantescr\/wp-content\/uploads\/sites\/285\/2024\/08\/images-5-300x112.jpg 300w\" sizes=\"auto, (max-width: 367px) 100vw, 367px\" \/><\/figure>\n<\/div>\n<\/div>\n\n\n\n<div class=\"wp-block-columns is-layout-flex wp-container-core-columns-is-layout-9d6595d7 wp-block-columns-is-layout-flex\">\n<div class=\"wp-block-column is-layout-flow wp-block-column-is-layout-flow\">\n<ul class=\"wp-block-list\">\n<li style=\"font-size:16px;font-style:normal;font-weight:900\">Facultad de Letras: \n<ul class=\"wp-block-list\">\n<li style=\"font-style:normal;font-weight:400\">Juan Alfonso Blanco Morales, delegado de centro y representante claustral<\/li>\n\n\n\n<li style=\"font-style:normal;font-weight:400\">L\u00e1zaro Ortega Pacheco, representante claustral<\/li>\n\n\n\n<li style=\"font-style:normal;font-weight:400\">Yuliana Rodr\u00edguez Luz, subdelegado de centro por el Grado en Lenguas y Literaturas Modernas: Franc\u00e9s-Ingl\u00e9s<\/li>\n\n\n\n<li style=\"font-style:normal;font-weight:400\">Luc\u00eda Morales L\u00f3pez, subdelegada de centro por el Grado en Estudios Ingleses<\/li>\n\n\n\n<li style=\"font-style:normal;font-weight:400\">Fernando Garc\u00eda Acedo, subdelegado de centro por el Grado en Espa\u00f1ol: Lengua y Literatura<\/li>\n\n\n\n<li style=\"font-style:normal;font-weight:400\">Nuria S\u00e1nchez Palacios, subdelegada de centro por el Grado en Historia del Arte<\/li>\n\n\n\n<li style=\"font-style:normal;font-weight:400\">Elena Mateo Camargo, subdelegado de centro por el Grado en Historia<\/li>\n\n\n\n<li style=\"font-style:normal;font-weight:400\">Ignacio Ib\u00e1\u00f1ez Jim\u00e9nez, subdelegado de centro por el Grado en Geograf\u00eda, Desarrollo Territorial y Sostenibilidad<\/li>\n\n\n\n<li style=\"font-style:normal;font-weight:400\">Andr\u00e9s Puzych Pater, subdelegado de centro por el Doble Grado en Historia y Geograf\u00eda, Desarrollo Territorial y Sostenibilidad<\/li>\n\n\n\n<li style=\"font-style:normal;font-weight:400\">Ana P\u00e9rez de Madrid S\u00e1nchez-Valverde, subdelegada de centro por el Doble Grado en Historia e Historia del Arte<\/li>\n\n\n\n<li style=\"font-style:normal;font-weight:400\">Samuel Garc\u00eda Oca\u00f1a, subdelegado de centro por el M\u00e1ster Universitario en Investigaci\u00f3n en Letras y Humanidades<\/li>\n<\/ul>\n<\/li>\n<\/ul>\n<\/div>\n\n\n\n<div class=\"wp-block-column is-layout-flow wp-block-column-is-layout-flow\">\n<figure class=\"wp-block-image size-large is-resized is-style-rounded\"><img loading=\"lazy\" decoding=\"async\" width=\"1024\" height=\"575\" src=\"https:\/\/blog.uclm.es\/estudiantescr\/wp-content\/uploads\/sites\/285\/2024\/08\/Letras-Este-1024x575.jpg\" alt=\"\" class=\"wp-image-897\" style=\"width:443px;height:auto\" srcset=\"https:\/\/blog.uclm.es\/estudiantescr\/wp-content\/uploads\/sites\/285\/2024\/08\/Letras-Este-1024x575.jpg 1024w, https:\/\/blog.uclm.es\/estudiantescr\/wp-content\/uploads\/sites\/285\/2024\/08\/Letras-Este-300x168.jpg 300w, https:\/\/blog.uclm.es\/estudiantescr\/wp-content\/uploads\/sites\/285\/2024\/08\/Letras-Este-768x431.jpg 768w, https:\/\/blog.uclm.es\/estudiantescr\/wp-content\/uploads\/sites\/285\/2024\/08\/Letras-Este.jpg 1300w\" sizes=\"auto, (max-width: 767px) 89vw, (max-width: 1000px) 54vw, (max-width: 1071px) 543px, 580px\" \/><\/figure>\n<\/div>\n<\/div>\n\n\n\n<div class=\"wp-block-columns is-layout-flex wp-container-core-columns-is-layout-9d6595d7 wp-block-columns-is-layout-flex\">\n<div class=\"wp-block-column is-layout-flow wp-block-column-is-layout-flow\">\n<ul class=\"wp-block-list\">\n<li style=\"font-size:16px;font-style:normal;font-weight:900\">Facultad de Medicina: \n<ul class=\"wp-block-list\">\n<li style=\"font-style:normal;font-weight:400\">Javier Delgado Moya, delegado de centro<\/li>\n\n\n\n<li style=\"font-style:normal;font-weight:400\">Antonio Gonz\u00e1lez Mart\u00ednez, subdelegado de centro<\/li>\n\n\n\n<li style=\"font-style:normal;font-weight:400\">Jairo Serrano Fern\u00e1ndez, representante claustral<\/li>\n<\/ul>\n<\/li>\n<\/ul>\n<\/div>\n\n\n\n<div class=\"wp-block-column is-layout-flow wp-block-column-is-layout-flow\">\n<figure class=\"wp-block-image size-full is-resized is-style-rounded\"><img loading=\"lazy\" decoding=\"async\" width=\"259\" height=\"194\" src=\"https:\/\/blog.uclm.es\/estudiantescr\/wp-content\/uploads\/sites\/285\/2024\/08\/images-6.jpg\" alt=\"\" class=\"wp-image-896\" style=\"width:219px;height:auto\" \/><\/figure>\n<\/div>\n<\/div>\n\n\n\n<hr class=\"wp-block-separator has-text-color has-black-color has-alpha-channel-opacity has-black-background-color has-background\" style=\"margin-top:var(--wp--preset--spacing--30);margin-bottom:var(--wp--preset--spacing--30)\" \/>\n\n\n\n<div style=\"height:22px\" aria-hidden=\"true\" class=\"wp-block-spacer\"><\/div>\n\n\n\n<div class=\"wp-block-columns is-layout-flex wp-container-core-columns-is-layout-9d6595d7 wp-block-columns-is-layout-flex\">\n<div class=\"wp-block-column is-layout-flow wp-block-column-is-layout-flow\">\n<figure class=\"wp-block-image size-large is-style-rounded\"><img loading=\"lazy\" decoding=\"async\" width=\"1024\" height=\"768\" src=\"https:\/\/blog.uclm.es\/estudiantescr\/wp-content\/uploads\/sites\/285\/2025\/05\/Imagen-de-WhatsApp-2025-05-05-a-las-19.29.24_e6c87e19-1024x768.jpg\" alt=\"\" class=\"wp-image-1605\" srcset=\"https:\/\/blog.uclm.es\/estudiantescr\/wp-content\/uploads\/sites\/285\/2025\/05\/Imagen-de-WhatsApp-2025-05-05-a-las-19.29.24_e6c87e19-1024x768.jpg 1024w, https:\/\/blog.uclm.es\/estudiantescr\/wp-content\/uploads\/sites\/285\/2025\/05\/Imagen-de-WhatsApp-2025-05-05-a-las-19.29.24_e6c87e19-300x225.jpg 300w, https:\/\/blog.uclm.es\/estudiantescr\/wp-content\/uploads\/sites\/285\/2025\/05\/Imagen-de-WhatsApp-2025-05-05-a-las-19.29.24_e6c87e19-768x576.jpg 768w, https:\/\/blog.uclm.es\/estudiantescr\/wp-content\/uploads\/sites\/285\/2025\/05\/Imagen-de-WhatsApp-2025-05-05-a-las-19.29.24_e6c87e19-1536x1152.jpg 1536w, https:\/\/blog.uclm.es\/estudiantescr\/wp-content\/uploads\/sites\/285\/2025\/05\/Imagen-de-WhatsApp-2025-05-05-a-las-19.29.24_e6c87e19.jpg 1600w\" sizes=\"auto, (max-width: 767px) 89vw, (max-width: 1000px) 54vw, (max-width: 1071px) 543px, 580px\" \/><\/figure>\n<\/div>\n<\/div>\n","protected":false},"excerpt":{"rendered":"<p>La DECCR-UCLM cuenta actualmente con un total de 58 miembros tras las recientes elecciones del pasado mes de octubre de 2024 a representantes estudiantiles de centro de nuestra Universidad. Son los\/as siguientes miembros ordenados\/as por Facultades o Escuelas:<\/p>\n","protected":false},"author":470,"featured_media":0,"parent":0,"menu_order":0,"comment_status":"closed","ping_status":"closed","template":"","meta":{"footnotes":""},"class_list":["post-151","page","type-page","status-publish","hentry"],"_links":{"self":[{"href":"https:\/\/blog.uclm.es\/estudiantescr\/wp-json\/wp\/v2\/pages\/151","targetHints":{"allow":["GET"]}}],"collection":[{"href":"https:\/\/blog.uclm.es\/estudiantescr\/wp-json\/wp\/v2\/pages"}],"about":[{"href":"https:\/\/blog.uclm.es\/estudiantescr\/wp-json\/wp\/v2\/types\/page"}],"author":[{"embeddable":true,"href":"https:\/\/blog.uclm.es\/estudiantescr\/wp-json\/wp\/v2\/users\/470"}],"replies":[{"embeddable":true,"href":"https:\/\/blog.uclm.es\/estudiantescr\/wp-json\/wp\/v2\/comments?post=151"}],"version-history":[{"count":38,"href":"https:\/\/blog.uclm.es\/estudiantescr\/wp-json\/wp\/v2\/pages\/151\/revisions"}],"predecessor-version":[{"id":1606,"href":"https:\/\/blog.uclm.es\/estudiantescr\/wp-json\/wp\/v2\/pages\/151\/revisions\/1606"}],"wp:attachment":[{"href":"https:\/\/blog.uclm.es\/estudiantescr\/wp-json\/wp\/v2\/media?parent=151"}],"curies":[{"name":"wp","href":"https:\/\/api.w.org\/{rel}","templated":true}]}}