{"id":1400,"date":"2024-10-01T14:00:00","date_gmt":"2024-10-01T12:00:00","guid":{"rendered":"https:\/\/blog.uclm.es\/estudiantescr\/?page_id=1400"},"modified":"2024-11-14T23:58:24","modified_gmt":"2024-11-14T22:58:24","slug":"normativa","status":"publish","type":"page","link":"https:\/\/blog.uclm.es\/estudiantescr\/normativa\/","title":{"rendered":"NORMATIVA"},"content":{"rendered":"\n<p style=\"font-size:17px;font-style:normal;font-weight:500\">Aqu\u00ed podr\u00e1s encontrar toda la documentaci\u00f3n relativa a la normativa interna de la DECCR-UCLM, as\u00ed como acceso directo a la del CRE-UCLM, de la UCLM y a la legislaci\u00f3n nacional y auton\u00f3mica:<\/p>\n\n\n\n<div style=\"height:4px\" aria-hidden=\"true\" class=\"wp-block-spacer\"><\/div>\n\n\n\n<div class=\"wp-block-columns is-layout-flex wp-container-core-columns-is-layout-9d6595d7 wp-block-columns-is-layout-flex\">\n<div class=\"wp-block-column is-layout-flow wp-block-column-is-layout-flow\" style=\"line-height:1.5\">\n<p class=\"has-text-align-center has-white-color has-text-color has-background has-link-color wp-elements-7f337cba45fe0ef37b73c1e9c17fd0a8\" style=\"background:linear-gradient(135deg,rgb(20,33,230) 0%,rgb(20,33,230) 100%);font-size:15px;font-style:normal;font-weight:700\">NORMATIVA INTERNA DECCR-UCLM<\/p>\n\n\n\n<hr class=\"wp-block-separator has-text-color has-black-color has-alpha-channel-opacity has-black-background-color has-background is-style-wide\" \/>\n\n\n\n<figure class=\"wp-block-table is-style-stripes\"><table class=\"has-white-background-color has-background\"><thead><tr><th>Normativa<\/th><th>Documento<\/th><\/tr><\/thead><tbody><tr><td>Reglamento de R\u00e9gimen Interno de la DECCR-UCLM<\/td><td><a href=\"https:\/\/blog.uclm.es\/estudiantescr\/wp-content\/uploads\/sites\/285\/2024\/09\/Reglamento-de-Regimen-Interno-DECCR-UCLM.pdf\" target=\"_blank\" rel=\"noreferrer noopener\">Ver Completo<\/a><\/td><\/tr><tr><td>Modelo de presentaci\u00f3n de enmiendas pleno<\/td><td><a href=\"https:\/\/blog.uclm.es\/estudiantescr\/wp-content\/uploads\/sites\/285\/2024\/10\/Modelo-Presentacion-Enmiendas-Pleno.docx\">Ver Completo<\/a><\/td><\/tr><tr><td>Reglamento de Productos Promocionales de la DECCR-UCLM<\/td><td><a href=\"https:\/\/blog.uclm.es\/estudiantescr\/wp-content\/uploads\/sites\/285\/2024\/09\/Reglamento-Productos-Promocionales-DECCR-UCLM.pdf\">Ver Completo<\/a><\/td><\/tr><tr><td>Modelo de memoria de productos promocionales<\/td><td><a href=\"https:\/\/blog.uclm.es\/estudiantescr\/wp-content\/uploads\/sites\/285\/2024\/11\/Modelo-Memoria-Productos-Promocionales.docx\">Ver Completo<\/a><\/td><\/tr><\/tbody><\/table><\/figure>\n\n\n<\/div>\n<\/div>\n\n\n\n<div class=\"wp-block-columns is-layout-flex wp-container-core-columns-is-layout-9d6595d7 wp-block-columns-is-layout-flex\">\n<div class=\"wp-block-column is-layout-flow wp-block-column-is-layout-flow\" style=\"line-height:1.5\">\n<p class=\"has-text-align-center has-white-color has-text-color has-background has-link-color wp-elements-a0327105d0ea2d34a32ce4f30969f0b4\" style=\"background:linear-gradient(135deg,rgb(20,33,230) 0%,rgb(20,33,230) 100%);font-size:15px;font-style:normal;font-weight:700\">RESTO DE NORMATIVA (CRE-UCLM, UCLM Y LEGISLACI\u00d3N NACIONAL Y AUTON\u00d3MICA)<\/p>\n\n\n\n<hr class=\"wp-block-separator has-text-color has-black-color has-alpha-channel-opacity has-black-background-color has-background is-style-wide\" \/>\n\n\n<div class=\"wp-block-image is-style-default\">\n<figure class=\"aligncenter size-full\"><a href=\"https:\/\/blog.uclm.es\/creuclm\/documentacion\/\"><img loading=\"lazy\" decoding=\"async\" width=\"379\" height=\"346\" src=\"https:\/\/blog.uclm.es\/estudiantescr\/wp-content\/uploads\/sites\/285\/2024\/04\/Capture-decran-2024-04-25-164301.png\" alt=\"\" class=\"wp-image-419\" srcset=\"https:\/\/blog.uclm.es\/estudiantescr\/wp-content\/uploads\/sites\/285\/2024\/04\/Capture-decran-2024-04-25-164301.png 379w, https:\/\/blog.uclm.es\/estudiantescr\/wp-content\/uploads\/sites\/285\/2024\/04\/Capture-decran-2024-04-25-164301-300x274.png 300w\" sizes=\"auto, (max-width: 379px) 100vw, 379px\" \/><\/a><\/figure>\n<\/div><\/div>\n<\/div>\n\n\n\n<div style=\"height:38px\" aria-hidden=\"true\" class=\"wp-block-spacer\"><\/div>\n\n\n\n<hr class=\"wp-block-separator has-text-color has-black-color has-alpha-channel-opacity has-black-background-color has-background is-style-default\" \/>\n\n\n\n<div style=\"height:19px\" aria-hidden=\"true\" class=\"wp-block-spacer\"><\/div>\n\n\n\n<div class=\"wp-block-columns is-layout-flex wp-container-core-columns-is-layout-9d6595d7 wp-block-columns-is-layout-flex\">\n<div class=\"wp-block-column is-layout-flow wp-block-column-is-layout-flow\">\n<figure class=\"wp-block-image size-full is-style-rounded\"><img loading=\"lazy\" decoding=\"async\" width=\"250\" height=\"250\" src=\"https:\/\/blog.uclm.es\/estudiantescr\/wp-content\/uploads\/sites\/285\/2024\/04\/cropped-cr1.png\" alt=\"\" class=\"wp-image-1317\" srcset=\"https:\/\/blog.uclm.es\/estudiantescr\/wp-content\/uploads\/sites\/285\/2024\/04\/cropped-cr1.png 250w, https:\/\/blog.uclm.es\/estudiantescr\/wp-content\/uploads\/sites\/285\/2024\/04\/cropped-cr1-150x150.png 150w, https:\/\/blog.uclm.es\/estudiantescr\/wp-content\/uploads\/sites\/285\/2024\/04\/cropped-cr1-100x100.png 100w\" sizes=\"auto, (max-width: 250px) 100vw, 250px\" \/><\/figure>\n<\/div>\n\n\n\n<div class=\"wp-block-column is-layout-flow wp-block-column-is-layout-flow\">\n<figure class=\"wp-block-image size-full\"><img loading=\"lazy\" decoding=\"async\" width=\"569\" height=\"398\" src=\"https:\/\/blog.uclm.es\/estudiantescr\/wp-content\/uploads\/sites\/285\/2024\/05\/SIMBOLO_UCLMCEI_2021.jpg\" alt=\"\" class=\"wp-image-511\" srcset=\"https:\/\/blog.uclm.es\/estudiantescr\/wp-content\/uploads\/sites\/285\/2024\/05\/SIMBOLO_UCLMCEI_2021.jpg 569w, https:\/\/blog.uclm.es\/estudiantescr\/wp-content\/uploads\/sites\/285\/2024\/05\/SIMBOLO_UCLMCEI_2021-300x210.jpg 300w\" sizes=\"auto, (max-width: 569px) 100vw, 569px\" \/><\/figure>\n<\/div>\n<\/div>\n","protected":false},"excerpt":{"rendered":"<p>Aqu\u00ed podr\u00e1s encontrar toda la documentaci\u00f3n relativa a la normativa interna de la DECCR-UCLM, as\u00ed como acceso directo a la del CRE-UCLM, de la UCLM y a la legislaci\u00f3n nacional y auton\u00f3mica: NORMATIVA INTERNA DECCR-UCLM Normativa Documento Reglamento de R\u00e9gimen Interno de la DECCR-UCLM Ver Completo Modelo de presentaci\u00f3n de enmiendas pleno Ver Completo Reglamento &hellip; <\/p>\n<p class=\"link-more\"><a href=\"https:\/\/blog.uclm.es\/estudiantescr\/normativa\/\" class=\"more-link\">Continuar leyendo<span class=\"screen-reader-text\"> \u00abNORMATIVA\u00bb<\/span><\/a><\/p>\n","protected":false},"author":470,"featured_media":0,"parent":0,"menu_order":0,"comment_status":"closed","ping_status":"closed","template":"","meta":{"footnotes":""},"class_list":["post-1400","page","type-page","status-publish","hentry"],"_links":{"self":[{"href":"https:\/\/blog.uclm.es\/estudiantescr\/wp-json\/wp\/v2\/pages\/1400","targetHints":{"allow":["GET"]}}],"collection":[{"href":"https:\/\/blog.uclm.es\/estudiantescr\/wp-json\/wp\/v2\/pages"}],"about":[{"href":"https:\/\/blog.uclm.es\/estudiantescr\/wp-json\/wp\/v2\/types\/page"}],"author":[{"embeddable":true,"href":"https:\/\/blog.uclm.es\/estudiantescr\/wp-json\/wp\/v2\/users\/470"}],"replies":[{"embeddable":true,"href":"https:\/\/blog.uclm.es\/estudiantescr\/wp-json\/wp\/v2\/comments?post=1400"}],"version-history":[{"count":10,"href":"https:\/\/blog.uclm.es\/estudiantescr\/wp-json\/wp\/v2\/pages\/1400\/revisions"}],"predecessor-version":[{"id":1531,"href":"https:\/\/blog.uclm.es\/estudiantescr\/wp-json\/wp\/v2\/pages\/1400\/revisions\/1531"}],"wp:attachment":[{"href":"https:\/\/blog.uclm.es\/estudiantescr\/wp-json\/wp\/v2\/media?parent=1400"}],"curies":[{"name":"wp","href":"https:\/\/api.w.org\/{rel}","templated":true}]}}