{"id":20,"date":"2017-12-27T19:28:35","date_gmt":"2017-12-27T18:28:35","guid":{"rendered":"http:\/\/blog.uclm.es\/estherfdez\/?page_id=20"},"modified":"2025-10-12T21:29:29","modified_gmt":"2025-10-12T21:29:29","slug":"proyectos","status":"publish","type":"page","link":"https:\/\/blog.uclm.es\/estherfdez\/proyectos\/","title":{"rendered":"Proyectos"},"content":{"rendered":"<p style=\"text-align: justify\">He sido investigadora principal en los siguientes proyectos de investigaci\u00f3n subvencionados en convocatorias competitivas<\/p>\n<p><em>Camino al desistimiento: nuevas perspectivas para la intervenci\u00f3n en justicia juvenil<\/em> (2025-GRIN-38561) financiado por el plan propio de investigaci\u00f3n de la Universidad de Castilla-La Mancha y cofinanciado por el Fondo Europeo de Desarrollo Regional (01\/09\/2025-31\/08\/2028). Importe: 19.925,35\u20ac<\/p>\n<p><em>Estudio sobre experiencias de victimizaci\u00f3n y conducta antisocial de los j\u00f3venes espa\u00f1oles en internet<\/em> (2022-GRIN-34239) financiado por el plan propio de investigaci\u00f3n de la Universidad de Castilla-La Mancha y cofinanciado por el Fondo Europeo de Desarrollo Regional (01\/04\/2023-31\/03\/2025). Importe: 16.598,92\u20ac<\/p>\n<p><em>Justicia penal para todos II. Caja de herramientas para mejorar la accesibilidad del sistema penal\u00a0 <\/em>(SBPLY\/21\/180501\/000057)<em> financiado por la Consejer\u00eda de Educaci\u00f3n, Cultura y Deportes de la Junta de Comunidades de Castilla-La Mancha (1\/09\/2022-30\/09\/2026) Importe: 87.760,13\u20ac\u00a0<\/em><\/p>\n<p><em>Pocos para que importen: un estudio diferente de la justicia juvenil<\/em> (PID2020-118151RB-I00) <em>financiado por el Programa Estatal de I+D+i Orientada a los Retos de la Sociedad del Ministerio de Ciencia e Innovaci\u00f3n. (01\/09\/2021-31\/05\/2025) Importe: 25.410\u20ac<\/em><\/p>\n<p style=\"text-align: justify\"><em>Justicia penal para todos. Un estudio del funcionamiento y la accesibilidad de la justicia penal (SBPLY\/17\/180501\/000271) financiado por la Consejer\u00eda de Educaci\u00f3n, Cultura y Deportes de la Junta de Comunidades de Castilla-La Mancha.(01\/09\/2018-31\/07\/21) Importe: 117.348\u20ac <\/em><\/p>\n<p style=\"text-align: justify\"><em>Ciudadanos y justicia penal. Un an\u00e1lisis de la opini\u00f3n de los ciudadanos sobre el sistema penal (DER2015-67184-R), financiado por el Programa Estatal de I+D+i Orientada a los Retos de la Sociedad del MINECO. (01\/01\/2016-31\/12\/2018) Importe: 16.940\u20ac <\/em><\/p>\n<p style=\"text-align: justify\">An\u00e1lisis criminol\u00f3gico de la justicia penal en Espa\u00f1a. Una profundizaci\u00f3n sobre el proceso de producci\u00f3n de datos oficiales y sobre la eficacia del sistema de justicia (DER2011-28769) financiado por el MINECO. Plan Nacional del I+D+i. (2011-2014) Importe: 43.076 \u20ac<\/p>\n<p style=\"text-align: justify\">\u00cdndices de Criminalidad en Castilla-La Mancha (Ref. POII-2014-009), financiado por la Consejer\u00eda de Educaci\u00f3n, Cultura y Deportes de la Junta de Comunidades de Castilla-La Mancha. (1\/09\/2015-27\/09\/2017) Importe: 100.307,50\u20ac<\/p>\n<p style=\"text-align: justify\"><em>Percepciones, experiencias y actitudes de los adultos ante el comportamiento antisocial y delictivo de los j\u00f3venes (TC2008545) financiado por la UCLM. (2008-2009) Importe: 3.600\u20ac.<\/em><\/p>\n<p style=\"text-align: justify\">Tambi\u00e9n, he sido investigadora principal en los siguientes contratos de investigaci\u00f3n<\/p>\n<p style=\"text-align: justify\"><em><a href=\"http:\/\/www.rightsinternationalspain.org\/es\/campanias\/18\/menores-y-derechos-procesales-\"> Convenio con Rights International Spain en el marco de un proyecto de investigaci\u00f3n financiado por la Uni\u00f3n Europea dentro del programa Pro Jus denominado \u201cDerechos procesales de menores sospechosos o acusados en procesos penales en la UE\u201d <\/a> (REF. UCTR150443) (01\/10\/2015-1-07\/2016). Importe: 12.000\u20ac. <\/em><\/p>\n<p style=\"text-align: justify\"><em>Convenio con la Secretaria General de Instituciones Penitenciarias para realizar un Estudio de internos por delitos de odio (REF. UCTR170421) (2017). Importe: 12.100\u20ac.<\/em><\/p>\n<p style=\"text-align: justify\">He sido investigadora responsable por parte de la UCLM en los siguientes proyectos coordinados<\/p>\n<p style=\"text-align: justify\">(2023-2025) \u201cEmpiric +: una Criminolog\u00eda por y para una sociedad digitalizada\u201d (RED2022-134677-T) financiado por Agencia Estatal de Investigaci\u00f3n. Ministerio de Ciencia e innovaci\u00f3n. Programa Redes de Investigaci\u00f3n. Investigadora Principal: Ana Isabel Cerezo Dom\u00ednguez. Universidad de M\u00e1laga. Importe: 17.500\u20ac<\/p>\n<p style=\"text-align: justify\">(2020-2022) \u00abSUCCESS: Strengthening Criminology teaching through Cooperation among European and South american universities\u00bb financiado por el programa de ayudas Erasmus + Capacity Building in the field of Higher Education. Universidad coordinadora: Universidad de Sao Paolo (Brasil) . Importe: 999.748\u20ac<\/p>\n<p>(2018-2020) \u201cDesarrollo de un modelo criminol\u00f3gico y emp\u00edrico de la pol\u00edtica criminal\u201d (DER2017-90552-REDT) financiado por el Ministerio de Econom\u00eda y Competitividad. Plan Nacional I+D+I. Acciones Redes de Excelencia. Investigador Principal: Dra. D\u00f1a. Elena Larrauri Pijoan. Universidad Pompeu Fabra. Importe: 21.000\u20ac<\/p>\n<p style=\"text-align: justify\">He participado como miembro del equipo de investigaci\u00f3n en 9 proyectos de investigaci\u00f3n 4 de ellos financiados por el plan Nacional I+D, 3 por el gobierno regional de Castilla-La Mancha y 2 m\u00e1s subvencionados por el Instituto Interuniversitario de Investigaci\u00f3n en Seguridad Interior. Tambien he participado como miembro del equipo investigador en 7 convenios de colaboraci\u00f3n con diferentes entidades p\u00fablicas de la regi\u00f3n de Castilla-La Mancha para desarrollar proyectos de investigaci\u00f3n<\/p>\n<p style=\"text-align: justify\">Participaci\u00f3n proyectos de investigaci\u00f3n subvencionados en convocatorias competitivas<\/p>\n<p style=\"text-align: justify\">(2007-2008) Investigador en el proyecto \u201cSeguridad, estado social y cultura punitiva\u201d (SEJ2006-15335-C02-02) financiado por la CICYT (Comisi\u00f3n Interministerial de Ciencia y Tecnolog\u00eda). Investigador Principal: Dra. D\u00f1a. Mar\u00eda Jos\u00e9 Bernuz Beneitez. Universidad de Zaragoza.<\/p>\n<p style=\"text-align: justify\">(2006-2009) Investigador en el proyecto \u201cISRD-2 Delincuencia juvenil autoinformada\u201d (PAIO6-0127) financiado por la Consejer\u00eda de Educaci\u00f3n y Ciencia de la Junta de Comunidades de Castilla-La Mancha. Investigador Principal: Dra. D\u00f1a. Cristina Rechea Alberola. Universidad de Castilla-La Mancha. (9\/05\/2006-8\/05\/2009)<\/p>\n<p style=\"text-align: justify\">(2005-2006) Investigador en el proyecto \u201cLa tensi\u00f3n entre libertad y seguridad. Una investigaci\u00f3n socio-jur\u00eddica\u201d (BJU2003-07689-C02-02) financiado por la CICYT (Comisi\u00f3n Interministerial de Ciencia y Tecnolog\u00eda). Investigador Principal: Dra. D\u00f1a. Mar\u00eda Jos\u00e9 Bernuz Beneitez. Universidad de Zaragoza.<\/p>\n<p style=\"text-align: justify\">(2005) Investigador en el proyecto \u201cLa medici\u00f3n de la seguridad ciudadana, objetiva y subjetiva\u201d financiado por Instituto Interuniversitario de Investigaci\u00f3n en Seguridad Interior. UNED y Direcci\u00f3n General de la Guardia Civil. Investigador Principal: Prof. Dra. D\u00f1a. Cristina Rechea Alberola. Universidad de Castilla-La Mancha.<\/p>\n<p style=\"text-align: justify\">(2004-2007) Investigador en el proyecto \u201cLa evaluaci\u00f3n de la sala de coordinaci\u00f3n Seguridad p\u00fablica y seguridad privada\u201d (SEJ 2004-06618) financiado por la CICYT (Comisi\u00f3n Interministerial de Ciencia y Tecnolog\u00eda). Investigador Principal: Dra. D\u00f1a. Cristina Rechea Alberola. Universidad de Castilla-La Mancha.<\/p>\n<p style=\"text-align: justify\">(2004) Investigador en el proyecto \u201cTendencias sociales y delincuencia\u201d financiado por Instituto Interuniversitario de Investigaci\u00f3n en Seguridad Interior. UNED y Direcci\u00f3n General de la Guardia Civil. Investigador Principal: Prof. Dra. D\u00f1a. Cristina Rechea Alberola. Universidad de Castilla-La Mancha.<\/p>\n<p style=\"text-align: justify\">(2002-2005) Investigador en el proyecto \u201cFactores de protecci\u00f3n en el consumo de alcohol y otras conductas problem\u00e1ticas en adolescentes\u201d (BS 02002-03921) financiado por la CICYT (Comisi\u00f3n Interministerial de Ciencia y Tecnolog\u00eda). Investigador Principal: Prof. Dra. D\u00f1a. Cristina Rechea Alberola. Universidad de Castilla-La Mancha.<\/p>\n<p style=\"text-align: justify\"><em>(1999-2001) Investigador contratado por la Universidad de Castilla-La Mancha. Categor\u00eda Segunda-O, con cargo a fondos FEDER, proyecto I+D, para la realizaci\u00f3n del Proyecto \u201cImpacto de la Ley Penal Juvenil en Castilla- La Mancha\u201d (1FD97-0194). Investigador Principal: Prof. Dra. D\u00f1a. Cristina Rechea Alberola . Universidad de Castilla-La Mancha.<\/em><\/p>\n<p style=\"text-align: justify\">Participaci\u00f3n en contratos de investigaci\u00f3n<\/p>\n<p style=\"text-align: justify\"><em>Convenio de colaboraci\u00f3n entre la Consejer\u00eda de Bienestar Social de la Junta de Comunidades de Castilla-La Mancha y la Universidad de Castilla-La Mancha para la realizaci\u00f3n de un programa de investigaci\u00f3n sobre menores maltratadores en el hogar (Ref. CONV07-0004) (01\/01\/2006-31\/12\/2006) <\/em><\/p>\n<p style=\"text-align: justify\">Convenio de colaboraci\u00f3n para la realizaci\u00f3n de programas de investigaci\u00f3n y asesoramiento en materia de menores (Ref. CONV07-0207) (01\/01\/2007-31\/7\/2008)<\/p>\n<p style=\"text-align: justify\">Convenio de colaboraci\u00f3n para la realizaci\u00f3n de programas de investigaci\u00f3n y asesoramiento en materia de menores (Ref. CONV07-0208) (01\/06\/2007-31\/7\/2008)<\/p>\n<p style=\"text-align: justify\">Convenio de colaboraci\u00f3n entre la Consejer\u00eda de Bienestar Social de la Junta de Comunidades de Castilla-La Mancha y la Universidad de Castilla-La Mancha para la realizaci\u00f3n de un programa de asesoramiento en materia de menores (Ref. CONV08-0198) (01\/01\/2008-31\/12\/2008)<\/p>\n<p style=\"text-align: justify\">Realizaci\u00f3n de programas de investigaci\u00f3n y asesoramiento en materia de menores (Ref. CONV09-0133) (01\/01\/2009-31\/12\/2009)<\/p>\n<p style=\"text-align: justify\">Realizaci\u00f3n de programas de investigaci\u00f3n y asesoramiento en materia de menores para el a\u00f1o 2010 (Ref. CONV10-0225) (15\/06\/2010-30\/06\/2011)<\/p>\n<p style=\"text-align: justify\"><em>Convenio de colaboraci\u00f3n entre la Junta de Comunidades de Castilla-La Mancha, a trav\u00e9s de la Consejer\u00eda de Administraciones p\u00fablicas y justicia, la Fiscal\u00eda de Castilla-La Mancha y la Universidad de Castilla-La Mancha para la realizaci\u00f3n de un programa investigaci\u00f3n sobre la criminalidad en la regi\u00f3n (Ref. CONV10-0274) (07\/07\/2010-31\/12\/2012)<\/em><\/p>\n","protected":false},"excerpt":{"rendered":"<p>He sido investigadora principal en los siguientes proyectos de investigaci\u00f3n subvencionados en convocatorias competitivas Camino al desistimiento: nuevas perspectivas para la intervenci\u00f3n en justicia juvenil (2025-GRIN-38561) financiado por el plan propio de investigaci\u00f3n de la Universidad de Castilla-La Mancha y cofinanciado por el Fondo Europeo de Desarrollo Regional (01\/09\/2025-31\/08\/2028). Importe: 19.925,35\u20ac Estudio sobre experiencias de [&hellip;]<\/p>\n","protected":false},"author":99,"featured_media":0,"parent":0,"menu_order":0,"comment_status":"closed","ping_status":"closed","template":"","meta":{"footnotes":""},"class_list":["post-20","page","type-page","status-publish","hentry"],"_links":{"self":[{"href":"https:\/\/blog.uclm.es\/estherfdez\/wp-json\/wp\/v2\/pages\/20","targetHints":{"allow":["GET"]}}],"collection":[{"href":"https:\/\/blog.uclm.es\/estherfdez\/wp-json\/wp\/v2\/pages"}],"about":[{"href":"https:\/\/blog.uclm.es\/estherfdez\/wp-json\/wp\/v2\/types\/page"}],"author":[{"embeddable":true,"href":"https:\/\/blog.uclm.es\/estherfdez\/wp-json\/wp\/v2\/users\/99"}],"replies":[{"embeddable":true,"href":"https:\/\/blog.uclm.es\/estherfdez\/wp-json\/wp\/v2\/comments?post=20"}],"version-history":[{"count":8,"href":"https:\/\/blog.uclm.es\/estherfdez\/wp-json\/wp\/v2\/pages\/20\/revisions"}],"predecessor-version":[{"id":1263,"href":"https:\/\/blog.uclm.es\/estherfdez\/wp-json\/wp\/v2\/pages\/20\/revisions\/1263"}],"wp:attachment":[{"href":"https:\/\/blog.uclm.es\/estherfdez\/wp-json\/wp\/v2\/media?parent=20"}],"curies":[{"name":"wp","href":"https:\/\/api.w.org\/{rel}","templated":true}]}}