{"id":62,"date":"2016-05-03T10:13:03","date_gmt":"2016-05-03T09:13:03","guid":{"rendered":"http:\/\/blog.uclm.es\/escueladetraductores\/?page_id=62"},"modified":"2026-02-05T09:33:39","modified_gmt":"2026-02-05T09:33:39","slug":"colaboraciones-institucionales","status":"publish","type":"page","link":"https:\/\/blog.uclm.es\/escueladetraductores\/colaboraciones-institucionales\/","title":{"rendered":"Colaboraciones institucionales"},"content":{"rendered":"\n<div class=\"wp-block-cover alignfull wp-duotone-cf2e2e-cf2e2e-1\" style=\"min-height:145px;aspect-ratio:unset;\"><img loading=\"lazy\" decoding=\"async\" width=\"1400\" height=\"87\" class=\"wp-block-cover__image-background wp-image-17925\" alt=\"\" src=\"https:\/\/blog.uclm.es\/escueladetraductores\/wp-content\/uploads\/sites\/203\/2016\/05\/page_title_bg.png\" style=\"object-position:70% 64%\" data-object-fit=\"cover\" data-object-position=\"70% 64%\" srcset=\"https:\/\/blog.uclm.es\/escueladetraductores\/wp-content\/uploads\/sites\/203\/2016\/05\/page_title_bg.png 1400w, https:\/\/blog.uclm.es\/escueladetraductores\/wp-content\/uploads\/sites\/203\/2016\/05\/page_title_bg-300x19.png 300w, https:\/\/blog.uclm.es\/escueladetraductores\/wp-content\/uploads\/sites\/203\/2016\/05\/page_title_bg-1024x64.png 1024w, https:\/\/blog.uclm.es\/escueladetraductores\/wp-content\/uploads\/sites\/203\/2016\/05\/page_title_bg-768x48.png 768w\" sizes=\"auto, (max-width: 1400px) 100vw, 1400px\" \/><span aria-hidden=\"true\" class=\"wp-block-cover__background has-background-dim-100 has-background-dim\" style=\"background-color:#d34715\"><\/span><div class=\"wp-block-cover__inner-container is-layout-flow wp-block-cover-is-layout-flow\">\n<p class=\"has-text-align-center has-base-color has-text-color has-x-large-font-size\">COLABORACIONES INSTITUCIONALES<\/p>\n<\/div><\/div>\n\n\n\n<div class=\"wp-block-group alignwide is-layout-flow wp-block-group-is-layout-flow\">\n<p><\/p>\n\n\n\n<p class=\"has-text-align-center has-large-font-size\">Desde sus inicios, la Escuela de Traductores de Toledo ha realizado traducciones para distintas instituciones y organismos de \u00e1mbito local, nacional e internacional.<\/p>\n<\/div>\n\n\n\n<div class=\"wp-block-group alignwide is-layout-flow wp-block-group-is-layout-flow\">\n<p><\/p>\n\n\n\n<p class=\"has-vivid-red-background-color has-background\"><\/p>\n<\/div>\n\n\n\n<div class=\"wp-block-media-text alignwide is-stacked-on-mobile\" style=\"grid-template-columns:16% auto\"><figure class=\"wp-block-media-text__media\"><img loading=\"lazy\" decoding=\"async\" width=\"250\" height=\"462\" src=\"https:\/\/blog.uclm.es\/escueladetraductores\/wp-content\/uploads\/sites\/203\/2016\/05\/POS110.jpg\" alt=\"\" class=\"wp-image-17690 size-full\" srcset=\"https:\/\/blog.uclm.es\/escueladetraductores\/wp-content\/uploads\/sites\/203\/2016\/05\/POS110.jpg 250w, https:\/\/blog.uclm.es\/escueladetraductores\/wp-content\/uploads\/sites\/203\/2016\/05\/POS110-162x300.jpg 162w\" sizes=\"auto, (max-width: 250px) 100vw, 250px\" \/><\/figure><div class=\"wp-block-media-text__content\">\n<h6 class=\"wp-block-heading has-text-align-right\" style=\"text-transform:none\"><em>Gu\u00eda informativa sobre inmigraci\u00f3n y legislaci\u00f3n de extranjer\u00eda<\/em>&nbsp;\u2013 UGT &nbsp;Castilla-La Mancha<\/h6>\n\n\n\n<hr class=\"wp-block-separator has-text-color has-cyan-bluish-gray-color has-alpha-channel-opacity has-cyan-bluish-gray-background-color has-background is-style-wide\" \/>\n\n\n\n<p class=\"has-text-align-right\">La Escuela de Traductores de Toledo realiz\u00f3 la traducci\u00f3n al \u00e1rabe de la Gu\u00eda informativa sobre inmigraci\u00f3n y legislaci\u00f3n de extranjer\u00eda, elaborada y publicada por UGT Castilla-La Mancha.<\/p>\n<\/div><\/div>\n\n\n\n<hr class=\"wp-block-separator alignwide has-text-color has-vivid-red-color has-alpha-channel-opacity has-vivid-red-background-color has-background is-style-wide\" \/>\n\n\n\n<div class=\"wp-block-media-text alignwide has-media-on-the-right is-stacked-on-mobile\" style=\"grid-template-columns:auto 21%\"><div class=\"wp-block-media-text__content\">\n<h6 class=\"wp-block-heading\" style=\"text-transform:none\"><em>Gu\u00eda de Acogida 2010 \u2013&nbsp;<\/em>Ayuntamiento de Toledo<\/h6>\n\n\n\n<hr class=\"wp-block-separator has-text-color has-cyan-bluish-gray-color has-alpha-channel-opacity has-cyan-bluish-gray-background-color has-background is-style-wide\" \/>\n\n\n\n<p>La Escuela de Traductores de Toledo realiz\u00f3 la traducci\u00f3n al \u00e1rabe de la Gu\u00eda de Acogida para inmigrantes de la ciudad de Toledo, elaborada por la Concejal\u00eda de Servicios Sociales del Ayuntamiento de Toledo.<\/p>\n\n\n\n<div class=\"wp-block-buttons is-layout-flex wp-block-buttons-is-layout-flex\">\n<div class=\"wp-block-button aligncenter\"><a class=\"wp-block-button__link has-vivid-red-color has-luminous-vivid-amber-background-color has-text-color has-background has-small-font-size has-custom-font-size wp-element-button\" href=\"https:\/\/www.fundacionlengua.com\/canal-desarrollo\/es\/guia-acogida-inmigrantes-toledo\/art\/3221\/\">DESCARGAR<\/a><\/div>\n<\/div>\n<\/div><figure class=\"wp-block-media-text__media\"><img loading=\"lazy\" decoding=\"async\" width=\"551\" height=\"767\" src=\"https:\/\/blog.uclm.es\/escueladetraductores\/wp-content\/uploads\/sites\/203\/2016\/05\/Guia-ayto-Toledo-2010.jpg\" alt=\"\" class=\"wp-image-17686 size-full\" srcset=\"https:\/\/blog.uclm.es\/escueladetraductores\/wp-content\/uploads\/sites\/203\/2016\/05\/Guia-ayto-Toledo-2010.jpg 551w, https:\/\/blog.uclm.es\/escueladetraductores\/wp-content\/uploads\/sites\/203\/2016\/05\/Guia-ayto-Toledo-2010-216x300.jpg 216w\" sizes=\"auto, (max-width: 551px) 100vw, 551px\" \/><\/figure><\/div>\n\n\n\n<hr class=\"wp-block-separator alignwide has-text-color has-vivid-red-color has-alpha-channel-opacity has-vivid-red-background-color has-background is-style-wide\" \/>\n\n\n\n<div class=\"wp-block-media-text alignwide is-stacked-on-mobile\" style=\"grid-template-columns:18% auto\"><figure class=\"wp-block-media-text__media\"><img loading=\"lazy\" decoding=\"async\" width=\"539\" height=\"770\" src=\"https:\/\/blog.uclm.es\/escueladetraductores\/wp-content\/uploads\/sites\/203\/2025\/02\/Guia-Fecmes.jpg\" alt=\"\" class=\"wp-image-19357 size-full\" srcset=\"https:\/\/blog.uclm.es\/escueladetraductores\/wp-content\/uploads\/sites\/203\/2025\/02\/Guia-Fecmes.jpg 539w, https:\/\/blog.uclm.es\/escueladetraductores\/wp-content\/uploads\/sites\/203\/2025\/02\/Guia-Fecmes-210x300.jpg 210w\" sizes=\"auto, (max-width: 539px) 100vw, 539px\" \/><\/figure><div class=\"wp-block-media-text__content\">\n<h6 class=\"wp-block-heading has-text-align-right\" style=\"text-transform:none\"><em>Gu\u00eda de Recursos para Inmigrantes \u2013 FECMES<\/em><\/h6>\n\n\n\n<hr class=\"wp-block-separator has-text-color has-cyan-bluish-gray-color has-alpha-channel-opacity has-cyan-bluish-gray-background-color has-background is-style-wide\" \/>\n\n\n\n<p class=\"has-text-align-right\">La Escuela de Traductores de Toledo realiz\u00f3 la traducci\u00f3n al \u00e1rabe de la Gu\u00eda de Recursos para inmigrantes de Castilla-La Mancha, elaborada por la Federaci\u00f3n Empresarial de Castilla-La Mancha de Econom\u00eda Social.<\/p>\n<\/div><\/div>\n\n\n\n<hr class=\"wp-block-separator alignwide has-text-color has-vivid-red-color has-alpha-channel-opacity has-vivid-red-background-color has-background is-style-wide\" \/>\n\n\n\n<div class=\"wp-block-media-text alignwide has-media-on-the-right is-stacked-on-mobile\" style=\"grid-template-columns:auto 27%\"><div class=\"wp-block-media-text__content\">\n<h6 class=\"wp-block-heading\" style=\"text-transform:none\"><em>Gu\u00eda de Recursos para Inmigrantes de la ciudad de Toledo \u2013 MPDL<\/em><\/h6>\n\n\n\n<hr class=\"wp-block-separator has-text-color has-cyan-bluish-gray-color has-alpha-channel-opacity has-cyan-bluish-gray-background-color has-background is-style-wide\" \/>\n\n\n\n<p>La Escuela de Traductores de Toledo realiz\u00f3 la traducci\u00f3n al \u00e1rabe de la Gu\u00eda de Recursos para inmigrantes de la ciudad de Toledo, editada por el Movimiento por la Paz (MPDL). <\/p>\n\n\n\n<div class=\"wp-block-buttons is-content-justification-center is-layout-flex wp-container-core-buttons-is-layout-a89b3969 wp-block-buttons-is-layout-flex\">\n<div class=\"wp-block-button\"><a class=\"wp-block-button__link has-vivid-red-color has-luminous-vivid-amber-background-color has-text-color has-background has-small-font-size has-custom-font-size wp-element-button\" href=\"https:\/\/www.mpdl.org\/\">VISITAR SITIO<\/a><\/div>\n<\/div>\n<\/div><figure class=\"wp-block-media-text__media\"><img loading=\"lazy\" decoding=\"async\" width=\"1024\" height=\"719\" src=\"https:\/\/blog.uclm.es\/escueladetraductores\/wp-content\/uploads\/sites\/203\/2016\/05\/Guia-MPDL-1024x719.jpg\" alt=\"\" class=\"wp-image-17688 size-full\" srcset=\"https:\/\/blog.uclm.es\/escueladetraductores\/wp-content\/uploads\/sites\/203\/2016\/05\/Guia-MPDL-1024x719.jpg 1024w, https:\/\/blog.uclm.es\/escueladetraductores\/wp-content\/uploads\/sites\/203\/2016\/05\/Guia-MPDL-300x211.jpg 300w, https:\/\/blog.uclm.es\/escueladetraductores\/wp-content\/uploads\/sites\/203\/2016\/05\/Guia-MPDL-768x539.jpg 768w, https:\/\/blog.uclm.es\/escueladetraductores\/wp-content\/uploads\/sites\/203\/2016\/05\/Guia-MPDL.jpg 1100w\" sizes=\"auto, (max-width: 1024px) 100vw, 1024px\" \/><\/figure><\/div>\n\n\n\n<hr class=\"wp-block-separator alignwide has-text-color has-vivid-red-color has-alpha-channel-opacity has-vivid-red-background-color has-background is-style-wide\" \/>\n\n\n\n<div class=\"wp-block-media-text alignwide is-stacked-on-mobile\" style=\"grid-template-columns:24% auto\"><figure class=\"wp-block-media-text__media\"><img loading=\"lazy\" decoding=\"async\" width=\"769\" height=\"771\" src=\"https:\/\/blog.uclm.es\/escueladetraductores\/wp-content\/uploads\/sites\/203\/2016\/05\/Guia-plena-inclusion.jpg\" alt=\"\" class=\"wp-image-17689 size-full\" srcset=\"https:\/\/blog.uclm.es\/escueladetraductores\/wp-content\/uploads\/sites\/203\/2016\/05\/Guia-plena-inclusion.jpg 769w, https:\/\/blog.uclm.es\/escueladetraductores\/wp-content\/uploads\/sites\/203\/2016\/05\/Guia-plena-inclusion-300x300.jpg 300w, https:\/\/blog.uclm.es\/escueladetraductores\/wp-content\/uploads\/sites\/203\/2016\/05\/Guia-plena-inclusion-150x150.jpg 150w\" sizes=\"auto, (max-width: 769px) 100vw, 769px\" \/><\/figure><div class=\"wp-block-media-text__content\">\n<h6 class=\"wp-block-heading has-text-align-right\" style=\"text-transform:none\"><em>Gu\u00eda de Acogida para personas inmigrantes con discapacidad intelectual \u2013 Plena Inclusi\u00f3n<\/em><\/h6>\n\n\n\n<hr class=\"wp-block-separator has-text-color has-cyan-bluish-gray-color has-alpha-channel-opacity has-cyan-bluish-gray-background-color has-background is-style-wide\" \/>\n\n\n\n<p class=\"has-text-align-right\">La Escuela de Traductores de Toledo realiz\u00f3 la traducci\u00f3n al \u00e1rabe de la <em>Gu\u00eda de Acogida <\/em>               <em>para personas inmigrantes con discapacidad intelectual<\/em>, elaborada por Plena Inclusi\u00f3n.<\/p>\n\n\n\n<div class=\"wp-block-buttons is-content-justification-center is-layout-flex wp-container-core-buttons-is-layout-a89b3969 wp-block-buttons-is-layout-flex\">\n<div class=\"wp-block-button\"><a class=\"wp-block-button__link has-vivid-red-color has-luminous-vivid-amber-background-color has-text-color has-background has-small-font-size has-custom-font-size wp-element-button\" href=\"https:\/\/www.plenainclusion.org\/publicaciones\/buscador\/guia-de-acogida-para-personas-inmigrantes-con-discapacidad-intelectual-en-castilla-la-mancha\/\">DESCARGAR<\/a><\/div>\n<\/div>\n<\/div><\/div>\n\n\n\n<hr class=\"wp-block-separator alignwide has-text-color has-vivid-red-color has-alpha-channel-opacity has-vivid-red-background-color has-background is-style-wide\" \/>\n\n\n\n<div class=\"wp-block-media-text alignwide has-media-on-the-right is-stacked-on-mobile\" style=\"grid-template-columns:auto 29%\"><div class=\"wp-block-media-text__content\">\n<h6 class=\"wp-block-heading\" style=\"text-transform:none\"><em>Gu\u00eda \u00abStill Killing\u00bb \u2013 Instituto de Derecho Penal Europeo e Internacional (UCLM)<\/em><\/h6>\n\n\n\n<hr class=\"wp-block-separator has-text-color has-cyan-bluish-gray-color has-alpha-channel-opacity has-cyan-bluish-gray-background-color has-background is-style-wide\" \/>\n\n\n\n<p>La Escuela de Traductores de Toledo realiz\u00f3 la traducci\u00f3n y subtitulado al \u00e1rabe de la gu\u00eda <em>Still Killing<\/em>, elaborada por&nbsp;el Instituto de Derecho Penal Europeo e Internacional de la Universidad de Castilla-La Mancha para la Red Acad\u00e9mica Internacional Contra la Pena de Muerte.<\/p>\n\n\n\n<div class=\"wp-block-buttons is-layout-flex wp-block-buttons-is-layout-flex\">\n<div class=\"wp-block-button aligncenter\"><a class=\"wp-block-button__link has-vivid-red-color has-luminous-vivid-amber-background-color has-text-color has-background has-small-font-size has-custom-font-size wp-element-button\" href=\"https:\/\/www.uclm.es\/centros-investigacion\/idp\">VISITAR SITIO<\/a><\/div>\n<\/div>\n<\/div><figure class=\"wp-block-media-text__media\"><img loading=\"lazy\" decoding=\"async\" width=\"1024\" height=\"636\" src=\"https:\/\/blog.uclm.es\/escueladetraductores\/wp-content\/uploads\/sites\/203\/2016\/05\/still-killing-1024x636.jpg\" alt=\"\" class=\"wp-image-13742 size-full\" srcset=\"https:\/\/blog.uclm.es\/escueladetraductores\/wp-content\/uploads\/sites\/203\/2016\/05\/still-killing-1024x636.jpg 1024w, https:\/\/blog.uclm.es\/escueladetraductores\/wp-content\/uploads\/sites\/203\/2016\/05\/still-killing-300x186.jpg 300w, https:\/\/blog.uclm.es\/escueladetraductores\/wp-content\/uploads\/sites\/203\/2016\/05\/still-killing-768x477.jpg 768w, https:\/\/blog.uclm.es\/escueladetraductores\/wp-content\/uploads\/sites\/203\/2016\/05\/still-killing.jpg 1233w\" sizes=\"auto, (max-width: 1024px) 100vw, 1024px\" \/><\/figure><\/div>\n\n\n\n<hr class=\"wp-block-separator alignwide has-text-color has-vivid-red-color has-alpha-channel-opacity has-vivid-red-background-color has-background is-style-wide\" \/>\n\n\n\n<div class=\"wp-block-media-text alignwide is-stacked-on-mobile\" style=\"grid-template-columns:22% auto\"><figure class=\"wp-block-media-text__media\"><a href=\"https:\/\/intermediaccion.es\/wp-content\/uploads\/2021\/05\/1_La-nin%CC%83a-mariposa.pdf\"><img loading=\"lazy\" decoding=\"async\" width=\"225\" height=\"225\" src=\"https:\/\/blog.uclm.es\/escueladetraductores\/wp-content\/uploads\/sites\/203\/2025\/02\/la-nina-mariposa.png\" alt=\"\" class=\"wp-image-19356 size-full\" srcset=\"https:\/\/blog.uclm.es\/escueladetraductores\/wp-content\/uploads\/sites\/203\/2025\/02\/la-nina-mariposa.png 225w, https:\/\/blog.uclm.es\/escueladetraductores\/wp-content\/uploads\/sites\/203\/2025\/02\/la-nina-mariposa-150x150.png 150w\" sizes=\"auto, (max-width: 225px) 100vw, 225px\" \/><\/a><\/figure><div class=\"wp-block-media-text__content\">\n<h6 class=\"wp-block-heading has-text-align-right\" style=\"text-transform:none\"><em>La ni\u00f1a mariposa&nbsp;&#8211;&nbsp;IntermediAcci\u00f3n<\/em><\/h6>\n\n\n\n<hr class=\"wp-block-separator has-text-color has-cyan-bluish-gray-color has-alpha-channel-opacity has-cyan-bluish-gray-background-color has-background is-style-wide\" \/>\n\n\n\n<p class=\"has-text-align-left\">La Escuela de Traductores de Toledo realiz\u00f3 la traducci\u00f3n del espa\u00f1ol al \u00e1rabe del cuento <em>La ni\u00f1a mariposa,&nbsp;<\/em>elaborado por los integrantes del taller \u00abpalabra libre-libro\u00bb de la asociaci\u00f3n IntermediAcci\u00f3n.<\/p>\n\n\n\n<div class=\"wp-block-buttons is-content-justification-center is-layout-flex wp-container-core-buttons-is-layout-a89b3969 wp-block-buttons-is-layout-flex\">\n<div class=\"wp-block-button\"><a class=\"wp-block-button__link has-vivid-red-color has-luminous-vivid-amber-background-color has-text-color has-background has-small-font-size has-custom-font-size wp-element-button\" href=\"https:\/\/intermediaccion.es\/\">VISITAR SITIO<\/a><\/div>\n<\/div>\n<\/div><\/div>\n\n\n\n<hr class=\"wp-block-separator alignwide has-text-color has-vivid-red-color has-alpha-channel-opacity has-vivid-red-background-color has-background is-style-wide\" \/>\n\n\n\n<div class=\"wp-block-media-text alignwide has-media-on-the-right is-stacked-on-mobile\" style=\"grid-template-columns:auto 21%\"><div class=\"wp-block-media-text__content\">\n<h6 class=\"wp-block-heading\" style=\"text-transform:none\"><em>Festival Voix Vives<\/em><\/h6>\n\n\n\n<hr class=\"wp-block-separator has-text-color has-cyan-bluish-gray-color has-alpha-channel-opacity has-cyan-bluish-gray-background-color has-background is-style-wide\" \/>\n\n\n\n<p>La Escuela de Traductores de Toledo&nbsp;colabora desde 2013&nbsp;con el festival internacional de poes\u00eda Voix Vives que se celebra anualmente en la ciudad de Toledo. La Escuela participa con la traducci\u00f3n del \u00e1rabe al espa\u00f1ol de los poemas le\u00eddos durante el festival, que posteriormente&nbsp;son publicados en la antolog\u00eda. Asimismo, ofrece sus instalaciones&nbsp;para la celebraci\u00f3n de lecturas po\u00e9ticas.<\/p>\n\n\n\n<div class=\"wp-block-buttons is-layout-flex wp-block-buttons-is-layout-flex\">\n<div class=\"wp-block-button aligncenter\"><a class=\"wp-block-button__link has-vivid-red-color has-luminous-vivid-amber-background-color has-text-color has-background has-small-font-size has-custom-font-size wp-element-button\" href=\"http:\/\/voixvivesmediterranee.com\/toledo\/\" target=\"_blank\" rel=\"noreferrer noopener\">VISITAR SITIO<\/a><\/div>\n<\/div>\n<\/div><figure class=\"wp-block-media-text__media\"><img loading=\"lazy\" decoding=\"async\" width=\"732\" height=\"1024\" src=\"https:\/\/blog.uclm.es\/escueladetraductores\/wp-content\/uploads\/sites\/203\/2016\/11\/cartel-voix-vives-732x1024.jpg\" alt=\"\" class=\"wp-image-14453 size-full\" srcset=\"https:\/\/blog.uclm.es\/escueladetraductores\/wp-content\/uploads\/sites\/203\/2016\/11\/cartel-voix-vives-732x1024.jpg 732w, https:\/\/blog.uclm.es\/escueladetraductores\/wp-content\/uploads\/sites\/203\/2016\/11\/cartel-voix-vives-214x300.jpg 214w, https:\/\/blog.uclm.es\/escueladetraductores\/wp-content\/uploads\/sites\/203\/2016\/11\/cartel-voix-vives-768x1075.jpg 768w, https:\/\/blog.uclm.es\/escueladetraductores\/wp-content\/uploads\/sites\/203\/2016\/11\/cartel-voix-vives-1097x1536.jpg 1097w, https:\/\/blog.uclm.es\/escueladetraductores\/wp-content\/uploads\/sites\/203\/2016\/11\/cartel-voix-vives.jpg 1143w\" sizes=\"auto, (max-width: 732px) 100vw, 732px\" \/><\/figure><\/div>\n","protected":false},"excerpt":{"rendered":"<p>Desde sus inicios, la Escuela de Traductores de Toledo ha realizado traducciones para distintas instituciones y organismos de \u00e1mbito local, nacional e internacional.<\/p>\n","protected":false},"author":316,"featured_media":0,"parent":0,"menu_order":0,"comment_status":"closed","ping_status":"closed","template":"","meta":{"footnotes":""},"class_list":["post-62","page","type-page","status-publish","hentry"],"_links":{"self":[{"href":"https:\/\/blog.uclm.es\/escueladetraductores\/wp-json\/wp\/v2\/pages\/62","targetHints":{"allow":["GET"]}}],"collection":[{"href":"https:\/\/blog.uclm.es\/escueladetraductores\/wp-json\/wp\/v2\/pages"}],"about":[{"href":"https:\/\/blog.uclm.es\/escueladetraductores\/wp-json\/wp\/v2\/types\/page"}],"author":[{"embeddable":true,"href":"https:\/\/blog.uclm.es\/escueladetraductores\/wp-json\/wp\/v2\/users\/316"}],"replies":[{"embeddable":true,"href":"https:\/\/blog.uclm.es\/escueladetraductores\/wp-json\/wp\/v2\/comments?post=62"}],"version-history":[{"count":9,"href":"https:\/\/blog.uclm.es\/escueladetraductores\/wp-json\/wp\/v2\/pages\/62\/revisions"}],"predecessor-version":[{"id":19755,"href":"https:\/\/blog.uclm.es\/escueladetraductores\/wp-json\/wp\/v2\/pages\/62\/revisions\/19755"}],"wp:attachment":[{"href":"https:\/\/blog.uclm.es\/escueladetraductores\/wp-json\/wp\/v2\/media?parent=62"}],"curies":[{"name":"wp","href":"https:\/\/api.w.org\/{rel}","templated":true}]}}