{"id":41,"date":"2016-05-03T10:13:03","date_gmt":"2016-05-03T09:13:03","guid":{"rendered":"http:\/\/blog.uclm.es\/escueladetraductores\/?page_id=41"},"modified":"2026-02-16T09:28:08","modified_gmt":"2026-02-16T09:28:08","slug":"curso-de-lengua-arabe","status":"publish","type":"page","link":"https:\/\/blog.uclm.es\/escueladetraductores\/curso-de-lengua-arabe\/","title":{"rendered":""},"content":{"rendered":"\n<div class=\"wp-block-cover alignfull is-light wp-duotone-000097-ff4747-2\" style=\"min-height:145px;aspect-ratio:unset;\"><img loading=\"lazy\" decoding=\"async\" width=\"1400\" height=\"87\" class=\"wp-block-cover__image-background wp-image-17925\" alt=\"\" src=\"https:\/\/blog.uclm.es\/escueladetraductores\/wp-content\/uploads\/sites\/203\/2016\/05\/page_title_bg.png\" style=\"object-position:71% 58%\" data-object-fit=\"cover\" data-object-position=\"71% 58%\" srcset=\"https:\/\/blog.uclm.es\/escueladetraductores\/wp-content\/uploads\/sites\/203\/2016\/05\/page_title_bg.png 1400w, https:\/\/blog.uclm.es\/escueladetraductores\/wp-content\/uploads\/sites\/203\/2016\/05\/page_title_bg-300x19.png 300w, https:\/\/blog.uclm.es\/escueladetraductores\/wp-content\/uploads\/sites\/203\/2016\/05\/page_title_bg-1024x64.png 1024w, https:\/\/blog.uclm.es\/escueladetraductores\/wp-content\/uploads\/sites\/203\/2016\/05\/page_title_bg-768x48.png 768w\" sizes=\"auto, (max-width: 1400px) 100vw, 1400px\" \/><span aria-hidden=\"true\" class=\"wp-block-cover__background has-background-dim-30 has-background-dim\" style=\"background-color:#d34715\"><\/span><div class=\"wp-block-cover__inner-container is-layout-flow wp-block-cover-is-layout-flow\">\n<p class=\"has-text-align-center has-base-color has-vivid-red-background-color has-text-color has-background has-x-large-font-size\"><strong>CURSOS DE \u00c1RABE<\/strong> <strong>2026<\/strong><\/p>\n\n\n\n<figure class=\"wp-block-gallery has-nested-images columns-default is-cropped wp-block-gallery-1 is-layout-flex wp-block-gallery-is-layout-flex\"><\/figure>\n<\/div><\/div>\n\n\n\n<div class=\"wp-block-group alignwide is-layout-flow wp-block-group-is-layout-flow\">\n<p><\/p>\n\n\n\n<h3 class=\"wp-block-heading\"><strong>Cursos subvencionados de \u00c1rabe B1.1 y B1.2 (presencial y online)<\/strong><\/h3>\n\n\n\n<p><strong>ACTUALIZACI\u00d3N<\/strong>: Al no haberse alcanzado el m\u00ednimo de matriculados exigido por la universidad, estos cursos no podr\u00e1n impartirse. Pr\u00f3ximamente se anunciar\u00e1 una nueva convocatoria para los cursos que comenzar\u00e1n en septiembre.<\/p>\n\n\n\n<hr class=\"wp-block-separator has-alpha-channel-opacity\" \/>\n\n\n\n<p>La Escuela de Traductores de Toledo ofrece a partir de <strong>finales de enero de 2026<\/strong> dos cursos de \u00e1rabe de&nbsp;<strong>nivel preintermedio: B1.1 y B1.2<\/strong>. Los cursos son&nbsp;<strong>microcredenciales subvencionadas&nbsp;<\/strong>en un 70% para todos los residentes en la Uni\u00f3n Europea con una edad entre 25 y 64 a\u00f1os. Los menores de 25 a\u00f1os podr\u00e1n optar a <strong>becas <\/strong>ofrecidas por la Fundaci\u00f3n de Cultura Isl\u00e1mica (FUNCI).<\/p>\n\n\n\n<p>Los cursos consisten en 45 horas lectivas que se podr\u00e1n seguir de manera&nbsp;<strong>presencial<\/strong>&nbsp;en la Escuela de Traductores y&nbsp;<strong>online<\/strong>. Este programa est\u00e1 dise\u00f1ado para&nbsp;<strong>consolidar los conocimientos b\u00e1sicos<\/strong>&nbsp;de \u00e1rabe adquiridos en cursos de iniciaci\u00f3n, mejorando la comprensi\u00f3n y expresi\u00f3n tanto oral como escrita en contextos cotidianos y profesionales. Con un enfoque pr\u00e1ctico, cada clase permite interactuar con confianza, ampliar tu vocabulario y aplicar la gram\u00e1tica de manera efectiva, mientras obtienes una certificaci\u00f3n competencial que acredita tu nivel B1.1 y B1.2 y potencia tus oportunidades acad\u00e9micas y profesionales.<\/p>\n\n\n\n<p><strong>Horarios y matriculaci\u00f3n:<\/strong><\/p>\n\n\n\n<p>El precio de la matr\u00edcula subvencionada es de 60\u20ac.<\/p>\n\n\n\n<p>La matr\u00edcula se realiza a trav\u00e9s del portal de cursos LEAD de la Universidad de Castilla-La Mancha.<\/p>\n\n\n\n<p><strong>B1.1<\/strong>&nbsp;\u2013 Martes y jueves de 17:00 a 18:30&nbsp;<\/p>\n\n\n\n<p>Matriculaci\u00f3n:&nbsp;<a href=\"https:\/\/lead.apps.uclm.es\/actividadesavanzado\/105455\">https:\/\/lead.apps.uclm.es\/actividadesavanzado\/105455<\/a><\/p>\n\n\n\n<p><strong>B1.2&nbsp;<\/strong>\u2013 Martes y jueves de 18:30 a 20:00&nbsp;<\/p>\n\n\n\n<p>Matriculaci\u00f3n:&nbsp;<a href=\"https:\/\/lead.apps.uclm.es\/actividadesavanzado\/105476\">https:\/\/lead.apps.uclm.es\/actividadesavanzado\/105476<\/a><\/p>\n\n\n\n<p class=\"has-text-align-center\"><strong>Curso sin subvenci\u00f3n (con opci\u00f3n a beca para menores de 25 a\u00f1os)<\/strong><\/p>\n\n\n\n<p><strong>Horarios y matriculaci\u00f3n:<\/strong><\/p>\n\n\n\n<p>El precio de la matr\u00edcula es de 200\u20ac (60\u20ac para los becados por la FUNCI).<\/p>\n\n\n\n<p>Los horarios son los mismos. El portal de cursos LEAD de la Universidad de Castilla-La Mancha habilitar\u00e1 la matr\u00edcula en los pr\u00f3ximos d\u00edas (se publicar\u00e1 una actualizaci\u00f3n con los enlaces).<\/p>\n\n\n\n<p><strong>B1.1<\/strong>&nbsp;\u2013 Martes y jueves de 17:00 a 18:30&nbsp;<\/p>\n\n\n\n<p><strong>B1.2&nbsp;<\/strong>\u2013 Martes y jueves de 18:30 a 20:00<\/p>\n<\/div>\n\n\n\n<div class=\"wp-block-columns alignwide is-layout-flex wp-container-core-columns-is-layout-28f84493 wp-block-columns-is-layout-flex\">\n<div class=\"wp-block-column is-layout-flow wp-block-column-is-layout-flow\"><\/div>\n\n\n\n<div class=\"wp-block-column is-layout-flow wp-block-column-is-layout-flow\"><\/div>\n<\/div>\n\n\n\n<div class=\"wp-block-group alignwide is-layout-flow wp-block-group-is-layout-flow\">\n<p class=\"has-text-align-center has-base-color has-vivid-red-background-color has-text-color has-background\"><strong>HIST\u00d3RICO DE CURSOS DE \u00c1RABE<\/strong><\/p>\n<\/div>\n\n\n\n<div class=\"wp-block-columns alignwide is-layout-flex wp-container-core-columns-is-layout-28f84493 wp-block-columns-is-layout-flex\">\n<div class=\"wp-block-column is-layout-flow wp-block-column-is-layout-flow\">\n<div class=\"wp-block-columns is-layout-flex wp-container-core-columns-is-layout-28f84493 wp-block-columns-is-layout-flex\">\n<div class=\"wp-block-column is-layout-flow wp-block-column-is-layout-flow\">\n<ul class=\"wp-block-list\">\n<li><a href=\"https:\/\/blog.uclm.es\/escueladetraductores\/wp-content\/uploads\/sites\/203\/2017\/02\/arabe-2000.pdf\" data-type=\"URL\" data-id=\"https:\/\/blog.uclm.es\/escueladetraductores\/wp-content\/uploads\/sites\/203\/2017\/02\/arabe-2000.pdf\" target=\"_blank\" rel=\"noreferrer noopener\">2000<\/a><\/li>\n\n\n\n<li><a href=\"https:\/\/blog.uclm.es\/escueladetraductores\/wp-content\/uploads\/sites\/203\/2017\/02\/arabe-2001.pdf\" data-type=\"URL\" data-id=\"https:\/\/blog.uclm.es\/escueladetraductores\/wp-content\/uploads\/sites\/203\/2017\/02\/arabe-2001.pdf\" target=\"_blank\" rel=\"noreferrer noopener\">2001<\/a><\/li>\n\n\n\n<li><a href=\"https:\/\/blog.uclm.es\/escueladetraductores\/wp-content\/uploads\/sites\/203\/2017\/02\/arabe-2002.pdf\" data-type=\"URL\" data-id=\"https:\/\/blog.uclm.es\/escueladetraductores\/wp-content\/uploads\/sites\/203\/2017\/02\/arabe-2002.pdf\" target=\"_blank\" rel=\"noreferrer noopener\">2002<\/a><\/li>\n\n\n\n<li><a href=\"https:\/\/blog.uclm.es\/escueladetraductores\/wp-content\/uploads\/sites\/203\/2017\/02\/arabe-2004.pdf\" data-type=\"URL\" data-id=\"https:\/\/blog.uclm.es\/escueladetraductores\/wp-content\/uploads\/sites\/203\/2017\/02\/arabe-2004.pdf\" target=\"_blank\" rel=\"noreferrer noopener\">2004<\/a><\/li>\n\n\n\n<li><a href=\"https:\/\/blog.uclm.es\/escueladetraductores\/wp-content\/uploads\/sites\/203\/2017\/02\/arabe-2005.pdf\" data-type=\"URL\" data-id=\"https:\/\/blog.uclm.es\/escueladetraductores\/wp-content\/uploads\/sites\/203\/2017\/02\/arabe-2005.pdf\" target=\"_blank\" rel=\"noreferrer noopener\">2005<\/a><\/li>\n<\/ul>\n<\/div>\n\n\n\n<div class=\"wp-block-column is-layout-flow wp-block-column-is-layout-flow\">\n<ul class=\"wp-block-list\">\n<li><a href=\"https:\/\/blog.uclm.es\/escueladetraductores\/wp-content\/uploads\/sites\/203\/2017\/02\/arabe-2006.pdf\" data-type=\"URL\" data-id=\"https:\/\/blog.uclm.es\/escueladetraductores\/wp-content\/uploads\/sites\/203\/2017\/02\/arabe-2006.pdf\" target=\"_blank\" rel=\"noreferrer noopener\">2006<\/a><\/li>\n\n\n\n<li><a href=\"https:\/\/blog.uclm.es\/escueladetraductores\/wp-content\/uploads\/sites\/203\/2017\/02\/arabe-2007.pdf\" data-type=\"URL\" data-id=\"https:\/\/blog.uclm.es\/escueladetraductores\/wp-content\/uploads\/sites\/203\/2017\/02\/arabe-2007.pdf\" target=\"_blank\" rel=\"noreferrer noopener\">2007<\/a><\/li>\n\n\n\n<li><a href=\"https:\/\/blog.uclm.es\/escueladetraductores\/wp-content\/uploads\/sites\/203\/2017\/02\/arabe-2008.pdf\" data-type=\"URL\" data-id=\"https:\/\/blog.uclm.es\/escueladetraductores\/wp-content\/uploads\/sites\/203\/2017\/02\/arabe-2008.pdf\" target=\"_blank\" rel=\"noreferrer noopener\">2008<\/a><\/li>\n\n\n\n<li><a href=\"https:\/\/blog.uclm.es\/escueladetraductores\/wp-content\/uploads\/sites\/203\/2017\/02\/arabe-2009.pdf\" target=\"_blank\" rel=\"noreferrer noopener\">2009<\/a><\/li>\n\n\n\n<li><a href=\"https:\/\/blog.uclm.es\/escueladetraductores\/wp-content\/uploads\/sites\/203\/2017\/02\/arabe-2010.pdf\" target=\"_blank\" rel=\"noreferrer noopener\">2010<\/a><\/li>\n<\/ul>\n<\/div>\n<\/div>\n<\/div>\n\n\n\n<div class=\"wp-block-column is-layout-flow wp-block-column-is-layout-flow\">\n<div class=\"wp-block-columns is-layout-flex wp-container-core-columns-is-layout-28f84493 wp-block-columns-is-layout-flex\">\n<div class=\"wp-block-column is-layout-flow wp-block-column-is-layout-flow\">\n<ul class=\"wp-block-list\">\n<li><a href=\"https:\/\/blog.uclm.es\/escueladetraductores\/wp-content\/uploads\/sites\/203\/2017\/02\/arabe-2012.pdf\" data-type=\"URL\" data-id=\"https:\/\/blog.uclm.es\/escueladetraductores\/wp-content\/uploads\/sites\/203\/2017\/02\/arabe-2012.pdf\" target=\"_blank\" rel=\"noreferrer noopener\">2012<\/a><\/li>\n\n\n\n<li><a href=\"https:\/\/blog.uclm.es\/escueladetraductores\/wp-content\/uploads\/sites\/203\/2017\/02\/arabe-2014.pdf\" data-type=\"URL\" data-id=\"https:\/\/blog.uclm.es\/escueladetraductores\/wp-content\/uploads\/sites\/203\/2017\/02\/arabe-2014.pdf\" target=\"_blank\" rel=\"noreferrer noopener\">2014<\/a><\/li>\n\n\n\n<li><a href=\"https:\/\/blog.uclm.es\/escueladetraductores\/wp-content\/uploads\/sites\/203\/2017\/02\/arabe-2015.pdf\" data-type=\"URL\" data-id=\"https:\/\/blog.uclm.es\/escueladetraductores\/wp-content\/uploads\/sites\/203\/2017\/02\/arabe-2015.pdf\" target=\"_blank\" rel=\"noreferrer noopener\">2015<\/a><\/li>\n\n\n\n<li><a href=\"https:\/\/blog.uclm.es\/escueladetraductores\/wp-content\/uploads\/sites\/203\/2017\/07\/Folleto-Arabe-2016-2017.jpg\" data-type=\"URL\" data-id=\"https:\/\/blog.uclm.es\/escueladetraductores\/wp-content\/uploads\/sites\/203\/2017\/07\/Folleto-Arabe-2016-2017.jpg\" target=\"_blank\" rel=\"noreferrer noopener\">2016<\/a><\/li>\n\n\n\n<li><a href=\"https:\/\/blog.uclm.es\/escueladetraductores\/wp-content\/uploads\/sites\/203\/2018\/07\/clasesarabe18-18.jpg\" data-type=\"URL\" data-id=\"https:\/\/blog.uclm.es\/escueladetraductores\/wp-content\/uploads\/sites\/203\/2018\/07\/clasesarabe18-18.jpg\" target=\"_blank\" rel=\"noreferrer noopener\">2017<\/a><\/li>\n<\/ul>\n<\/div>\n\n\n\n<div class=\"wp-block-column is-layout-flow wp-block-column-is-layout-flow\">\n<ul class=\"wp-block-list\">\n<li><a href=\"http:\/\/www.uclm.es\/-\/media\/Files\/C01-Centros\/lenguas\/pdfs\/18-19-Convocatoria-Arabe--CEL.ashx?la=es\" target=\"_blank\" rel=\"noreferrer noopener\">2018<\/a><\/li>\n\n\n\n<li><a href=\"http:\/\/www.uclm.es\/-\/media\/Files\/C01-Centros\/lenguas\/2019-20\/convocatorias\/19-20-Convocatoria-Arabe--CEL.ashx?la=es\" target=\"_blank\" rel=\"noreferrer noopener\">2019<\/a><\/li>\n\n\n\n<li><a href=\"http:\/\/www.uclm.es\/-\/media\/Files\/C01-Centros\/lenguas\/Modelos-Documentos-y-normativa\/2020-21\/20-21-Convocatoria-Arabe-f.ashx?la=es\" target=\"_blank\" rel=\"noreferrer noopener\">2020<\/a><\/li>\n\n\n\n<li><a href=\"http:\/\/www.uclm.es\/Misiones\/Internacional\/Inmersion_Linguistica\/centro-de-lenguas\/Aprende\/Arabe20\" target=\"_blank\" rel=\"noreferrer noopener\">2021<\/a><\/li>\n\n\n\n<li>2022<\/li>\n<\/ul>\n<\/div>\n\n\n\n<div class=\"wp-block-column is-layout-flow wp-block-column-is-layout-flow\">\n<ul class=\"wp-block-list\">\n<li><a href=\"https:\/\/www.uclm.es\/Misiones\/Internacional\/Inmersion_Linguistica\/centro-de-lenguas\/Aprende\/Arabe20\">2023<\/a><\/li>\n<\/ul>\n<\/div>\n<\/div>\n<\/div>\n<\/div>\n\n\n\n<div style=\"height:171px\" aria-hidden=\"true\" class=\"wp-block-spacer\"><\/div>\n","protected":false},"excerpt":{"rendered":"<p>Cursos subvencionados de \u00c1rabe B1.1 y B1.2 (presencial y online) ACTUALIZACI\u00d3N: Al no haberse alcanzado el m\u00ednimo de matriculados exigido por la universidad, estos cursos no podr\u00e1n impartirse. Pr\u00f3ximamente se anunciar\u00e1 una nueva convocatoria para los cursos que comenzar\u00e1n en septiembre. La Escuela de Traductores de Toledo ofrece a partir de finales de enero de [&hellip;]<\/p>\n","protected":false},"author":316,"featured_media":0,"parent":0,"menu_order":0,"comment_status":"closed","ping_status":"closed","template":"","meta":{"footnotes":""},"class_list":["post-41","page","type-page","status-publish","hentry"],"_links":{"self":[{"href":"https:\/\/blog.uclm.es\/escueladetraductores\/wp-json\/wp\/v2\/pages\/41","targetHints":{"allow":["GET"]}}],"collection":[{"href":"https:\/\/blog.uclm.es\/escueladetraductores\/wp-json\/wp\/v2\/pages"}],"about":[{"href":"https:\/\/blog.uclm.es\/escueladetraductores\/wp-json\/wp\/v2\/types\/page"}],"author":[{"embeddable":true,"href":"https:\/\/blog.uclm.es\/escueladetraductores\/wp-json\/wp\/v2\/users\/316"}],"replies":[{"embeddable":true,"href":"https:\/\/blog.uclm.es\/escueladetraductores\/wp-json\/wp\/v2\/comments?post=41"}],"version-history":[{"count":29,"href":"https:\/\/blog.uclm.es\/escueladetraductores\/wp-json\/wp\/v2\/pages\/41\/revisions"}],"predecessor-version":[{"id":19784,"href":"https:\/\/blog.uclm.es\/escueladetraductores\/wp-json\/wp\/v2\/pages\/41\/revisions\/19784"}],"wp:attachment":[{"href":"https:\/\/blog.uclm.es\/escueladetraductores\/wp-json\/wp\/v2\/media?parent=41"}],"curies":[{"name":"wp","href":"https:\/\/api.w.org\/{rel}","templated":true}]}}