{"id":24,"date":"2016-05-03T10:13:03","date_gmt":"2016-05-03T09:13:03","guid":{"rendered":"http:\/\/blog.uclm.es\/escueladetraductores\/?page_id=24"},"modified":"2024-12-16T08:37:29","modified_gmt":"2024-12-16T08:37:29","slug":"biblioteca","status":"publish","type":"page","link":"https:\/\/blog.uclm.es\/escueladetraductores\/biblioteca\/","title":{"rendered":"Biblioteca"},"content":{"rendered":"\n<div class=\"wp-block-cover alignfull is-light\" style=\"min-height:142px;aspect-ratio:unset;\"><span aria-hidden=\"true\" class=\"wp-block-cover__background has-background-dim-0 has-background-dim\"><\/span><img loading=\"lazy\" decoding=\"async\" width=\"1400\" height=\"87\" class=\"wp-block-cover__image-background wp-image-17925\" alt=\"\" src=\"https:\/\/blog.uclm.es\/escueladetraductores\/wp-content\/uploads\/sites\/203\/2016\/05\/page_title_bg.png\" data-object-fit=\"cover\" srcset=\"https:\/\/blog.uclm.es\/escueladetraductores\/wp-content\/uploads\/sites\/203\/2016\/05\/page_title_bg.png 1400w, https:\/\/blog.uclm.es\/escueladetraductores\/wp-content\/uploads\/sites\/203\/2016\/05\/page_title_bg-300x19.png 300w, https:\/\/blog.uclm.es\/escueladetraductores\/wp-content\/uploads\/sites\/203\/2016\/05\/page_title_bg-1024x64.png 1024w, https:\/\/blog.uclm.es\/escueladetraductores\/wp-content\/uploads\/sites\/203\/2016\/05\/page_title_bg-768x48.png 768w\" sizes=\"auto, (max-width: 1400px) 100vw, 1400px\" \/><div class=\"wp-block-cover__inner-container is-layout-flow wp-block-cover-is-layout-flow\">\n<p class=\"has-text-align-center has-base-color has-vivid-red-background-color has-text-color has-background has-link-color has-x-large-font-size wp-elements-2e98580efea6aa6ddddbb5ab8441a670\"><strong>BIBLIOTECA<\/strong><\/p>\n<\/div><\/div>\n\n\n\n<div class=\"wp-block-columns alignfull is-layout-flex wp-container-core-columns-is-layout-28f84493 wp-block-columns-is-layout-flex\">\n<div class=\"wp-block-column is-layout-flow wp-block-column-is-layout-flow\" style=\"flex-basis:66.66%\">\n<figure class=\"wp-block-image alignright size-full is-resized\"><img loading=\"lazy\" decoding=\"async\" width=\"1018\" height=\"501\" src=\"https:\/\/blog.uclm.es\/escueladetraductores\/wp-content\/uploads\/sites\/203\/2016\/05\/Imagen1.png\" alt=\"\" class=\"wp-image-17716\" style=\"width:908px;height:auto\" srcset=\"https:\/\/blog.uclm.es\/escueladetraductores\/wp-content\/uploads\/sites\/203\/2016\/05\/Imagen1.png 1018w, https:\/\/blog.uclm.es\/escueladetraductores\/wp-content\/uploads\/sites\/203\/2016\/05\/Imagen1-300x148.png 300w, https:\/\/blog.uclm.es\/escueladetraductores\/wp-content\/uploads\/sites\/203\/2016\/05\/Imagen1-768x378.png 768w\" sizes=\"auto, (max-width: 1018px) 100vw, 1018px\" \/><\/figure>\n<\/div>\n\n\n\n<div class=\"wp-block-column is-layout-flow wp-block-column-is-layout-flow\" style=\"flex-basis:33.33%\">\n<h5 class=\"wp-block-heading has-text-align-left has-vivid-red-color has-text-color\">Direcci\u00f3n y datos de contacto<\/h5>\n\n\n\n<p><strong>Biblioteca Escuela de Traductores de Toledo (Servicio de Biblioteca del Campus de Toledo)<\/strong><\/p>\n\n\n\n<ul class=\"wp-block-list\">\n<li>Direcci\u00f3n: Plaza de Santa Isabel, 5, 45002, Toledo (Espa\u00f1a)<\/li>\n\n\n\n<li>Tel\u00e9fono: 925 268 800.&nbsp;Ext.: 5227<\/li>\n\n\n\n<li>Email: <a href=\"mailto:traductores.bibto@uclm.es\">traductores.bibto@uclm.es<\/a><\/li>\n\n\n\n<li>Horario: 8:30-14:30 h (consultar calendario para el per\u00edodo vacacional)<\/li>\n<\/ul>\n\n\n\n<div class=\"wp-block-buttons is-layout-flex wp-block-buttons-is-layout-flex\">\n<div class=\"wp-block-button has-custom-width wp-block-button__width-75\"><a class=\"wp-block-button__link has-base-color has-vivid-red-background-color has-text-color has-background has-link-color has-text-align-center wp-element-button\" href=\"https:\/\/blog.uclm.es\/escueladetraductores\/wp-content\/uploads\/sites\/203\/2024\/12\/Calendario-BIB-Traductores-202501.pdf\">CALENDARIO 2025<\/a><\/div>\n<\/div>\n<\/div>\n<\/div>\n\n\n\n<div style=\"height:62px\" aria-hidden=\"true\" class=\"wp-block-spacer\"><\/div>\n\n\n\n<h4 class=\"wp-block-heading has-text-align-center has-vivid-red-color has-text-color\">INFORMACI\u00d3N GENERAL<\/h4>\n\n\n\n<div class=\"wp-block-group alignfull is-layout-flow wp-block-group-is-layout-flow\">\n<p style=\"margin-right:var(--wp--preset--spacing--30);margin-left:var(--wp--preset--spacing--30)\">La biblioteca de la Escuela de Traductores es una secci\u00f3n del Servicio de Biblioteca del Campus de Toledo especialmente destinada a traductores, estudiantes de traducci\u00f3n, universitarios e investigadores, y abierta y accesible para cualquier otro tipo de usuario.<\/p>\n\n\n\n<div style=\"height:11px\" aria-hidden=\"true\" class=\"wp-block-spacer\"><\/div>\n\n\n\n<p style=\"margin-right:var(--wp--preset--spacing--30);margin-left:var(--wp--preset--spacing--30)\">Nuestro cat\u00e1logo lo forman en la actualidad unos 14.000 registros centrados en las siguientes \u00e1reas de estudio:<\/p>\n\n\n\n<div class=\"wp-block-columns is-layout-flex wp-container-core-columns-is-layout-954ec4bb wp-block-columns-is-layout-flex\" style=\"padding-right:var(--wp--preset--spacing--40);padding-left:var(--wp--preset--spacing--40)\">\n<div class=\"wp-block-column is-layout-flow wp-block-column-is-layout-flow\">\n<ul class=\"wp-block-list\">\n<li>Traducci\u00f3n y traductolog\u00eda<\/li>\n\n\n\n<li>Historia de la Escuela de Traductores de Toledo<\/li>\n\n\n\n<li>Literatura \u00e1rabe contempor\u00e1nea traducida y en lengua original<\/li>\n\n\n\n<li>Civilizaci\u00f3n \u00e1rabo-isl\u00e1mica<\/li>\n\n\n\n<li>Civilizaci\u00f3n hebrea<\/li>\n\n\n\n<li>Estudios b\u00edblicos y sefard\u00edes<\/li>\n\n\n\n<li>Pol\u00edtica contempor\u00e1nea del Magreb y Oriente Medio<\/li>\n\n\n\n<li>Inmigraci\u00f3n e interculturalidad<\/li>\n\n\n\n<li>Obras de referencia para uso de traductores<\/li>\n<\/ul>\n<\/div>\n\n\n\n<div class=\"wp-block-column is-layout-flow wp-block-column-is-layout-flow\">\n<div class=\"wp-block-columns is-layout-flex wp-container-core-columns-is-layout-28f84493 wp-block-columns-is-layout-flex\">\n<div class=\"wp-block-column is-layout-flow wp-block-column-is-layout-flow\">\n<div style=\"height:35px\" aria-hidden=\"true\" class=\"wp-block-spacer\"><\/div>\n\n\n\n<div class=\"wp-block-buttons is-layout-flex wp-block-buttons-is-layout-flex\">\n<div class=\"wp-block-button has-custom-width wp-block-button__width-75 has-custom-font-size is-style-outline has-medium-font-size is-style-outline--1\"><a class=\"wp-block-button__link has-base-color has-vivid-red-background-color has-text-color has-background wp-element-button\" href=\"https:\/\/catalogobiblioteca.uclm.es\/\" style=\"padding-top:var(--wp--preset--spacing--30);padding-right:var(--wp--preset--spacing--30);padding-bottom:var(--wp--preset--spacing--30);padding-left:var(--wp--preset--spacing--30)\" target=\"_blank\" rel=\"noreferrer noopener\">CAT\u00c1LOGO ONLINE DE LA BIBLIOTECA UNIVERSITARIA<\/a><\/div>\n<\/div>\n<\/div>\n<\/div>\n<\/div>\n<\/div>\n\n\n\n<div style=\"height:46px\" aria-hidden=\"true\" class=\"wp-block-spacer\"><\/div>\n\n\n\n<div class=\"wp-block-columns is-layout-flex wp-container-core-columns-is-layout-28f84493 wp-block-columns-is-layout-flex\">\n<div class=\"wp-block-column is-layout-flow wp-block-column-is-layout-flow\"><\/div>\n\n\n\n<div class=\"wp-block-column is-layout-flow wp-block-column-is-layout-flow\">\n<h4 class=\"wp-block-heading has-text-align-center has-vivid-red-color has-text-color\">NUESTROS SERVICIOS<\/h4>\n<\/div>\n\n\n\n<div class=\"wp-block-column is-layout-flow wp-block-column-is-layout-flow\"><\/div>\n<\/div>\n\n\n\n<div class=\"wp-block-columns alignfull is-layout-flex wp-container-core-columns-is-layout-28f84493 wp-block-columns-is-layout-flex\">\n<div class=\"wp-block-column is-layout-flow wp-block-column-is-layout-flow\">\n<figure class=\"wp-block-image aligncenter size-full is-resized\"><img loading=\"lazy\" decoding=\"async\" width=\"300\" height=\"130\" src=\"https:\/\/blog.uclm.es\/escueladetraductores\/wp-content\/uploads\/sites\/203\/2016\/05\/Imagen5-1-e1473244459519.jpg\" alt=\"\" class=\"wp-image-17718\" style=\"aspect-ratio:1;object-fit:cover;width:276px;height:auto\" \/><figcaption class=\"wp-element-caption\">Instalaciones: sala con 12 puestos de lectura y fondo de libre acceso<\/figcaption><\/figure>\n<\/div>\n\n\n\n<div class=\"wp-block-column is-layout-flow wp-block-column-is-layout-flow\">\n<figure class=\"wp-block-image aligncenter size-full is-resized\"><a href=\"https:\/\/www.biblioteca.uclm.es\/Conocenos\/Catalogodeservicios\" target=\"_blank\" rel=\"noreferrer noopener\"><img loading=\"lazy\" decoding=\"async\" width=\"564\" height=\"842\" src=\"https:\/\/blog.uclm.es\/escueladetraductores\/wp-content\/uploads\/sites\/203\/2016\/05\/biblio.jpg\" alt=\"\" class=\"wp-image-17732\" style=\"aspect-ratio:1;object-fit:cover;width:279px;height:auto\" srcset=\"https:\/\/blog.uclm.es\/escueladetraductores\/wp-content\/uploads\/sites\/203\/2016\/05\/biblio.jpg 564w, https:\/\/blog.uclm.es\/escueladetraductores\/wp-content\/uploads\/sites\/203\/2016\/05\/biblio-201x300.jpg 201w\" sizes=\"auto, (max-width: 564px) 100vw, 564px\" \/><\/a><figcaption class=\"wp-element-caption\"><a href=\"https:\/\/www.biblioteca.uclm.es\/Conocenos\/Catalogodeservicios\">Cat\u00e1logo de servicios de la Biblioteca UCLM<\/a><\/figcaption><\/figure>\n<\/div>\n\n\n\n<div class=\"wp-block-column is-layout-flow wp-block-column-is-layout-flow\">\n<figure class=\"wp-block-image aligncenter size-full is-resized\"><a href=\"https:\/\/www.biblioteca.uclm.es\/encuentra-informacion\/Perfiles\/Usuario-Externo\" target=\"_blank\" rel=\"noreferrer noopener\"><img loading=\"lazy\" decoding=\"async\" width=\"564\" height=\"564\" src=\"https:\/\/blog.uclm.es\/escueladetraductores\/wp-content\/uploads\/sites\/203\/2016\/05\/senor-externo.jpg\" alt=\"\" class=\"wp-image-17726\" style=\"width:282px;height:auto\" srcset=\"https:\/\/blog.uclm.es\/escueladetraductores\/wp-content\/uploads\/sites\/203\/2016\/05\/senor-externo.jpg 564w, https:\/\/blog.uclm.es\/escueladetraductores\/wp-content\/uploads\/sites\/203\/2016\/05\/senor-externo-300x300.jpg 300w, https:\/\/blog.uclm.es\/escueladetraductores\/wp-content\/uploads\/sites\/203\/2016\/05\/senor-externo-150x150.jpg 150w\" sizes=\"auto, (max-width: 564px) 100vw, 564px\" \/><\/a><figcaption class=\"wp-element-caption\"><a href=\"https:\/\/www.biblioteca.uclm.es\/encuentra-informacion\/Perfiles\/Usuario-Externo\">Procedimiento para obtener un carn\u00e9 de la Biblioteca para usuarios externos a la UCLM<\/a><br><\/figcaption><\/figure>\n<\/div>\n<\/div>\n<\/div>\n\n\n\n<div class=\"wp-block-columns alignfull is-layout-flex wp-container-core-columns-is-layout-28f84493 wp-block-columns-is-layout-flex\">\n<div class=\"wp-block-column is-layout-flow wp-block-column-is-layout-flow\">\n<div class=\"wp-block-columns is-layout-flex wp-container-core-columns-is-layout-28f84493 wp-block-columns-is-layout-flex\">\n<div class=\"wp-block-column is-layout-flow wp-block-column-is-layout-flow\">\n<figure class=\"wp-block-image aligncenter size-full is-resized\"><a href=\"https:\/\/www.biblioteca.uclm.es\/Conocenos\/Catalogodeservicios\/Prestamo\" target=\"_blank\" rel=\"noreferrer noopener\"><img loading=\"lazy\" decoding=\"async\" width=\"564\" height=\"269\" src=\"https:\/\/blog.uclm.es\/escueladetraductores\/wp-content\/uploads\/sites\/203\/2016\/05\/prestamo-1.jpg\" alt=\"\" class=\"wp-image-17728\" style=\"aspect-ratio:1;object-fit:cover;width:282px;height:auto\" srcset=\"https:\/\/blog.uclm.es\/escueladetraductores\/wp-content\/uploads\/sites\/203\/2016\/05\/prestamo-1.jpg 564w, https:\/\/blog.uclm.es\/escueladetraductores\/wp-content\/uploads\/sites\/203\/2016\/05\/prestamo-1-300x143.jpg 300w\" sizes=\"auto, (max-width: 564px) 100vw, 564px\" \/><\/a><figcaption class=\"wp-element-caption\"><a href=\"https:\/\/www.biblioteca.uclm.es\/Conocenos\/Catalogodeservicios\/Prestamo\">Pr\u00e9stamo a domicilio y renovaciones (solo para usuarios con carn\u00e9 de la biblioteca)<\/a><\/figcaption><\/figure>\n<\/div>\n\n\n\n<div class=\"wp-block-column is-layout-flow wp-block-column-is-layout-flow\">\n<figure class=\"wp-block-image aligncenter size-full is-resized\"><img loading=\"lazy\" decoding=\"async\" width=\"564\" height=\"374\" src=\"https:\/\/blog.uclm.es\/escueladetraductores\/wp-content\/uploads\/sites\/203\/2016\/05\/prestamo.jpg\" alt=\"\" class=\"wp-image-17723\" style=\"aspect-ratio:1;object-fit:cover;width:288px\" srcset=\"https:\/\/blog.uclm.es\/escueladetraductores\/wp-content\/uploads\/sites\/203\/2016\/05\/prestamo.jpg 564w, https:\/\/blog.uclm.es\/escueladetraductores\/wp-content\/uploads\/sites\/203\/2016\/05\/prestamo-300x199.jpg 300w\" sizes=\"auto, (max-width: 564px) 100vw, 564px\" \/><figcaption class=\"wp-element-caption\"><a href=\"https:\/\/www.biblioteca.uclm.es\/Conocenos\/Catalogodeservicios\/interbib-intercampus\">Pr\u00e9stamo intercampus e interbibliotecario (solo para usuarios con carn\u00e9 de la biblioteca)<\/a><\/figcaption><\/figure>\n<\/div>\n<\/div>\n<\/div>\n\n\n\n<div class=\"wp-block-column is-layout-flow wp-block-column-is-layout-flow\">\n<div class=\"wp-block-columns is-layout-flex wp-container-core-columns-is-layout-28f84493 wp-block-columns-is-layout-flex\">\n<div class=\"wp-block-column is-layout-flow wp-block-column-is-layout-flow\">\n<figure class=\"wp-block-image aligncenter size-full is-resized\"><a href=\"mailto:sod.biblioteca.to@uclm.es\"><img loading=\"lazy\" decoding=\"async\" width=\"564\" height=\"564\" src=\"https:\/\/blog.uclm.es\/escueladetraductores\/wp-content\/uploads\/sites\/203\/2016\/05\/catalogo-1.jpg\" alt=\"\" class=\"wp-image-17729\" style=\"aspect-ratio:1;object-fit:cover;width:288px\" srcset=\"https:\/\/blog.uclm.es\/escueladetraductores\/wp-content\/uploads\/sites\/203\/2016\/05\/catalogo-1.jpg 564w, https:\/\/blog.uclm.es\/escueladetraductores\/wp-content\/uploads\/sites\/203\/2016\/05\/catalogo-1-300x300.jpg 300w, https:\/\/blog.uclm.es\/escueladetraductores\/wp-content\/uploads\/sites\/203\/2016\/05\/catalogo-1-150x150.jpg 150w\" sizes=\"auto, (max-width: 564px) 100vw, 564px\" \/><\/a><figcaption class=\"wp-element-caption\">Solicitar fondos a trav\u00e9s de otra biblioteca o instituci\u00f3n por pr\u00e9stamo interbibliotecario: <a href=\"mailto:sod.biblioteca.to@uclm.es\">sod.biblioteca.to@uclm.es<\/a><\/figcaption><\/figure>\n<\/div>\n\n\n\n<div class=\"wp-block-column is-layout-flow wp-block-column-is-layout-flow\">\n<figure class=\"wp-block-image aligncenter size-full is-resized\"><img loading=\"lazy\" decoding=\"async\" width=\"564\" height=\"564\" src=\"https:\/\/blog.uclm.es\/escueladetraductores\/wp-content\/uploads\/sites\/203\/2016\/05\/libros.jpg\" alt=\"\" class=\"wp-image-14086\" style=\"object-fit:cover;width:288px;height:auto\" srcset=\"https:\/\/blog.uclm.es\/escueladetraductores\/wp-content\/uploads\/sites\/203\/2016\/05\/libros.jpg 564w, https:\/\/blog.uclm.es\/escueladetraductores\/wp-content\/uploads\/sites\/203\/2016\/05\/libros-300x300.jpg 300w, https:\/\/blog.uclm.es\/escueladetraductores\/wp-content\/uploads\/sites\/203\/2016\/05\/libros-150x150.jpg 150w\" sizes=\"auto, (max-width: 564px) 100vw, 564px\" \/><figcaption class=\"wp-element-caption\"><a href=\"https:\/\/www.biblioteca.uclm.es\/Conocenos\/Catalogodeservicios\/Desideratas\">Solicitudes de compra<\/a><\/figcaption><\/figure>\n<\/div>\n<\/div>\n<\/div>\n<\/div>\n\n\n\n<div class=\"wp-block-columns alignfull is-layout-flex wp-container-core-columns-is-layout-28f84493 wp-block-columns-is-layout-flex\">\n<div class=\"wp-block-column is-layout-flow wp-block-column-is-layout-flow\">\n<figure class=\"wp-block-image aligncenter size-full is-resized\"><img loading=\"lazy\" decoding=\"async\" width=\"735\" height=\"735\" src=\"https:\/\/blog.uclm.es\/escueladetraductores\/wp-content\/uploads\/sites\/203\/2016\/05\/Imagen7.jpg\" alt=\"\" class=\"wp-image-17731\" style=\"aspect-ratio:1;object-fit:cover;width:288px\" srcset=\"https:\/\/blog.uclm.es\/escueladetraductores\/wp-content\/uploads\/sites\/203\/2016\/05\/Imagen7.jpg 735w, https:\/\/blog.uclm.es\/escueladetraductores\/wp-content\/uploads\/sites\/203\/2016\/05\/Imagen7-300x300.jpg 300w, https:\/\/blog.uclm.es\/escueladetraductores\/wp-content\/uploads\/sites\/203\/2016\/05\/Imagen7-150x150.jpg 150w\" sizes=\"auto, (max-width: 735px) 100vw, 735px\" \/><figcaption class=\"wp-element-caption\">Servicio de informaci\u00f3n y orientaci\u00f3n bibliogr\u00e1fica y de referencia a investigadores, y sugerencias acerca del material disponible en nuestros fondos y en otras bibliotecas, en sala o a trav\u00e9s de correo electr\u00f3nico.<\/figcaption><\/figure>\n<\/div>\n\n\n\n<div class=\"wp-block-column is-layout-flow wp-block-column-is-layout-flow\">\n<figure class=\"wp-block-image aligncenter size-full is-resized\"><img loading=\"lazy\" decoding=\"async\" width=\"564\" height=\"564\" src=\"https:\/\/blog.uclm.es\/escueladetraductores\/wp-content\/uploads\/sites\/203\/2016\/05\/Reproduccion.jpg\" alt=\"\" class=\"wp-image-17722\" style=\"aspect-ratio:1;object-fit:cover;width:288px\" srcset=\"https:\/\/blog.uclm.es\/escueladetraductores\/wp-content\/uploads\/sites\/203\/2016\/05\/Reproduccion.jpg 564w, https:\/\/blog.uclm.es\/escueladetraductores\/wp-content\/uploads\/sites\/203\/2016\/05\/Reproduccion-300x300.jpg 300w, https:\/\/blog.uclm.es\/escueladetraductores\/wp-content\/uploads\/sites\/203\/2016\/05\/Reproduccion-150x150.jpg 150w\" sizes=\"auto, (max-width: 564px) 100vw, 564px\" \/><figcaption class=\"wp-element-caption\">Servicio de reproducci\u00f3n: <em>digital sender<\/em> de uso directo y gratuito para todos los usuarios.<\/figcaption><\/figure>\n<\/div>\n\n\n\n<div class=\"wp-block-column is-layout-flow wp-block-column-is-layout-flow\">\n<figure class=\"wp-block-image aligncenter size-large is-resized\"><img loading=\"lazy\" decoding=\"async\" width=\"1024\" height=\"1024\" src=\"https:\/\/blog.uclm.es\/escueladetraductores\/wp-content\/uploads\/sites\/203\/2016\/05\/IMG_0590-1024x1024.jpg\" alt=\"\" class=\"wp-image-17727\" style=\"aspect-ratio:1;object-fit:cover;width:288px\" srcset=\"https:\/\/blog.uclm.es\/escueladetraductores\/wp-content\/uploads\/sites\/203\/2016\/05\/IMG_0590-1024x1024.jpg 1024w, https:\/\/blog.uclm.es\/escueladetraductores\/wp-content\/uploads\/sites\/203\/2016\/05\/IMG_0590-300x300.jpg 300w, https:\/\/blog.uclm.es\/escueladetraductores\/wp-content\/uploads\/sites\/203\/2016\/05\/IMG_0590-150x150.jpg 150w, https:\/\/blog.uclm.es\/escueladetraductores\/wp-content\/uploads\/sites\/203\/2016\/05\/IMG_0590-768x768.jpg 768w, https:\/\/blog.uclm.es\/escueladetraductores\/wp-content\/uploads\/sites\/203\/2016\/05\/IMG_0590-1536x1536.jpg 1536w, https:\/\/blog.uclm.es\/escueladetraductores\/wp-content\/uploads\/sites\/203\/2016\/05\/IMG_0590.jpg 1731w\" sizes=\"auto, (max-width: 1024px) 100vw, 1024px\" \/><figcaption class=\"wp-element-caption\">Visitas -en el horario habitual de apertura- con explicaci\u00f3n de los fondos adaptados a diferentes tipos de grupos. Las visitas deben ser solicitadas con antelaci\u00f3n y los grupos formados por un m\u00e1ximo de 20 personas.<\/figcaption><\/figure>\n<\/div>\n<\/div>\n\n\n\n<p><\/p>\n\n\n\n<div class=\"wp-block-columns alignfull is-layout-flex wp-container-core-columns-is-layout-28f84493 wp-block-columns-is-layout-flex\">\n<div class=\"wp-block-column is-layout-flow wp-block-column-is-layout-flow\"><\/div>\n\n\n\n<div class=\"wp-block-column is-layout-flow wp-block-column-is-layout-flow\">\n<h4 class=\"wp-block-heading has-text-align-center has-vivid-red-color has-text-color\">COLECCIONES ESPECIALES<\/h4>\n<\/div>\n\n\n\n<div class=\"wp-block-column is-layout-flow wp-block-column-is-layout-flow\"><\/div>\n<\/div>\n\n\n\n<div class=\"wp-block-columns alignfull is-layout-flex wp-container-core-columns-is-layout-28f84493 wp-block-columns-is-layout-flex\">\n<div class=\"wp-block-column is-layout-flow wp-block-column-is-layout-flow\">\n<p class=\"has-text-align-center\"><strong>MARCELINO VILLEGAS<\/strong><\/p>\n\n\n\n<figure class=\"wp-block-image aligncenter size-full is-resized\"><img loading=\"lazy\" decoding=\"async\" width=\"450\" height=\"618\" src=\"https:\/\/blog.uclm.es\/escueladetraductores\/wp-content\/uploads\/sites\/203\/2016\/05\/libro1.jpg\" alt=\"499 monograf\u00edas dedicadas al estudio de la literatura \u00e1rabe contempor\u00e1nea, con particular atenci\u00f3n a la argelina.\" class=\"wp-image-17719\" style=\"aspect-ratio:3\/4;object-fit:cover;width:300px\" srcset=\"https:\/\/blog.uclm.es\/escueladetraductores\/wp-content\/uploads\/sites\/203\/2016\/05\/libro1.jpg 450w, https:\/\/blog.uclm.es\/escueladetraductores\/wp-content\/uploads\/sites\/203\/2016\/05\/libro1-218x300.jpg 218w\" sizes=\"auto, (max-width: 450px) 100vw, 450px\" \/><figcaption class=\"wp-element-caption\">499 monograf\u00edas dedicadas al estudio de la literatura \u00e1rabe contempor\u00e1nea, con particular atenci\u00f3n a la argelina.<\/figcaption><\/figure>\n<\/div>\n\n\n\n<div class=\"wp-block-column is-layout-flow wp-block-column-is-layout-flow\">\n<p class=\"has-text-align-center\"><strong><strong>DAVID GONZALO MAESO<\/strong><\/strong><\/p>\n\n\n\n<figure class=\"wp-block-image aligncenter size-full is-resized\"><img loading=\"lazy\" decoding=\"async\" width=\"500\" height=\"500\" src=\"https:\/\/blog.uclm.es\/escueladetraductores\/wp-content\/uploads\/sites\/203\/2016\/05\/David-Gonzalo-Maeso.jpg\" alt=\"\" class=\"wp-image-14078\" style=\"aspect-ratio:3\/4;object-fit:cover;width:300px\" srcset=\"https:\/\/blog.uclm.es\/escueladetraductores\/wp-content\/uploads\/sites\/203\/2016\/05\/David-Gonzalo-Maeso.jpg 500w, https:\/\/blog.uclm.es\/escueladetraductores\/wp-content\/uploads\/sites\/203\/2016\/05\/David-Gonzalo-Maeso-300x300.jpg 300w, https:\/\/blog.uclm.es\/escueladetraductores\/wp-content\/uploads\/sites\/203\/2016\/05\/David-Gonzalo-Maeso-150x150.jpg 150w\" sizes=\"auto, (max-width: 500px) 100vw, 500px\" \/><figcaption class=\"wp-element-caption\">2.249 vol\u00famenes sobre estudios b\u00edblicos y sefard\u00edes.<\/figcaption><\/figure>\n<\/div>\n\n\n\n<div class=\"wp-block-column is-layout-flow wp-block-column-is-layout-flow\">\n<p class=\"has-text-align-center\"><strong>ALBERTO M\u00cdGUEZ<\/strong><\/p>\n\n\n\n<figure class=\"wp-block-image aligncenter size-full is-resized has-custom-border\"><img loading=\"lazy\" decoding=\"async\" width=\"450\" height=\"708\" src=\"https:\/\/blog.uclm.es\/escueladetraductores\/wp-content\/uploads\/sites\/203\/2016\/05\/libro2.jpg\" alt=\"\" class=\"wp-image-17721\" style=\"border-style:none;border-width:0px;aspect-ratio:3\/4;object-fit:cover;width:300px\" srcset=\"https:\/\/blog.uclm.es\/escueladetraductores\/wp-content\/uploads\/sites\/203\/2016\/05\/libro2.jpg 450w, https:\/\/blog.uclm.es\/escueladetraductores\/wp-content\/uploads\/sites\/203\/2016\/05\/libro2-191x300.jpg 191w\" sizes=\"auto, (max-width: 450px) 100vw, 450px\" \/><figcaption class=\"wp-element-caption\">Donaci\u00f3n constituida por 765 monograf\u00edas dedicadas al an\u00e1lisis socio-pol\u00edtico y la historia contempor\u00e1nea del Magreb y \u00c1frica en general.<\/figcaption><\/figure>\n<\/div>\n<\/div>\n","protected":false},"excerpt":{"rendered":"<p>Direcci\u00f3n y datos de contacto Biblioteca Escuela de Traductores de Toledo (Servicio de Biblioteca del Campus de Toledo) INFORMACI\u00d3N GENERAL La biblioteca de la Escuela de Traductores es una secci\u00f3n del Servicio de Biblioteca del Campus de Toledo especialmente destinada a traductores, estudiantes de traducci\u00f3n, universitarios e investigadores, y abierta y accesible para cualquier otro [&hellip;]<\/p>\n","protected":false},"author":166,"featured_media":0,"parent":0,"menu_order":0,"comment_status":"closed","ping_status":"closed","template":"","meta":{"footnotes":""},"class_list":["post-24","page","type-page","status-publish","hentry"],"_links":{"self":[{"href":"https:\/\/blog.uclm.es\/escueladetraductores\/wp-json\/wp\/v2\/pages\/24","targetHints":{"allow":["GET"]}}],"collection":[{"href":"https:\/\/blog.uclm.es\/escueladetraductores\/wp-json\/wp\/v2\/pages"}],"about":[{"href":"https:\/\/blog.uclm.es\/escueladetraductores\/wp-json\/wp\/v2\/types\/page"}],"author":[{"embeddable":true,"href":"https:\/\/blog.uclm.es\/escueladetraductores\/wp-json\/wp\/v2\/users\/166"}],"replies":[{"embeddable":true,"href":"https:\/\/blog.uclm.es\/escueladetraductores\/wp-json\/wp\/v2\/comments?post=24"}],"version-history":[{"count":18,"href":"https:\/\/blog.uclm.es\/escueladetraductores\/wp-json\/wp\/v2\/pages\/24\/revisions"}],"predecessor-version":[{"id":19253,"href":"https:\/\/blog.uclm.es\/escueladetraductores\/wp-json\/wp\/v2\/pages\/24\/revisions\/19253"}],"wp:attachment":[{"href":"https:\/\/blog.uclm.es\/escueladetraductores\/wp-json\/wp\/v2\/media?parent=24"}],"curies":[{"name":"wp","href":"https:\/\/api.w.org\/{rel}","templated":true}]}}