{"id":16026,"date":"2018-09-04T09:36:46","date_gmt":"2018-09-04T08:36:46","guid":{"rendered":"http:\/\/blog.uclm.es\/escueladetraductores\/?page_id=16026"},"modified":"2026-03-11T10:12:31","modified_gmt":"2026-03-11T10:12:31","slug":"cursos-online","status":"publish","type":"page","link":"https:\/\/blog.uclm.es\/escueladetraductores\/cursos-online\/","title":{"rendered":"Cursos online"},"content":{"rendered":"\n<div class=\"wp-block-group alignfull is-layout-flow wp-block-group-is-layout-flow\">\n<div class=\"wp-block-cover aligncenter is-light wp-duotone-000097-ff4747-1\" style=\"min-height:145px;aspect-ratio:unset;\"><img loading=\"lazy\" decoding=\"async\" width=\"1400\" height=\"87\" class=\"wp-block-cover__image-background wp-image-17925\" alt=\"\" src=\"https:\/\/blog.uclm.es\/escueladetraductores\/wp-content\/uploads\/sites\/203\/2016\/05\/page_title_bg.png\" style=\"object-position:71% 58%\" data-object-fit=\"cover\" data-object-position=\"71% 58%\" srcset=\"https:\/\/blog.uclm.es\/escueladetraductores\/wp-content\/uploads\/sites\/203\/2016\/05\/page_title_bg.png 1400w, https:\/\/blog.uclm.es\/escueladetraductores\/wp-content\/uploads\/sites\/203\/2016\/05\/page_title_bg-300x19.png 300w, https:\/\/blog.uclm.es\/escueladetraductores\/wp-content\/uploads\/sites\/203\/2016\/05\/page_title_bg-1024x64.png 1024w, https:\/\/blog.uclm.es\/escueladetraductores\/wp-content\/uploads\/sites\/203\/2016\/05\/page_title_bg-768x48.png 768w\" sizes=\"auto, (max-width: 1400px) 100vw, 1400px\" \/><span aria-hidden=\"true\" class=\"wp-block-cover__background has-background-dim-30 has-background-dim\" style=\"background-color:#d34715\"><\/span><div class=\"wp-block-cover__inner-container is-layout-flow wp-block-cover-is-layout-flow\">\n<p class=\"has-text-align-center has-base-color has-vivid-red-background-color has-text-color has-background has-x-large-font-size\">MICROCREDENCIALES<\/p>\n<\/div><\/div>\n<\/div>\n\n\n\n<div class=\"wp-block-group alignwide is-layout-flow wp-block-group-is-layout-flow\">\n<p><\/p>\n\n\n\n<h2 class=\"wp-block-heading\" id=\"microcredenciales-universitarias-uclm\">Microcrenciales&nbsp;Universitarias&nbsp;UCLM<\/h2>\n\n\n\n<p class=\"has-contrast-color has-text-color has-link-color wp-elements-847d855dbbc3c5741836b81796c838bb\">Las microcredenciales universitarias de la UCLM son ense\u00f1anzas propias de menos de 15 ECTS, cuyo acceso puede requerir o no titulaci\u00f3n universitaria previa. Estas ense\u00f1anzas est\u00e1n dise\u00f1adas para certificar resultados de aprendizaje y pueden ser presenciales, semipresenciales u online. La UCLM ofrece microcredenciales que se adaptan a m\u00faltiples prop\u00f3sitos, como la recualificaci\u00f3n profesional, la inserci\u00f3n social y la formaci\u00f3n para la reorientaci\u00f3n a otra actividad profesional. Estas microcredenciales son flexibles y adecuadas a las necesidades del mercado laboral, abordando temas como la transformaci\u00f3n digital, el reto verde y el reto demogr\u00e1fico.<\/p>\n\n\n\n<p><\/p>\n\n\n\n<p class=\"has-text-align-center has-base-color has-vivid-red-background-color has-text-color has-background has-link-color has-large-font-size wp-elements-b5ed587c88307f00509fa95cfd4a5f15\">MICROCREDENCIALES DISPONIBLES<\/p>\n<\/div>\n\n\n\n<blockquote class=\"wp-block-quote is-layout-flow wp-block-quote-is-layout-flow\">\n<p><\/p>\n<\/blockquote>\n\n\n\n<div class=\"wp-block-columns alignwide is-layout-flex wp-container-core-columns-is-layout-155a0b67 wp-block-columns-is-layout-flex\" style=\"margin-top:var(--wp--preset--spacing--30);margin-bottom:var(--wp--preset--spacing--30);padding-top:0;padding-right:0;padding-bottom:0;padding-left:0\">\n<div class=\"wp-block-column is-layout-flow wp-block-column-is-layout-flow\">\n<div class=\"wp-block-cover\"><img loading=\"lazy\" decoding=\"async\" width=\"840\" height=\"315\" class=\"wp-block-cover__image-background wp-image-19815\" alt=\"\" src=\"https:\/\/blog.uclm.es\/escueladetraductores\/wp-content\/uploads\/sites\/203\/2026\/02\/CabeceraRamaArte_HH-2.jpg\" data-object-fit=\"cover\" srcset=\"https:\/\/blog.uclm.es\/escueladetraductores\/wp-content\/uploads\/sites\/203\/2026\/02\/CabeceraRamaArte_HH-2.jpg 840w, https:\/\/blog.uclm.es\/escueladetraductores\/wp-content\/uploads\/sites\/203\/2026\/02\/CabeceraRamaArte_HH-2-300x113.jpg 300w, https:\/\/blog.uclm.es\/escueladetraductores\/wp-content\/uploads\/sites\/203\/2026\/02\/CabeceraRamaArte_HH-2-768x288.jpg 768w\" sizes=\"auto, (max-width: 840px) 100vw, 840px\" \/><span aria-hidden=\"true\" class=\"wp-block-cover__background has-background-dim\"><\/span><div class=\"wp-block-cover__inner-container is-layout-flow wp-block-cover-is-layout-flow\">\n<p class=\"has-text-align-center has-base-color has-text-color has-link-color has-medium-font-size wp-elements-325e75a77e0bcbdc15326292666a8dfe\"><strong><a href=\"https:\/\/www.uclm.es\/estudios\/propios\/microcredencial-subvencionada-edicion-digital-documentos-textos-archivos-bibliotecas\" target=\"_blank\" rel=\"noreferrer noopener\">Microcredencial Subvencionada en Edici\u00f3n Digital de Documentos y Textos en Archivos y Bibliotecas<\/a><\/strong><\/p>\n\n\n\n<figure class=\"wp-block-gallery has-nested-images columns-default is-cropped wp-block-gallery-2 is-layout-flex wp-block-gallery-is-layout-flex\">\n<figure class=\"wp-block-image size-large\"><img loading=\"lazy\" decoding=\"async\" width=\"840\" height=\"315\" data-id=\"19816\" src=\"https:\/\/blog.uclm.es\/escueladetraductores\/wp-content\/uploads\/sites\/203\/2026\/02\/CabeceraRamaArte_HH-3.jpg\" alt=\"\" class=\"wp-image-19816\" srcset=\"https:\/\/blog.uclm.es\/escueladetraductores\/wp-content\/uploads\/sites\/203\/2026\/02\/CabeceraRamaArte_HH-3.jpg 840w, https:\/\/blog.uclm.es\/escueladetraductores\/wp-content\/uploads\/sites\/203\/2026\/02\/CabeceraRamaArte_HH-3-300x113.jpg 300w, https:\/\/blog.uclm.es\/escueladetraductores\/wp-content\/uploads\/sites\/203\/2026\/02\/CabeceraRamaArte_HH-3-768x288.jpg 768w\" sizes=\"auto, (max-width: 840px) 100vw, 840px\" \/><\/figure>\n<\/figure>\n\n\n\n<p class=\"has-text-align-center has-base-color has-text-color has-link-color wp-elements-e72d69ca44021ff4bb038f8b50efd67e\"><a href=\"https:\/\/lead.apps.uclm.es\/actividades\/105735\" target=\"_blank\" rel=\"noreferrer noopener\"><strong>Matr\u00edcula del 09\/02\/2026&nbsp;al 13\/04\/2026<\/strong><\/a><\/p>\n\n\n\n<blockquote class=\"wp-block-quote alignleft is-layout-flow wp-block-quote-is-layout-flow\">\n<p>La Escuela de Traductores de Toledo, en colaboraci\u00f3n con la Facultad de Humanidades, imparte esta microcredencial  de forma subvencionada para personas de entre 25 y 65 a\u00f1os, (<strong>precio final 45 \u20ac<\/strong>)<\/p>\n<\/blockquote>\n<\/div><\/div>\n<\/div>\n\n\n\n<div class=\"wp-block-column is-layout-flow wp-block-column-is-layout-flow\"><\/div>\n\n\n\n<div class=\"wp-block-column is-layout-flow wp-block-column-is-layout-flow\"><\/div>\n<\/div>\n\n\n\n<p><\/p>\n","protected":false},"excerpt":{"rendered":"<p>Microcrenciales&nbsp;Universitarias&nbsp;UCLM Las microcredenciales universitarias de la UCLM son ense\u00f1anzas propias de menos de 15 ECTS, cuyo acceso puede requerir o no titulaci\u00f3n universitaria previa. Estas ense\u00f1anzas est\u00e1n dise\u00f1adas para certificar resultados de aprendizaje y pueden ser presenciales, semipresenciales u online. La UCLM ofrece microcredenciales que se adaptan a m\u00faltiples prop\u00f3sitos, como la recualificaci\u00f3n profesional, la [&hellip;]<\/p>\n","protected":false},"author":316,"featured_media":0,"parent":0,"menu_order":0,"comment_status":"closed","ping_status":"closed","template":"","meta":{"footnotes":""},"class_list":["post-16026","page","type-page","status-publish","hentry"],"_links":{"self":[{"href":"https:\/\/blog.uclm.es\/escueladetraductores\/wp-json\/wp\/v2\/pages\/16026","targetHints":{"allow":["GET"]}}],"collection":[{"href":"https:\/\/blog.uclm.es\/escueladetraductores\/wp-json\/wp\/v2\/pages"}],"about":[{"href":"https:\/\/blog.uclm.es\/escueladetraductores\/wp-json\/wp\/v2\/types\/page"}],"author":[{"embeddable":true,"href":"https:\/\/blog.uclm.es\/escueladetraductores\/wp-json\/wp\/v2\/users\/316"}],"replies":[{"embeddable":true,"href":"https:\/\/blog.uclm.es\/escueladetraductores\/wp-json\/wp\/v2\/comments?post=16026"}],"version-history":[{"count":23,"href":"https:\/\/blog.uclm.es\/escueladetraductores\/wp-json\/wp\/v2\/pages\/16026\/revisions"}],"predecessor-version":[{"id":19841,"href":"https:\/\/blog.uclm.es\/escueladetraductores\/wp-json\/wp\/v2\/pages\/16026\/revisions\/19841"}],"wp:attachment":[{"href":"https:\/\/blog.uclm.es\/escueladetraductores\/wp-json\/wp\/v2\/media?parent=16026"}],"curies":[{"name":"wp","href":"https:\/\/api.w.org\/{rel}","templated":true}]}}