{"id":15996,"date":"2018-07-27T10:02:41","date_gmt":"2018-07-27T09:02:41","guid":{"rendered":"http:\/\/blog.uclm.es\/escueladetraductores\/?page_id=15996"},"modified":"2024-05-06T17:22:26","modified_gmt":"2024-05-06T17:22:26","slug":"ediciones-criticas","status":"publish","type":"page","link":"https:\/\/blog.uclm.es\/escueladetraductores\/ediciones-criticas\/","title":{"rendered":"Ediciones Cr\u00edticas"},"content":{"rendered":"\n<div class=\"wp-block-cover alignfull has-base-color has-text-color has-link-color wp-elements-6fe035e59017006a42bb9482135f6825 wp-duotone-unset-1\" style=\"min-height:145px;aspect-ratio:unset;\"><span aria-hidden=\"true\" class=\"wp-block-cover__background has-vivid-red-background-color has-background-dim-100 has-background-dim\"><\/span><img loading=\"lazy\" decoding=\"async\" width=\"1400\" height=\"87\" class=\"wp-block-cover__image-background wp-image-17925\" alt=\"\" src=\"https:\/\/blog.uclm.es\/escueladetraductores\/wp-content\/uploads\/sites\/203\/2016\/05\/page_title_bg.png\" style=\"object-position:71% 58%\" data-object-fit=\"cover\" data-object-position=\"71% 58%\" srcset=\"https:\/\/blog.uclm.es\/escueladetraductores\/wp-content\/uploads\/sites\/203\/2016\/05\/page_title_bg.png 1400w, https:\/\/blog.uclm.es\/escueladetraductores\/wp-content\/uploads\/sites\/203\/2016\/05\/page_title_bg-300x19.png 300w, https:\/\/blog.uclm.es\/escueladetraductores\/wp-content\/uploads\/sites\/203\/2016\/05\/page_title_bg-1024x64.png 1024w, https:\/\/blog.uclm.es\/escueladetraductores\/wp-content\/uploads\/sites\/203\/2016\/05\/page_title_bg-768x48.png 768w\" sizes=\"auto, (max-width: 1400px) 100vw, 1400px\" \/><div class=\"wp-block-cover__inner-container is-layout-flow wp-block-cover-is-layout-flow\">\n<p class=\"has-text-align-center has-base-color has-vivid-red-background-color has-text-color has-background has-x-large-font-size\">EDICIONES CR\u00cdTICAS<\/p>\n<\/div><\/div>\n\n\n\n<div class=\"wp-block-group alignwide is-layout-flow wp-block-group-is-layout-flow\">\n<p>La serie \u00abTextos M\u00e9dicos: Ediciones Cr\u00edticas de la Escuela de Traductores de Toledo\u00bb re\u00fane una serie de estudios que pretenden recuperar el patrimonio Escrito de la medicina europea mediante la publicaci\u00f3n de ediciones cr\u00edticas e interpretaci\u00f3n de libros medicinales de \u00e9poca medieval y moderna.<\/p>\n\n\n\n<div style=\"height:60px\" aria-hidden=\"true\" class=\"wp-block-spacer\"><\/div>\n\n\n\n<div class=\"wp-block-columns is-layout-flex wp-container-core-columns-is-layout-28f84493 wp-block-columns-is-layout-flex\">\n<div class=\"wp-block-column is-layout-flow wp-block-column-is-layout-flow\">\n<div class=\"wp-block-columns is-layout-flex wp-container-core-columns-is-layout-28f84493 wp-block-columns-is-layout-flex\">\n<div class=\"wp-block-column is-layout-flow wp-block-column-is-layout-flow\">\n<div class=\"wp-block-group has-global-padding is-layout-constrained wp-block-group-is-layout-constrained\">\n<figure class=\"wp-block-image aligncenter size-full\"><img loading=\"lazy\" decoding=\"async\" width=\"350\" height=\"525\" src=\"https:\/\/blog.uclm.es\/escueladetraductores\/wp-content\/uploads\/sites\/203\/2018\/02\/CRI0020_COVER.jpg\" alt=\"\" class=\"wp-image-18172\" srcset=\"https:\/\/blog.uclm.es\/escueladetraductores\/wp-content\/uploads\/sites\/203\/2018\/02\/CRI0020_COVER.jpg 350w, https:\/\/blog.uclm.es\/escueladetraductores\/wp-content\/uploads\/sites\/203\/2018\/02\/CRI0020_COVER-200x300.jpg 200w\" sizes=\"auto, (max-width: 350px) 100vw, 350px\" \/><\/figure>\n\n\n\n<p class=\"has-small-font-size\">Ficha blibliogr\u00e1fica:<\/p>\n\n\n\n<p class=\"has-small-font-size\"><strong>T\u00edtulo<\/strong>: Quaestiones medicinales. Sorani quae feruntur<\/p>\n\n\n\n<p class=\"has-small-font-size\"><strong>Autor<\/strong>: Klaus-Dietrich Fischer<\/p>\n\n\n\n<p class=\"has-small-font-size\"><strong>N\u00ba<\/strong>&nbsp;<strong>de<\/strong>&nbsp;<strong>p\u00e1ginas<\/strong>: 530<\/p>\n\n\n\n<p class=\"has-small-font-size\"><strong>Encuadernaci\u00f3n<\/strong>: r\u00fastica<\/p>\n\n\n\n<p class=\"has-small-font-size\"><strong>ISBN<\/strong>: 978-84-9044-255-5<\/p>\n\n\n\n<p class=\"has-small-font-size\"><strong>Editorial<\/strong>: Ediciones de la Universidad de la UCLM<\/p>\n\n\n\n<p class=\"has-small-font-size\"><strong>Idioma<\/strong>: Alem\u00e1n<\/p>\n\n\n\n<p class=\"has-small-font-size\"><strong>A\u00f1o<\/strong>&nbsp;<strong>de<\/strong>&nbsp;<strong>Publicaci\u00f3n<\/strong>: 2017<\/p>\n\n\n\n<p class=\"has-small-font-size\"><strong>Materia<\/strong>: Pseudo-Soranus, Medicina, Historia<\/p>\n\n\n\n<p class=\"has-small-font-size\"><strong>Formato<\/strong>: Impreso \u2013 Digital<\/p>\n\n\n\n<p class=\"has-small-font-size\"><strong>Colecci\u00f3n<\/strong>: Ediciones Cr\u00edticas, 20<\/p>\n<\/div>\n<\/div>\n\n\n\n<div class=\"wp-block-column is-layout-flow wp-block-column-is-layout-flow\">\n<div class=\"wp-block-group has-global-padding is-layout-constrained wp-block-group-is-layout-constrained\">\n<figure class=\"wp-block-image aligncenter size-full\"><a href=\"http:\/\/publicaciones.uclm.es\/giovanni-attuario-leccellente-trattato-sulle-urine-di-avicenna\/\" target=\"_blank\" rel=\"noreferrer noopener\"><img loading=\"lazy\" decoding=\"async\" width=\"350\" height=\"525\" src=\"https:\/\/blog.uclm.es\/escueladetraductores\/wp-content\/uploads\/sites\/203\/2018\/02\/CRI0021_COVER.jpg\" alt=\"\" class=\"wp-image-18173\" srcset=\"https:\/\/blog.uclm.es\/escueladetraductores\/wp-content\/uploads\/sites\/203\/2018\/02\/CRI0021_COVER.jpg 350w, https:\/\/blog.uclm.es\/escueladetraductores\/wp-content\/uploads\/sites\/203\/2018\/02\/CRI0021_COVER-200x300.jpg 200w\" sizes=\"auto, (max-width: 350px) 100vw, 350px\" \/><\/a><\/figure>\n\n\n\n<p class=\"has-small-font-size\">Ficha blibliogr\u00e1fica:<\/p>\n\n\n\n<p class=\"has-small-font-size\"><strong>T\u00edtulo<\/strong>: Giovanni Attuario. L\u2019eccellente trattato sulle urine di Avicenna<\/p>\n\n\n\n<p class=\"has-small-font-size\"><strong>Autor<\/strong>: Giovanni Attuario<\/p>\n\n\n\n<p class=\"has-small-font-size\"><strong>N\u00ba<\/strong>&nbsp;<strong>de<\/strong>&nbsp;<strong>p\u00e1ginas<\/strong>: 168<\/p>\n\n\n\n<p class=\"has-small-font-size\"><strong>Encuadernaci\u00f3n<\/strong>: r\u00fastica<\/p>\n\n\n\n<p class=\"has-small-font-size\"><strong>ISBN<\/strong>: 978-84-9044-257-9<\/p>\n\n\n\n<p class=\"has-small-font-size\"><strong>Editorial<\/strong>: Ediciones de la Universidad de la UCLM<\/p>\n\n\n\n<p class=\"has-small-font-size\"><strong>Idioma<\/strong>: Italiano<\/p>\n\n\n\n<p class=\"has-small-font-size\"><strong>A\u00f1o<\/strong>&nbsp;<strong>de<\/strong>&nbsp;<strong>Publicaci\u00f3n<\/strong>: 2017<\/p>\n\n\n\n<p class=\"has-small-font-size\"><strong>Materia<\/strong>: Giovanni Attuario, Medicina, Historia<\/p>\n\n\n\n<p class=\"has-small-font-size\"><strong>Formato<\/strong>: Impreso \u2013 Digital<\/p>\n\n\n\n<p class=\"has-small-font-size\"><strong>Colecci\u00f3n<\/strong>: Ediciones Cr\u00edticas, 21<\/p>\n<\/div>\n<\/div>\n<\/div>\n<\/div>\n\n\n\n<div class=\"wp-block-column is-layout-flow wp-block-column-is-layout-flow\">\n<div class=\"wp-block-columns is-layout-flex wp-container-core-columns-is-layout-28f84493 wp-block-columns-is-layout-flex\">\n<div class=\"wp-block-column is-layout-flow wp-block-column-is-layout-flow\">\n<div class=\"wp-block-group is-vertical is-layout-flex wp-container-core-group-is-layout-fe9cc265 wp-block-group-is-layout-flex\">\n<figure class=\"wp-block-image aligncenter size-full is-resized\"><a href=\"http:\/\/publicaciones.uclm.es\/nicandri-theriaca-traduccion-latina-en-verso-1552\/\" target=\"_blank\" rel=\"noreferrer noopener\"><img loading=\"lazy\" decoding=\"async\" width=\"350\" height=\"500\" src=\"https:\/\/blog.uclm.es\/escueladetraductores\/wp-content\/uploads\/sites\/203\/2018\/07\/CRI0025_COVER.jpg\" alt=\"\" class=\"wp-image-18227\" style=\"width:282px;height:auto\" srcset=\"https:\/\/blog.uclm.es\/escueladetraductores\/wp-content\/uploads\/sites\/203\/2018\/07\/CRI0025_COVER.jpg 350w, https:\/\/blog.uclm.es\/escueladetraductores\/wp-content\/uploads\/sites\/203\/2018\/07\/CRI0025_COVER-210x300.jpg 210w\" sizes=\"auto, (max-width: 350px) 100vw, 350px\" \/><\/a><\/figure>\n\n\n\n<div style=\"height:0px\" aria-hidden=\"true\" class=\"wp-block-spacer wp-container-content-eff6f568\"><\/div>\n\n\n\n<p class=\"has-small-font-size\">Ficha blibliogr\u00e1fica:<\/p>\n\n\n\n<p class=\"has-small-font-size\"><strong>T\u00edtulo<\/strong>: Nicandri Theriaca: traducci\u00f3n latina en verso (1552)<\/p>\n\n\n\n<p class=\"has-small-font-size\"><strong>Autor<\/strong>: Mar\u00eda Teresa Santamar\u00eda Hern\u00e1ndez, Pedro Jaime Esteve<\/p>\n\n\n\n<p class=\"has-small-font-size\"><strong>N\u00ba<\/strong>&nbsp;<strong>de<\/strong>&nbsp;<strong>p\u00e1ginas<\/strong>: 191<\/p>\n\n\n\n<p class=\"has-small-font-size\"><strong>Encuadernaci\u00f3n<\/strong>: r\u00fastica<\/p>\n\n\n\n<p class=\"has-small-font-size\"><strong>ISBN<\/strong>: 978-84-9044-328-6 (Ed. digital)\/ 978-84-9044-327-9 (Ed. Impresa)<\/p>\n\n\n\n<p class=\"has-small-font-size\"><strong>Editorial<\/strong>: Ediciones de la Universidad de la UCLM<\/p>\n\n\n\n<p class=\"has-small-font-size\"><strong>Idioma<\/strong>: Espa\u00f1ol<\/p>\n\n\n\n<p class=\"has-small-font-size\"><strong>A\u00f1o<\/strong>&nbsp;<strong>de<\/strong>&nbsp;<strong>Publicaci\u00f3n<\/strong>: 2018<\/p>\n\n\n\n<p class=\"has-small-font-size\"><strong>Materia<\/strong>: Historia, Medicina<\/p>\n\n\n\n<p class=\"has-small-font-size\"><strong>Formato<\/strong>: Impreso \u2013 Digital<\/p>\n\n\n\n<p class=\"has-small-font-size\"><strong>Colecci\u00f3n<\/strong>: Ediciones Cr\u00edticas, 25<\/p>\n<\/div>\n<\/div>\n\n\n\n<div class=\"wp-block-column is-layout-flow wp-block-column-is-layout-flow\">\n<div class=\"wp-block-group has-global-padding is-layout-constrained wp-block-group-is-layout-constrained\">\n<p class=\"has-small-font-size\"><\/p>\n<\/div>\n<\/div>\n<\/div>\n<\/div>\n<\/div>\n<\/div>\n","protected":false},"excerpt":{"rendered":"<p>La serie \u00abTextos M\u00e9dicos: Ediciones Cr\u00edticas de la Escuela de Traductores de Toledo\u00bb re\u00fane una serie de estudios que pretenden recuperar el patrimonio Escrito de la medicina europea mediante la publicaci\u00f3n de ediciones cr\u00edticas e interpretaci\u00f3n de libros medicinales de \u00e9poca medieval y moderna. Ficha blibliogr\u00e1fica: T\u00edtulo: Quaestiones medicinales. Sorani quae feruntur Autor: Klaus-Dietrich Fischer [&hellip;]<\/p>\n","protected":false},"author":316,"featured_media":0,"parent":0,"menu_order":0,"comment_status":"closed","ping_status":"closed","template":"","meta":{"footnotes":""},"class_list":["post-15996","page","type-page","status-publish","hentry"],"_links":{"self":[{"href":"https:\/\/blog.uclm.es\/escueladetraductores\/wp-json\/wp\/v2\/pages\/15996","targetHints":{"allow":["GET"]}}],"collection":[{"href":"https:\/\/blog.uclm.es\/escueladetraductores\/wp-json\/wp\/v2\/pages"}],"about":[{"href":"https:\/\/blog.uclm.es\/escueladetraductores\/wp-json\/wp\/v2\/types\/page"}],"author":[{"embeddable":true,"href":"https:\/\/blog.uclm.es\/escueladetraductores\/wp-json\/wp\/v2\/users\/316"}],"replies":[{"embeddable":true,"href":"https:\/\/blog.uclm.es\/escueladetraductores\/wp-json\/wp\/v2\/comments?post=15996"}],"version-history":[{"count":4,"href":"https:\/\/blog.uclm.es\/escueladetraductores\/wp-json\/wp\/v2\/pages\/15996\/revisions"}],"predecessor-version":[{"id":19132,"href":"https:\/\/blog.uclm.es\/escueladetraductores\/wp-json\/wp\/v2\/pages\/15996\/revisions\/19132"}],"wp:attachment":[{"href":"https:\/\/blog.uclm.es\/escueladetraductores\/wp-json\/wp\/v2\/media?parent=15996"}],"curies":[{"name":"wp","href":"https:\/\/api.w.org\/{rel}","templated":true}]}}