{"id":15611,"date":"2017-10-26T09:25:32","date_gmt":"2017-10-26T08:25:32","guid":{"rendered":"http:\/\/blog.uclm.es\/escueladetraductores\/?page_id=15611"},"modified":"2023-03-10T12:58:42","modified_gmt":"2023-03-10T12:58:42","slug":"publicaciones","status":"publish","type":"page","link":"https:\/\/blog.uclm.es\/escueladetraductores\/publicaciones\/","title":{"rendered":"Publicaciones"},"content":{"rendered":"\n<div class=\"wp-block-group alignwide is-layout-flow wp-block-group-is-layout-flow\">\n<p>La producci\u00f3n cient\u00edfica e investigadora de la Escuela de Traductores de Toledo tiene su reflejo en dos grandes colecciones de publicaciones:<\/p>\n\n\n\n<ul class=\"wp-block-list\">\n<li>Los&nbsp;<em><strong>Cuadernos de la Escuela de Traductores de Toledo<\/strong>,<\/em>&nbsp;publicaci\u00f3n peri\u00f3dica&nbsp;con formato monogr\u00e1fico que pone al alcance del lector, en distintos&nbsp;soportes, panor\u00e1micas y estudios sobre literatura traducida, glosarios multiling\u00fces, bibliograf\u00edas, repertorios de traductores, etc.<\/li>\n\n\n\n<li>La colecci\u00f3n&nbsp;<strong><em>Escuela de Traductores&nbsp;de Toledo<\/em><\/strong>&nbsp;en la que se editan las&nbsp;actas de los diferentes coloquios, encuentros&nbsp;y ciclos de conferencias que&nbsp;peri\u00f3dicamente organiza la Escuela&nbsp;de Traductores de Toledo, as\u00ed como&nbsp;obras de car\u00e1cter te\u00f3rico y pr\u00e1ctico&nbsp;(estudios, ensayos, diccionarios, etc.)&nbsp;vinculadas al \u00e1mbito de la traducci\u00f3n.<\/li>\n\n\n\n<li>A estas obras hay que sumar la participaci\u00f3n de la Escuela de Traductores de Toledo, en colaboraci\u00f3n con otras instituciones locales, nacionales e internacionales, en la edici\u00f3n de obras de car\u00e1cter cient\u00edfico y divulgativo relacionadas con los objetivos de investigaci\u00f3n del centro.<\/li>\n<\/ul>\n<\/div>\n\n\n\n<p><\/p>\n\n\n\n<div class=\"wp-block-group alignwide is-layout-flow wp-block-group-is-layout-flow\">\n<p class=\"has-base-color has-vivid-red-background-color has-text-color has-background\"><\/p>\n<\/div>\n\n\n\n<div class=\"wp-block-columns alignwide is-layout-flex wp-container-core-columns-is-layout-28f84493 wp-block-columns-is-layout-flex\">\n<div class=\"wp-block-column is-layout-flow wp-block-column-is-layout-flow\">\n<div class=\"wp-block-group has-global-padding is-layout-constrained wp-block-group-is-layout-constrained\">\n<h5 class=\"has-text-align-center has-medium-font-size wp-block-heading\"><strong><a href=\"https:\/\/blog.uclm.es\/escueladetraductores\/cuadernos-de-la-escuela-de-traductores\/\">Cuadernos Escuela de Traductores<\/a><\/strong><\/h5>\n\n\n\n<figure class=\"wp-block-image size-large\"><a href=\"https:\/\/blog.uclm.es\/escueladetraductores\/cuadernos-de-la-escuela-de-traductores\/\"><img loading=\"lazy\" decoding=\"async\" width=\"1024\" height=\"576\" src=\"https:\/\/blog.uclm.es\/escueladetraductores\/wp-content\/uploads\/sites\/203\/2017\/10\/IMG_20170220_114012-1024x576.jpg\" alt=\"\" class=\"wp-image-18142\" srcset=\"https:\/\/blog.uclm.es\/escueladetraductores\/wp-content\/uploads\/sites\/203\/2017\/10\/IMG_20170220_114012-1024x576.jpg 1024w, https:\/\/blog.uclm.es\/escueladetraductores\/wp-content\/uploads\/sites\/203\/2017\/10\/IMG_20170220_114012-300x169.jpg 300w, https:\/\/blog.uclm.es\/escueladetraductores\/wp-content\/uploads\/sites\/203\/2017\/10\/IMG_20170220_114012-768x432.jpg 768w, https:\/\/blog.uclm.es\/escueladetraductores\/wp-content\/uploads\/sites\/203\/2017\/10\/IMG_20170220_114012-1536x864.jpg 1536w, https:\/\/blog.uclm.es\/escueladetraductores\/wp-content\/uploads\/sites\/203\/2017\/10\/IMG_20170220_114012-2048x1152.jpg 2048w\" sizes=\"auto, (max-width: 1024px) 100vw, 1024px\" \/><\/a><\/figure>\n<\/div>\n<\/div>\n\n\n\n<div class=\"wp-block-column is-layout-flow wp-block-column-is-layout-flow\">\n<h6 class=\"has-text-align-center wp-block-heading\"><strong><a href=\"https:\/\/blog.uclm.es\/escueladetraductores\/coleccion-estudios-ett\/\">Colecci\u00f3n Escuela de Traductores<\/a><\/strong><\/h6>\n\n\n\n<figure class=\"wp-block-image aligncenter size-large\"><a href=\"https:\/\/blog.uclm.es\/escueladetraductores\/coleccion-estudios-ett\/\"><img loading=\"lazy\" decoding=\"async\" width=\"1024\" height=\"576\" src=\"https:\/\/blog.uclm.es\/escueladetraductores\/wp-content\/uploads\/sites\/203\/2017\/10\/IMG_20170220_114218-1024x576.jpg\" alt=\"\" class=\"wp-image-18143\" srcset=\"https:\/\/blog.uclm.es\/escueladetraductores\/wp-content\/uploads\/sites\/203\/2017\/10\/IMG_20170220_114218-1024x576.jpg 1024w, https:\/\/blog.uclm.es\/escueladetraductores\/wp-content\/uploads\/sites\/203\/2017\/10\/IMG_20170220_114218-300x169.jpg 300w, https:\/\/blog.uclm.es\/escueladetraductores\/wp-content\/uploads\/sites\/203\/2017\/10\/IMG_20170220_114218-768x432.jpg 768w, https:\/\/blog.uclm.es\/escueladetraductores\/wp-content\/uploads\/sites\/203\/2017\/10\/IMG_20170220_114218-1536x864.jpg 1536w, https:\/\/blog.uclm.es\/escueladetraductores\/wp-content\/uploads\/sites\/203\/2017\/10\/IMG_20170220_114218-2048x1152.jpg 2048w\" sizes=\"auto, (max-width: 1024px) 100vw, 1024px\" \/><\/a><\/figure>\n\n\n\n<p><a href=\"http:\/\/escueladetraductores.uclm.es\/coleccion-estudios-ett\/\"><\/a><\/p>\n<\/div>\n\n\n\n<div class=\"wp-block-column is-layout-flow wp-block-column-is-layout-flow\">\n<h6 class=\"has-text-align-center wp-block-heading\"><strong><a href=\"https:\/\/blog.uclm.es\/escueladetraductores\/coedicion\/\">Coediciones<\/a><\/strong><\/h6>\n\n\n\n<figure class=\"wp-block-image aligncenter size-large\"><a href=\"https:\/\/blog.uclm.es\/escueladetraductores\/coedicion\/\"><img loading=\"lazy\" decoding=\"async\" width=\"1024\" height=\"576\" src=\"https:\/\/blog.uclm.es\/escueladetraductores\/wp-content\/uploads\/sites\/203\/2017\/10\/IMG_20170220_114032-1024x576.jpg\" alt=\"\" class=\"wp-image-18144\" srcset=\"https:\/\/blog.uclm.es\/escueladetraductores\/wp-content\/uploads\/sites\/203\/2017\/10\/IMG_20170220_114032-1024x576.jpg 1024w, https:\/\/blog.uclm.es\/escueladetraductores\/wp-content\/uploads\/sites\/203\/2017\/10\/IMG_20170220_114032-300x169.jpg 300w, https:\/\/blog.uclm.es\/escueladetraductores\/wp-content\/uploads\/sites\/203\/2017\/10\/IMG_20170220_114032-768x432.jpg 768w, https:\/\/blog.uclm.es\/escueladetraductores\/wp-content\/uploads\/sites\/203\/2017\/10\/IMG_20170220_114032-1536x864.jpg 1536w, https:\/\/blog.uclm.es\/escueladetraductores\/wp-content\/uploads\/sites\/203\/2017\/10\/IMG_20170220_114032-2048x1152.jpg 2048w\" sizes=\"auto, (max-width: 1024px) 100vw, 1024px\" \/><\/a><\/figure>\n\n\n\n<p><a href=\"http:\/\/escueladetraductores.uclm.es\/coedicion\/\"><\/a><\/p>\n<\/div>\n<\/div>\n","protected":false},"excerpt":{"rendered":"<p>La producci\u00f3n cient\u00edfica e investigadora de la Escuela de Traductores de Toledo tiene su reflejo en dos grandes colecciones de publicaciones: Cuadernos Escuela de Traductores Colecci\u00f3n Escuela de Traductores Coediciones<\/p>\n","protected":false},"author":316,"featured_media":0,"parent":0,"menu_order":0,"comment_status":"closed","ping_status":"closed","template":"","meta":{"footnotes":""},"class_list":["post-15611","page","type-page","status-publish","hentry"],"_links":{"self":[{"href":"https:\/\/blog.uclm.es\/escueladetraductores\/wp-json\/wp\/v2\/pages\/15611","targetHints":{"allow":["GET"]}}],"collection":[{"href":"https:\/\/blog.uclm.es\/escueladetraductores\/wp-json\/wp\/v2\/pages"}],"about":[{"href":"https:\/\/blog.uclm.es\/escueladetraductores\/wp-json\/wp\/v2\/types\/page"}],"author":[{"embeddable":true,"href":"https:\/\/blog.uclm.es\/escueladetraductores\/wp-json\/wp\/v2\/users\/316"}],"replies":[{"embeddable":true,"href":"https:\/\/blog.uclm.es\/escueladetraductores\/wp-json\/wp\/v2\/comments?post=15611"}],"version-history":[{"count":6,"href":"https:\/\/blog.uclm.es\/escueladetraductores\/wp-json\/wp\/v2\/pages\/15611\/revisions"}],"predecessor-version":[{"id":18778,"href":"https:\/\/blog.uclm.es\/escueladetraductores\/wp-json\/wp\/v2\/pages\/15611\/revisions\/18778"}],"wp:attachment":[{"href":"https:\/\/blog.uclm.es\/escueladetraductores\/wp-json\/wp\/v2\/media?parent=15611"}],"curies":[{"name":"wp","href":"https:\/\/api.w.org\/{rel}","templated":true}]}}