{"id":12,"date":"2016-05-03T10:13:38","date_gmt":"2016-05-03T09:13:38","guid":{"rendered":"http:\/\/blog.uclm.es\/escueladetraductores\/?page_id=12"},"modified":"2026-02-23T12:31:31","modified_gmt":"2026-02-23T12:31:31","slug":"personal","status":"publish","type":"page","link":"https:\/\/blog.uclm.es\/escueladetraductores\/personal\/","title":{"rendered":"Personal"},"content":{"rendered":"\n<h2 class=\"wp-block-heading alignfull has-text-align-center has-base-color has-vivid-red-background-color has-text-color has-background has-x-large-font-size\" style=\"font-style:normal;font-weight:900\">PERSONAL<\/h2>\n\n\n\n<h4 class=\"wp-block-heading has-text-align-center has-vivid-red-color has-text-color has-link-color wp-elements-942c245ab0cded109561d48ad585aa76\"><strong>DIRECCI\u00d3N<\/strong><\/h4>\n\n\n\n<div class=\"wp-block-columns alignfull is-layout-flex wp-container-core-columns-is-layout-28f84493 wp-block-columns-is-layout-flex\">\n<div class=\"wp-block-column is-layout-flow wp-block-column-is-layout-flow\">\n<div class=\"wp-block-group has-global-padding is-layout-constrained wp-block-group-is-layout-constrained\">\n<div class=\"wp-block-group has-global-padding is-content-justification-right is-layout-constrained wp-container-core-group-is-layout-f1f2ed93 wp-block-group-is-layout-constrained\">\n<figure class=\"wp-block-image aligncenter size-large is-resized\"><img loading=\"lazy\" decoding=\"async\" width=\"944\" height=\"1024\" src=\"https:\/\/blog.uclm.es\/escueladetraductores\/wp-content\/uploads\/sites\/203\/2025\/11\/IMG_1988-944x1024.jpg\" alt=\"\" class=\"wp-image-19598\" style=\"width:399px;height:auto\" srcset=\"https:\/\/blog.uclm.es\/escueladetraductores\/wp-content\/uploads\/sites\/203\/2025\/11\/IMG_1988-944x1024.jpg 944w, https:\/\/blog.uclm.es\/escueladetraductores\/wp-content\/uploads\/sites\/203\/2025\/11\/IMG_1988-277x300.jpg 277w, https:\/\/blog.uclm.es\/escueladetraductores\/wp-content\/uploads\/sites\/203\/2025\/11\/IMG_1988-768x833.jpg 768w, https:\/\/blog.uclm.es\/escueladetraductores\/wp-content\/uploads\/sites\/203\/2025\/11\/IMG_1988.jpg 1240w\" sizes=\"auto, (max-width: 944px) 100vw, 944px\" \/><figcaption class=\"wp-element-caption\">Ignacio S\u00e1nchez<\/figcaption><\/figure>\n<\/div>\n<\/div>\n<\/div>\n\n\n\n<div class=\"wp-block-column is-layout-flow wp-block-column-is-layout-flow\">\n<p>Ignacio S\u00e1nchez es Investigador distinguido Beatriz Galindo en la Escuela de Traductores de Toledo y dirige la Escuela desde julio de 2025. Estudi\u00f3 Historia en la Universidad de Valencia, Filolog\u00eda \u00c1rabe y Hebrea en la Universidad de Salamanca, y se doctor\u00f3 en 2012 en la Universidad de Cambridge. Ha trabajado en la Universidad de Cambridge, la Universidad Humboldt (Berlin), la Universidad Libre (Berlin) y la Universidad de Warwick (Coventry).<\/p>\n\n\n\n<p class=\"has-small-font-size\">Su principal inter\u00e9s acad\u00e9mico es la historia del Islam cl\u00e1sico, especialmente historia cultural e intelectual, historia de la ciencia, e historia de las instituciones. Entre las obras que ha publicado sobre estos temas destacan la edici\u00f3n y traducci\u00f3n de la ep\u00edstola sobre geograf\u00eda de los <em>Ijw\u0101n al-\u1e62af\u0101\u02be<\/em> (I. S\u00e1nchez and J. Montgomery, <em>Epistle on Geography. Arabic Critical Edition and English Translation of the Epistle 4 of the Ras\u0101\u02be\u012bl Ikhw\u0101n al-\u1e62af\u0101\u02be<\/em>. Oxford: Oxford University Press \/ Institute of Ismaili Studies, 2014) y sus contribuciones en la enciclopedia sobre fundaciones p\u00edas medievales editada por Michael Borgolte (M. Borgolte (ed.), <em>Enzyklop\u00e4die des Stiftungswesens in mittelalterlichen Gesellschaften<\/em>. 3 Volumes. Berlin: De Gruyter, 2013-2015); y en la edici\u00f3n, traducci\u00f3n y estudio de la obra de biograf\u00edas m\u00e9dicas de Ibn Ab\u012b U\u1e63aybi\u02bfa (E. Savage-Smith, S. Swain, G.J. van Gelder, I. S\u00e1nchez, P. Joosse, A. Watson, B. Inksetter, F. Hilloowala (Eds.\/Trs.), <em>A Literary History of Medicine. The \u02bfUy\u016bn al-anb\u0101\u02be f\u012b \u1e6dabaq\u0101t al-a\u1e6dibb\u0101\u02be of Ibn Ab\u012b U\u1e63aybi\u02bfah<\/em>. 5 Volumes. Leiden: Brill 2019). Ignacio es editor de la secci\u00f3n de historia de la ciencia en la <em>Encyclopaedia of Islam Three<\/em> (Brill), fundador y editor ejecutivo de la revista <em>Endowment Studies<\/em> (Brill), y editor de la serie <em>Al-Andalus<\/em>. <em>Vergangenheit und Gegenwart<\/em> (ERGON Verlag).<\/p>\n\n\n\n<p>Contacto: JIgnacio.Sanchez@uclm.es<\/p>\n<\/div>\n<\/div>\n\n\n\n<div style=\"height:64px\" aria-hidden=\"true\" class=\"wp-block-spacer\"><\/div>\n\n\n\n<h4 class=\"wp-block-heading has-text-align-center has-vivid-red-color has-text-color has-link-color wp-elements-b202d06c01d9b5b39a755e458b52c370\"><strong>INVESTIGADORES<\/strong><\/h4>\n\n\n\n<div style=\"height:35px\" aria-hidden=\"true\" class=\"wp-block-spacer\"><\/div>\n\n\n\n<div class=\"wp-block-columns alignfull is-layout-flex wp-container-core-columns-is-layout-28f84493 wp-block-columns-is-layout-flex\">\n<div class=\"wp-block-column is-layout-flow wp-block-column-is-layout-flow\">\n<figure class=\"wp-block-image aligncenter size-full is-resized\"><a href=\"mailto:LuisMiguel.Perez@uclm.es\" target=\"_blank\" rel=\"noreferrer noopener\"><img loading=\"lazy\" decoding=\"async\" width=\"200\" height=\"200\" src=\"https:\/\/blog.uclm.es\/escueladetraductores\/wp-content\/uploads\/sites\/203\/2021\/12\/moderando-en-sofia-4-300x200-1.jpg\" alt=\"\" class=\"wp-image-17309\" style=\"object-fit:cover;width:370px;height:auto\" srcset=\"https:\/\/blog.uclm.es\/escueladetraductores\/wp-content\/uploads\/sites\/203\/2021\/12\/moderando-en-sofia-4-300x200-1.jpg 200w, https:\/\/blog.uclm.es\/escueladetraductores\/wp-content\/uploads\/sites\/203\/2021\/12\/moderando-en-sofia-4-300x200-1-150x150.jpg 150w\" sizes=\"auto, (max-width: 200px) 100vw, 200px\" \/><\/a><figcaption class=\"wp-element-caption\">Luis Miguel P\u00e9rez Ca\u00f1ada<\/figcaption><\/figure>\n<\/div>\n\n\n\n<div class=\"wp-block-column is-layout-flow wp-block-column-is-layout-flow\">\n<p class=\"has-text-align-left has-small-font-size\" style=\"margin-right:0;margin-left:0\">Doctor en&nbsp;<em>Traducci\u00f3n<\/em>&nbsp;por la Universidad de M\u00e1laga, Licenciado en&nbsp;<em>Filolog\u00eda Sem\u00edtica<\/em>&nbsp;y&nbsp;<em>M\u00e1ster en Biblioteconom\u00eda aplicada a fondos \u00e1rabes<\/em>&nbsp;por la Universidad de Granada. Desde septiembre de 2006 es Profesor de Lengua y Cultura \u00c1rabe de la Facultad de Educaci\u00f3n de Toledo (Universidad de Castilla-La Mancha) y ha sido director de la Escuela de Traductores de Toledo entre 2002 y 2006, centro al que se incorpor\u00f3 en 1996.<br>Ha impartido clases de traducci\u00f3n y de espa\u00f1ol en las universidades de Bagdad, El Cairo, T\u00e1nger y Saint-Joseph de Beirut, entre otras. Como traductor literario ha publicado en distintas editoriales comerciales espa\u00f1olas una veintena de traducciones del \u00e1rabe y del franc\u00e9s (novela, poes\u00eda, autobiograf\u00eda, literatura infantil, etc.). En el campo de la investigaci\u00f3n est\u00e1 especializado en historia, did\u00e1ctica y an\u00e1lisis de la traducci\u00f3n.<br>En 2013 recibi\u00f3 el \u00abPremio Internacional de Traducci\u00f3n&nbsp;<em>Abdullah bin Abdulaziz<\/em>\u00bb, por su labor de difusi\u00f3n de la lengua y la cultura \u00e1rabes, y en 2014 recibi\u00f3 la \u00abOrden de las Artes y las Letras\u00bb, que concede el Estado Palestino, por su actividad de apoyo y difusi\u00f3n de la literatura y el pensamiento \u00e1rabes.<\/p>\n\n\n\n<p>Contacto: LuisMiguel.Perez@uclm.es<\/p>\n<\/div>\n<\/div>\n\n\n\n<div class=\"wp-block-columns alignfull is-layout-flex wp-container-core-columns-is-layout-28f84493 wp-block-columns-is-layout-flex\">\n<div class=\"wp-block-column is-layout-flow wp-block-column-is-layout-flow\">\n<figure class=\"wp-block-image aligncenter size-full is-resized\"><a href=\"mailto:Barbara.Azaola@uclm.es\"><img loading=\"lazy\" decoding=\"async\" width=\"200\" height=\"200\" src=\"https:\/\/blog.uclm.es\/escueladetraductores\/wp-content\/uploads\/sites\/203\/2021\/12\/barbara3-e1582019647479.jpg\" alt=\"\" class=\"wp-image-17311\" style=\"object-fit:cover;width:368px;height:auto\" srcset=\"https:\/\/blog.uclm.es\/escueladetraductores\/wp-content\/uploads\/sites\/203\/2021\/12\/barbara3-e1582019647479.jpg 200w, https:\/\/blog.uclm.es\/escueladetraductores\/wp-content\/uploads\/sites\/203\/2021\/12\/barbara3-e1582019647479-150x150.jpg 150w\" sizes=\"auto, (max-width: 200px) 100vw, 200px\" \/><\/a><figcaption class=\"wp-element-caption\">B\u00e1rbara Azaola Piazza<\/figcaption><\/figure>\n<\/div>\n\n\n\n<div class=\"wp-block-column is-layout-flow wp-block-column-is-layout-flow\">\n<p class=\"has-text-align-left has-small-font-size\" style=\"margin-right:0;margin-left:0\">Licenciada en <em>Filosof\u00eda y Letras<\/em>, especialidad en <em>Filolog\u00eda \u00c1rabe e Islam<\/em> y doctora en <em>Estudios \u00c1rabes e Isl\u00e1micos<\/em> por la Universidad Aut\u00f3noma de Madrid (2006). Actualmente es profesora Titular en la Facultad de Humanidades de Toledo e investigadora de la Escuela de Traductores de Toledo desde 1998. Forma parte del Grupo de&nbsp;<em>Estudios sobre las Sociedades \u00c1rabes y Musulmanas<\/em>&nbsp;(GRESAM) de la UCLM, y es investigadora asociada al&nbsp;<em>Taller de Estudios Internacionales Mediterr\u00e1neos<\/em>&nbsp;(TEIM) de la Universidad Aut\u00f3noma de Madrid desde 1995. Sus l\u00edneas de investigaci\u00f3n se centran en los movimientos sociopol\u00edticos en el Egipto contempor\u00e1neo.<\/p>\n\n\n\n<p>Contacto: Barbara.Azaola@uclm.es<\/p>\n<\/div>\n<\/div>\n\n\n\n<div class=\"wp-block-columns alignfull is-layout-flex wp-container-core-columns-is-layout-28f84493 wp-block-columns-is-layout-flex\">\n<div class=\"wp-block-column is-layout-flow wp-block-column-is-layout-flow\"><\/div>\n<\/div>\n\n\n\n<div class=\"wp-block-columns alignfull is-layout-flex wp-container-core-columns-is-layout-28f84493 wp-block-columns-is-layout-flex\">\n<div class=\"wp-block-column is-layout-flow wp-block-column-is-layout-flow\">\n<figure class=\"wp-block-image aligncenter size-full is-resized\"><img loading=\"lazy\" decoding=\"async\" width=\"492\" height=\"492\" src=\"https:\/\/blog.uclm.es\/escueladetraductores\/wp-content\/uploads\/sites\/203\/2025\/02\/Rita.jpg\" alt=\"\" class=\"wp-image-19256\" style=\"aspect-ratio:1;object-fit:cover;width:370px\" srcset=\"https:\/\/blog.uclm.es\/escueladetraductores\/wp-content\/uploads\/sites\/203\/2025\/02\/Rita.jpg 492w, https:\/\/blog.uclm.es\/escueladetraductores\/wp-content\/uploads\/sites\/203\/2025\/02\/Rita-300x300.jpg 300w, https:\/\/blog.uclm.es\/escueladetraductores\/wp-content\/uploads\/sites\/203\/2025\/02\/Rita-150x150.jpg 150w\" sizes=\"auto, (max-width: 492px) 100vw, 492px\" \/><figcaption class=\"wp-element-caption\">Rita Navarro Valero<\/figcaption><\/figure>\n<\/div>\n\n\n\n<div class=\"wp-block-column is-layout-flow wp-block-column-is-layout-flow\">\n<div class=\"wp-block-columns is-layout-flex wp-container-core-columns-is-layout-28f84493 wp-block-columns-is-layout-flex\">\n<div class=\"wp-block-column is-layout-flow wp-block-column-is-layout-flow\">\n<p class=\"has-small-font-size\">Graduada en <em>Estudios \u00c1rabes e Isl\u00e1micos <\/em>por la Universidad de Granada (2022), en 2024 obtuvo el M\u00e1ster en Traducci\u00f3n Profesional, tambi\u00e9n por la Universidad de&nbsp;Granada. En la actualidad, realiza los estudios de doctorado con una beca F. P. I. Beatriz Galindo.<br>Anteriormente ha trabajado en el Instituto Cervantes de El Cairo, en Egipto, donde ejerci\u00f3 de profesora de Espa\u00f1ol como Lengua Extranjera. Adem\u00e1s, ha realizado&nbsp;estancias en la Universidad de El Cairo.<\/p>\n<\/div>\n<\/div>\n\n\n\n<p>Contacto: Rita.Navarro@uclm.es <\/p>\n\n\n\n<p><\/p>\n<\/div>\n<\/div>\n\n\n\n<div style=\"height:66px\" aria-hidden=\"true\" class=\"wp-block-spacer\"><\/div>\n\n\n\n<div class=\"wp-block-columns alignfull is-layout-flex wp-container-core-columns-is-layout-28f84493 wp-block-columns-is-layout-flex\">\n<div class=\"wp-block-column is-layout-flow wp-block-column-is-layout-flow\"><\/div>\n\n\n\n<div class=\"wp-block-column is-layout-flow wp-block-column-is-layout-flow\">\n<h4 class=\"wp-block-heading has-text-align-center has-vivid-red-color has-text-color has-link-color has-large-font-size wp-elements-7c55bb4511b51120a541c3253929495d\" style=\"padding-right:0;padding-left:0\"><strong>PERSONAL T\u00c9CNICO, DE GESTI\u00d3N Y DE ADMINISTRACI\u00d3N Y SERVICIOS<\/strong><\/h4>\n<\/div>\n\n\n\n<div class=\"wp-block-column is-layout-flow wp-block-column-is-layout-flow\"><\/div>\n<\/div>\n\n\n\n<div class=\"wp-block-columns alignfull is-layout-flex wp-container-core-columns-is-layout-28f84493 wp-block-columns-is-layout-flex\">\n<div class=\"wp-block-column is-layout-flow wp-block-column-is-layout-flow\">\n<figure class=\"wp-block-image aligncenter size-large is-resized\"><img loading=\"lazy\" decoding=\"async\" width=\"1024\" height=\"721\" src=\"https:\/\/blog.uclm.es\/escueladetraductores\/wp-content\/uploads\/sites\/203\/2026\/02\/photo_5251429459280205149_y-1024x721.jpg\" alt=\"\" class=\"wp-image-19799\" style=\"aspect-ratio:1.3333558680367765;width:487px;height:auto\" srcset=\"https:\/\/blog.uclm.es\/escueladetraductores\/wp-content\/uploads\/sites\/203\/2026\/02\/photo_5251429459280205149_y-1024x721.jpg 1024w, https:\/\/blog.uclm.es\/escueladetraductores\/wp-content\/uploads\/sites\/203\/2026\/02\/photo_5251429459280205149_y-300x211.jpg 300w, https:\/\/blog.uclm.es\/escueladetraductores\/wp-content\/uploads\/sites\/203\/2026\/02\/photo_5251429459280205149_y-768x541.jpg 768w, https:\/\/blog.uclm.es\/escueladetraductores\/wp-content\/uploads\/sites\/203\/2026\/02\/photo_5251429459280205149_y.jpg 1280w\" sizes=\"auto, (max-width: 1024px) 100vw, 1024px\" \/><figcaption class=\"wp-element-caption\">Celia Aparicio Duchel<\/figcaption><\/figure>\n<\/div>\n\n\n\n<div class=\"wp-block-column is-layout-flow wp-block-column-is-layout-flow\">\n<p>Bibliotecaria<\/p>\n\n\n\n<p>Contacto: Celia.ADuchel@uclm.es<\/p>\n\n\n\n<p><\/p>\n\n\n\n<p><\/p>\n\n\n\n<p><\/p>\n\n\n\n<pre class=\"wp-block-preformatted\"><br><\/pre>\n<\/div>\n<\/div>\n\n\n\n<div class=\"wp-block-columns alignfull is-layout-flex wp-container-core-columns-is-layout-28f84493 wp-block-columns-is-layout-flex\">\n<div class=\"wp-block-column is-layout-flow wp-block-column-is-layout-flow\">\n<figure class=\"wp-block-image aligncenter size-full is-resized\"><img loading=\"lazy\" decoding=\"async\" width=\"698\" height=\"800\" src=\"https:\/\/blog.uclm.es\/escueladetraductores\/wp-content\/uploads\/sites\/203\/2025\/11\/4ce3dba8-8934-419e-9ee3-f39594dacedc.jpeg\" alt=\"\" class=\"wp-image-19603\" style=\"aspect-ratio:1.3333558680367765;width:397px;height:455px\" srcset=\"https:\/\/blog.uclm.es\/escueladetraductores\/wp-content\/uploads\/sites\/203\/2025\/11\/4ce3dba8-8934-419e-9ee3-f39594dacedc.jpeg 698w, https:\/\/blog.uclm.es\/escueladetraductores\/wp-content\/uploads\/sites\/203\/2025\/11\/4ce3dba8-8934-419e-9ee3-f39594dacedc-262x300.jpeg 262w\" sizes=\"auto, (max-width: 698px) 100vw, 698px\" \/><figcaption class=\"wp-element-caption\">Elena Ruiz Penichet<\/figcaption><\/figure>\n<\/div>\n\n\n\n<div class=\"wp-block-column is-layout-flow wp-block-column-is-layout-flow\">\n<p>Gestora de administraci\u00f3n<\/p>\n\n\n\n<p>Contacto: Elena.Ruiz@uclm.es \/ escuela.traductores@uclm.es<\/p>\n\n\n\n<p><\/p>\n\n\n\n<p><\/p>\n\n\n\n<p><\/p>\n\n\n\n<pre class=\"wp-block-preformatted\"><br><\/pre>\n<\/div>\n<\/div>\n\n\n\n<div class=\"wp-block-columns alignfull is-layout-flex wp-container-core-columns-is-layout-28f84493 wp-block-columns-is-layout-flex\">\n<div class=\"wp-block-column is-layout-flow wp-block-column-is-layout-flow\">\n<figure class=\"wp-block-image aligncenter size-full is-resized\"><img loading=\"lazy\" decoding=\"async\" width=\"800\" height=\"784\" src=\"https:\/\/blog.uclm.es\/escueladetraductores\/wp-content\/uploads\/sites\/203\/2025\/11\/abdaa450-b3b3-47e8-8ae4-b2d6d5b29ce7.jpeg\" alt=\"\" class=\"wp-image-19604\" style=\"aspect-ratio:1.0204115091400934;width:438px;height:auto\" srcset=\"https:\/\/blog.uclm.es\/escueladetraductores\/wp-content\/uploads\/sites\/203\/2025\/11\/abdaa450-b3b3-47e8-8ae4-b2d6d5b29ce7.jpeg 800w, https:\/\/blog.uclm.es\/escueladetraductores\/wp-content\/uploads\/sites\/203\/2025\/11\/abdaa450-b3b3-47e8-8ae4-b2d6d5b29ce7-300x294.jpeg 300w, https:\/\/blog.uclm.es\/escueladetraductores\/wp-content\/uploads\/sites\/203\/2025\/11\/abdaa450-b3b3-47e8-8ae4-b2d6d5b29ce7-768x753.jpeg 768w\" sizes=\"auto, (max-width: 800px) 100vw, 800px\" \/><figcaption class=\"wp-element-caption\">Fernando Gonz\u00e1lez S\u00e1nchez<\/figcaption><\/figure>\n<\/div>\n\n\n\n<div class=\"wp-block-column is-layout-flow wp-block-column-is-layout-flow\">\n<p>Gestor de servicios<\/p>\n\n\n\n<p>Contacto: Fernando.GonzalezSan@uclm.es<\/p>\n<\/div>\n<\/div>\n\n\n\n<div class=\"wp-block-group is-content-justification-center is-nowrap is-layout-flex wp-container-core-group-is-layout-23441af8 wp-block-group-is-layout-flex\"><\/div>\n\n\n\n<div class=\"wp-block-columns is-layout-flex wp-container-core-columns-is-layout-28f84493 wp-block-columns-is-layout-flex\">\n<div class=\"wp-block-column has-global-padding is-content-justification-center is-layout-constrained wp-block-column-is-layout-constrained\"><\/div>\n\n\n\n<div class=\"wp-block-column is-layout-flow wp-block-column-is-layout-flow\"><\/div>\n<\/div>\n\n\n\n<div class=\"wp-block-columns is-layout-flex wp-container-core-columns-is-layout-28f84493 wp-block-columns-is-layout-flex\">\n<div class=\"wp-block-column is-layout-flow wp-block-column-is-layout-flow\" style=\"flex-basis:100%\">\n<div class=\"wp-block-group has-global-padding is-layout-constrained wp-block-group-is-layout-constrained\">\n<p><\/p>\n<\/div>\n<\/div>\n<\/div>\n\n\n\n<div class=\"wp-block-columns is-layout-flex wp-container-core-columns-is-layout-28f84493 wp-block-columns-is-layout-flex\">\n<div class=\"wp-block-column is-layout-flow wp-block-column-is-layout-flow\"><\/div>\n<\/div>\n\n\n\n<div class=\"wp-block-columns is-layout-flex wp-container-core-columns-is-layout-28f84493 wp-block-columns-is-layout-flex\">\n<div class=\"wp-block-column is-layout-flow wp-block-column-is-layout-flow\" style=\"flex-basis:33.33%\"><\/div>\n\n\n\n<div class=\"wp-block-column is-layout-flow wp-block-column-is-layout-flow\" style=\"flex-basis:66.66%\"><\/div>\n<\/div>\n\n\n\n<div class=\"wp-block-columns is-layout-flex wp-container-core-columns-is-layout-28f84493 wp-block-columns-is-layout-flex\">\n<div class=\"wp-block-column is-layout-flow wp-block-column-is-layout-flow\" style=\"flex-basis:33.33%\"><\/div>\n<\/div>\n\n\n\n<p><\/p>\n","protected":false},"excerpt":{"rendered":"<p>PERSONAL DIRECCI\u00d3N Ignacio S\u00e1nchez es Investigador distinguido Beatriz Galindo en la Escuela de Traductores de Toledo y dirige la Escuela desde julio de 2025. Estudi\u00f3 Historia en la Universidad de Valencia, Filolog\u00eda \u00c1rabe y Hebrea en la Universidad de Salamanca, y se doctor\u00f3 en 2012 en la Universidad de Cambridge. Ha trabajado en la Universidad [&hellip;]<\/p>\n","protected":false},"author":166,"featured_media":0,"parent":0,"menu_order":0,"comment_status":"closed","ping_status":"closed","template":"","meta":{"footnotes":""},"class_list":["post-12","page","type-page","status-publish","hentry"],"_links":{"self":[{"href":"https:\/\/blog.uclm.es\/escueladetraductores\/wp-json\/wp\/v2\/pages\/12","targetHints":{"allow":["GET"]}}],"collection":[{"href":"https:\/\/blog.uclm.es\/escueladetraductores\/wp-json\/wp\/v2\/pages"}],"about":[{"href":"https:\/\/blog.uclm.es\/escueladetraductores\/wp-json\/wp\/v2\/types\/page"}],"author":[{"embeddable":true,"href":"https:\/\/blog.uclm.es\/escueladetraductores\/wp-json\/wp\/v2\/users\/166"}],"replies":[{"embeddable":true,"href":"https:\/\/blog.uclm.es\/escueladetraductores\/wp-json\/wp\/v2\/comments?post=12"}],"version-history":[{"count":59,"href":"https:\/\/blog.uclm.es\/escueladetraductores\/wp-json\/wp\/v2\/pages\/12\/revisions"}],"predecessor-version":[{"id":19802,"href":"https:\/\/blog.uclm.es\/escueladetraductores\/wp-json\/wp\/v2\/pages\/12\/revisions\/19802"}],"wp:attachment":[{"href":"https:\/\/blog.uclm.es\/escueladetraductores\/wp-json\/wp\/v2\/media?parent=12"}],"curies":[{"name":"wp","href":"https:\/\/api.w.org\/{rel}","templated":true}]}}