{"id":816,"date":"2013-10-29T10:14:27","date_gmt":"2013-10-29T09:14:27","guid":{"rendered":"http:\/\/blog.uclm.es\/enresa\/?page_id=13"},"modified":"2013-10-29T10:14:27","modified_gmt":"2013-10-29T09:14:27","slug":"enlaces-de-interes","status":"publish","type":"page","link":"https:\/\/blog.uclm.es\/enresa\/enlaces-de-interes\/","title":{"rendered":"ENLACES DE INTER\u00c9S"},"content":{"rendered":"<ul>\n<li><strong><span style=\"line-height: 13px\">ENRESA<\/span><span style=\"line-height: 13px\">:<\/span><\/strong><\/li>\n<\/ul>\n<p><a href=\"http:\/\/www.enresa.es\/\">http:\/\/www.enresa.es\/<\/a><\/p>\n<ul>\n<li><strong>Campus Cient\u00edfico y Tecnol\u00f3gico de la Energ\u00eda y el Medioambiente (CyTEMA)<\/strong>. Campus de Excelencia Internacional 2011:<\/li>\n<\/ul>\n<p><a href=\"http:\/\/www.cytema.es\/\">http:\/\/www.cytema.es\/<\/a><\/p>\n<ul>\n<li>\u00a0<strong>C\u00e1tedra de Medio Ambiente ENRESA-UCO.<\/strong><\/li>\n<\/ul>\n<p><a href=\"http:\/\/www.cma-enresa-uco.net\/\">http:\/\/www.cma-enresa-uco.net\/<\/a><\/p>\n<ul>\n<li><strong>C\u00e1tedra de Ingenier\u00eda Ambiental ENRESA.<\/strong><\/li>\n<\/ul>\n<p><a href=\"http:\/\/catedraia.unex.es\/\">http:\/\/catedraia.unex.es\/<\/a><\/p>\n<ul>\n<li><strong>C\u00e1tedra ENRESA-Amphos en Sostenibilidad y Gesti\u00f3n de Residuos<\/strong><strong>.<\/strong><\/li>\n<\/ul>\n<p><a href=\"http:\/\/www.upc.edu\/web\/CatedraMediAmbient\/index-CAST.php\">http:\/\/www.upc.edu\/web\/CatedraMediAmbient\/index-CAST.php<\/a><\/p>\n<ul>\n<li><strong>Centro de Investigaciones Energ\u00e9ticas, Medioambientales y Tecnol\u00f3gicas (CIEMAT).<\/strong><\/li>\n<\/ul>\n<p><a href=\"http:\/\/www.ciemat.es\/\">http:\/\/www.ciemat.es\/<\/a><\/p>\n<ul>\n<li><strong>Consejo de Seguridad Nuclear (CSN).<\/strong><\/li>\n<\/ul>\n<p><a href=\"http:\/\/www.csn.es\/index.php\/es\/\">http:\/\/www.csn.es\/index.php\/es\/<\/a><\/p>\n<p>&nbsp;<\/p>\n","protected":false},"excerpt":{"rendered":"<p>ENRESA: http:\/\/www.enresa.es\/ Campus Cient\u00edfico y Tecnol\u00f3gico de la Energ\u00eda y el Medioambiente (CyTEMA). Campus de Excelencia Internacional 2011: http:\/\/www.cytema.es\/ \u00a0C\u00e1tedra de Medio Ambiente ENRESA-UCO. http:\/\/www.cma-enresa-uco.net\/ C\u00e1tedra de Ingenier\u00eda Ambiental ENRESA. http:\/\/catedraia.unex.es\/ C\u00e1tedra ENRESA-Amphos en Sostenibilidad y Gesti\u00f3n de Residuos. http:\/\/www.upc.edu\/web\/CatedraMediAmbient\/index-CAST.php Centro de Investigaciones Energ\u00e9ticas, Medioambientales y Tecnol\u00f3gicas (CIEMAT). http:\/\/www.ciemat.es\/ Consejo de Seguridad Nuclear (CSN). http:\/\/www.csn.es\/index.php\/es\/ &hellip; <a href=\"https:\/\/blog.uclm.es\/enresa\/enlaces-de-interes\/\" class=\"more-link\">Continuar leyendo<span class=\"screen-reader-text\"> \u00abENLACES DE INTER\u00c9S\u00bb<\/span><\/a><\/p>\n","protected":false},"author":225,"featured_media":0,"parent":0,"menu_order":0,"comment_status":"closed","ping_status":"open","template":"","meta":{"footnotes":""},"class_list":["post-816","page","type-page","status-publish","hentry"],"_links":{"self":[{"href":"https:\/\/blog.uclm.es\/enresa\/wp-json\/wp\/v2\/pages\/816","targetHints":{"allow":["GET"]}}],"collection":[{"href":"https:\/\/blog.uclm.es\/enresa\/wp-json\/wp\/v2\/pages"}],"about":[{"href":"https:\/\/blog.uclm.es\/enresa\/wp-json\/wp\/v2\/types\/page"}],"author":[{"embeddable":true,"href":"https:\/\/blog.uclm.es\/enresa\/wp-json\/wp\/v2\/users\/225"}],"replies":[{"embeddable":true,"href":"https:\/\/blog.uclm.es\/enresa\/wp-json\/wp\/v2\/comments?post=816"}],"version-history":[{"count":0,"href":"https:\/\/blog.uclm.es\/enresa\/wp-json\/wp\/v2\/pages\/816\/revisions"}],"wp:attachment":[{"href":"https:\/\/blog.uclm.es\/enresa\/wp-json\/wp\/v2\/media?parent=816"}],"curies":[{"name":"wp","href":"https:\/\/api.w.org\/{rel}","templated":true}]}}