{"id":8,"date":"2013-10-29T10:13:08","date_gmt":"2013-10-29T09:13:08","guid":{"rendered":"http:\/\/blog.uclm.es\/enresa\/?page_id=8"},"modified":"2013-10-29T10:13:08","modified_gmt":"2013-10-29T09:13:08","slug":"catedra","status":"publish","type":"page","link":"https:\/\/blog.uclm.es\/enresa\/","title":{"rendered":"C\u00c1TEDRA ENRESA"},"content":{"rendered":"<p><strong>Objeto de la C\u00e1tedra<\/strong><\/p>\n<p style=\"text-align: justify\">El objeto del convenio es instrumentar la colaboraci\u00f3n entre la Fundaci\u00f3n ENRESA y la UCLM para la creaci\u00f3n de una C\u00e1tedra Universidad-Empresa, en el \u00e1mbito de la formaci\u00f3n y en el desarrollo de actividades centradas en la investigaci\u00f3n y divulgaci\u00f3n de temas relacionados con el medio ambiente, aspectos sociales y econ\u00f3micos relacionados con estos \u00e1mbitos.<\/p>\n<p style=\"text-align: justify\">La <strong>\u201cC\u00e1tedra ENRESA\u201d<\/strong> potenciar\u00e1 la formaci\u00f3n medioambiental a nivel universitario y profesional, bas\u00e1ndose en la cooperaci\u00f3n entre la Universidad y el mundo de la Empresa.<\/p>\n<p><strong>Duraci\u00f3n<\/strong><\/p>\n<p>La C\u00e1tedra comenz\u00f3 su funcionamiento en 2013. Tras un primer periodo, su continuidad fue\u00a0renovada en 2014\u00a0y\u00a0para\u00a0<strong>3 a\u00f1os<\/strong>, concretamente\u00a0<strong>2015<\/strong>, <strong>2016<\/strong>\u00a0y <strong>2017<\/strong>.<\/p>\n<p><strong>Principios y valores de gesti\u00f3n<\/strong><\/p>\n<p style=\"text-align: justify\">La tem\u00e1tica de la c\u00e1tedra se centra en el desarrollo socioecon\u00f3mico sostenible y el medio ambiente. El t\u00f3pico de la sostenibilidad requiere ser abordado desde distintas disciplinas para conseguir una visi\u00f3n completa del mismo. Debido a ello los principios que rigen las decisiones en el \u00e1mbito de esta c\u00e1tedra son:<\/p>\n<ul>\n<li style=\"text-align: justify\">Interdisciplinariedad: en nuestra universidad existen grupos de investigaci\u00f3n especializados en el \u00e1mbito de la sostenibilidad, la energ\u00eda y el medio ambiente con diferentes orientaciones acordes con sus disciplinas (ingenier\u00edas, econom\u00eda, derecho, qu\u00edmica, f\u00edsica, biolog\u00eda y salud, entre otras). S\u00f3lo la incorporaci\u00f3n de todos ellos permitir\u00e1 una visi\u00f3n completa del fen\u00f3meno objeto central de estudio en esta c\u00e1tedra.<\/li>\n<li style=\"text-align: justify\">Globalidad: la excesiva especializaci\u00f3n en un \u00fanico campo relacionado con la sostenibilidad, la energ\u00eda o el medio ambiente impide tener una visi\u00f3n abierta y global de las aportaciones que cualquier miembro de la UCLM pudiera realizar a los resultados de la C\u00e1tedra ENRESA. Asimismo, se tendr\u00eda una visi\u00f3n parcial acerca de las necesidades de los investigadores para contribuir al avance cient\u00edfico en el tema de inter\u00e9s lo que llevar\u00eda a una mala gesti\u00f3n del conocimiento de las personas que configuran la UCLM.<\/li>\n<li style=\"text-align: justify\">Integraci\u00f3n: La estructura multicampus de la UCLM requiere que se considere como un principio fundamental la participaci\u00f3n de los miembros de la comunidad universitaria de todos los campus interesados en los temas que configuran el inter\u00e9s de la C\u00e1tedra ENRESA.<\/li>\n<\/ul>\n<p>&nbsp;<\/p>\n","protected":false},"excerpt":{"rendered":"<p>Objeto de la C\u00e1tedra El objeto del convenio es instrumentar la colaboraci\u00f3n entre la Fundaci\u00f3n ENRESA y la UCLM para la creaci\u00f3n de una C\u00e1tedra Universidad-Empresa, en el \u00e1mbito de la formaci\u00f3n y en el desarrollo de actividades centradas en la investigaci\u00f3n y divulgaci\u00f3n de temas relacionados con el medio ambiente, aspectos sociales y econ\u00f3micos &hellip; <a href=\"https:\/\/blog.uclm.es\/enresa\/\" class=\"more-link\">Continuar leyendo<span class=\"screen-reader-text\"> \u00abC\u00c1TEDRA ENRESA\u00bb<\/span><\/a><\/p>\n","protected":false},"author":225,"featured_media":0,"parent":0,"menu_order":0,"comment_status":"closed","ping_status":"open","template":"","meta":{"footnotes":""},"class_list":["post-8","page","type-page","status-publish","hentry"],"_links":{"self":[{"href":"https:\/\/blog.uclm.es\/enresa\/wp-json\/wp\/v2\/pages\/8","targetHints":{"allow":["GET"]}}],"collection":[{"href":"https:\/\/blog.uclm.es\/enresa\/wp-json\/wp\/v2\/pages"}],"about":[{"href":"https:\/\/blog.uclm.es\/enresa\/wp-json\/wp\/v2\/types\/page"}],"author":[{"embeddable":true,"href":"https:\/\/blog.uclm.es\/enresa\/wp-json\/wp\/v2\/users\/225"}],"replies":[{"embeddable":true,"href":"https:\/\/blog.uclm.es\/enresa\/wp-json\/wp\/v2\/comments?post=8"}],"version-history":[{"count":0,"href":"https:\/\/blog.uclm.es\/enresa\/wp-json\/wp\/v2\/pages\/8\/revisions"}],"wp:attachment":[{"href":"https:\/\/blog.uclm.es\/enresa\/wp-json\/wp\/v2\/media?parent=8"}],"curies":[{"name":"wp","href":"https:\/\/api.w.org\/{rel}","templated":true}]}}