{"id":21,"date":"2013-10-29T10:17:27","date_gmt":"2013-10-29T09:17:27","guid":{"rendered":"http:\/\/blog.uclm.es\/enresa\/?page_id=21"},"modified":"2013-10-29T10:17:27","modified_gmt":"2013-10-29T09:17:27","slug":"premios-y-concursos","status":"publish","type":"page","link":"https:\/\/blog.uclm.es\/enresa\/premios-y-concursos\/","title":{"rendered":"Premios y Concursos"},"content":{"rendered":"<p align=\"center\"><b>PREMIO C\u00c1TEDRA ENRESA AL MEJOR P\u00d3STER EN EL MARCO DE LAS V JORNADAS DOCTORALES DE LA UNIVERSIDAD DE CASTILLA-LA MANCHA<\/b><b><\/b><\/p>\n<p style=\"text-align: justify\">Con el objetivo de primar la calidad en la investigaci\u00f3n y de incentivar a los j\u00f3venes investigadores, la C\u00e1tedra ENRESA premi\u00f3 con<strong>\u00a01000 \u20ac al mejor p\u00f3ster presentado en las V Jornadas Doctorales de la Universidad de Castilla-La Mancha,\u00a0<\/strong>celebradas el pasado 6 de octubre en el Campus de Ciudad Real.<\/p>\n<p style=\"text-align: justify\">El premiado se eligi\u00f3 de entre los doctorandos, con la matr\u00edcula de tutela acad\u00e9mica vigente asistentes a las V Jornadas Doctorales de la UCLM, que presenten p\u00f3ster desde cualquier \u00e1mbito de estudio o disciplina. Dicho premio consisti\u00f3 en un\u00a0Diploma y 1000 \u20ac brutos.<\/p>\n<p style=\"text-align: justify\">En esta edici\u00f3n el galardonado fue David Ruiz Gracia por su trabajo \u00ab<em>Optimal Design of Piezoelectric Microtransducers<\/em>\u00ab.<\/p>\n<p style=\"text-align: center\"><a href=\"https:\/\/blog.uclm.es\/enresa\/wp-content\/uploads\/sites\/160\/2013\/10\/5.jpg\"><img loading=\"lazy\" decoding=\"async\" class=\"aligncenter  wp-image-486\" src=\"https:\/\/blog.uclm.es\/enresa\/wp-content\/uploads\/sites\/160\/2013\/10\/5-1024x680.jpg\" alt=\"5\" width=\"559\" height=\"372\" srcset=\"https:\/\/blog.uclm.es\/enresa\/wp-content\/uploads\/sites\/160\/2013\/10\/5-1024x680.jpg 1024w, https:\/\/blog.uclm.es\/enresa\/wp-content\/uploads\/sites\/160\/2013\/10\/5-300x199.jpg 300w, https:\/\/blog.uclm.es\/enresa\/wp-content\/uploads\/sites\/160\/2013\/10\/5-768x510.jpg 768w, https:\/\/blog.uclm.es\/enresa\/wp-content\/uploads\/sites\/160\/2013\/10\/5-1536x1020.jpg 1536w, https:\/\/blog.uclm.es\/enresa\/wp-content\/uploads\/sites\/160\/2013\/10\/5-2048x1360.jpg 2048w\" sizes=\"auto, (max-width: 559px) 85vw, 559px\" \/><\/a><a href=\"https:\/\/blog.uclm.es\/enresa\/wp-content\/uploads\/sites\/160\/2013\/10\/premiados.png\"><br \/>\n<\/a><\/p>\n<p align=\"center\"><b>PREMIO C\u00c1TEDRA ENRESA AL MEJOR P\u00d3STER EN EL MARCO DE LA SEGUNDA EDICI\u00d3N DEL E2KW<\/b><\/p>\n<p style=\"text-align: justify\" align=\"center\">El pasado 31 de octubre de 2014, en el marco de la segunda edici\u00f3n del <em>Energy and Environment Knowledge Week -E2KW 2014-<\/em>, C\u00e1tedra ENRESA hizo efectivo el premio al mejor p\u00f3ster presentado en el congreso. El ganador, <strong>Jos\u00e9 Manuel Quesada Rubio<\/strong>, profesor del Departamento de Estad\u00edstica e Investigaci\u00f3n Operativa de la Universidad de Granada, contribuy\u00f3 con su p\u00f3ster titulado <strong>\u00abAir quality in European Union countries\u00bb,<\/strong> un trabajo que incide en los diferentes patrones de comportamiento entre los pa\u00edses de la Uni\u00f3n Europea que repercuten en los indicadores atmosf\u00e9ricos con los que se mide el\u00a0impacto en el medioambiente.<\/p>\n<p style=\"text-align: justify\" align=\"center\"><a href=\"https:\/\/blog.uclm.es\/enresa\/wp-content\/uploads\/sites\/160\/2013\/10\/IMG_0950.jpg\"><img loading=\"lazy\" decoding=\"async\" class=\" wp-image-423 aligncenter\" src=\"https:\/\/blog.uclm.es\/enresa\/wp-content\/uploads\/sites\/160\/2013\/10\/IMG_0950-1024x765.jpg\" alt=\"IMG_0950\" width=\"620\" height=\"463\" srcset=\"https:\/\/blog.uclm.es\/enresa\/wp-content\/uploads\/sites\/160\/2013\/10\/IMG_0950-1024x765.jpg 1024w, https:\/\/blog.uclm.es\/enresa\/wp-content\/uploads\/sites\/160\/2013\/10\/IMG_0950-300x224.jpg 300w, https:\/\/blog.uclm.es\/enresa\/wp-content\/uploads\/sites\/160\/2013\/10\/IMG_0950-768x574.jpg 768w, https:\/\/blog.uclm.es\/enresa\/wp-content\/uploads\/sites\/160\/2013\/10\/IMG_0950-1536x1147.jpg 1536w, https:\/\/blog.uclm.es\/enresa\/wp-content\/uploads\/sites\/160\/2013\/10\/IMG_0950-2048x1530.jpg 2048w\" sizes=\"auto, (max-width: 620px) 85vw, 620px\" \/><\/a><\/p>\n<p align=\"center\"><b>PREMIO C\u00c1TEDRA ENRESA AL MEJOR P\u00d3STER EN EL MARCO DE LAS IV JORNADAS DOCTORALES DE LA UNIVERSIDAD DE CASTILLA-LA MANCHA<\/b><b><\/b><\/p>\n<p style=\"text-align: justify\">Por segundo a\u00f1o consecutivo, con el objetivo de primar la calidad en la investigaci\u00f3n y de incentivar a los j\u00f3venes investigadores, la C\u00e1tedra ENRESA premi\u00f3 con<strong>\u00a01000 \u20ac al mejor p\u00f3ster presentado en las IV Jornadas Doctorales de la Universidad de Castilla-La Mancha<\/strong>.<\/p>\n<p style=\"text-align: justify\">El premiado se eligi\u00f3 de entre los doctorandos, con la matr\u00edcula de tutela acad\u00e9mica vigente asistentes a las IV Jornadas Doctorales de la Universidad de Castilla-La Mancha, que presenten p\u00f3ster desde cualquier \u00e1mbito de estudio o disciplina. Dicho premio consisti\u00f3 en un\u00a0Diploma y 1000 \u20ac brutos.<\/p>\n<p><a href=\"https:\/\/blog.uclm.es\/enresa\/wp-content\/uploads\/sites\/160\/2013\/10\/la-foto-2.jpg\"><img loading=\"lazy\" decoding=\"async\" class=\"aligncenter wp-image-328\" src=\"https:\/\/blog.uclm.es\/enresa\/wp-content\/uploads\/sites\/160\/2013\/10\/la-foto-2.jpg\" alt=\"\" width=\"650\" height=\"485\" \/><\/a><\/p>\n<p style=\"text-align: justify\">El galardonado fue\u00a0<strong>Javier Fronti\u00f1\u00e1n Rubio (el quinto comenzando por la izquierda).<\/strong><\/p>\n<p>&nbsp;<\/p>\n<p align=\"center\"><b>PREMIO C\u00c1TEDRA ENRESA AL MEJOR P\u00d3STER EN EL MARCO DE LAS III JORNADAS DOCTORALES DE LA UNIVERSIDAD DE CASTILLA-LA MANCHA<\/b><b><\/b><\/p>\n<p style=\"text-align: justify\">Con el objetivo de primar la calidad en la investigaci\u00f3n y de incentivar a los j\u00f3venes investigadores, la C\u00e1tedra ENRESA premi\u00f3 con<strong> 1000 \u20ac al mejor p\u00f3ster presentado en las III Jornadas Doctorales de la Universidad de Castilla-La Mancha<\/strong>.<\/p>\n<p style=\"text-align: justify\">El premiado se elegi\u00f3 de entre los doctorandos, con la matr\u00edcula de tutela acad\u00e9mica vigente asistentes a las III Jornadas Doctorales de la Universidad de Castilla-La Mancha, que presenten p\u00f3ster desde cualquier \u00e1mbito de estudio o disciplina. Dicho premio consisti\u00f3 en un Diploma y 1000 \u20ac brutos.<\/p>\n<p style=\"text-align: justify\">El Jurado estuvo constituido por el director de la C\u00e1tedra ENRESA y los miembros de la comisi\u00f3n de seguimiento de la c\u00e1tedra.<\/p>\n<p><a href=\"https:\/\/blog.uclm.es\/enresa\/wp-content\/uploads\/sites\/160\/2013\/10\/la-foto-doctorado1.jpg\"><img loading=\"lazy\" decoding=\"async\" class=\"aligncenter\" src=\"https:\/\/blog.uclm.es\/enresa\/wp-content\/uploads\/sites\/160\/2013\/10\/la-foto-doctorado1-300x224.jpg\" alt=\"la-foto-doctorado1\" width=\"300\" height=\"224\" \/><\/a><\/p>\n<p style=\"text-align: center\">El galardonado fue <strong>David Casas Garc\u00eda-Minguill\u00e1n <\/strong>(el 5\u00ba comenzando desde la izquierda).<\/p>\n<p style=\"text-align: center\"><strong>Resoluci\u00f3n de la convocatoria de becas C\u00e1tedra ENRESA: ayudas pre-doctorales para estancias en otras universidades y centros de investigaci\u00f3n extranjeros<\/strong><\/p>\n<p style=\"text-align: justify\">El listado con los solicitantes\u00a0a los que se les ha concedido la beca\u00a0est\u00e1 ya disponible en CONVOCATORIAS. Para acceder tambi\u00e9n puedes pinchar\u00a0<a href=\"http:\/\/blog.uclm.es\/enresa\/convocatorias\/\">AQU\u00cd<\/a>.<\/p>\n","protected":false},"excerpt":{"rendered":"<p>PREMIO C\u00c1TEDRA ENRESA AL MEJOR P\u00d3STER EN EL MARCO DE LAS V JORNADAS DOCTORALES DE LA UNIVERSIDAD DE CASTILLA-LA MANCHA Con el objetivo de primar la calidad en la investigaci\u00f3n y de incentivar a los j\u00f3venes investigadores, la C\u00e1tedra ENRESA premi\u00f3 con\u00a01000 \u20ac al mejor p\u00f3ster presentado en las V Jornadas Doctorales de la Universidad &hellip; <a href=\"https:\/\/blog.uclm.es\/enresa\/premios-y-concursos\/\" class=\"more-link\">Continuar leyendo<span class=\"screen-reader-text\"> \u00abPremios y Concursos\u00bb<\/span><\/a><\/p>\n","protected":false},"author":225,"featured_media":0,"parent":0,"menu_order":0,"comment_status":"closed","ping_status":"open","template":"","meta":{"footnotes":""},"class_list":["post-21","page","type-page","status-publish","hentry"],"_links":{"self":[{"href":"https:\/\/blog.uclm.es\/enresa\/wp-json\/wp\/v2\/pages\/21","targetHints":{"allow":["GET"]}}],"collection":[{"href":"https:\/\/blog.uclm.es\/enresa\/wp-json\/wp\/v2\/pages"}],"about":[{"href":"https:\/\/blog.uclm.es\/enresa\/wp-json\/wp\/v2\/types\/page"}],"author":[{"embeddable":true,"href":"https:\/\/blog.uclm.es\/enresa\/wp-json\/wp\/v2\/users\/225"}],"replies":[{"embeddable":true,"href":"https:\/\/blog.uclm.es\/enresa\/wp-json\/wp\/v2\/comments?post=21"}],"version-history":[{"count":0,"href":"https:\/\/blog.uclm.es\/enresa\/wp-json\/wp\/v2\/pages\/21\/revisions"}],"wp:attachment":[{"href":"https:\/\/blog.uclm.es\/enresa\/wp-json\/wp\/v2\/media?parent=21"}],"curies":[{"name":"wp","href":"https:\/\/api.w.org\/{rel}","templated":true}]}}