{"id":15,"date":"2013-10-29T10:15:34","date_gmt":"2013-10-29T09:15:34","guid":{"rendered":"http:\/\/blog.uclm.es\/enresa\/?page_id=15"},"modified":"2013-10-29T10:15:34","modified_gmt":"2013-10-29T09:15:34","slug":"quienes-somos","status":"publish","type":"page","link":"https:\/\/blog.uclm.es\/enresa\/quienes-somos\/","title":{"rendered":"\u00bfQui\u00e9nes somos?"},"content":{"rendered":"<p><span style=\"font-size: medium\"><strong>Director\/es<\/strong><\/span><\/p>\n<p><a href=\"http:\/\/www.uclm.es\/organos\/vic_investigacion\/\"><img loading=\"lazy\" decoding=\"async\" class=\"alignnone size-full wp-image-70\" src=\"https:\/\/blog.uclm.es\/enresa\/wp-content\/uploads\/sites\/160\/2013\/10\/JulianGarde_g.jpg\" alt=\"JulianGarde_g\" width=\"156\" height=\"233\" \/><\/a><a href=\"http:\/\/www.uclm.es\/organos\/vic_investigacion\/\"><strong>Juli\u00e1n Garde L\u00f3pez-Brea<\/strong><\/a><\/p>\n<p style=\"text-align: justify\"><em>Catedr\u00e1tico de Universidad de Producci\u00f3n Animal, adscrito al Departamento de Ciencia y Tecnolog\u00eda Forestal y Gen\u00e9tica<\/em><\/p>\n<p><strong>Coordinadores<\/strong><\/p>\n<ul>\n<li>Campus de Albacete:\u00a0<strong>D\u00f1a. Isabel Gallego C\u00f3rcoles<\/strong>.<\/li>\n<li>Campus de Ciudad Real:\u00a0<strong>D. Antonio Roberto Piriz.<\/strong><\/li>\n<li>Campus de Cuenca:<strong> D. Fco. Jos\u00e9 S\u00e1ez Mart\u00ednez.<\/strong><\/li>\n<li>Campus de Toledo:\u00a0<strong>D. Fco. Jos\u00e9 S\u00e1ez Mart\u00ednez.<\/strong><\/li>\n<\/ul>\n<p><span style=\"font-size: 12pt\"><strong>Comisi\u00f3n de Seguimiento<\/strong><\/span><\/p>\n<p style=\"text-align: justify\">Los vocales de la Universidad de Castilla-La Mancha que forman parte de la Comisi\u00f3n de Seguimiento son:<\/p>\n<ul style=\"text-align: justify\">\n<li><strong>D\u00f1a. Isabel Gallego C\u00f3rcoles<\/strong>.\u00a0<em>Profesora Titular de Derecho Administrativo de la Universidad de Castilla-La Mancha.<\/em><\/li>\n<\/ul>\n<ul>\n<li style=\"text-align: justify\"><strong>D. Antonio Roberto Piriz<\/strong>. <em>Catedr\u00e1tico de Universidad de mec\u00e1nica de fluidos y director del\u00a0Instituto de Investigaciones Energ\u00e9ticas y Aplicaciones Industriales (INEI).<\/em><\/li>\n<\/ul>\n<p style=\"text-align: justify\">Los \u00f3rganos de gobierno ser\u00e1n el director y la comisi\u00f3n de seguimiento que se encargar\u00e1n de la determinaci\u00f3n de las actividades a realizar anualmente y de la supervisi\u00f3n de la C\u00e1tedra.<\/p>\n<p style=\"text-align: justify\">Con la finalidad de dotar a la C\u00e1tedra de una estructura \u00e1gil de funcionamiento que a su vez permita y favorezca el desarrollo de actividades en todos los campus de la UCLM, se presenta la estructura organizativa y de funcionamiento que se muestra en la siguiente figura. La propuesta que realizo, por tanto, adem\u00e1s de contar con el director y la comisi\u00f3n de seguimiento, incluye la selecci\u00f3n de coordinadores de campus, uno por cada uno de los cuatro grandes campus de la UCLM. Si bien est\u00e1 prevista una mayor presencia de la c\u00e1tedra en el campus de Cuenca, dada la vinculaci\u00f3n de \u00e9ste con ENRESA, consideramos necesaria la presencia de la c\u00e1tedra en todos los campus de la UCLM.<\/p>\n<p style=\"text-align: justify\">Adicionalmente y dada la vinculaci\u00f3n de la tem\u00e1tica de la c\u00e1tedra con el Campus de Excelencia Internacional CYTEMA y de \u00e9ste con el candidato que presenta esta memoria de actividades, las actividades de la C\u00e1tedra ENRESA estar\u00e1n vinculadas y se beneficiar\u00e1n de las posibles sinergias y econom\u00edas de alcance generadas por el Campus Cient\u00edfico y Tecnol\u00f3gico de la Energ\u00eda y el Medio Ambiente \u2013CYTEMA-.<\/p>\n<p style=\"text-align: center\"><a href=\"https:\/\/blog.uclm.es\/enresa\/wp-content\/uploads\/sites\/160\/2013\/10\/organigrama-3.png\"><img loading=\"lazy\" decoding=\"async\" class=\"aligncenter wp-image-806\" src=\"https:\/\/blog.uclm.es\/enresa\/wp-content\/uploads\/sites\/160\/2013\/10\/organigrama-3.png\" alt=\"\" width=\"626\" height=\"352\" srcset=\"https:\/\/blog.uclm.es\/enresa\/wp-content\/uploads\/sites\/160\/2013\/10\/organigrama-3.png 1280w, https:\/\/blog.uclm.es\/enresa\/wp-content\/uploads\/sites\/160\/2013\/10\/organigrama-3-300x169.png 300w, https:\/\/blog.uclm.es\/enresa\/wp-content\/uploads\/sites\/160\/2013\/10\/organigrama-3-1024x576.png 1024w, https:\/\/blog.uclm.es\/enresa\/wp-content\/uploads\/sites\/160\/2013\/10\/organigrama-3-768x432.png 768w\" sizes=\"auto, (max-width: 626px) 85vw, 626px\" \/><\/a><\/p>\n<p style=\"text-align: justify\">Este funcionamiento permitir\u00e1, por un lado, el desarrollo de las actividades de la c\u00e1tedra en todos los campus, llegando a un mayor n\u00famero de posibles beneficiarios. Por otro lado, la existencia de una estructura multicampus favorecer\u00e1 la difusi\u00f3n de las actividades de la c\u00e1tedra, lo que repercutir\u00e1 en una mayor notoriedad regional de las actividades de mecenazgo llevadas a cabo por el patrocinador: ENRESA.<\/p>\n<p style=\"text-align: justify\">Los coordinadores de cada uno de los campus ser\u00e1n seleccionados por el director de la c\u00e1tedra con el visto bueno de la comisi\u00f3n de seguimiento. En su selecci\u00f3n se respetar\u00e1n los valores enunciados con anterioridad garantizando la interdisciplinariedad necesaria para el desarrollo de las actividades propuestas, de este modo un mayor n\u00famero de \u00e1reas de conocimiento, disciplinas y centros se ver\u00e1n reflejados en la C\u00e1tedra ENRESA. Se seguir\u00e1 el criterio de no coincidencia de centros ni \u00e1reas de conocimiento entre los coordinadores ni de \u00e9stos con el director de la c\u00e1tedra.<\/p>\n<p style=\"text-align: justify\">\n","protected":false},"excerpt":{"rendered":"<p>Director\/es Juli\u00e1n Garde L\u00f3pez-Brea Catedr\u00e1tico de Universidad de Producci\u00f3n Animal, adscrito al Departamento de Ciencia y Tecnolog\u00eda Forestal y Gen\u00e9tica Coordinadores Campus de Albacete:\u00a0D\u00f1a. Isabel Gallego C\u00f3rcoles. Campus de Ciudad Real:\u00a0D. Antonio Roberto Piriz. Campus de Cuenca: D. Fco. Jos\u00e9 S\u00e1ez Mart\u00ednez. Campus de Toledo:\u00a0D. Fco. Jos\u00e9 S\u00e1ez Mart\u00ednez. Comisi\u00f3n de Seguimiento Los vocales de &hellip; <a href=\"https:\/\/blog.uclm.es\/enresa\/quienes-somos\/\" class=\"more-link\">Continuar leyendo<span class=\"screen-reader-text\"> \u00ab\u00bfQui\u00e9nes somos?\u00bb<\/span><\/a><\/p>\n","protected":false},"author":225,"featured_media":0,"parent":0,"menu_order":0,"comment_status":"closed","ping_status":"open","template":"","meta":{"footnotes":""},"class_list":["post-15","page","type-page","status-publish","hentry"],"_links":{"self":[{"href":"https:\/\/blog.uclm.es\/enresa\/wp-json\/wp\/v2\/pages\/15","targetHints":{"allow":["GET"]}}],"collection":[{"href":"https:\/\/blog.uclm.es\/enresa\/wp-json\/wp\/v2\/pages"}],"about":[{"href":"https:\/\/blog.uclm.es\/enresa\/wp-json\/wp\/v2\/types\/page"}],"author":[{"embeddable":true,"href":"https:\/\/blog.uclm.es\/enresa\/wp-json\/wp\/v2\/users\/225"}],"replies":[{"embeddable":true,"href":"https:\/\/blog.uclm.es\/enresa\/wp-json\/wp\/v2\/comments?post=15"}],"version-history":[{"count":0,"href":"https:\/\/blog.uclm.es\/enresa\/wp-json\/wp\/v2\/pages\/15\/revisions"}],"wp:attachment":[{"href":"https:\/\/blog.uclm.es\/enresa\/wp-json\/wp\/v2\/media?parent=15"}],"curies":[{"name":"wp","href":"https:\/\/api.w.org\/{rel}","templated":true}]}}