{"id":12,"date":"2013-10-29T10:13:57","date_gmt":"2013-10-29T09:13:57","guid":{"rendered":"http:\/\/blog.uclm.es\/enresa\/?page_id=12"},"modified":"2013-10-29T10:13:57","modified_gmt":"2013-10-29T09:13:57","slug":"convocatorias","status":"publish","type":"page","link":"https:\/\/blog.uclm.es\/enresa\/convocatorias\/","title":{"rendered":"CONVOCATORIAS"},"content":{"rendered":"<ul>\n<li><strong>Convocatoria 2017 de ayudas post-doctorales para estancias en otras Universidades y Centros de Investigaci\u00f3n extranjeros<\/strong><\/li>\n<\/ul>\n<p><a href=\"https:\/\/blog.uclm.es\/enresa\/wp-content\/uploads\/sites\/160\/2013\/10\/bases-convocatoria-de-ayudas-post-doctorales-Catedra-ENRESA-para-estancias.pdf\">Bases convocatoria de ayudas post-doctorales C\u00e1tedra ENRESA para estancias<\/a><\/p>\n<ul>\n<li><strong>Convocatoria de premios C\u00e1tedra ENRESA al mejor Trabajo sobre Energ\u00eda Nuclear en la UCLM.<\/strong> Se convoca un premio al mejor Trabajo Fin de Grado y Trabajo Fin de M\u00e1ster relacionados con esta tem\u00e1tica. Plazo abierto hasta el 15 de Octubre de 2017.<\/li>\n<\/ul>\n<p><a href=\"https:\/\/blog.uclm.es\/enresa\/wp-content\/uploads\/sites\/160\/2013\/10\/Bases-convocatoria-del-premio-al-mejor-Trabajo-Final-de-Grado-Catedra-ENRESA-2017.pdf\">Bases convocatoria del premio al mejor Trabajo Final de Grado C\u00e1tedra ENRESA 2017<\/a><\/p>\n<p><a href=\"https:\/\/blog.uclm.es\/enresa\/wp-content\/uploads\/sites\/160\/2013\/10\/Bases-convocatoria-del-premio-al-mejor-Trabajo-Final-de-Master-Catedra-ENRESA-2017.pdf\">Bases convocatoria del premio al mejor Trabajo Final de M\u00e1ster C\u00e1tedra ENRESA 2017<\/a><\/p>\n<ul>\n<li><strong>Ayudas C\u00e1tedra ENRESA para alumnos matriculados en M\u00e1steres (T\u00edtulos Propios) en Energ\u00eda y Medioambiente de la Universidad de Castilla-LA Mancha.<\/strong><\/li>\n<\/ul>\n<p><a href=\"https:\/\/blog.uclm.es\/enresa\/wp-content\/uploads\/sites\/160\/2013\/10\/bases-convocatoria-de-ayudas-Catedra-ENRESA-para-titulos-propios.pdf\">Bases convocatoria de ayudas C\u00e1tedra ENRESA para t\u00edtulos propios<\/a><\/p>\n<ul>\n<li><strong>Ayudas C\u00e1tedra ENRESA para alumnos matriculados en M\u00e1steres Oficiales en Energ\u00eda y Medioambiente de la Universidad de Castilla-La Mancha.<\/strong><\/li>\n<\/ul>\n<p><a href=\"https:\/\/blog.uclm.es\/enresa\/wp-content\/uploads\/sites\/160\/2013\/10\/bases-convocatoria-de-ayudas-Catedra-ENRESA-para-titulos-oficiales.pdf\">Bases convocatoria de ayudas C\u00e1tedra ENRESA para titulos oficiales<\/a><\/p>\n<ul>\n<li style=\"text-align: justify\"><strong>Ayudas C\u00e1tedra ENRESA\u00a0a\u00a0la formaci\u00f3n de j\u00f3venes investigadores para estancias en otras Universidades y Centros de Investigaci\u00f3n extranjeros<\/strong>.<\/li>\n<\/ul>\n<p><a href=\"https:\/\/blog.uclm.es\/enresa\/wp-content\/uploads\/sites\/160\/2013\/10\/Bases-de-la-convocatoria-4.pdf\">Bases de la convocatoria<\/a><\/p>\n<p><a href=\"https:\/\/blog.uclm.es\/enresa\/wp-content\/uploads\/sites\/160\/2013\/10\/Anexo.doc\">Anexo<\/a><\/p>\n<ul>\n<li style=\"text-align: justify\"><strong>Convocatoria de beca de colaboraci\u00f3n en tareas de investigaci\u00f3n<\/strong>\u00a0para alumnos de la UCLM en el Campus de Ciudad Real.<\/li>\n<\/ul>\n<p><a href=\"https:\/\/blog.uclm.es\/enresa\/wp-content\/uploads\/sites\/160\/2013\/10\/Bases-de-la-convocatoria-3.pdf\">Bases de la convocatoria<\/a><\/p>\n<ul>\n<li style=\"text-align: justify\"><strong>Convocatoria de beca de colaboraci\u00f3n para tareas de investigaci\u00f3n.<\/strong>\u00a0La ayuda va dirigida a alumnos de m\u00e1ster matriculados en la UCLM. Para la realizaci\u00f3n de tareas de colaboraci\u00f3n en el Campus de Ciudad Real.<\/li>\n<\/ul>\n<p><a href=\"https:\/\/blog.uclm.es\/enresa\/wp-content\/uploads\/sites\/160\/2013\/10\/Bases-de-la-convocatoria-2.pdf\">Bases de la convocatoria<\/a><\/p>\n<ul>\n<li style=\"text-align: justify\"><strong>Convocatoria de beca de colaboraci\u00f3n en tareas de investigaci\u00f3n.<\/strong> Esta ayuda va dirigida a alumnos matriculados en programas de doctorado.<\/li>\n<\/ul>\n<p><a href=\"https:\/\/blog.uclm.es\/enresa\/wp-content\/uploads\/sites\/160\/2013\/10\/Bases-de-la-convocatoria-1.pdf\">Bases de la convocatoria<\/a><\/p>\n<ul>\n<li style=\"text-align: justify\"><strong>Convocatoria de beca de colaboraci\u00f3n en tareas de investigaci\u00f3n.<\/strong> Esta beca est\u00e1 dirigida a alumnos matriculados en programas de doctorado.<\/li>\n<\/ul>\n<p><a href=\"https:\/\/blog.uclm.es\/enresa\/wp-content\/uploads\/sites\/160\/2013\/10\/CONVOCATORIA-2016-BCL-6309.pdf\">Bases de la convocatoria<\/a><\/p>\n<ul>\n<li style=\"text-align: justify\"><strong>Convocatoria de ayudas C\u00e1tedra ENRESA de la Universidad de Castilla-La Mancha.<\/strong> Estas ayudas est\u00e1n dirigidas a alumnos matriculados en m\u00e1steres no oficiales de energ\u00eda y medioambiente para el desarrollo de trabajos fin de m\u00e1ster.<\/li>\n<\/ul>\n<p><a href=\"https:\/\/blog.uclm.es\/enresa\/wp-content\/uploads\/sites\/160\/2013\/10\/convocatoria2016becasMASTERESnooficialesENERGIA.pdf\">Bases de la convocatoria<\/a><\/p>\n<ul>\n<li style=\"text-align: justify\"><strong>Convocatoria de ayudas C\u00e1tedra ENRESA de la Universidad de Castilla-La Mancha.<\/strong> Estas ayudas est\u00e1n dirigidas a alumnos matriculados en m\u00e1steres de energ\u00eda y medioambiente para el desarrollo de trabajos fin de m\u00e1ster.<\/li>\n<\/ul>\n<p><a href=\"https:\/\/blog.uclm.es\/enresa\/wp-content\/uploads\/sites\/160\/2013\/10\/2convocatoria2016becasMASTERESENERGIA.pdf\">Bases de la convocatoria<\/a><\/p>\n<p><a href=\"https:\/\/blog.uclm.es\/enresa\/wp-content\/uploads\/sites\/160\/2013\/10\/Anexo-convocatoria-2016-becas-MASTERES-ENERGIA.docx\">Impreso de solicitud<\/a><\/p>\n<ul>\n<li><strong>Convocatoria de premios C\u00e1tedra ENRESA al mejor Trabajo sobre Energ\u00eda Nuclear en la UCLM.<\/strong> Se convoca un premio al Trabajo Fin de Grado y Trabajo Fin de M\u00e1ster relacionados con esta tem\u00e1tica. <span style=\"text-decoration: underline\"><strong>Ampliado el plazo de presentaci\u00f3n de TFG y TFM hasta el 15 de noviembre de 2016<\/strong><\/span>.<\/li>\n<\/ul>\n<p><a href=\"https:\/\/blog.uclm.es\/enresa\/wp-content\/uploads\/sites\/160\/2013\/10\/Bases-de-la-Convocatoria-II-premio-TFG-energia-nuclear.pdf\">Bases de la convocatoria II premio TFG energia nuclear<\/a><\/p>\n<p><a href=\"https:\/\/blog.uclm.es\/enresa\/wp-content\/uploads\/sites\/160\/2013\/10\/Bases-de-la-Convocatoria-II-premio-TFM-energia-nuclear.pdf\">Bases de la convocatoria II premio TFM energia nuclear<\/a><\/p>\n<ul>\n<li><strong>Ayudas\u00a0C\u00e1tedra ENRESA para la formaci\u00f3n de investigadores<\/strong>. Convocatoria de ayudas <strong>post-doctorales<\/strong> para estancias en otras Universidades y Centros de Investigaci\u00f3n extranjeros. Presentaci\u00f3n de solicitudes hasta el 30 de junio de 2016.<\/li>\n<\/ul>\n<p><a href=\"https:\/\/blog.uclm.es\/enresa\/wp-content\/uploads\/sites\/160\/2013\/10\/Convocatoria.pdf\">Convocatoria<\/a><\/p>\n<p><a href=\"https:\/\/blog.uclm.es\/enresa\/wp-content\/uploads\/sites\/160\/2013\/10\/Impreso-de-solicitud.doc\">Impreso de solicitud<\/a><\/p>\n<ul>\n<li><strong>Ayudas\u00a0C\u00e1tedra ENRESA para la formaci\u00f3n de j\u00f3venes investigadores<\/strong>. Convocatoria de ayudas <strong>pre-doctorales<\/strong> para estancias en otras Universidades y Centros de Investigaci\u00f3n extranjeros. Presentaci\u00f3n de solicitudes hasta el 30 de junio de 2016.<\/li>\n<\/ul>\n<p><a href=\"https:\/\/blog.uclm.es\/enresa\/wp-content\/uploads\/sites\/160\/2013\/10\/Bases-convocatoria.pdf\">Bases convocatoria<\/a><\/p>\n<p><a href=\"https:\/\/blog.uclm.es\/enresa\/wp-content\/uploads\/sites\/160\/2013\/10\/Modelo-de-solicitud.doc\">Modelo de solicitud<\/a><\/p>\n<ul>\n<li style=\"text-align: justify\"><strong>Convocatoria de ayudas C\u00e1tedra ENRESA de la Universidad de Castilla-La Mancha.<\/strong> Estas ayudas est\u00e1n dirigidas a alumnos matriculados en m\u00e1steres de energ\u00eda y medioambiente para el desarrollo de trabajos fin de m\u00e1ster.<\/li>\n<\/ul>\n<p><a href=\"https:\/\/blog.uclm.es\/enresa\/wp-content\/uploads\/sites\/160\/2013\/10\/AYUDA-MASTER-CATEDRA-ENRESA.pdf\" rel=\"\">Bases de la Convocatoria<\/a><\/p>\n<p><a href=\"https:\/\/blog.uclm.es\/enresa\/wp-content\/uploads\/sites\/160\/2013\/10\/SOLICITUD-AYUDA-MASTER-CATEDRA-ENRESA.docx\" rel=\"\">Impreso Solicitud<\/a><\/p>\n<ul>\n<li style=\"text-align: justify\"><strong>Convocatoria de beca C\u00e1tedra ENRESA de la Universidad de Castilla-La Mancha.<\/strong>\u00a0Esta beca tiene como fin formar a estudiantes de la UCLM en el \u00e1mbito de los objetivos de la C\u00e1tedra ENRESA, en la Facultad de Ciencias Ambientales y Bioqu\u00edmica de Toledo.<\/li>\n<\/ul>\n<p><a href=\"https:\/\/blog.uclm.es\/enresa\/wp-content\/uploads\/sites\/160\/2013\/10\/Bases-de-la-convocatoria.pdf\">Bases de la Convocatoria<\/a><\/p>\n<p><a href=\"https:\/\/blog.uclm.es\/enresa\/wp-content\/uploads\/sites\/160\/2013\/10\/Impreso-solicitud.pdf\">Impreso Solicitud<\/a><\/p>\n<p>RESOLUCI\u00d3N<\/p>\n<ul>\n<li style=\"text-align: justify\"><strong>Convocatoria de dos\u00a0becas C\u00e1tedra ENRESA de la Universidad de Castilla-La Mancha.<\/strong> Se convocan dos\u00a0becas de formaci\u00f3n para la continuidad de la C\u00e1tedra.<\/li>\n<\/ul>\n<p><a href=\"https:\/\/blog.uclm.es\/enresa\/wp-content\/uploads\/sites\/160\/2013\/10\/Convocatoria-Beca-Catedra-Enresa.pdf\">Bases de la Convocatoria<\/a><\/p>\n<p>RESOLUCI\u00d3N<\/p>\n<ul>\n<li style=\"text-align: justify\"><strong>Ayudas\u00a0C\u00e1tedra ENRESA para la formaci\u00f3n de j\u00f3venes investigadores<\/strong>. Convocatoria de ayudas pre-doctorales para estancias en otras Universidades y Centros de Investigaci\u00f3n extranjeros. Presentaci\u00f3n de solicitudes hasta el 30 de octubre.<\/li>\n<\/ul>\n<p><a href=\"https:\/\/blog.uclm.es\/enresa\/wp-content\/uploads\/sites\/160\/2013\/10\/Ayudas-Catedra-ENRESA-para-la-formacion-de-jovenes-investigadores.pdf\">Bases de la Convocatoria<\/a><\/p>\n<p><a href=\"https:\/\/blog.uclm.es\/enresa\/wp-content\/uploads\/sites\/160\/2013\/10\/Modelo-instancia-ayudas-ENRESA.doc\">Anexo (impreso de solicitud)<\/a><\/p>\n<p>RESOLUCI\u00d3N<\/p>\n<ul>\n<li style=\"text-align: justify\"><strong>Convocatoria de premios C\u00e1tedra ENRESA al mejor Trabajo sobre Energ\u00eda Nuclear en la UCLM.<\/strong> Se convoca un premio al Trabajo Fin de Grado y Trabajo Fin de M\u00e1ster relacionados con esta tem\u00e1tica.<\/li>\n<\/ul>\n<p><a href=\"https:\/\/blog.uclm.es\/enresa\/wp-content\/uploads\/sites\/160\/2013\/10\/premio-TFG-energia-nuclear.pdf\">Bases de la convocatoria (premio TFG energ\u00eda nuclear)<\/a><\/p>\n<p><a href=\"https:\/\/blog.uclm.es\/enresa\/wp-content\/uploads\/sites\/160\/2013\/10\/premio-TFM-energia-nuclear.pdf\">Bases de la convocatoria (premio TFM energ\u00eda nuclear)<\/a><\/p>\n<p><a href=\"https:\/\/blog.uclm.es\/enresa\/wp-content\/uploads\/sites\/160\/2013\/10\/Acta-Premio-mejor-Trabajo-final-de-Grado.pdf\">RESOLUCI\u00d3N (premio TFG energ\u00eda nuclear)<\/a><\/p>\n<p><a href=\"https:\/\/blog.uclm.es\/enresa\/wp-content\/uploads\/sites\/160\/2013\/10\/Acta-Premio-mejor-Trabajo-final-de-Master.pdf\">RESOLUCI\u00d3N (premio TFM energ\u00eda nuclear)<\/a><\/p>\n<ul>\n<li style=\"text-align: justify\"><strong>Convocatoria de una beca C\u00e1tedra ENRESA de la Universidad de Castilla-La Mancha.<\/strong> Se convoca una beca de formaci\u00f3n para la continuidad de la C\u00e1tedra.<\/li>\n<\/ul>\n<p><a href=\"https:\/\/blog.uclm.es\/enresa\/wp-content\/uploads\/sites\/160\/2013\/10\/ConvocatoriaBecaCATEDRAENRESAenero2015.pdf\">Bases de la Convocatoria<\/a><\/p>\n<p><a href=\"https:\/\/blog.uclm.es\/enresa\/wp-content\/uploads\/sites\/160\/2013\/10\/ResolucionConcesionBecaCatedraENRESAfebrero2015.pdf\">RESOLUCI\u00d3N<\/a><\/p>\n<ul>\n<li style=\"text-align: justify\"><strong>Convocatoria de ayudas pre-doctorales para estancias en otras Universidades y Centros de Investigaci\u00f3n extranjeros<\/strong>. Se pretende estimular la colaboraci\u00f3n y movilidad de los estudiantes de doctorado de Castilla-La Mancha con universidades de referencia extranjeras en los \u00e1mbitos de Energ\u00eda y Medioambiente.<\/li>\n<\/ul>\n<p><a href=\"https:\/\/blog.uclm.es\/enresa\/wp-content\/uploads\/sites\/160\/2013\/10\/3762-Becas_Catedra_Enresa_para_la_formacion_de_jovenes_investigadores.pdf\">Bases de la Convocatoria<\/a><\/p>\n<p><a href=\"https:\/\/blog.uclm.es\/enresa\/wp-content\/uploads\/sites\/160\/2013\/10\/3763-modelo_instancia_beca_enresa.doc\">Modelo de Solicitud<\/a><\/p>\n<p>RESOLUCI\u00d3N<\/p>\n<ul>\n<li style=\"text-align: justify\"><strong>Convocatoria de ayudas de matr\u00edcula \u00abC\u00e1tedra ENRESA\u00bb para los alumnos matriculados en el M\u00e1ster en Crecimiento y Desarrollo Sostenible de la UCLM.<\/strong> Se conceder\u00e1n un m\u00e1ximo de cuatro ayudas en total para el curso acad\u00e9mico 2014\/2015. Las solicitudes pueden presentarse hasta el 7 de noviembre (inclusive).<\/li>\n<\/ul>\n<p><span style=\"text-align: justify\"><a href=\"https:\/\/blog.uclm.es\/enresa\/wp-content\/uploads\/sites\/160\/2013\/10\/Convocatoria-de-ayudas-de-matricula-Catedra-Enresa.pdf\">Bases de la Convocatoria<\/a>\u00a0<\/span><\/p>\n<p><a href=\"https:\/\/blog.uclm.es\/enresa\/wp-content\/uploads\/sites\/160\/2013\/10\/Anexo-de-solicitud.docx\">Anexo de solicitud<\/a><\/p>\n<p>RESOLUCI\u00d3N<\/p>\n<ul>\n<li style=\"text-align: justify\"><strong>Convocatoria de ayudas para los estudiantes del M\u00e1ster Universitario en Investigaci\u00f3n en Qu\u00edmica por la Universidad de Castilla-La Mancha.<\/strong> Se conceder\u00e1n tres ayudas en total para el curso acad\u00e9mico 2014\/2015. Pueden presentarse hasta el d\u00eda 20 de octubre.<\/li>\n<\/ul>\n<p><a href=\"https:\/\/blog.uclm.es\/enresa\/wp-content\/uploads\/sites\/160\/2013\/10\/convocatoria-ayudas-catedra-ENRESA-20141.pdf\">Bases de la Convocatoria<\/a><\/p>\n<p>RESOLUCI\u00d3N<\/p>\n<ul>\n<li style=\"text-align: justify\"><strong>Convocatoria de ayudas para los alumnos\u00a0matriculados en el\u00a0M\u00e1ster en <em>Sostenibilidad Ambiental en el Desarrollo Local y Territorial<\/em> por la Universidad de Castilla-La Mancha<\/strong>. Se conceder\u00e1n tres ayudas en total para el curso acad\u00e9mico 2014\/2015. Pueden presentarse desde el d\u00eda 3 hasta el 30 de septiembre de 2014.<\/li>\n<\/ul>\n<p><a href=\"http:\/\/musa.masteruniversitario.uclm.es\/instalaciones.aspx\">Convocatoria<\/a><\/p>\n<p>RESOLUCI\u00d3N<\/p>\n<ul>\n<li style=\"text-align: justify\"><strong><strong>Convocatoria de ayudas a los estudiantes del M\u00e1ster en Ingenier\u00eda Qu\u00edmica de la Universidad de Castilla-La Mancha.\u00a0<\/strong><\/strong>Las ayudas se conceden con el objeto de contribuir al desarrollo de los m\u00e1steres oficiales de la Universidad de Castilla-la Mancha relacionados con la tem\u00e1tica y el objeto de la C\u00e1tedra ENRESA. Se conceder\u00e1n tres ayudas en total. Pueden presentarse desde el d\u00eda 29 de septiembre de 2014 hasta el d\u00eda 20 de octubre de 2014.<\/li>\n<\/ul>\n<p><a style=\"text-align: justify\" href=\"https:\/\/blog.uclm.es\/enresa\/wp-content\/uploads\/sites\/160\/2013\/10\/convocatoria-ayudas-catedra-ENRESA-2014.pdf\">Bases de la Convocatoria<\/a><span style=\"text-align: justify\">\u00a0<\/span><\/p>\n<p><a href=\"https:\/\/blog.uclm.es\/enresa\/wp-content\/uploads\/sites\/160\/2013\/10\/convocatoria-ayudas-catedra-ENRESA-2014.docx\">Formulario de Solicitud<\/a><\/p>\n<p>RESOLUCI\u00d3N<\/p>\n<ul>\n<li style=\"text-align: justify\"><strong>Convocatoria de una Beca en la C\u00e1tedra ENRESA.<\/strong> Esta beca tiene como fin formar a estudiantes de grado\/m\u00e1ster\/doctorado de la UCLM en el \u00e1mbito del medio ambiente, bajo la supervisi\u00f3n de D. Jos\u00e9 Juli\u00e1n Garde L\u00f3pez\u2010Brea, Director de la \u201cC\u00e1tedra ENRESA\u201d. El lugar donde se desarrollar\u00e1 la beca ser\u00e1 Facultad de Ciencias Ambientales y Bioqu\u00edmica de la UCLM de Toledo.<\/li>\n<\/ul>\n<p><a href=\"https:\/\/blog.uclm.es\/enresa\/wp-content\/uploads\/sites\/160\/2013\/10\/3481-ConvocatoriaBecaCATEDRAENRESA-2014.pdf\">Bases de la Convocatoria<\/a><\/p>\n<p><a href=\"https:\/\/blog.uclm.es\/enresa\/wp-content\/uploads\/sites\/160\/2013\/10\/3482-ImpresoSolicitud_Beca_CATEDRA_ENRESA_2014.pdf\">Formulario de Solicitud de la Beca<\/a><\/p>\n<ul>\n<li>\n<p align=\"justify\"><strong>Proceso selectivo para la constituci\u00f3n de bolsas de trabajo para la cobertura, mediante un contrato laboral de obra o servicio, de varias plazas para la ejecuci\u00f3n del proyecto Clamber-Castilla-La Mancha Bio Economy Region.<\/strong><\/p>\n<\/li>\n<\/ul>\n<p align=\"justify\">Se trata de un contrato laboral de obra o servicio que finalizar\u00e1 el d\u00eda 31 de diciembre de 2015, de 5 plazas para la ejecuci\u00f3n del proyecto \u201cClamber-Castilla-La Mancha\u201d. Para m\u00e1s informaci\u00f3n, consulta las bases:<\/p>\n<p><a href=\"https:\/\/blog.uclm.es\/enresa\/wp-content\/uploads\/sites\/160\/2013\/10\/2014_1020.pdf\">Convocatoria<\/a><\/p>\n<ul>\n<li><strong>Becas C\u00e1tedra ENRESA para la formaci\u00f3n de j\u00f3venes investigadores<\/strong>. Convocatoria de ayudas pre-doctorales para estancias en otras Universidades y Centros de Investigaci\u00f3n extranjeros:<\/li>\n<\/ul>\n<p><a href=\"https:\/\/blog.uclm.es\/enresa\/wp-content\/uploads\/sites\/160\/2013\/10\/becas-predoctorales_ENRESA.pdf\">Becas predoctorales_ENRESA<\/a><\/p>\n<p><strong>Resoluci\u00f3n de la convocatoria:<\/strong> <a href=\"https:\/\/blog.uclm.es\/enresa\/wp-content\/uploads\/sites\/160\/2013\/10\/Resolucion-ayudas-pre-doctorales.pdf\">Ayudas pre-doctorales<\/a><\/p>\n<ul>\n<li><span style=\"line-height: 13px\">Becas de colaboraci\u00f3n en tareas de investigaci\u00f3n (ALUMNOS)<\/span><\/li>\n<\/ul>\n<p><a href=\"https:\/\/blog.uclm.es\/enresa\/wp-content\/uploads\/sites\/160\/2013\/10\/CONVOCATORIA-2013-BCL-4998-1.pdf\">CONVOCATORIA<\/a><\/p>\n","protected":false},"excerpt":{"rendered":"<p>Convocatoria 2017 de ayudas post-doctorales para estancias en otras Universidades y Centros de Investigaci\u00f3n extranjeros Bases convocatoria de ayudas post-doctorales C\u00e1tedra ENRESA para estancias Convocatoria de premios C\u00e1tedra ENRESA al mejor Trabajo sobre Energ\u00eda Nuclear en la UCLM. Se convoca un premio al mejor Trabajo Fin de Grado y Trabajo Fin de M\u00e1ster relacionados con &hellip; <a href=\"https:\/\/blog.uclm.es\/enresa\/convocatorias\/\" class=\"more-link\">Continuar leyendo<span class=\"screen-reader-text\"> \u00abCONVOCATORIAS\u00bb<\/span><\/a><\/p>\n","protected":false},"author":225,"featured_media":0,"parent":0,"menu_order":0,"comment_status":"closed","ping_status":"open","template":"","meta":{"footnotes":""},"class_list":["post-12","page","type-page","status-publish","hentry"],"_links":{"self":[{"href":"https:\/\/blog.uclm.es\/enresa\/wp-json\/wp\/v2\/pages\/12","targetHints":{"allow":["GET"]}}],"collection":[{"href":"https:\/\/blog.uclm.es\/enresa\/wp-json\/wp\/v2\/pages"}],"about":[{"href":"https:\/\/blog.uclm.es\/enresa\/wp-json\/wp\/v2\/types\/page"}],"author":[{"embeddable":true,"href":"https:\/\/blog.uclm.es\/enresa\/wp-json\/wp\/v2\/users\/225"}],"replies":[{"embeddable":true,"href":"https:\/\/blog.uclm.es\/enresa\/wp-json\/wp\/v2\/comments?post=12"}],"version-history":[{"count":0,"href":"https:\/\/blog.uclm.es\/enresa\/wp-json\/wp\/v2\/pages\/12\/revisions"}],"wp:attachment":[{"href":"https:\/\/blog.uclm.es\/enresa\/wp-json\/wp\/v2\/media?parent=12"}],"curies":[{"name":"wp","href":"https:\/\/api.w.org\/{rel}","templated":true}]}}