{"id":11,"date":"2013-10-29T10:13:35","date_gmt":"2013-10-29T09:13:35","guid":{"rendered":"http:\/\/blog.uclm.es\/enresa\/?page_id=11"},"modified":"2013-10-29T10:13:35","modified_gmt":"2013-10-29T09:13:35","slug":"actividades","status":"publish","type":"page","link":"https:\/\/blog.uclm.es\/enresa\/actividades\/","title":{"rendered":"ACTIVIDADES"},"content":{"rendered":"<p style=\"text-align: justify\">El conjunto de actividades propuestas para la primera anualidad son las siguientes, si bien la reuni\u00f3n de la comisi\u00f3n de seguimiento de la c\u00e1tedra podr\u00e1 establecer modificaciones en la misma.<\/p>\n<ul>\n<li style=\"text-align: justify\">Dise\u00f1o de p\u00e1gina web C\u00e1tedra ENRESA<\/li>\n<li style=\"text-align: justify\">Becas C\u00e1tedra ENRESA para estudios oficiales de postgrado en Energ\u00eda y Medioambiente.<\/li>\n<li style=\"text-align: justify\">Ciclo de Conferencias C\u00e1tedra ENRESA en investigaci\u00f3n de frontera.<\/li>\n<li style=\"text-align: justify\">Dise\u00f1o del estudio del impacto socio-econ\u00f3mico del ATC en Villar de Ca\u00f1as.<\/li>\n<li style=\"text-align: justify\">Patrocinio del Energy and Environment Knowledge Week \u2013E2KW 2013-.<\/li>\n<li style=\"text-align: justify\">Becas C\u00e1tedra ENRESA para la formaci\u00f3n de j\u00f3venes investigadores.<\/li>\n<li style=\"text-align: justify\">Premio C\u00e1tedra ENRESA al mejor p\u00f3ster en las Jornadas Doctorales de la Universidad de Castilla-La Mancha.<\/li>\n<li style=\"text-align: justify\">Premio Nacional C\u00e1tedra ENRESA al mejor trabajo de investigaci\u00f3n en sostenibilidad.<\/li>\n<\/ul>\n<p><a title=\"Cursos y Seminarios\" href=\"http:\/\/blog.uclm.es\/enresa\/cursos-y-seminarios\/\">Cursos y Seminarios<\/a><\/p>\n<p><a title=\"Jornadas y Congresos\" href=\"http:\/\/blog.uclm.es\/enresa\/jornadas-y-congresos\/\">Jornadas y Congresos<\/a><\/p>\n<p><a title=\"Premios y Concursos\" href=\"http:\/\/blog.uclm.es\/enresa\/premios-y-concursos\/\">Premios y Concursos<\/a><\/p>\n<p><a title=\"Otras Actividades\" href=\"http:\/\/blog.uclm.es\/enresa\/otras-actividades\/\">Otras Actividades<\/a><\/p>\n<p>&nbsp;<\/p>\n","protected":false},"excerpt":{"rendered":"<p>El conjunto de actividades propuestas para la primera anualidad son las siguientes, si bien la reuni\u00f3n de la comisi\u00f3n de seguimiento de la c\u00e1tedra podr\u00e1 establecer modificaciones en la misma. Dise\u00f1o de p\u00e1gina web C\u00e1tedra ENRESA Becas C\u00e1tedra ENRESA para estudios oficiales de postgrado en Energ\u00eda y Medioambiente. Ciclo de Conferencias C\u00e1tedra ENRESA en investigaci\u00f3n &hellip; <a href=\"https:\/\/blog.uclm.es\/enresa\/actividades\/\" class=\"more-link\">Continuar leyendo<span class=\"screen-reader-text\"> \u00abACTIVIDADES\u00bb<\/span><\/a><\/p>\n","protected":false},"author":225,"featured_media":0,"parent":0,"menu_order":0,"comment_status":"closed","ping_status":"open","template":"","meta":{"footnotes":""},"class_list":["post-11","page","type-page","status-publish","hentry"],"_links":{"self":[{"href":"https:\/\/blog.uclm.es\/enresa\/wp-json\/wp\/v2\/pages\/11","targetHints":{"allow":["GET"]}}],"collection":[{"href":"https:\/\/blog.uclm.es\/enresa\/wp-json\/wp\/v2\/pages"}],"about":[{"href":"https:\/\/blog.uclm.es\/enresa\/wp-json\/wp\/v2\/types\/page"}],"author":[{"embeddable":true,"href":"https:\/\/blog.uclm.es\/enresa\/wp-json\/wp\/v2\/users\/225"}],"replies":[{"embeddable":true,"href":"https:\/\/blog.uclm.es\/enresa\/wp-json\/wp\/v2\/comments?post=11"}],"version-history":[{"count":0,"href":"https:\/\/blog.uclm.es\/enresa\/wp-json\/wp\/v2\/pages\/11\/revisions"}],"wp:attachment":[{"href":"https:\/\/blog.uclm.es\/enresa\/wp-json\/wp\/v2\/media?parent=11"}],"curies":[{"name":"wp","href":"https:\/\/api.w.org\/{rel}","templated":true}]}}