{"id":56,"date":"2013-12-11T14:10:59","date_gmt":"2013-12-11T13:10:59","guid":{"rendered":"http:\/\/blog.uclm.es\/elisapoveda\/?page_id=56"},"modified":"2013-12-11T14:10:59","modified_gmt":"2013-12-11T13:10:59","slug":"tesis","status":"publish","type":"page","link":"https:\/\/blog.uclm.es\/elisapoveda\/tesis\/","title":{"rendered":"Tesis"},"content":{"rendered":"<p><strong>Fatiga en Sistemas de V\u00eda en Placa. Modelo Num\u00e9rico y Validaci\u00f3n Experimental<\/strong><br \/>\n<em><br \/>\n(Grupo de investigaci\u00f3n de Mec\u00e1nica de S\u00f3lidos)<\/em><\/p>\n<p>DIRECTORES: Rena C. Yu y Juan Carlos Lancha Fern\u00e1ndez<\/p>\n<p>CALIFICACI\u00d3N: Apto, Cum Laude por unanimidad (12-04-2013)<\/p>\n<p><a href=\"https:\/\/blog.uclm.es\/elisapoveda\/wp-content\/uploads\/sites\/15\/2013\/12\/Foto_Tesis.jpg\"><img loading=\"lazy\" decoding=\"async\" src=\"https:\/\/blog.uclm.es\/elisapoveda\/wp-content\/uploads\/sites\/15\/2013\/12\/Foto_Tesis.jpg\" alt=\"Foto_Tesis\" width=\"486\" height=\"324\" class=\"aligncenter size-full wp-image-60\" \/><\/a><\/p>\n","protected":false},"excerpt":{"rendered":"<p>Fatiga en Sistemas de V\u00eda en Placa. Modelo Num\u00e9rico y Validaci\u00f3n Experimental (Grupo de investigaci\u00f3n de Mec\u00e1nica de S\u00f3lidos) DIRECTORES: Rena C. Yu y Juan Carlos Lancha Fern\u00e1ndez CALIFICACI\u00d3N: Apto, Cum Laude por unanimidad (12-04-2013)<\/p>\n","protected":false},"author":49,"featured_media":0,"parent":0,"menu_order":0,"comment_status":"closed","ping_status":"open","template":"","meta":{"footnotes":""},"class_list":["post-56","page","type-page","status-publish","hentry"],"_links":{"self":[{"href":"https:\/\/blog.uclm.es\/elisapoveda\/wp-json\/wp\/v2\/pages\/56","targetHints":{"allow":["GET"]}}],"collection":[{"href":"https:\/\/blog.uclm.es\/elisapoveda\/wp-json\/wp\/v2\/pages"}],"about":[{"href":"https:\/\/blog.uclm.es\/elisapoveda\/wp-json\/wp\/v2\/types\/page"}],"author":[{"embeddable":true,"href":"https:\/\/blog.uclm.es\/elisapoveda\/wp-json\/wp\/v2\/users\/49"}],"replies":[{"embeddable":true,"href":"https:\/\/blog.uclm.es\/elisapoveda\/wp-json\/wp\/v2\/comments?post=56"}],"version-history":[{"count":0,"href":"https:\/\/blog.uclm.es\/elisapoveda\/wp-json\/wp\/v2\/pages\/56\/revisions"}],"wp:attachment":[{"href":"https:\/\/blog.uclm.es\/elisapoveda\/wp-json\/wp\/v2\/media?parent=56"}],"curies":[{"name":"wp","href":"https:\/\/api.w.org\/{rel}","templated":true}]}}