{"id":494,"date":"2025-04-07T12:56:22","date_gmt":"2025-04-07T10:56:22","guid":{"rendered":"https:\/\/blog.uclm.es\/elenanavarro\/?page_id=494"},"modified":"2026-03-11T11:50:24","modified_gmt":"2026-03-11T10:50:24","slug":"phd-supervised","status":"publish","type":"page","link":"https:\/\/blog.uclm.es\/elenanavarro\/phd-supervised\/","title":{"rendered":"PhD Supervised"},"content":{"rendered":"\n<div class=\"wp-block-columns is-layout-flex wp-container-core-columns-is-layout-1a2ddb66 wp-block-columns-is-layout-flex\" style=\"padding-right:var(--wp--preset--spacing--30);padding-left:var(--wp--preset--spacing--30)\">\n<div class=\"wp-block-column is-layout-flow wp-block-column-is-layout-flow\" style=\"flex-basis:40%\">\n<h6 class=\"wp-block-heading\">A Continual Reinforcement Learning Approach Inspired by Theory of Mind<\/h6>\n<\/div>\n\n\n\n<div class=\"wp-block-column is-layout-flow wp-block-column-is-layout-flow\" style=\"flex-basis:60%\">\n<p><strong>By:\u00a0<\/strong>Luis Fernando Zhinin Vera<br><strong>Supervisors:\u00a0<\/strong>Elena Mar\u00eda Navarro Mart\u00ednez and V\u00edctor Manuel L\u00f3pez Jaquero<br><strong>Date:<\/strong>\u00a0December 2025<\/p>\n<\/div>\n<\/div>\n\n\n\n<div class=\"wp-block-columns is-layout-flex wp-container-core-columns-is-layout-1a2ddb66 wp-block-columns-is-layout-flex\" style=\"padding-right:var(--wp--preset--spacing--30);padding-left:var(--wp--preset--spacing--30)\">\n<div class=\"wp-block-column is-layout-flow wp-block-column-is-layout-flow\" style=\"flex-basis:40%\">\n<h6 class=\"wp-block-heading\">MAS4DT: A Proposal for Developing Digital Twins Based-on Multi-Agent Systems<\/h6>\n<\/div>\n\n\n\n<div class=\"wp-block-column is-layout-flow wp-block-column-is-layout-flow\" style=\"flex-basis:60%\">\n<p><strong>By:&nbsp;<\/strong>Mar\u00eda Elena Pretel Fern\u00e1ndez<br><strong>Supervisors:&nbsp;<\/strong>Elena Mar\u00eda Navarro Mart\u00ednez and Pascual Gonz\u00e1lez L\u00f3pez<br><strong>Date:<\/strong>&nbsp;Noviembre 2025<\/p>\n<\/div>\n<\/div>\n\n\n\n<div class=\"wp-block-columns is-layout-flex wp-container-core-columns-is-layout-1a2ddb66 wp-block-columns-is-layout-flex\" style=\"padding-right:var(--wp--preset--spacing--30);padding-left:var(--wp--preset--spacing--30)\">\n<div class=\"wp-block-column is-layout-flow wp-block-column-is-layout-flow\" style=\"flex-basis:40%\">\n<h6 class=\"wp-block-heading\">Generaci\u00f3n Inteligente de Actividades de Telerehabilitaci\u00f3n Basada en Modelos<\/h6>\n<\/div>\n\n\n\n<div class=\"wp-block-column is-layout-flow wp-block-column-is-layout-flow\" style=\"flex-basis:60%\">\n<p><strong>By:&nbsp;<\/strong>Alejandro Moya Moya<br><strong>Supervisors:&nbsp;<\/strong>Elena Mar\u00eda Navarro Mart\u00ednez and Francisco Javier Ja\u00e9n Mart\u00ednez<br><strong>Date:<\/strong>&nbsp;December 2024<\/p>\n<\/div>\n<\/div>\n\n\n\n<div class=\"wp-block-columns is-layout-flex wp-container-core-columns-is-layout-1a2ddb66 wp-block-columns-is-layout-flex\" style=\"padding-right:var(--wp--preset--spacing--30);padding-left:var(--wp--preset--spacing--30)\">\n<div class=\"wp-block-column is-layout-flow wp-block-column-is-layout-flow\" style=\"flex-basis:40%\">\n<h6 class=\"wp-block-heading\">A proposal for Adaptation in e-Health environments<\/h6>\n<\/div>\n\n\n\n<div class=\"wp-block-column is-layout-flow wp-block-column-is-layout-flow\" style=\"flex-basis:60%\">\n<p><strong>By:&nbsp;<\/strong>Cristina Roda S\u00e1nchez<br><strong>Supervisors:&nbsp;<\/strong>V\u00edctor Manuel L\u00f3pez Jaquero &amp; Elena Mar\u00eda Navarro Mart\u00ednez<br><strong>Date:<\/strong>&nbsp;July 2017<\/p>\n<\/div>\n<\/div>\n\n\n\n<div class=\"wp-block-columns is-layout-flex wp-container-core-columns-is-layout-1a2ddb66 wp-block-columns-is-layout-flex\" style=\"padding-right:var(--wp--preset--spacing--30);padding-left:var(--wp--preset--spacing--30)\">\n<div class=\"wp-block-column is-layout-flow wp-block-column-is-layout-flow\" style=\"flex-basis:40%\">\n<h6 class=\"wp-block-heading\">Improving Collaborative Post-WIMP Systems through Requirements Specification<\/h6>\n<\/div>\n\n\n\n<div class=\"wp-block-column is-layout-flow wp-block-column-is-layout-flow\" style=\"flex-basis:60%\">\n<p><strong>By:&nbsp;<\/strong>Miguel Angel Teruel Martinez<br><strong>Awards:&nbsp;<\/strong><\/p>\n\n\n\n<ul class=\"wp-block-list\">\n<li>Prize for the best doctoral thesis in Engineering awarded by the University of Castilla-La Mancha<\/li>\n\n\n\n<li>Prize for the best doctoral thesis in Software Engineering awarded by SISTEDES (2018)<\/li>\n<\/ul>\n\n\n\n<p><strong>Supervisors:&nbsp;<\/strong>Pascual Gonz\u00e1lez L\u00f3pez &amp; Elena Mar\u00eda Navarro Mart\u00ednez<br><strong>Date:<\/strong>&nbsp;September 2016<\/p>\n<\/div>\n<\/div>\n\n\n\n<div class=\"wp-block-columns is-layout-flex wp-container-core-columns-is-layout-1a2ddb66 wp-block-columns-is-layout-flex\" style=\"padding-right:var(--wp--preset--spacing--30);padding-left:var(--wp--preset--spacing--30)\">\n<div class=\"wp-block-column is-layout-flow wp-block-column-is-layout-flow\" style=\"flex-basis:40%\">\n<h6 class=\"wp-block-heading\">VigilAgent: An agent-based methodology for modeling and implementation of multisensorial surveillance systems<\/h6>\n<\/div>\n\n\n\n<div class=\"wp-block-column is-layout-flow wp-block-column-is-layout-flow\" style=\"flex-basis:60%\">\n<p><strong>By:&nbsp;<\/strong>Jose Manuel Gascue\u00f1a<br><strong>Supervisors:&nbsp;<\/strong>Antonio Fern\u00e1ndez Caballero &amp; Elena Mar\u00eda Navarro Mart\u00ednez<br><strong>Date:<\/strong>&nbsp;May 2010<\/p>\n<\/div>\n<\/div>\n","protected":false},"excerpt":{"rendered":"<p>A Continual Reinforcement Learning Approach Inspired by Theory of Mind By:\u00a0Luis Fernando Zhinin VeraSupervisors:\u00a0Elena Mar\u00eda Navarro Mart\u00ednez and V\u00edctor Manuel L\u00f3pez JaqueroDate:\u00a0December 2025 MAS4DT: A Proposal for Developing Digital Twins Based-on Multi-Agent Systems By:&nbsp;Mar\u00eda Elena Pretel Fern\u00e1ndezSupervisors:&nbsp;Elena Mar\u00eda Navarro Mart\u00ednez and Pascual Gonz\u00e1lez L\u00f3pezDate:&nbsp;Noviembre 2025 Generaci\u00f3n Inteligente de Actividades de Telerehabilitaci\u00f3n Basada en Modelos By:&nbsp;Alejandro [&hellip;]<\/p>\n","protected":false},"author":110,"featured_media":0,"parent":0,"menu_order":0,"comment_status":"closed","ping_status":"closed","template":"","meta":{"footnotes":""},"class_list":["post-494","page","type-page","status-publish","hentry"],"_links":{"self":[{"href":"https:\/\/blog.uclm.es\/elenanavarro\/wp-json\/wp\/v2\/pages\/494","targetHints":{"allow":["GET"]}}],"collection":[{"href":"https:\/\/blog.uclm.es\/elenanavarro\/wp-json\/wp\/v2\/pages"}],"about":[{"href":"https:\/\/blog.uclm.es\/elenanavarro\/wp-json\/wp\/v2\/types\/page"}],"author":[{"embeddable":true,"href":"https:\/\/blog.uclm.es\/elenanavarro\/wp-json\/wp\/v2\/users\/110"}],"replies":[{"embeddable":true,"href":"https:\/\/blog.uclm.es\/elenanavarro\/wp-json\/wp\/v2\/comments?post=494"}],"version-history":[{"count":8,"href":"https:\/\/blog.uclm.es\/elenanavarro\/wp-json\/wp\/v2\/pages\/494\/revisions"}],"predecessor-version":[{"id":612,"href":"https:\/\/blog.uclm.es\/elenanavarro\/wp-json\/wp\/v2\/pages\/494\/revisions\/612"}],"wp:attachment":[{"href":"https:\/\/blog.uclm.es\/elenanavarro\/wp-json\/wp\/v2\/media?parent=494"}],"curies":[{"name":"wp","href":"https:\/\/api.w.org\/{rel}","templated":true}]}}