{"id":476,"date":"2025-04-04T13:01:23","date_gmt":"2025-04-04T11:01:23","guid":{"rendered":"https:\/\/blog.uclm.es\/elenanavarro\/?page_id=476"},"modified":"2025-07-28T20:08:08","modified_gmt":"2025-07-28T18:08:08","slug":"positions","status":"publish","type":"page","link":"https:\/\/blog.uclm.es\/elenanavarro\/positions\/","title":{"rendered":"Positions"},"content":{"rendered":"\n<div class=\"wp-block-group has-global-padding is-layout-constrained wp-block-group-is-layout-constrained\">\n<div class=\"wp-block-columns is-layout-flex wp-container-core-columns-is-layout-0806ab5c wp-block-columns-is-layout-flex\" style=\"margin-top:var(--wp--preset--spacing--30);margin-bottom:var(--wp--preset--spacing--30)\">\n<div class=\"wp-block-column is-layout-flow wp-block-column-is-layout-flow\" style=\"flex-basis:25%\">\n<figure class=\"wp-block-image size-large is-resized\"><a href=\"https:\/\/www.scie.es\/\"><img decoding=\"async\" src=\"https:\/\/www.scie.es\/wp-content\/uploads\/2023\/01\/AF_SCIE_COMPLETA_POSITIVO_recortado.svg\" alt=\"\" style=\"width:247px;height:auto\" \/><\/a><\/figure>\n<\/div>\n\n\n\n<div class=\"wp-block-column is-layout-flow wp-block-column-is-layout-flow\" style=\"flex-basis:75%\">\n<ul class=\"wp-block-list\">\n<li>Treasurer of the Sociedad Cient\u00edfica Inform\u00e1tica de Espa\u00f1a (SCIE) (June 2024-present)<\/li>\n<\/ul>\n<\/div>\n<\/div>\n\n\n\n<div class=\"wp-block-columns is-layout-flex wp-container-core-columns-is-layout-0806ab5c wp-block-columns-is-layout-flex\" style=\"margin-top:var(--wp--preset--spacing--30);margin-bottom:var(--wp--preset--spacing--30)\">\n<div class=\"wp-block-column is-layout-flow wp-block-column-is-layout-flow\" style=\"flex-basis:25%\">\n<figure class=\"wp-block-image size-large is-resized\"><a href=\"https:\/\/www.sistedes.es\/\"><img decoding=\"async\" src=\"https:\/\/www.sistedes.es\/wp-content\/themes\/sistedes\/logo.png\" alt=\"\" style=\"width:266px;height:auto\" \/><\/a><\/figure>\n<\/div>\n\n\n\n<div class=\"wp-block-column is-layout-flow wp-block-column-is-layout-flow\" style=\"flex-basis:75%\">\n<ul class=\"wp-block-list\">\n<li>Vice-President of the Society of Software Engineering and Software Development Technologies (SISTEDES) (September 2022-present)<\/li>\n<\/ul>\n<\/div>\n<\/div>\n\n\n\n<div class=\"wp-block-columns is-layout-flex wp-container-core-columns-is-layout-0806ab5c wp-block-columns-is-layout-flex\" style=\"margin-top:var(--wp--preset--spacing--30);margin-bottom:var(--wp--preset--spacing--30)\">\n<div class=\"wp-block-column is-layout-flow wp-block-column-is-layout-flow\" style=\"flex-basis:25%\">\n<figure class=\"wp-block-image size-large is-resized\"><a href=\"https:\/\/www.aneca.es\/\"><img decoding=\"async\" src=\"https:\/\/www.aneca.es\/o\/aneca-theme\/img\/Logo_ANECA.png\" alt=\"\" style=\"width:242px;height:auto\" \/><\/a><\/figure>\n<\/div>\n\n\n\n<div class=\"wp-block-column is-layout-flow wp-block-column-is-layout-flow\" style=\"flex-basis:75%\">\n<ul class=\"wp-block-list\">\n<li>President of the advisory committee of field 6.2 of the CNEAI for the evaluation of research activity (Sexenios 2022).<\/li>\n\n\n\n<li>Member of the panel of expert advisors of field 6.2 of the CNEAI for the evaluation of research activity (Sexenios 2021).<\/li>\n\n\n\n<li>Member of the scientific-technical evaluation committee of the Information and Communication Technologies Area, Computer Science and Information Technology Sub-area. State Plan 1018 RESEARCH CHALLENGES 2018.<\/li>\n\n\n\n<li>Member of the ANEP Expert Panel for the AREA of Information and Communication Technology since 2014.<\/li>\n<\/ul>\n<\/div>\n<\/div>\n\n\n\n<div class=\"wp-block-columns is-layout-flex wp-container-core-columns-is-layout-0806ab5c wp-block-columns-is-layout-flex\" style=\"margin-top:var(--wp--preset--spacing--30);margin-bottom:var(--wp--preset--spacing--30)\">\n<div class=\"wp-block-column is-layout-flow wp-block-column-is-layout-flow\" style=\"flex-basis:25%\">\n<figure class=\"wp-block-image size-full is-resized\"><a href=\"https:\/\/www.juntadeandalucia.es\/organismos\/accua.html\"><img loading=\"lazy\" decoding=\"async\" width=\"365\" height=\"133\" src=\"https:\/\/blog.uclm.es\/elenanavarro\/wp-content\/uploads\/sites\/318\/2025\/07\/accua.png\" alt=\"\" class=\"wp-image-555\" style=\"width:242px;height:auto\" srcset=\"https:\/\/blog.uclm.es\/elenanavarro\/wp-content\/uploads\/sites\/318\/2025\/07\/accua.png 365w, https:\/\/blog.uclm.es\/elenanavarro\/wp-content\/uploads\/sites\/318\/2025\/07\/accua-300x109.png 300w\" sizes=\"auto, (max-width: 365px) 100vw, 365px\" \/><\/a><\/figure>\n<\/div>\n\n\n\n<div class=\"wp-block-column is-layout-flow wp-block-column-is-layout-flow\" style=\"flex-basis:75%\">\n<ul class=\"wp-block-list\">\n<li>Member of the advisory committee of the \u00a0Agencia para la Calidad Cient\u00edfica y Universitaria de Andaluc\u00eda (since 2024)<\/li>\n<\/ul>\n<\/div>\n<\/div>\n\n\n\n<div class=\"wp-block-columns is-layout-flex wp-container-core-columns-is-layout-28f84493 wp-block-columns-is-layout-flex\">\n<div class=\"wp-block-column is-layout-flow wp-block-column-is-layout-flow\" style=\"flex-basis:25%\">\n<figure class=\"wp-block-image size-large is-resized\"><a href=\"https:\/\/www.uclm.es\/\"><img decoding=\"async\" src=\"https:\/\/www.uclm.es\/images\/logos\/Logo_uclm.png\" alt=\"\" style=\"width:242px;height:auto\" \/><\/a><\/figure>\n<\/div>\n\n\n\n<div class=\"wp-block-column is-layout-flow wp-block-column-is-layout-flow\" style=\"flex-basis:75%\">\n<ul class=\"wp-block-list\">\n<li>Member of the Complaints Commission of the University of Castilla-La Mancha (January 2021-present)<\/li>\n\n\n\n<li>Member of the Commission for Scientific Dissemination and Culture of the University of Castilla-La Mancha (January 2021-present)<\/li>\n\n\n\n<li>Member of the Equality Committee of the Faculty of Computer Science Engineering (May, 2017-present)<\/li>\n\n\n\n<li>Elected member of the Board of the Centre of the Faculty of Computer Science Engineering  (June 2016 &#8211; April \/2021)<\/li>\n\n\n\n<li>Deputy Director of External Relations of the Faculty of Computer Science Engineering (June 2016 &#8211; April \/2021)<\/li>\n\n\n\n<li>Ex officio member of the Board of the Department of Computer Systems (PhD sector) (June, 2008 &#8211; present)<\/li>\n<\/ul>\n<\/div>\n<\/div>\n<\/div>\n","protected":false},"excerpt":{"rendered":"","protected":false},"author":110,"featured_media":0,"parent":0,"menu_order":0,"comment_status":"closed","ping_status":"closed","template":"","meta":{"footnotes":""},"class_list":["post-476","page","type-page","status-publish","hentry"],"_links":{"self":[{"href":"https:\/\/blog.uclm.es\/elenanavarro\/wp-json\/wp\/v2\/pages\/476","targetHints":{"allow":["GET"]}}],"collection":[{"href":"https:\/\/blog.uclm.es\/elenanavarro\/wp-json\/wp\/v2\/pages"}],"about":[{"href":"https:\/\/blog.uclm.es\/elenanavarro\/wp-json\/wp\/v2\/types\/page"}],"author":[{"embeddable":true,"href":"https:\/\/blog.uclm.es\/elenanavarro\/wp-json\/wp\/v2\/users\/110"}],"replies":[{"embeddable":true,"href":"https:\/\/blog.uclm.es\/elenanavarro\/wp-json\/wp\/v2\/comments?post=476"}],"version-history":[{"count":10,"href":"https:\/\/blog.uclm.es\/elenanavarro\/wp-json\/wp\/v2\/pages\/476\/revisions"}],"predecessor-version":[{"id":557,"href":"https:\/\/blog.uclm.es\/elenanavarro\/wp-json\/wp\/v2\/pages\/476\/revisions\/557"}],"wp:attachment":[{"href":"https:\/\/blog.uclm.es\/elenanavarro\/wp-json\/wp\/v2\/media?parent=476"}],"curies":[{"name":"wp","href":"https:\/\/api.w.org\/{rel}","templated":true}]}}