{"id":406,"date":"2025-04-02T18:36:11","date_gmt":"2025-04-02T16:36:11","guid":{"rendered":"https:\/\/blog.uclm.es\/elenanavarro\/?page_id=406"},"modified":"2026-03-03T12:31:56","modified_gmt":"2026-03-03T11:31:56","slug":"regional-projects","status":"publish","type":"page","link":"https:\/\/blog.uclm.es\/elenanavarro\/regional-projects\/","title":{"rendered":"Regional Projects"},"content":{"rendered":"\n<div class=\"wp-block-group alignfull has-foreground-background-color has-background has-global-padding is-layout-constrained wp-block-group-is-layout-constrained\">\n<div class=\"wp-block-columns is-layout-flex wp-container-core-columns-is-layout-28f84493 wp-block-columns-is-layout-flex\">\n<div class=\"wp-block-column is-layout-flow wp-block-column-is-layout-flow\">\n<div class=\"wp-block-columns is-layout-flex wp-container-core-columns-is-layout-1a2ddb66 wp-block-columns-is-layout-flex\" style=\"padding-right:var(--wp--preset--spacing--30);padding-left:var(--wp--preset--spacing--30)\">\n<div class=\"wp-block-column is-layout-flow wp-block-column-is-layout-flow\" style=\"flex-basis:40%\">\n<h6 class=\"wp-block-heading\">A Framework for developing Federated Digital Twins to pursue the Society 5.0 (FDT4S)<\/h6>\n<\/div>\n\n\n\n<div class=\"wp-block-column is-layout-flow wp-block-column-is-layout-flow\" style=\"flex-basis:60%\">\n<p><strong>Funded by:\u00a0<\/strong>JUNTA DE COMUNIDADES DE CASTILLA-LA MANCHA<br><strong>From:<\/strong> 01\/11\/2025<strong>\u00a0until:\u00a0<\/strong>31\/10\/2028<br><strong>Principal Investigator:\u00a0<\/strong>Navarro, Elena &amp; Gonzalez Lopez, Pascual J. <\/p>\n<\/div>\n<\/div>\n\n\n\n<div class=\"wp-block-columns is-layout-flex wp-container-core-columns-is-layout-1a2ddb66 wp-block-columns-is-layout-flex\" style=\"padding-right:var(--wp--preset--spacing--30);padding-left:var(--wp--preset--spacing--30)\">\n<div class=\"wp-block-column is-layout-flow wp-block-column-is-layout-flow\" style=\"flex-basis:40%\">\n<h6 class=\"wp-block-heading\">Dise\u00f1o centrado en el usuario de drones asistenciales mediante gemelos digitales<\/h6>\n<\/div>\n\n\n\n<div class=\"wp-block-column is-layout-flow wp-block-column-is-layout-flow\" style=\"flex-basis:60%\">\n<p><strong>Funded by:&nbsp;<\/strong>JUNTA DE COMUNIDADES DE CASTILLA-LA MANCHA<br><strong>From:<\/strong> 01\/09\/2022<strong>&nbsp;until:&nbsp;<\/strong>31\/12\/2025<br><strong>Principal Investigator:&nbsp;<\/strong>Gonzalez Lopez, Pascual J. &amp; Morales, Rafael<\/p>\n<\/div>\n<\/div>\n\n\n\n<div class=\"wp-block-columns is-layout-flex wp-container-core-columns-is-layout-1a2ddb66 wp-block-columns-is-layout-flex\" style=\"padding-right:var(--wp--preset--spacing--30);padding-left:var(--wp--preset--spacing--30)\">\n<div class=\"wp-block-column is-layout-flow wp-block-column-is-layout-flow\" style=\"flex-basis:40%\">\n<h6 class=\"wp-block-heading\">NeUX: Evaluando la eXperiencia de Usuario en personas mayores con t\u00e9cnicas de Neuroevaluaci\u00f3n (SBPLY\/17\/180501\/000192)<\/h6>\n<\/div>\n\n\n\n<div class=\"wp-block-column is-layout-flow wp-block-column-is-layout-flow\" style=\"flex-basis:60%\">\n<p><strong>Funded by:&nbsp;<\/strong>JUNTA DE COMUNIDADES DE CASTILLA-LA MANCHA<br><strong>From:<\/strong> 01\/09\/2018<strong>&nbsp;until:&nbsp;<\/strong>31\/08\/2021<br><strong>Principal Investigator:&nbsp;<\/strong>Montero Simarro, Francisco &amp; L\u00f3pez Bonal, Mar\u00eda Teresa<\/p>\n<\/div>\n<\/div>\n\n\n\n<div class=\"wp-block-columns is-layout-flex wp-container-core-columns-is-layout-1a2ddb66 wp-block-columns-is-layout-flex\" style=\"padding-right:var(--wp--preset--spacing--30);padding-left:var(--wp--preset--spacing--30)\">\n<div class=\"wp-block-column is-layout-flow wp-block-column-is-layout-flow\" style=\"flex-basis:40%\">\n<h6 class=\"wp-block-heading\">Nuevos entornos y paradigmas de interacci\u00f3n<\/h6>\n<\/div>\n\n\n\n<div class=\"wp-block-column is-layout-flow wp-block-column-is-layout-flow\" style=\"flex-basis:60%\">\n<p><strong>Funded by:&nbsp;<\/strong>JUNTA DE COMUNIDADES DE CASTILLA-LA MANCHA<br><strong>From:<\/strong> 01\/04\/2009<strong>&nbsp;until:&nbsp;<\/strong>31\/12\/2012<br><strong>Principal Investigator:&nbsp;<\/strong>Gonzalez Lopez, Pascual J.<\/p>\n<\/div>\n<\/div>\n\n\n\n<div class=\"wp-block-columns is-layout-flex wp-container-core-columns-is-layout-1a2ddb66 wp-block-columns-is-layout-flex\" style=\"padding-right:var(--wp--preset--spacing--30);padding-left:var(--wp--preset--spacing--30)\">\n<div class=\"wp-block-column is-layout-flow wp-block-column-is-layout-flow\" style=\"flex-basis:40%\">\n<h6 class=\"wp-block-heading\">HABITAT: Una propuesta operacional para el desarrollo centrado en el usuario<\/h6>\n<\/div>\n\n\n\n<div class=\"wp-block-column is-layout-flow wp-block-column-is-layout-flow\" style=\"flex-basis:60%\">\n<p><strong>Funded by:&nbsp;<\/strong>JUNTA DE COMUNIDADES DE CASTILLA-LA MANCHA<br><strong>From:<\/strong> 01\/04\/2009&nbsp;<strong>until:<\/strong>&nbsp;31\/03\/2010<br><strong>Principal Investigator:&nbsp;<\/strong>Lopez Jaquero, Victor Manuel<\/p>\n<\/div>\n<\/div>\n\n\n\n<div class=\"wp-block-columns is-layout-flex wp-container-core-columns-is-layout-1a2ddb66 wp-block-columns-is-layout-flex\" style=\"padding-right:var(--wp--preset--spacing--30);padding-left:var(--wp--preset--spacing--30)\">\n<div class=\"wp-block-column is-layout-flow wp-block-column-is-layout-flow\" style=\"flex-basis:40%\">\n<h6 class=\"wp-block-heading\">Desarrollo Dirigido por Modelos en el desarrollo de aplicaciones para la rehabilitaci\u00f3n<\/h6>\n<\/div>\n\n\n\n<div class=\"wp-block-column is-layout-flow wp-block-column-is-layout-flow\" style=\"flex-basis:60%\">\n<p><strong>Funded by:&nbsp;<\/strong>Universidad de Castilla-La Mancha<br><strong>Entidades participantes:&nbsp;<\/strong>Universidad de Castilla-La Mancha<br><strong>From:<\/strong> 05\/03\/2009<strong>&nbsp;until:<\/strong>&nbsp;31\/12\/2009<br><strong>Principal Investigator:&nbsp;<\/strong>Navarro Martinez, Elena Maria<\/p>\n<\/div>\n<\/div>\n\n\n\n<div class=\"wp-block-columns is-layout-flex wp-container-core-columns-is-layout-1a2ddb66 wp-block-columns-is-layout-flex\" style=\"padding-right:var(--wp--preset--spacing--30);padding-left:var(--wp--preset--spacing--30)\">\n<div class=\"wp-block-column is-layout-flow wp-block-column-is-layout-flow\" style=\"flex-basis:40%\">\n<h6 class=\"wp-block-heading\">IASOMM: Arquitecturas de Integraci\u00f3n Orientadas a Servicios. Un Enfoque (URJC-CM-2007-CET-1555)<\/h6>\n<\/div>\n\n\n\n<div class=\"wp-block-column is-layout-flow wp-block-column-is-layout-flow\" style=\"flex-basis:60%\">\n<p><strong>Funded by:&nbsp;<\/strong>Comunidad de Madrid, Univ. Rey Juan Carlos. <br><strong>From:<\/strong> 01\/01\/2008<strong>&nbsp;until:&nbsp;<\/strong>31\/12\/2008<br><strong>Principal Investigator:&nbsp;<\/strong>Cuesta Quintero, Carlos E.<\/p>\n<\/div>\n<\/div>\n\n\n\n<div class=\"wp-block-columns is-layout-flex wp-container-core-columns-is-layout-1a2ddb66 wp-block-columns-is-layout-flex\" style=\"padding-right:var(--wp--preset--spacing--30);padding-left:var(--wp--preset--spacing--30)\">\n<div class=\"wp-block-column is-layout-flow wp-block-column-is-layout-flow\" style=\"flex-basis:40%\">\n<h6 class=\"wp-block-heading\">COMUNICACION Y EVOLUCION DE PROCESOS EN ENTORNOS MULTIEMPRESA<\/h6>\n<\/div>\n\n\n\n<div class=\"wp-block-column is-layout-flow wp-block-column-is-layout-flow\" style=\"flex-basis:60%\">\n<p><strong>Funded by:&nbsp;<\/strong>JUNTA DE COMUNIDADES DE CASTILLA-LA MANCHA<br><strong>From:<\/strong>01\/01\/2002<strong>&nbsp;until:&nbsp;<\/strong>31\/12\/2003<br><strong>Principal Investigator:&nbsp;<\/strong>Garcia-Consuegra Bleda, Jes\u00fas<\/p>\n<\/div>\n<\/div>\n\n\n\n<div class=\"wp-block-columns is-layout-flex wp-container-core-columns-is-layout-1a2ddb66 wp-block-columns-is-layout-flex\" style=\"padding-right:var(--wp--preset--spacing--30);padding-left:var(--wp--preset--spacing--30)\">\n<div class=\"wp-block-column is-layout-flow wp-block-column-is-layout-flow\" style=\"flex-basis:40%\">\n<h6 class=\"wp-block-heading\">Creaci\u00f3n de un sistema inform\u00e1tico integrado para an\u00e1lisis y mejora de la raza ovina manchega (1999-COB-064)<\/h6>\n<\/div>\n\n\n\n<div class=\"wp-block-column is-layout-flow wp-block-column-is-layout-flow\" style=\"flex-basis:60%\">\n<p><strong>Funded by:&nbsp;<\/strong>FEDER<br><strong>Entidades participantes:&nbsp;<\/strong>Departamento de Inform\u00e1tica, Universidad de Castilla-La ManchaCERSYRA, Junta de Comunidades de Castilla-La Mancha<br><strong>From:<\/strong>01\/07\/1999<strong>&nbsp;until:&nbsp;<\/strong>31\/12\/2001<br><strong>Principal Investigator:&nbsp;<\/strong>Cuartero G\u00f3mez, Fernando<\/p>\n<\/div>\n<\/div>\n<\/div>\n<\/div>\n<\/div>\n","protected":false},"excerpt":{"rendered":"<p>A Framework for developing Federated Digital Twins to pursue the Society 5.0 (FDT4S) Funded by:\u00a0JUNTA DE COMUNIDADES DE CASTILLA-LA MANCHAFrom: 01\/11\/2025\u00a0until:\u00a031\/10\/2028Principal Investigator:\u00a0Navarro, Elena &amp; Gonzalez Lopez, Pascual J. Dise\u00f1o centrado en el usuario de drones asistenciales mediante gemelos digitales Funded by:&nbsp;JUNTA DE COMUNIDADES DE CASTILLA-LA MANCHAFrom: 01\/09\/2022&nbsp;until:&nbsp;31\/12\/2025Principal Investigator:&nbsp;Gonzalez Lopez, Pascual J. &amp; Morales, Rafael NeUX: [&hellip;]<\/p>\n","protected":false},"author":110,"featured_media":0,"parent":0,"menu_order":0,"comment_status":"closed","ping_status":"closed","template":"","meta":{"footnotes":""},"class_list":["post-406","page","type-page","status-publish","hentry"],"_links":{"self":[{"href":"https:\/\/blog.uclm.es\/elenanavarro\/wp-json\/wp\/v2\/pages\/406","targetHints":{"allow":["GET"]}}],"collection":[{"href":"https:\/\/blog.uclm.es\/elenanavarro\/wp-json\/wp\/v2\/pages"}],"about":[{"href":"https:\/\/blog.uclm.es\/elenanavarro\/wp-json\/wp\/v2\/types\/page"}],"author":[{"embeddable":true,"href":"https:\/\/blog.uclm.es\/elenanavarro\/wp-json\/wp\/v2\/users\/110"}],"replies":[{"embeddable":true,"href":"https:\/\/blog.uclm.es\/elenanavarro\/wp-json\/wp\/v2\/comments?post=406"}],"version-history":[{"count":6,"href":"https:\/\/blog.uclm.es\/elenanavarro\/wp-json\/wp\/v2\/pages\/406\/revisions"}],"predecessor-version":[{"id":604,"href":"https:\/\/blog.uclm.es\/elenanavarro\/wp-json\/wp\/v2\/pages\/406\/revisions\/604"}],"wp:attachment":[{"href":"https:\/\/blog.uclm.es\/elenanavarro\/wp-json\/wp\/v2\/media?parent=406"}],"curies":[{"name":"wp","href":"https:\/\/api.w.org\/{rel}","templated":true}]}}