{"id":403,"date":"2025-04-02T18:34:56","date_gmt":"2025-04-02T16:34:56","guid":{"rendered":"https:\/\/blog.uclm.es\/elenanavarro\/?page_id=403"},"modified":"2025-04-25T12:44:32","modified_gmt":"2025-04-25T10:44:32","slug":"national-projects","status":"publish","type":"page","link":"https:\/\/blog.uclm.es\/elenanavarro\/national-projects\/","title":{"rendered":"National Projects"},"content":{"rendered":"\n<div class=\"wp-block-columns is-layout-flex wp-container-core-columns-is-layout-1a2ddb66 wp-block-columns-is-layout-flex\" style=\"padding-right:var(--wp--preset--spacing--30);padding-left:var(--wp--preset--spacing--30)\">\n<div class=\"wp-block-column is-layout-flow wp-block-column-is-layout-flow\" style=\"flex-basis:40%\">\n<h6 class=\"wp-block-heading\">Human Digital Twins for fostering Prosocial Behaviour (HDT-PROSOCIAL) (PID2022-140907OB-I00)<\/h6>\n<\/div>\n\n\n\n<div class=\"wp-block-column is-layout-flow wp-block-column-is-layout-flow\" style=\"flex-basis:60%\">\n<p><strong>Funded by:\u00a0<\/strong>MICIU\/AEI\/10.13039\/501100011033 &amp; FEDER, UE<br><strong>From:<\/strong> 01\/09\/2023 \u00a0<strong>until:<\/strong>\u00a031\/08\/2026<br><strong>Principal Investigators:\u00a0<\/strong>L\u00f3pez-Jaquero, V\u00edctor &amp; Montero, Francisco<\/p>\n<\/div>\n<\/div>\n\n\n\n<div class=\"wp-block-columns is-layout-flex wp-container-core-columns-is-layout-1a2ddb66 wp-block-columns-is-layout-flex\" style=\"padding-right:var(--wp--preset--spacing--30);padding-left:var(--wp--preset--spacing--30)\">\n<div class=\"wp-block-column is-layout-flow wp-block-column-is-layout-flow\" style=\"flex-basis:40%\">\n<h6 class=\"wp-block-heading\">TASOVA PLUS &#8211; Red en nuevas Tendencias en Arquitectura Software y Variabilidad (RED2022-134337-T)<\/h6>\n<\/div>\n\n\n\n<div class=\"wp-block-column is-layout-flow wp-block-column-is-layout-flow\" style=\"flex-basis:60%\">\n<p><strong>Funded by:&nbsp;<\/strong>MICIU\/AEI\/10.13039\/501100011033<br><strong>From:<\/strong>01\/06\/2023&nbsp;<strong>until:<\/strong>&nbsp;31\/05\/2025<br><strong>Principal Investigator:&nbsp;<\/strong>Benavides, David<\/p>\n<\/div>\n<\/div>\n\n\n\n<div class=\"wp-block-columns is-layout-flex wp-container-core-columns-is-layout-1a2ddb66 wp-block-columns-is-layout-flex\" style=\"padding-right:var(--wp--preset--spacing--30);padding-left:var(--wp--preset--spacing--30)\">\n<div class=\"wp-block-column is-layout-flow wp-block-column-is-layout-flow\" style=\"flex-basis:40%\">\n<h6 class=\"wp-block-heading\">2gether: Design And Evaluation of a Framework Driven By The User Experience for the Development of Cyberphysical Social Systems for Healthcare (PID2019-108915RB-I00)<\/h6>\n<\/div>\n\n\n\n<div class=\"wp-block-column is-layout-flow wp-block-column-is-layout-flow\" style=\"flex-basis:60%\">\n<p><strong>Funded by:&nbsp;<\/strong>MICIU\/AEI\/10.13039\/501100011033<br><strong>From:<\/strong>01\/06\/2020&nbsp;<strong>until:<\/strong>&nbsp;30\/05\/2023<br><strong>Principal Investigators:&nbsp;<\/strong>Navarro, Elena and L\u00f3pez-Jaquero, V\u00edctor<\/p>\n<\/div>\n<\/div>\n\n\n\n<div class=\"wp-block-columns is-layout-flex wp-container-core-columns-is-layout-1a2ddb66 wp-block-columns-is-layout-flex\" style=\"padding-right:var(--wp--preset--spacing--30);padding-left:var(--wp--preset--spacing--30)\">\n<div class=\"wp-block-column is-layout-flow wp-block-column-is-layout-flow\" style=\"flex-basis:40%\">\n<h6 class=\"wp-block-heading\">TASOVA: Red en nuevas Tendencias en Arquitectura Software y Variabilidad (TIN2017-90644-REDT)<\/h6>\n<\/div>\n\n\n\n<div class=\"wp-block-column is-layout-flow wp-block-column-is-layout-flow\" style=\"flex-basis:60%\">\n<p><strong>Funded by:&nbsp;<\/strong>MICIU\/AEI\/10.13039\/501100011033<br><strong>From:<\/strong>01\/07\/2018&nbsp;<strong>until:<\/strong>&nbsp;31\/07\/2020<br><strong>Principal Investigator:&nbsp;<\/strong>Fuentes, Lidia<\/p>\n<\/div>\n<\/div>\n\n\n\n<div class=\"wp-block-columns is-layout-flex wp-container-core-columns-is-layout-1a2ddb66 wp-block-columns-is-layout-flex\" style=\"padding-right:var(--wp--preset--spacing--30);padding-left:var(--wp--preset--spacing--30)\">\n<div class=\"wp-block-column is-layout-flow wp-block-column-is-layout-flow\" style=\"flex-basis:40%\">\n<h6 class=\"wp-block-heading\">Architecture and Post-WIMP technologies for developing VIrtual, Social, Multi-sensorial and Adaptive environments for tele-RehabiliTation (TIN2016-79100-R)<\/h6>\n<\/div>\n\n\n\n<div class=\"wp-block-column is-layout-flow wp-block-column-is-layout-flow\" style=\"flex-basis:60%\">\n<p><strong>Funded by:<\/strong> MICIU\/AEI\/10.13039\/501100011033<br><strong>From:<\/strong>30\/12\/2016&nbsp;<strong>until:<\/strong>&nbsp;20\/09\/2020<br><strong>Principal Investigators:&nbsp;<\/strong>Gonz\u00e1lez, Pascual and Navarro, Elena<\/p>\n<\/div>\n<\/div>\n\n\n\n<div class=\"wp-block-columns is-layout-flex wp-container-core-columns-is-layout-1a2ddb66 wp-block-columns-is-layout-flex\" style=\"padding-right:var(--wp--preset--spacing--30);padding-left:var(--wp--preset--spacing--30)\">\n<div class=\"wp-block-column is-layout-flow wp-block-column-is-layout-flow\" style=\"flex-basis:40%\">\n<h6 class=\"wp-block-heading\">Simbiosis Humano-Avatar en Ciberterapias Cognitivas: Prueba de Concepto para Alucinaciones Auditivas (TIN2015-72931-EXP)<\/h6>\n<\/div>\n\n\n\n<div class=\"wp-block-column is-layout-flow wp-block-column-is-layout-flow\" style=\"flex-basis:60%\">\n<p><strong>Funded by:&nbsp;<\/strong>MICIU\/AEI\/10.13039\/501100011033<br><strong>From:<\/strong>01\/01\/2016<strong>&nbsp;until:<\/strong>&nbsp;31\/12\/2017<br><strong>Principal Investigator:&nbsp;<\/strong>Fern\u00e1ndez-Caballero, Antonio<\/p>\n<\/div>\n<\/div>\n\n\n\n<div class=\"wp-block-columns is-layout-flex wp-container-core-columns-is-layout-1a2ddb66 wp-block-columns-is-layout-flex\" style=\"padding-right:var(--wp--preset--spacing--30);padding-left:var(--wp--preset--spacing--30)\">\n<div class=\"wp-block-column is-layout-flow wp-block-column-is-layout-flow\" style=\"flex-basis:40%\">\n<h6 class=\"wp-block-heading\">Enrich<strong>in<\/strong>g U<strong>s<\/strong>iXML for the development of post-WIM<strong>P<\/strong>&nbsp;User&nbsp;<strong>I<\/strong>nte<strong>r<\/strong>fac<strong>e<\/strong>s (insPIre, TIN2012-34003)<\/h6>\n<\/div>\n\n\n\n<div class=\"wp-block-column is-layout-flow wp-block-column-is-layout-flow\" style=\"flex-basis:60%\">\n<p><strong>Funded by:&nbsp;<\/strong>MICIU\/AEI\/10.13039\/501100011033<br><strong>From:<\/strong>01\/01\/2013<strong>&nbsp;until:<\/strong>&nbsp;31\/12\/2015<strong><br>Principal Investigator:&nbsp;<\/strong>Gonz\u00e1lez L\u00f3pez, Pascual J<\/p>\n<\/div>\n<\/div>\n\n\n\n<div class=\"wp-block-columns is-layout-flex wp-container-core-columns-is-layout-1a2ddb66 wp-block-columns-is-layout-flex\" style=\"padding-right:var(--wp--preset--spacing--30);padding-left:var(--wp--preset--spacing--30)\">\n<div class=\"wp-block-column is-layout-flow wp-block-column-is-layout-flow\" style=\"flex-basis:40%\">\n<h6 class=\"wp-block-heading\">Calidad, adaptaci\u00f3n y nuevos paradigmas aplicados a sistemas colaborativos (TIN2008-06596-C02-01)<\/h6>\n<\/div>\n\n\n\n<div class=\"wp-block-column is-layout-flow wp-block-column-is-layout-flow\" style=\"flex-basis:60%\">\n<p><strong>Funded by:&nbsp;<\/strong>Ministerio de Ciencia e Innovaci\u00f3n<br><strong>From:<\/strong>01\/01\/2009<strong>&nbsp;until:<\/strong>&nbsp;31\/12\/2012<strong><br>Principal Investigator:&nbsp;<\/strong>Gonz\u00e1lez L\u00f3pez, Pascual J.<\/p>\n<\/div>\n<\/div>\n\n\n\n<div class=\"wp-block-columns is-layout-flex wp-container-core-columns-is-layout-1a2ddb66 wp-block-columns-is-layout-flex\" style=\"padding-right:var(--wp--preset--spacing--30);padding-left:var(--wp--preset--spacing--30)\">\n<div class=\"wp-block-column is-layout-flow wp-block-column-is-layout-flow\" style=\"flex-basis:40%\">\n<h6 class=\"wp-block-heading\">Tecnolog\u00edas para prestar servicios inteligentes en movilidad en el futuro universo inteligente(M\u00edo!)<\/h6>\n<\/div>\n\n\n\n<div class=\"wp-block-column is-layout-flow wp-block-column-is-layout-flow\" style=\"flex-basis:60%\">\n<p><strong>Funded by:&nbsp;<\/strong>CDTI<br><strong>From:<\/strong>01\/01\/2008<strong>&nbsp;until:&nbsp;<\/strong>31\/12\/2011<strong><br>Principal Investigator:&nbsp;<\/strong>Jaen Mart\u00ednez, Javier<\/p>\n<\/div>\n<\/div>\n\n\n\n<div class=\"wp-block-columns is-layout-flex wp-container-core-columns-is-layout-1a2ddb66 wp-block-columns-is-layout-flex\" style=\"padding-right:var(--wp--preset--spacing--30);padding-left:var(--wp--preset--spacing--30)\">\n<div class=\"wp-block-column is-layout-flow wp-block-column-is-layout-flow\" style=\"flex-basis:40%\">\n<h6 class=\"wp-block-heading\">IX Congreso Internacional De Interacci\u00f3n Persona-Ordenador (TIN2008-00797-E)<\/h6>\n<\/div>\n\n\n\n<div class=\"wp-block-column is-layout-flow wp-block-column-is-layout-flow\" style=\"flex-basis:60%\">\n<p><strong>Funded by:&nbsp;<\/strong>Ministerio De Ciencia E Innovaci\u00f3n, Secretar\u00eda De Estado De Universidades-Secretar\u00eda De Estado De Investigaci\u00f3n<br><strong>From:<\/strong>01\/01\/2008<strong>&nbsp;until:&nbsp;<\/strong>22\/12\/2008<br><strong>Principal Investigator:&nbsp;<\/strong>Gonz\u00e1lez L\u00f3pez, Pascual J.<\/p>\n<\/div>\n<\/div>\n\n\n\n<div class=\"wp-block-columns is-layout-flex wp-container-core-columns-is-layout-1a2ddb66 wp-block-columns-is-layout-flex\" style=\"padding-right:var(--wp--preset--spacing--30);padding-left:var(--wp--preset--spacing--30)\">\n<div class=\"wp-block-column is-layout-flow wp-block-column-is-layout-flow\" style=\"flex-basis:40%\">\n<h6 class=\"wp-block-heading\">Models, Environments, Transformations and Applications (META)<\/h6>\n<\/div>\n\n\n\n<div class=\"wp-block-column is-layout-flow wp-block-column-is-layout-flow\" style=\"flex-basis:60%\">\n<p><strong>Funded by:&nbsp;<\/strong>CICYT (TIN2006-15175-C05-01)<br><strong>From:<\/strong>01\/12\/2006<strong>&nbsp;until:&nbsp;<\/strong>01\/12\/2009<br><strong>Principal Investigator:&nbsp;<\/strong>Ramos Salavert, Isidro<\/p>\n<\/div>\n<\/div>\n\n\n\n<div class=\"wp-block-columns is-layout-flex wp-container-core-columns-is-layout-1a2ddb66 wp-block-columns-is-layout-flex\" style=\"padding-right:var(--wp--preset--spacing--30);padding-left:var(--wp--preset--spacing--30)\">\n<div class=\"wp-block-column is-layout-flow wp-block-column-is-layout-flow\" style=\"flex-basis:40%\">\n<h6 class=\"wp-block-heading\">Dynamic And Aspect-Oriented Modeling For Integrated Component-Based Architectures<\/h6>\n<\/div>\n\n\n\n<div class=\"wp-block-column is-layout-flow wp-block-column-is-layout-flow\" style=\"flex-basis:60%\">\n<p><strong>Funded by:&nbsp;<\/strong>Ministerio De Ciencia Y Tecnolog\u00eda. Plan Nacional de I+D+I\/FEDER<br><strong>From:<\/strong>31\/12\/2004<strong>&nbsp;until:&nbsp;<\/strong>30\/11\/2006<br><strong>Principal Investigator:&nbsp;<\/strong>Ramos Salavert, Isidro<\/p>\n<\/div>\n<\/div>\n\n\n\n<div class=\"wp-block-columns is-layout-flex wp-container-core-columns-is-layout-1a2ddb66 wp-block-columns-is-layout-flex\" style=\"padding-right:var(--wp--preset--spacing--30);padding-left:var(--wp--preset--spacing--30)\">\n<div class=\"wp-block-column is-layout-flow wp-block-column-is-layout-flow\" style=\"flex-basis:40%\">\n<h6 class=\"wp-block-heading\">Metodolog\u00eda De An\u00e1lisis De Sistemas De Informaci\u00f3n Geogr\u00e1fica&nbsp; (TIC2000-1106-C02-02)<\/h6>\n<\/div>\n\n\n\n<div class=\"wp-block-column is-layout-flow wp-block-column-is-layout-flow\" style=\"flex-basis:60%\">\n<p><strong>Funded by:&nbsp;<\/strong>CICYT (Comisi\u00f3n Interministerial de Ciencia y Tecnolog\u00eda).<br><strong>Entidades participantes:&nbsp;<\/strong>Universidad de SevillaUniversidad de Castilla-La Mancha<br><strong>From:<\/strong>01\/12\/2000<strong>&nbsp;until:&nbsp;<\/strong>01\/12\/2003<br><strong>Principal Investigator:&nbsp;<\/strong>Garc\u00eda-consuegra Bleda, Jes\u00fas Damian<\/p>\n<\/div>\n<\/div>\n\n\n\n<div class=\"wp-block-columns is-layout-flex wp-container-core-columns-is-layout-1a2ddb66 wp-block-columns-is-layout-flex\" style=\"padding-right:var(--wp--preset--spacing--30);padding-left:var(--wp--preset--spacing--30)\">\n<div class=\"wp-block-column is-layout-flow wp-block-column-is-layout-flow\" style=\"flex-basis:40%\">\n<h6 class=\"wp-block-heading\">Dise\u00f1o de un sistema de gesti\u00f3n integral del acu\u00edfero 08.29 (Mancha Oriental) como elemento de apoyo en la toma de decisiones sobre el aprovechamiento \u00f3ptimo de sus recursos (HID-96-1373)<\/h6>\n<\/div>\n\n\n\n<div class=\"wp-block-column is-layout-flow wp-block-column-is-layout-flow\" style=\"flex-basis:60%\">\n<p><strong>Funded by:&nbsp;<\/strong>CICYT<br><strong>From:<\/strong>01\/01\/1997<strong>&nbsp;until:&nbsp;<\/strong>01\/01\/2000<br><strong>Principal Investigator:&nbsp;<\/strong>Navarro Mart\u00ednez, Elena Mar\u00eda<\/p>\n<\/div>\n<\/div>\n\n\n\n<div class=\"wp-block-columns is-layout-flex wp-container-core-columns-is-layout-1a2ddb66 wp-block-columns-is-layout-flex\" style=\"padding-right:var(--wp--preset--spacing--30);padding-left:var(--wp--preset--spacing--30)\">\n<div class=\"wp-block-column is-layout-flow wp-block-column-is-layout-flow\" style=\"flex-basis:40%\">\n<h6 class=\"wp-block-heading\">Planificaci\u00f3n Territorial Y Analisis Socioeconomico de La Forestacion de Tierras Agrarias en La Mancha<\/h6>\n<\/div>\n\n\n\n<div class=\"wp-block-column is-layout-flow wp-block-column-is-layout-flow\" style=\"flex-basis:60%\">\n<p><strong>Funded by:<\/strong>Instituto Nacional De Investigaci\u00f3n y Tecnolog\u00eda Agraria y Alimentaria (INIA MICYT)<br><strong>Entidades participantes:&nbsp;<\/strong>Instituto de Desarrollo Regional (IDR)<br><strong>From:<\/strong>01\/01\/1997<strong>&nbsp;until:&nbsp;<\/strong>27\/05\/2001<br><strong>Principal Investigator:&nbsp;<\/strong>Cerro Barja, Antonio Del<\/p>\n<\/div>\n<\/div>\n","protected":false},"excerpt":{"rendered":"<p>Human Digital Twins for fostering Prosocial Behaviour (HDT-PROSOCIAL) (PID2022-140907OB-I00) Funded by:\u00a0MICIU\/AEI\/10.13039\/501100011033 &amp; FEDER, UEFrom: 01\/09\/2023 \u00a0until:\u00a031\/08\/2026Principal Investigators:\u00a0L\u00f3pez-Jaquero, V\u00edctor &amp; Montero, Francisco TASOVA PLUS &#8211; Red en nuevas Tendencias en Arquitectura Software y Variabilidad (RED2022-134337-T) Funded by:&nbsp;MICIU\/AEI\/10.13039\/501100011033From:01\/06\/2023&nbsp;until:&nbsp;31\/05\/2025Principal Investigator:&nbsp;Benavides, David 2gether: Design And Evaluation of a Framework Driven By The User Experience for the Development of Cyberphysical [&hellip;]<\/p>\n","protected":false},"author":110,"featured_media":0,"parent":0,"menu_order":0,"comment_status":"closed","ping_status":"closed","template":"","meta":{"footnotes":""},"class_list":["post-403","page","type-page","status-publish","hentry"],"_links":{"self":[{"href":"https:\/\/blog.uclm.es\/elenanavarro\/wp-json\/wp\/v2\/pages\/403","targetHints":{"allow":["GET"]}}],"collection":[{"href":"https:\/\/blog.uclm.es\/elenanavarro\/wp-json\/wp\/v2\/pages"}],"about":[{"href":"https:\/\/blog.uclm.es\/elenanavarro\/wp-json\/wp\/v2\/types\/page"}],"author":[{"embeddable":true,"href":"https:\/\/blog.uclm.es\/elenanavarro\/wp-json\/wp\/v2\/users\/110"}],"replies":[{"embeddable":true,"href":"https:\/\/blog.uclm.es\/elenanavarro\/wp-json\/wp\/v2\/comments?post=403"}],"version-history":[{"count":11,"href":"https:\/\/blog.uclm.es\/elenanavarro\/wp-json\/wp\/v2\/pages\/403\/revisions"}],"predecessor-version":[{"id":527,"href":"https:\/\/blog.uclm.es\/elenanavarro\/wp-json\/wp\/v2\/pages\/403\/revisions\/527"}],"wp:attachment":[{"href":"https:\/\/blog.uclm.es\/elenanavarro\/wp-json\/wp\/v2\/media?parent=403"}],"curies":[{"name":"wp","href":"https:\/\/api.w.org\/{rel}","templated":true}]}}