{"id":357,"date":"2025-04-02T12:00:53","date_gmt":"2025-04-02T10:00:53","guid":{"rendered":"https:\/\/blog.uclm.es\/elenanavarro\/?page_id=357"},"modified":"2026-02-16T10:31:35","modified_gmt":"2026-02-16T09:31:35","slug":"international-journals","status":"publish","type":"page","link":"https:\/\/blog.uclm.es\/elenanavarro\/international-journals\/","title":{"rendered":"International Journals"},"content":{"rendered":"\n<div class=\"wp-block-columns is-layout-flex wp-container-core-columns-is-layout-28f84493 wp-block-columns-is-layout-flex\">\n<div class=\"wp-block-column is-layout-flow wp-block-column-is-layout-flow\" style=\"flex-basis:20%\">\n<figure class=\"wp-block-image size-full is-resized\"><img loading=\"lazy\" decoding=\"async\" width=\"1024\" height=\"1024\" src=\"https:\/\/blog.uclm.es\/elenanavarro\/wp-content\/uploads\/sites\/318\/2025\/04\/DigitalTwins.png\" alt=\"\" class=\"wp-image-363\" style=\"width:300px\" srcset=\"https:\/\/blog.uclm.es\/elenanavarro\/wp-content\/uploads\/sites\/318\/2025\/04\/DigitalTwins.png 1024w, https:\/\/blog.uclm.es\/elenanavarro\/wp-content\/uploads\/sites\/318\/2025\/04\/DigitalTwins-300x300.png 300w, https:\/\/blog.uclm.es\/elenanavarro\/wp-content\/uploads\/sites\/318\/2025\/04\/DigitalTwins-150x150.png 150w, https:\/\/blog.uclm.es\/elenanavarro\/wp-content\/uploads\/sites\/318\/2025\/04\/DigitalTwins-768x768.png 768w\" sizes=\"auto, (max-width: 1024px) 100vw, 1024px\" \/><\/figure>\n<\/div>\n\n\n\n<div class=\"wp-block-column is-layout-flow wp-block-column-is-layout-flow\">\n<h3 class=\"wp-block-heading\"><strong>MAIN TOPICS<\/strong><\/h3>\n\n\n\n<div class=\"wp-block-columns is-layout-flex wp-container-core-columns-is-layout-28f84493 wp-block-columns-is-layout-flex\">\n<div class=\"wp-block-column is-layout-flow wp-block-column-is-layout-flow\">\n<h6 class=\"wp-block-heading has-large-font-size\">Digital Twins<\/h6>\n\n\n\n<p>Modelling, Design, Empirical Evaluation, Design Patterns<\/p>\n<\/div>\n\n\n\n<div class=\"wp-block-column is-layout-flow wp-block-column-is-layout-flow\">\n<h6 class=\"wp-block-heading has-large-font-size\">Software architecture<\/h6>\n\n\n\n<p>Modelling, Design, Empirical Evaluation, Design Patterns<\/p>\n<\/div>\n\n\n\n<div class=\"wp-block-column is-layout-flow wp-block-column-is-layout-flow\">\n<h6 class=\"wp-block-heading has-large-font-size\">Requirements Engineering<\/h6>\n\n\n\n<p>Specification, Validation, Empirical Evaluation<\/p>\n<\/div>\n<\/div>\n<\/div>\n<\/div>\n\n\n\n<hr class=\"wp-block-separator has-alpha-channel-opacity is-style-wide\" \/>\n\n\n\n<h5 class=\"wp-block-heading has-large-font-size\">Publications<\/h5>\n\n\n\n<ul class=\"wp-block-list\">\n<li>A. Moya, J. L. Herrera, J. L\u00f3pez-R\u00f3denas J. Berrocal, J.M. Murillo, E. Navarro, \u00abSustainable, QoS, and Cost-Aware Placement of Microservices on the Continuum: A Use Case on the Internet of Medical Things\u00bb. Internet of Things, <a href=\"https:\/\/doi.org\/10.1016\/j.iot.2026.101894\">doi: 10.1016\/j.iot.2026.101894<\/a>, 36, 101894, 2026, (IF: 7.6, Q1).<\/li>\n\n\n\n<li>L. Zhinin-Vera, J. J Gonz\u00e1lez-Garc\u00eda, V. L\u00f3pez-Jaquero, E. Navarro, P. Gonz\u00e1lez, \u00abTheory of mind and continual reinforcement learning for bullying intervention.\u00bb Neural Computing and Applications, <a href=\"https:\/\/doi.org\/10.1007\/s00521-025-11835-w\">doi: 10.1007\/s00521-025-11835-w<\/a>, 174, pp. 112939, 2026. (IF: 4.5, Q2).<\/li>\n\n\n\n<li>J. Abell\u00e1n, E. Pretel, E. Navarro, V. L\u00f3pez-Jaquero, P. Gonz\u00e1lez. \u00abHuman Digital Twins \u2013 Principles and Challenges.\u00bb Journal of Ambient Intelligence and Smart Environments, <a href=\"https:\/\/doi.org\/10.1177\/18761364251388806\">doi: 10.1177\/18761364251388806<\/a>, 2026, 18:1. (IF: 2.0, Q3).<\/li>\n\n\n\n<li>J. L. Herrera, A. Moya, J. Berrocal, J.M. Murillo, E. Navarro, \u00abA Developer-Focused Genetic Algorithm for IoT Application Placement in the Computing Continuum\u00bb.&nbsp;IEEE Transactions on Services Computing, <a href=\"https:\/\/doi.org\/10.1109\/TSC.2025.3556641\">doi: 10.1109\/TSC.2025.3556641<\/a>, 3, pp. 1185&nbsp;&#8211;&nbsp;1198, 2025, (IF: 5.8, Q1).<\/li>\n\n\n\n<li>E. Pretel, E. Navarro, V. Casamayor-Pujol,&nbsp;S. Dustdar. \u00abDigital Twins and Artificial Collective Intelligence: Synergies for the Future.\u00bb IEEE Internet Computing, <a href=\"https:\/\/doi.org\/10.1109\/MIC.2024.3521607\">doi: 10.1109\/MIC.2024.3521607<\/a>, 1 pp. 75-85, 2025, (IF: 4.4, Q1).<\/li>\n\n\n\n<li>L. Zhinin-Vera, E. Pretel, V. L\u00f3pez-Jaquero, E. Navarro, P. Gonz\u00e1lez, \u00abMindful Human Digital Twins: Integrating Theory of Mind with multi-agent reinforcement learning.\u00bb Applied Soft Computing, <a href=\"https:\/\/doi.org\/10.1016\/j.asoc.2025.112939\">doi: 10.1016\/j.asoc.2025.112939<\/a>, 174, pp. 112939, 2025. (IF: 6.2, Q1).<\/li>\n\n\n\n<li>E. Pretel, L. Zhinin-Vera, E. Navarro, V. L\u00f3pez-Jaquero, P. Gonz\u00e1lez. \u00abMAS4DT: A novel proposal for developing Digital Twins following a Multi-Agent System approach.\u00bb Journal of Systems and Software, <a href=\"https:\/\/doi.org\/10.1016\/j.jss.2025.11234\">doi: 10.1016\/j.jss.2025.11234<\/a>, 222. pp. 112344. 2025. (IF: 4.1, Q1).<\/li>\n\n\n\n<li>A. Mac\u00edas, D. Mu\u00f1oz, E. Navarro, P. Gonz\u00e1lez, \u00abData fabric and digital twins: An integrated approach for data fusion design and evaluation of pervasive systems\u00bb, Information Fusion. <a href=\"https:\/\/doi.org\/10.1016\/j.inffus.2023.102139\">doi: 10.1016\/j.inffus.2023.102139<\/a> 103, pp. 102139-20234, 2024, (IF: 15.5, Q1)<\/li>\n\n\n\n<li>E. Pretel, A. Moya, E. Navarro, V. L\u00f3pez-Jaquero, P. Gonz\u00e1lez, \u00abAnalysing the synergies between Multi-agent Systems and Digital Twins: A systematic literature review.\u00bb Information and Software Technology, <a href=\"https:\/\/doi.org\/10.1016\/j.infsof.2024.107503\">doi: 10.1016\/j.infsof.2024.107503<\/a>, 174, pp. 107503, 2024. (IF: 4.3, Q1).<\/li>\n\n\n\n<li>A. Moya, E. Pretel, E. Navarro, J. Jaen, \u00bb A systematic literature review of clustering techniques for patients with traumatic brain injury\u00bb, Artificial Intelligence Review. <a href=\"https:\/\/doi.org\/10.1007\/s10462-023-10531-2\">doi: 10.1007\/s10462-023-10531-2<\/a> 56 (Suppl 1), 351-419, 2023, (IF: 12.0, Q1)<\/li>\n\n\n\n<li>J. Juan-Gonz\u00e1lez, A. S. Garc\u00eda, J. P. Molina, V. L\u00f3pez-Jaquero, E. Navarro, D. Romero-Ayuso, P. Gonz\u00e1lez, \u00abUrbanRehab: A virtual urban scenario design tool for rehabilitating instrumental activities of daily living\u00bb, Journal of Ambient Intelligence and Humanized Computing. <a href=\"https:\/\/doi.org\/10.1007\/s12652-021-03061-8\">doi:10.1007\/s12652-021-03061-8<\/a> 14, pp.1339-1358, 2023, (IF: 3.662, Q2)<\/li>\n\n\n\n<li>S. Biffl, E. Navarro, R. Mirandola, D. Weyns, \u00abArchitecting for a Sustainable Digital Society?\u00bb, Journal of Systems and Software. <a href=\"https:\/\/doi.org\/10.1016\/j.jss.2023.111668\">doi: 10.1016\/j.jss.2023.111668<\/a> 200, 111668, 2023 (IF: 3.5, Q2)<\/li>\n\n\n\n<li>M. A. S\u00e1nchez-Cifo, P. Bermejo, E. Navarro, \u00abDevOps: is there a gap between Education and Industry?\u00bb, Journal of Software: Evolution and Process. <a href=\"https:\/\/doi.org\/10.1002\/smr.2534\">doi: 10.1002\/smr.2534<\/a> 35(12):e253, 2023, (IF: 2.0, Q3)<\/li>\n\n\n\n<li>A. Moya, E. Navarro, F. Jaen, V. L\u00f3pez-Jaquero, R. Capilla, \u00abExploiting variability in the design of genetic algorithms to generate telerehabilitation activities\u00bb, Applied Soft Computing. <a href=\"https:\/\/doi.org\/10.1016\/j.asoc.2022.108441\">doi: 110.1016\/j.asoc.2022.108441<\/a>, 117(3): 108441, 2022, (IF: 8.7, Q1)<\/li>\n\n\n\n<li>A. Mac\u00edas, E. Navarro, \u00abParadigms for the Conceptualization of Cyber-Physical-Social-Thinking hyperspace: A Thematic Synthesis\u00bb, Journal of Ambient Intelligence and Smart Environments. <a href=\"https:\/\/doi.org\/10.3233\/AIS-210492\">doi:10.3233\/AIS-210492<\/a>, 14(4): 285-316, 2022, (IF: 1.7, Q4)<\/li>\n\n\n\n<li>A. S. Garc\u00eda, P. Fern\u00e1ndez-Sotos, P. Gonz\u00e1lez, E. Navarro, R. Rodr\u00edguez-Jim\u00e9nez, A. Fern\u00e1ndez-Caballero, \u00abBehavioral Intention of Mental Health Practitioners Toward the Adoption of Virtual Humans in Affect Recognition Training\u00bb, Frontiers in Psychology <a href=\"https:\/\/doi.org\/10.3389\/fpsyg.2022.934880\">doi:10.3389\/fpsyg.2022.934880<\/a>, 2022, (IF: 3.8, Q1)<\/li>\n\n\n\n<li>A. S. Garc\u00eda, P. Fern\u00e1ndez-Sotos, A. Fern\u00e1ndez-Caballero, E. Navarro, J. M. Latorre, R. Rodriguez-Jimenez, P. Gonz\u00e1lez,\n            \u00abAcceptance and use of a multi-modal avatar-based tool for remediation of social cognition deficits\u00bb, Journal of Ambient Intelligence and Humanized Computing. \n\t\t<a href=\"https:\/\/doi.org\/10.1007\/s12652-019-01418-8\">doi:10.1007\/s12652-019-01418-8<\/a>, 11, 4513-4524, 2020, (IF: 7.104, Q1)<\/li>\n\n\n\n<li>A. Moya,  E. Navarro,  J. Ja\u00e9n,  P. Gonz\u00e1lez, \u00abFuzzy-description logic for supporting the rehabilitation of the elderly\u00bb,\n            Expert Systems, <a href=\"https:\/\/doi.org\/10.1111\/exsy.12464\"> doi:10.1111\/exsy.12464<\/a>, 37(2): e12464, 2020, (IF: 2.587, Q2)<\/li>\n\n\n\n<li>M. A. Teruel, A. Mat\u00e9, E. Navarro, P. Gonz\u00e1lez, J. C. Trujillo, \u00abThe New Era of Business Intelligence Applications: Building from a Collaborative Point of View\u00bb, Business &amp; Information Systems Engineering, <a href=\"https:\/\/doi.org\/10.1007\/s12599-019-00578-3\">doi:10.1007\/s12599-019-00578-3<\/a>, 61(5), 615-634, 2019 (IF: 5.837, Q1) <\/li>\n\n\n\n<li>P. Fern\u00e1ndez-Sotos , I. Torio, Fern\u00e1ndez-Caballero, E. Navarro, P. Gonz\u00e1lez, M. Dompablo, Roberto Rodriguez- Jimenez, \n            \u00abSocial cognition remediation interventions: A systematic mapping review\u00bb, PLoS ONE, \n            <a href=\"https:\/\/doi.org\/10.1371\/journal.pone.0218720\"> doi:10.1371\/journal.pone.0218720 <\/a>, 14(6): e0218720, 2019 (IF: 2.596, Q1)<\/li>\n\n\n\n<li>D. Romero-Ayuso, A. Castillero-Perea, P. Gonz\u00e1lez, E. Navarro, J.P. Molina-Mass\u00f3, M.J. Funes, P. Ariza-Vega, A. Toledano-Gonz\u00e1lez, J.M. Trivi\u00f1o-Ju\u00e1rez, \u00abAssessment of cognitive instrumental activities of daily living: a systematic review\u00bb, Disability &amp; Rehabilitation, <a href=\"https:\/\/doi.org\/10.1080\/09638288.2019.1665720\">doi:10.1080\/09638288.2019.1665720 <\/a>, 1-20, 2019 (IF: 2.054, Q1)<\/li>\n\n\n\n<li>C. Roda, E. Navarro, U. Zdun, V. L\u00f3pez-Jaquero, G. Simhandl   \u00abPast and Future of Software Architectures for Context-Aware Systems: A Systematic Mapping Study \u00ab, Journal of Systems and Software <a href=\"https:\/\/doi.org\/10.1016\/j.jss.2018.09.074\">doi:10.1016\/j.jss.2018.09.074<\/a>, 146:310-355, 2018 (IF: 2.559, Q1)<\/li>\n\n\n\n<li>M. A. Teruel, N. Condori, E. Navarro, P. Gonz\u00e1lez, P. Lago, \u00abAssessing the Impact of the Awareness Level on a Co-operative Game\u00bb, Information and Software Technology, <a href=\"https:\/\/doi.org\/10.1016\/j.infsof.2018.02.008\">doi:10.1016\/j.infsof.2018.02.008<\/a>, 98:89-106, 2018 (IF: 2.921, Q1) <\/li>\n\n\n\n<li>A. Fern\u00e1ndez-Caballero, M. T. L\u00f3pez , P. Gonz\u00e1lez, E. Navarro,  \u00abSpecial Issue on Socio-Cognitive and Affective Computing \u00ab, Applied Sciences, <a href=\"https:\/\/www.mdpi.com\/2076-3417\/8\/8\/1371\">doi:10.3390\/app8081371<\/a>, 8(8): 1371 , 2018 (IF: 2.217, Q2) <\/li>\n\n\n\n<li>E. Navarro, P. Gonz\u00e1lez, V. L\u00f3pez-Jaquero,  F. Montero, J.P. Molina, \u00abAdaptive, Multisensorial, Physiological and Social: The Next Generation of Telerehabilitation Systems\u00bb, Frontiers in Neuroinformatics, <a href=\"https:\/\/doi.org\/10.3389\/fninf.2018.00043\">doi:10.3389\/fninf.2018.00043<\/a>, 146:310-355, 2018 (IF: 2.680, Q1) <\/li>\n\n\n\n<li>P. Fern\u00e1ndez-Sotos, E. Navarro, I. Torio, M. Dompablo, A. Fern\u00e1ndez-Caballero, R. Rodriguez-Jimenez, R.  \u00abPharmacological interventions in social cognition deficits: A systematic mapping review \u00ab, Psychiatry research, <a href=\"https:\/\/doi.org\/10.1016\/j.psychres.2018.09.012\">doi:10.1016\/j.psychres.2018.09.012<\/a>, 270, 57-67, 2018 (IF: 2.208, Q3)<\/li>\n\n\n\n<li>C. Roda, A. Rodr\u00edguez, V. L\u00f3pez-Jaquero, P. Gonz\u00e1lez, E. Navarro, \u00abA Multi-Agent System for Acquired Brain Injury Rehabilitation in Ambient Intelligence Environments\u00bb, Neurocomputing <a href=\"http:\/\/dx.doi.org\/10.1016\/j.neucom.2016.04.066\">doi:10.1016\/j.neucom.2016.04.066<\/a>, 231:11 18, 2017 (IF: 3.241, Q1)<\/li>\n\n\n\n<li>T. Haitzer, E. Navarro, U. Zdun, \u00abReconciling Software Architecture and Source Code in Support of Software Evolution\u00bb, Journal of Systems and Software, <a href=\"http:\/\/dx.doi.org\/10.1016\/j.jss.2016.10.012\">doi:10.1016\/j.jss.2016.10.012<\/a>, 123:119-144, 2017 (IF: \t2.278, Q1)<\/li>\n\n\n\n<li> M. A. Teruel, E. Navarro, P. Gonz\u00e1lez, V. L\u00f3pez-Jaquero, F. Montero, \u00abA Comprehensive Framework for Modeling Requirements of CSCW Systems\u00bb, Journal of Software: Evolution and Process, <a href=\"http:\/\/dx.doi.org\/10.1002\/smr.1858\">doi:10.1002\/smr.1858<\/a>, 2017, (IF: 1.167, Q3)<\/li>\n\n\n\n<li> M. A. Teruel, E. Navarro, P. Gonz\u00e1lez, \u00abExploiting Awareness for the Development of Collaborative Rehabilitation Systems\u00bb, Mobile Information Systems <a href=\"https:\/\/doi.org\/10.1155\/2017\/4714328\">doi:10.1155\/2017\/4714328<\/a>2017: 4714328:1-4714328:15 (2017) (IF: 0.958, Q4)<\/li>\n\n\n\n<li>A. Fern\u00e1ndez-Caballero, P. Gonz\u00e1lez, E. Navarro, D. Cook, \u00abSpecial Issue &#8211; Pervasive Computing for Gerontechnology\u00bb, Pervasive and Mobile Computing,  <a href=\"http:\/\/dx.doi.org\/10.1016\/j.pmcj.2016.12.004\">doi:10.1016\/j.pmcj.2016.12.004<\/a>, 34:1-2, 2017 (IF: 2.974, Q1) <\/li>\n\n\n\n<li>A. Fern\u00e1ndez-Caballero, P. Gonz\u00e1lez, E. Navarro, \u00abGerontechnologies   Current achievements and future trends, Expert Systems, <a href=\"http:\/\/dx.doi.org\/10.1111\/exsy.12203\">doi:10.1111\/exsy.12203<\/a>, 2017 (IF: 1.430, Q2) <\/li>\n\n\n\n<li>A. Fern\u00e1ndez-Caballero, E. Navarro, P. Fern\u00e1ndez-Sotos, P. Gonz\u00e1lez, J. J. Ricarte, J. M. Latorre and R. Rodriguez-Jimenez, \u00abHuman-Avatar Symbiosis for the Treatment of Auditory Verbal Hallucinations in Schizophrenia through Virtual\/Augmented Reality and Brain-Computer Interfaces\u00bb,  <a href=\"https:\/\/doi.org\/10.3389\/fninf.2017.00064\">doi:10.3389\/fninf.2017.00064<\/a> Frontiers in Neuroinformatics, 21 November 2017 (IF: 3.074, Q1) <\/li>\n\n\n\n<li>V. L\u00f3pez-Jaquero, A. C. Rodr\u00edguez, M. A. Teruel, F. Montero, E. Navarro, and Pascual Gonzalez, \u00abA Bio-Inspired Model-Based Approach for Context-Aware Post-WIMP Tele-Rehabilitation\u00bb, Sensors 2016, <a href=\"http:\/\/www.mdpi.com\/1424-8220\/16\/10\/1689\">doi:10.3390\/s16101689<\/a>,  16(10), 1689; 2016 (IF: 2.033, Q1) <\/li>\n\n\n\n<li>K. Krynicki, J. Jaen, E. Navarro, \u00abAn ACO-based personalized learning technique in support of people with Acquired Brain Injury\u00bb, Applied Soft Computing, <a href=\"http:\/\/www.sciencedirect.com\/science\/article\/pii\/S1568494616301958\">doi:10.1016\/j.asoc.2016.04.039<\/a>, 47:316-331, 2016 (IF: 2.857, Q1) <\/li>\n\n\n\n<li>J. M. Morales, E. Navarro, P. S\u00e1nchez, D. Alonso, \u00abA family of experiments to evaluate the understandability of TRiStar and i* for modeling Teleo-Reactive systems\u00bb, Journal of Systems and Software, <a href=\"http:\/\/www.sciencedirect.com\/science\/article\/pii\/S0164121216000042\">doi:10.1016\/j.jss.2015.12.056<\/a>,  114:82-100, 2016 (IF: 2.444 , Q1) <\/li>\n\n\n\n<li>M. A. Teruel, E. Navarro, P. Gonz\u00e1lez, V. L\u00f3pez-Jaquero, F. Montero, \u00abApplying thematic analysis to define an awareness interpretation for collaborative computer games\u00bb, Information and Software Technology, <a href=\"https:\/\/doi.org\/10.1016\/j.infsof.2016.01.009\">doi:10.1016\/j.infsof.2016.01.009<\/a>,  74:17-44, 2016 (IF: 2.694, Q1) <\/li>\n\n\n\n<li>A. Fernandez-Caballero, P. Gonz\u00e1lez, E. Navarro,\u00bbCognitively-Inspired Computing for Gerontechnology\u00bb, Cognitive Computation <a href=\"http:\/\/link.springer.com\/article\/10.1007\/s12559-016-9392-x\">doi:10.1007\/s12559-016-9392-x<\/a>, 8(2):297-298, 2016 (IF: 1.993, Q2)<\/li>\n\n\n\n<li>A. Rodr\u00edguez, C. Roda, F. Montero, P. Gonz\u00e1lez, E. Navarro, \u00abAn Interactive Fuzzy Inference System for Teletherapy of Older People\u00bb, Cognitive Computation <a href=\"http:\/\/link.springer.com\/article\/10.1007\/s12559-015-9356-6\">doi:10.1007\/s12559-015-9356-6<\/a>, 8(2):318-335, 2016 (IF: 1.993, Q2)<\/li>\n\n\n\n<li>J. M. Morales, E. Navarro, P. S\u00e1nchez, D. Alonso, \u00abA controlled experiment to evaluate the understandability of KAOS and i* for modeling Teleo-Reactive systems\u00bb,\t Journal of Systems and Software <a href=\"http:\/\/www.sciencedirect.com\/science\/article\/pii\/S0164121214002143\">doi:10.1016\/j.jss.2014.10.010<\/a>, 100: 1-14, 2015 (IF:1.424, Q1) <\/li>\n\n\n\n<li>J. M. Gascue\u00f1a, E. Navarro, P. Fernandez-Sotos, A. Fernandez-Caballero, J. Pav\u00f3n, \u00abIDK and ICARO to develop multi-agent systems in support of Ambient Intelligence,\u00bb Journal of Intelligent &amp; Fuzzy Systems, <a href=\"https:\/\/content.iospress.com\/articles\/journal-of-intelligent-and-fuzzy-systems\/ifs1200\">doi:10.3233\/IFS-141200<\/a> 28(1): 3-15, 2015, (IF: 1.004, Q3)<\/li>\n\n\n\n<li>V. Nacher, J. Jaen, E. Navarro, A. Catal\u00e1, P. Gonz\u00e1lez, \u00abMulti-touch gestures for pre-kindergarten children\u00bb, International Journal of Human-Computer Studies, <a href=\"http:\/\/dx.doi.org\/10.1016\/j.ijhcs.2014.08.004\">doi:10.1016\/j.ijhcs.2014.08.004<\/a>,  73: 37-51, 2015 (IF:\t1.476, Q1)<\/li>\n\n\n\n<li>M. A. Teruel, E. Navarro, V. L\u00f3pez-Jaquero, F. Montero, P. Gonz\u00e1lez, \u00abA CSCW Requirements Engineering CASE Tool: Development and Usability Evaluation\u00bb,  information and Software Technology, <a href=\"http:\/\/dx.doi.org\/10.1016\/j.infsof.2014.02.009\">doi:10.1016\/j.infsof.2014.02.009<\/a>, 56(8):922-949, 2014 (IF:1.046, Q2) <a href=\"http:\/\/goo.gl\/ZW4Fh5\">PDF<\/a><\/li>\n\n\n\n<li>\n            E. Navarro, A. Fernandez-Caballero, R. Mart\u00ednez-Tom\u00e1s, \u00abIntelligent multisensory systems in support of information society,\u00bb International Journal of Systems Science,\n            <a href=\"http:\/\/dx.doi.org\/10.1080\/00207721.2014.844916\">doi:10.1080\/00207721.2014.844916<\/a>, 45(4):711-713, 2014, (IF: 2.100, Q1).\n        <\/li>\n\n\n\n<li>\n            J. M. Gascue\u00f1a, J. Castillo, E. Navarro, A. Fernandez-Caballero, \u00abEngineering the Development of Systems for Multisensory Monitoring and Activity Interpretation,\u00bb\n            International Journal of Systems Science, <a href=\"http:\/\/dx.doi.org\/10.1080\/00207721.2013.779048\">doi:10.1080\/00207721.2013.7790485<\/a>, 45(4):728-740, 2014, (IF: 2.100, Q1).\n        <\/li>\n\n\n\n<li>\n            G. Rubio, E. Navarro, F. Montero, \u00abAPADYT: a multimedia application for SEN   learners\u00bb, Multimedia Tools and Applications,\n            <a href=\"http:\/\/dx.doi.org\/10.1007\/s11042-012-1304-9\">doi:10.1007\/s11042-012-1304-9<\/a>, 71(3):1771-1802,  2014, (IF: 1.346, Q2)\n        <\/li>\n\n\n\n<li>\n            J. M. Gascue\u00f1a, E. Navarro, A. Fernandez-Caballero, R. Mart\u00ednez-Tom\u00e1s, \u00abModel-to-model and model-to-text: looking for the automation of VigilAgent,\u00bb Expert Systems,\n            <a href=\"http:\/\/dx.doi.org\/10.1111\/exsy.12023\">doi:10.1111\/exsy.12023<\/a>, 31(3):199-212,  2014, (IF: 0.761, Q3).\n        <\/li>\n\n\n\n<li> E. Navarro, C. E. Cuesta, D. E. Perry, P. Gonz\u00e1lez, \u00abAntipatterns for Architectural Knowledge Management\u00bb, International Journal of Information Technology &amp; Decision Making, <a href=\"http:\/\/dx.doi.org\/10.1142\/S0219622013500211\">doi:110.1142\/S0219622013500211<\/a>, 12(3):547-589, 2013, (IF:1.890, Q1)<\/li>\n\n\n\n<li>\n            C. E. Cuesta,  E. Navarro, D. E. Perry, C. Roda, \u00abEvolution Styles: Using Architectural Knowledge as an\n            Evolution Driver\u00bb, Journal of Software: Evolution and Process (previously Journal of Software Maintenance and Evolution: Research and Practice),  \t\t<a href=\"http:\/\/dx.doi.org\/10.1002\/smr.1575\">doi:10.1002\/smr.1575<\/a>, 25(9):891 1059, 2013, (IF: 1.320, Q2)\n        <\/li>\n\n\n\n<li>\n            A. Catal\u00e1, P. Pons, J. Ja\u00e9n, J. A. Mochol\u00ed and E. Navarro, \u00abA Meta-Model for DataFlow-Based Rules in Smart Environments:\n            Evaluating User Comprehension and Performance\u00bb, Science of Computer Programming,<a href=\"http:\/\/dx.doi.org\/10.1016\/j.scico.2012.06.010\"> doi:10.1016\/j.scico.2012.06.010<\/a>, 78 \t(10):1930-1950, 2013, (IF: 0.548, Q4)\n        <\/li>\n\n\n\n<li>M. A. Teruel, E. Navarro, V. L\u00f3pez-Jaquero, F. Montero, J. Jaen, P. Gonz\u00e1lez, \u00abAnalyzing the Understandability of Requirements Engineering Languages for CSCW Systems: A Family of Experiments\u00bb, Information and Software Technology <a href=\"http:\/\/dx.doi.org\/10.1016\/j.infsof.2012.06.001\">doi:10.1016\/j.infsof.2012.06.001<\/a>, 54 (11): 1215-1228, 2012, (IF:1.522, Q1)<\/li>\n\n\n\n<li>J. M. Gascue\u00f1a, E. Navarro and A. Fernandez-Caballero, \u00abModel-driven engineering techniques for the development of multi-agent systems,\u00bb Engineering Applications of Artificial Intelligence <a href=\"http:\/\/dx.doi.org\/10.1016\/j.engappai.2011.08.008\">doi:10.1016\/j.engappai.2011.08.008<\/a>, (1): 159-173, 2012, (IF: 1.625, Q1).<\/li>\n\n\n\n<li>C. E. Cuesta, M. P. Romay, E. Navarro, \u00abArchitectural Evolution with Adaptive Services: the Meta-Service Approach\u00bb, ERCIM News (88): 35-36 (2012) (<a href=\"http:\/\/ercim-news.ercim.eu\/images\/stories\/EN88\/EN88-web.pdf\">EN88<\/a>), 2012.<\/li>\n\n\n\n<li>F. Montero, V. L\u00f3pez-Jaquero, E. Navarro, and E. S\u00e1nchez, \u00abComputer-Aided Relearning Activity Patterns for People with Acquired Brain Injury,\u00bb Computers &amp; Education <a href=\"http:\/\/dx.doi.org\/10.1016\/j.compedu.2010.12.008\">doi:10.1016\/j.compedu.2010.12.008<\/a>, 57(1):1149-1159, August 2011, (IF: 2.621, Q1).<\/li>\n\n\n\n<li>J. Ja\u00e9n, J. A. Mochol\u00ed, A. Catal\u00e1 and E. Navarro, \u00abDigital Ants as the Best Cicerones for Museum Visitors\u00bb, Applied Soft Computing,<a href=\"http:\/\/dx.doi.org\/10.1016\/j.asoc.2009.11.002\">doi:10.1016\/j.asoc.2009.11.002<\/a>, 11(1):111-119 , January 2011, (IF: 2.612, Q1)<\/li>\n\n\n\n<li>J. A. Mochol\u00ed, J. Ja\u00e9n, A. Catal\u00e1 and E. Navarro, \u00abAn emotionally biased ant colony algorithm for pathfinding in games\u00bb, Expert Systems with Applications,<a href=\"http:\/\/dx.doi.org\/10.1016\/j.eswa.2009.12.023%20\">doi:10.1016\/j.eswa.2009.12.023,<\/a>37(7):4921-4927, July 2010, (IF: 1.924, Q1)<\/li>\n\n\n\n<li>E. Navarro, P. Letelier, J. A. Mochol\u00ed, I. Ramos, \u00abA metamodelling approach for requirements specification\u00bb, Journal of Computer Information Systems, XLVII(5): 67-77, Special Issue on Systems Analysis and Design, ed. Keng Siau (sources: <a href=\"http:\/\/search.ebscohost.com\/\">EBSCO<\/a>, <a href=\"http:\/\/apps.isiknowledge.com\/WoS\/CIW.cgi?SID=T2iJ9@IMC@kbcKoD1cA&amp;Func=Abstract&amp;doc=2\/1\">Web of Science<\/a>) (IF: 0.680, Q3)<\/li>\n<\/ul>\n","protected":false},"excerpt":{"rendered":"<p>MAIN TOPICS Digital Twins Modelling, Design, Empirical Evaluation, Design Patterns Software architecture Modelling, Design, Empirical Evaluation, Design Patterns Requirements Engineering Specification, Validation, Empirical Evaluation Publications<\/p>\n","protected":false},"author":110,"featured_media":0,"parent":0,"menu_order":0,"comment_status":"closed","ping_status":"closed","template":"","meta":{"footnotes":""},"class_list":["post-357","page","type-page","status-publish","hentry"],"_links":{"self":[{"href":"https:\/\/blog.uclm.es\/elenanavarro\/wp-json\/wp\/v2\/pages\/357","targetHints":{"allow":["GET"]}}],"collection":[{"href":"https:\/\/blog.uclm.es\/elenanavarro\/wp-json\/wp\/v2\/pages"}],"about":[{"href":"https:\/\/blog.uclm.es\/elenanavarro\/wp-json\/wp\/v2\/types\/page"}],"author":[{"embeddable":true,"href":"https:\/\/blog.uclm.es\/elenanavarro\/wp-json\/wp\/v2\/users\/110"}],"replies":[{"embeddable":true,"href":"https:\/\/blog.uclm.es\/elenanavarro\/wp-json\/wp\/v2\/comments?post=357"}],"version-history":[{"count":29,"href":"https:\/\/blog.uclm.es\/elenanavarro\/wp-json\/wp\/v2\/pages\/357\/revisions"}],"predecessor-version":[{"id":598,"href":"https:\/\/blog.uclm.es\/elenanavarro\/wp-json\/wp\/v2\/pages\/357\/revisions\/598"}],"wp:attachment":[{"href":"https:\/\/blog.uclm.es\/elenanavarro\/wp-json\/wp\/v2\/media?parent=357"}],"curies":[{"name":"wp","href":"https:\/\/api.w.org\/{rel}","templated":true}]}}