{"id":17,"date":"2022-07-25T12:26:29","date_gmt":"2022-07-25T11:26:29","guid":{"rendered":"https:\/\/blogdev.uclm.es\/fullsite\/?page_id=17"},"modified":"2025-04-04T13:19:09","modified_gmt":"2025-04-04T11:19:09","slug":"publicaciones","status":"publish","type":"page","link":"https:\/\/blog.uclm.es\/elenanavarro\/publicaciones\/","title":{"rendered":"European Projects"},"content":{"rendered":"\n<div class=\"wp-block-columns is-layout-flex wp-container-core-columns-is-layout-1a2ddb66 wp-block-columns-is-layout-flex\" style=\"padding-right:var(--wp--preset--spacing--30);padding-left:var(--wp--preset--spacing--30)\">\n<div class=\"wp-block-column is-layout-flow wp-block-column-is-layout-flow\" style=\"flex-basis:40%\">\n<h6 class=\"wp-block-heading\">Reconfigurable Heterogeneous Highly Parallel Processing Platform for safe and secure AI (Grant agreement ID: 101097224)<\/h6>\n<\/div>\n\n\n\n<div class=\"wp-block-column is-layout-flow wp-block-column-is-layout-flow\" style=\"flex-basis:60%\">\n<p><strong>Funded by:\u00a0<\/strong>H2020-RIA<br><strong>Coordinator:\u00a0<\/strong>RISE Research Institutes of Sweden<br><strong>From:<\/strong> 01\/02\/2023<strong>\u00a0until:\u00a0<\/strong>31\/07\/2026<br><strong>Coordinator:\u00a0<\/strong>POLYTECHNEIO KRITIS<br><strong>UCLM Principal Investigator:\u00a0<\/strong>Arturo Sim\u00f3n Garc\u00eda Jim\u00e9nez<\/p>\n<\/div>\n<\/div>\n\n\n\n<div class=\"wp-block-columns is-layout-flex wp-container-core-columns-is-layout-1a2ddb66 wp-block-columns-is-layout-flex\" style=\"padding-right:var(--wp--preset--spacing--30);padding-left:var(--wp--preset--spacing--30)\">\n<div class=\"wp-block-column is-layout-flow wp-block-column-is-layout-flow\" style=\"flex-basis:40%\">\n<h6 class=\"wp-block-heading\">Verification and Validation of Automated Systems&#8217; Safety and Security (VALU3S, grant agreement no 876852)<\/h6>\n<\/div>\n\n\n\n<div class=\"wp-block-column is-layout-flow wp-block-column-is-layout-flow\" style=\"flex-basis:60%\">\n<p><strong>Funded by:\u00a0<\/strong>H2020-ECSEL<br><strong>Coordinator:\u00a0<\/strong>RISE Research Institutes of Sweden<br><strong>From:<\/strong> 01\/05\/2020<strong>\u00a0until:\u00a0<\/strong>30\/04\/2023<br><strong>Principal Investigator:\u00a0<\/strong>Behrooz Sangchoolie<br><strong>UCLM Principal Investigator:\u00a0<\/strong>Jos\u00e9 Luis de la Vara<\/p>\n<\/div>\n<\/div>\n\n\n\n<div class=\"wp-block-columns is-layout-flex wp-container-core-columns-is-layout-1a2ddb66 wp-block-columns-is-layout-flex\" style=\"padding-right:var(--wp--preset--spacing--30);padding-left:var(--wp--preset--spacing--30)\">\n<div class=\"wp-block-column is-layout-flow wp-block-column-is-layout-flow\" style=\"flex-basis:40%\">\n<h6 class=\"wp-block-heading\">Intelligent Reliability 4.0 (iRel 4.0 grant agreement no 876659)<\/h6>\n<\/div>\n\n\n\n<div class=\"wp-block-column is-layout-flow wp-block-column-is-layout-flow\" style=\"flex-basis:60%\">\n<p><strong>Funded by:\u00a0<\/strong>H2020-ECSEL<br><strong>Coordinator:\u00a0<\/strong>Infineon Technologies Austria AG<br><strong>From:<\/strong>01\/05\/2020<strong>\u00a0until:\u00a0<\/strong>30\/04\/2023<br><strong>Principal Investigator:\u00a0<\/strong>Josef Moser<br><strong>UCLM Principal Investigator:\u00a0<\/strong>Antonio Fern\u00e1ndez Caballero<\/p>\n<\/div>\n<\/div>\n\n\n\n<div class=\"wp-block-columns is-layout-flex wp-container-core-columns-is-layout-1a2ddb66 wp-block-columns-is-layout-flex\" style=\"padding-right:var(--wp--preset--spacing--30);padding-left:var(--wp--preset--spacing--30)\">\n<div class=\"wp-block-column is-layout-flow wp-block-column-is-layout-flow\" style=\"flex-basis:40%\">\n<h6 class=\"wp-block-heading\">A research network for spatiotemporal database systems (CHOROCHRONOS, ref. FMRX-CT96-0056)<\/h6>\n<\/div>\n\n\n\n<div class=\"wp-block-column is-layout-flow wp-block-column-is-layout-flow\" style=\"flex-basis:60%\">\n<p><strong>Funded by:\u00a0<\/strong>4th Framework Programme, TMR<br><strong>Partners:\u00a0<\/strong>National Techical University of Athens (NTUA) Computer Science Division, GreeceAalborg University (AALBORG), Department of Computer Science, Denmark FernUniversit\u00e4t Hagen (HAGEN), Praktische Informatik IV, GermanyUniversita Degli Studi di L<br><strong>From:<\/strong>01\/07\/1997<strong>\u00a0until:\u00a0<\/strong>31\/07\/2000<br><strong>Principal Investigator:\u00a0<\/strong>Sellis, Timos;\u00a0 Lorentzos, Nikos<\/p>\n<\/div>\n<\/div>\n\n\n\n<div class=\"wp-block-columns is-layout-flex wp-container-core-columns-is-layout-1a2ddb66 wp-block-columns-is-layout-flex\" style=\"padding-right:var(--wp--preset--spacing--30);padding-left:var(--wp--preset--spacing--30)\">\n<div class=\"wp-block-column is-layout-flow wp-block-column-is-layout-flow\" style=\"flex-basis:40%\">\n<h6 class=\"wp-block-heading\">Application of Space Techniques to the Integrated Management of a River Basin Water Resources\u00a0 (ASTIMwR) N\u00ba ENV4-CT96-0366<\/h6>\n<\/div>\n\n\n\n<div class=\"wp-block-column is-layout-flow wp-block-column-is-layout-flow\" style=\"flex-basis:60%\">\n<p><strong>Funded by:\u00a0<\/strong>European comission DG XII, 4tf Framework Programme, Theme 3:\u00a0 Space Techniques applied to environmental monitoring and research, Area 3.3: CEO (Centre of Earth Observation).<br><strong>Partners:\u00a0<\/strong>Geosys, S.R.L., Espa\u00f1aInternational Institute for Aerospace Survey and Earth Sciences, HolandaSecci\u00f3n de Teledetecci\u00f3n y SIG, IDR, Universidad de Castilla-La Mancha, Espa\u00f1aDLO-Winand Staring Center., HolandaInstituto di Idraulica Agraria- Uni<br><strong>From:<\/strong>01\/02\/1997<strong>\u00a0until:\u00a0<\/strong>01\/02\/1999<br><strong>Principal Investigator:\u00a0<\/strong>Casta\u00f1o Fernandez, Santiago<\/p>\n<\/div>\n<\/div>\n","protected":false},"excerpt":{"rendered":"<p>Reconfigurable Heterogeneous Highly Parallel Processing Platform for safe and secure AI (Grant agreement ID: 101097224) Funded by:\u00a0H2020-RIACoordinator:\u00a0RISE Research Institutes of SwedenFrom: 01\/02\/2023\u00a0until:\u00a031\/07\/2026Coordinator:\u00a0POLYTECHNEIO KRITISUCLM Principal Investigator:\u00a0Arturo Sim\u00f3n Garc\u00eda Jim\u00e9nez Verification and Validation of Automated Systems&#8217; Safety and Security (VALU3S, grant agreement no 876852) Funded by:\u00a0H2020-ECSELCoordinator:\u00a0RISE Research Institutes of SwedenFrom: 01\/05\/2020\u00a0until:\u00a030\/04\/2023Principal Investigator:\u00a0Behrooz SangchoolieUCLM Principal Investigator:\u00a0Jos\u00e9 Luis de [&hellip;]<\/p>\n","protected":false},"author":110,"featured_media":0,"parent":0,"menu_order":0,"comment_status":"closed","ping_status":"closed","template":"","meta":{"footnotes":""},"class_list":["post-17","page","type-page","status-publish","hentry"],"_links":{"self":[{"href":"https:\/\/blog.uclm.es\/elenanavarro\/wp-json\/wp\/v2\/pages\/17","targetHints":{"allow":["GET"]}}],"collection":[{"href":"https:\/\/blog.uclm.es\/elenanavarro\/wp-json\/wp\/v2\/pages"}],"about":[{"href":"https:\/\/blog.uclm.es\/elenanavarro\/wp-json\/wp\/v2\/types\/page"}],"author":[{"embeddable":true,"href":"https:\/\/blog.uclm.es\/elenanavarro\/wp-json\/wp\/v2\/users\/110"}],"replies":[{"embeddable":true,"href":"https:\/\/blog.uclm.es\/elenanavarro\/wp-json\/wp\/v2\/comments?post=17"}],"version-history":[{"count":14,"href":"https:\/\/blog.uclm.es\/elenanavarro\/wp-json\/wp\/v2\/pages\/17\/revisions"}],"predecessor-version":[{"id":485,"href":"https:\/\/blog.uclm.es\/elenanavarro\/wp-json\/wp\/v2\/pages\/17\/revisions\/485"}],"wp:attachment":[{"href":"https:\/\/blog.uclm.es\/elenanavarro\/wp-json\/wp\/v2\/media?parent=17"}],"curies":[{"name":"wp","href":"https:\/\/api.w.org\/{rel}","templated":true}]}}