{"id":34,"date":"2014-09-18T14:51:03","date_gmt":"2014-09-18T13:51:03","guid":{"rendered":"http:\/\/blog.uclm.es\/electrotech4pest\/?page_id=34"},"modified":"2014-09-18T14:51:03","modified_gmt":"2014-09-18T13:51:03","slug":"7-colaboraciones-yo-transferencia-de-resultados","status":"publish","type":"page","link":"https:\/\/blog.uclm.es\/electrotech4pest\/7-colaboraciones-yo-transferencia-de-resultados\/","title":{"rendered":"7. Difusi\u00f3n, colaboraciones y\/o transferencia de resultados"},"content":{"rendered":"<p>Para colaboraciones y\/o transferencia de resultados contactar con:<\/p>\n<p>manuel.rodrigo@uclm.es<\/p>\n<p><strong>Notas de prensa relacionadas con el proyecto<\/strong><\/p>\n<p><a href=\"http:\/\/www.uclm.es\/gabinete\/ver_noticias.asp?id_noticia=11349\" target=\"_blank\" rel=\"noopener\">El profesor Manuel Rodrigo eval\u00faa el impacto de la tecnolog\u00eda electroqu\u00edmica en la eliminaci\u00f3n de pesticidas<\/a><br \/>\n<a href=\"http:\/\/www.uclm.es\/gabinete\/ver_noticias.asp?id_noticia=13389\" target=\"_blank\" rel=\"noopener\">Un proyecto de investigaci\u00f3n de la UCLM consigue eliminar pesticidas en suelos y aguas de entornos industriales<\/a><\/p>\n","protected":false},"excerpt":{"rendered":"<p>Para colaboraciones y\/o transferencia de resultados contactar con: manuel.rodrigo@uclm.es Notas de prensa relacionadas con el proyecto El profesor Manuel Rodrigo eval\u00faa el impacto de la tecnolog\u00eda electroqu\u00edmica en la eliminaci\u00f3n de pesticidas Un proyecto de investigaci\u00f3n de la UCLM consigue eliminar pesticidas en suelos y aguas de entornos industriales<\/p>\n","protected":false},"author":213,"featured_media":0,"parent":0,"menu_order":0,"comment_status":"closed","ping_status":"open","template":"","meta":{"footnotes":""},"class_list":["post-34","page","type-page","status-publish","hentry"],"_links":{"self":[{"href":"https:\/\/blog.uclm.es\/electrotech4pest\/wp-json\/wp\/v2\/pages\/34","targetHints":{"allow":["GET"]}}],"collection":[{"href":"https:\/\/blog.uclm.es\/electrotech4pest\/wp-json\/wp\/v2\/pages"}],"about":[{"href":"https:\/\/blog.uclm.es\/electrotech4pest\/wp-json\/wp\/v2\/types\/page"}],"author":[{"embeddable":true,"href":"https:\/\/blog.uclm.es\/electrotech4pest\/wp-json\/wp\/v2\/users\/213"}],"replies":[{"embeddable":true,"href":"https:\/\/blog.uclm.es\/electrotech4pest\/wp-json\/wp\/v2\/comments?post=34"}],"version-history":[{"count":0,"href":"https:\/\/blog.uclm.es\/electrotech4pest\/wp-json\/wp\/v2\/pages\/34\/revisions"}],"wp:attachment":[{"href":"https:\/\/blog.uclm.es\/electrotech4pest\/wp-json\/wp\/v2\/media?parent=34"}],"curies":[{"name":"wp","href":"https:\/\/api.w.org\/{rel}","templated":true}]}}